{"id":3274,"date":"2025-06-25T08:38:06","date_gmt":"2025-06-25T08:38:06","guid":{"rendered":"https:\/\/www.chinaptfetube.com\/?page_id=3274"},"modified":"2025-08-29T05:29:32","modified_gmt":"2025-08-29T05:29:32","slug":"advantage","status":"publish","type":"page","link":"https:\/\/www.chinaptfetube.com\/pt\/advantage\/","title":{"rendered":"Vantagem"},"content":{"rendered":"<div class=\"path_bar\">\n        <div class=\"layout\">\n            <ul>\n                <li><a href=\"\/pt\/\">In\u00edcio<\/a><\/li>\n                <!--\u9762\u5305\u5c51-->\n               <li><a href=\"\">Vantagem<\/a><\/li>\n            <\/ul>\n        <\/div>\n    <\/div>\n\n\n\n<h1 class=\"wp-block-heading has-text-align-center\" style=\"font-size:30px\"><strong>Fabricante de tubo de PTFE por atacado e parceiro OEM<\/strong><\/h1>\n\n\n\n<div class=\"wp-block-columns layout is-layout-flex wp-container-core-columns-is-layout-1 wp-block-columns-is-layout-flex\">\n<div class=\"wp-block-column is-layout-flow wp-block-column-is-layout-flow\"><div class=\"wp-block-image\">\n<figure class=\"aligncenter size-full is-resized\"><img loading=\"lazy\" decoding=\"async\" width=\"150\" height=\"150\" src=\"https:\/\/www.chinaptfetube.com\/wp-content\/uploads\/2025\/06\/e971e121-948d-4483-87a4-a65abcbaa26a.webp\" alt=\"Servi\u00e7o\" class=\"wp-image-3278\" style=\"width:186px;height:auto\" srcset=\"https:\/\/www.chinaptfetube.com\/wp-content\/uploads\/2025\/06\/e971e121-948d-4483-87a4-a65abcbaa26a.webp 150w, https:\/\/www.chinaptfetube.com\/wp-content\/uploads\/2025\/06\/e971e121-948d-4483-87a4-a65abcbaa26a-12x12.webp 12w\" sizes=\"auto, (max-width: 150px) 100vw, 150px\" \/><\/figure><\/div>\n\n\n<h2 class=\"wp-block-heading has-text-align-center\" style=\"font-size:25px\"><strong><strong>Servi\u00e7o excecional<\/strong><\/strong><\/h2>\n\n\n\n<p class=\"has-text-align-center\">Como profissional <a href=\"https:\/\/www.chinaptfetube.com\/pt\/about-us\/\">Fabricante de tubos PTFE<\/a>A nossa empresa, a Firma, leva a s\u00e9rio todas as preocupa\u00e7\u00f5es dos clientes e resolve os problemas dos produtos de forma eficiente. Tamb\u00e9m fornecemos transporte r\u00e1pido, seguro e vers\u00e1til por via a\u00e9rea, mar\u00edtima e ferrovi\u00e1ria para garantir a entrega atempada.<\/p>\n<\/div>\n\n\n\n<div class=\"wp-block-column is-layout-flow wp-block-column-is-layout-flow\"><div class=\"wp-block-image\">\n<figure class=\"aligncenter size-full is-resized\"><img loading=\"lazy\" decoding=\"async\" width=\"150\" height=\"150\" src=\"https:\/\/www.chinaptfetube.com\/wp-content\/uploads\/2025\/06\/cd5e037f-196c-48fd-b52b-95a3bfa57d50.webp\" alt=\"\" class=\"wp-image-3277\" style=\"width:186px;height:auto\" srcset=\"https:\/\/www.chinaptfetube.com\/wp-content\/uploads\/2025\/06\/cd5e037f-196c-48fd-b52b-95a3bfa57d50.webp 150w, https:\/\/www.chinaptfetube.com\/wp-content\/uploads\/2025\/06\/cd5e037f-196c-48fd-b52b-95a3bfa57d50-12x12.webp 12w\" sizes=\"auto, (max-width: 150px) 100vw, 150px\" \/><\/figure><\/div>\n\n\n<h2 class=\"wp-block-heading has-text-align-center\" style=\"font-size:25px\"><strong>Experi\u00eancia profissional<\/strong><\/h2>\n\n\n\n<p class=\"has-text-align-center\">Os nossos engenheiros experientes ajudam-no a selecionar os materiais certos para o seu equipamento de produ\u00e7\u00e3o industrial. Como fornecedor de tubo de PTFE por atacado, fornecemos especifica\u00e7\u00f5es completas do produto e certifica\u00e7\u00f5es para atender a todos os requisitos do projeto.<\/p>\n<\/div>\n<\/div>\n\n\n\n<div class=\"wp-block-columns layout tb2 is-layout-flex wp-container-core-columns-is-layout-2 wp-block-columns-is-layout-flex\">\n<div class=\"wp-block-column is-layout-flow wp-block-column-is-layout-flow\"><div class=\"wp-block-image\">\n<figure class=\"aligncenter size-full is-resized\"><img loading=\"lazy\" decoding=\"async\" width=\"150\" height=\"150\" src=\"https:\/\/www.chinaptfetube.com\/wp-content\/uploads\/2025\/06\/66cacbe4-1ac5-4ea4-8b89-be6274fab2b4.webp\" alt=\"\" class=\"wp-image-3276\" style=\"width:186px;height:auto\" srcset=\"https:\/\/www.chinaptfetube.com\/wp-content\/uploads\/2025\/06\/66cacbe4-1ac5-4ea4-8b89-be6274fab2b4.webp 150w, https:\/\/www.chinaptfetube.com\/wp-content\/uploads\/2025\/06\/66cacbe4-1ac5-4ea4-8b89-be6274fab2b4-12x12.webp 12w\" sizes=\"auto, (max-width: 150px) 100vw, 150px\" \/><\/figure><\/div>\n\n\n<h2 class=\"wp-block-heading has-text-align-center\" style=\"font-size:25px\"><strong>Parceria global<\/strong><\/h2>\n\n\n\n<p class=\"has-text-align-center\">Oferecemos op\u00e7\u00f5es de pagamento flex\u00edveis em v\u00e1rias moedas, incluindo USD, EUR, JPY, GBP e RMB, facilitando a colabora\u00e7\u00e3o entre parceiros de todo o mundo.<\/p>\n<\/div>\n\n\n\n<div class=\"wp-block-column is-layout-flow wp-block-column-is-layout-flow\"><div class=\"wp-block-image\">\n<figure class=\"aligncenter size-full is-resized\"><img loading=\"lazy\" decoding=\"async\" width=\"150\" height=\"150\" src=\"https:\/\/www.chinaptfetube.com\/wp-content\/uploads\/2025\/06\/fd807016-305c-4c78-8f5c-0ec7cd93690f.webp\" alt=\"\" class=\"wp-image-3275\" style=\"width:186px;height:auto\" srcset=\"https:\/\/www.chinaptfetube.com\/wp-content\/uploads\/2025\/06\/fd807016-305c-4c78-8f5c-0ec7cd93690f.webp 150w, https:\/\/www.chinaptfetube.com\/wp-content\/uploads\/2025\/06\/fd807016-305c-4c78-8f5c-0ec7cd93690f-12x12.webp 12w\" sizes=\"auto, (max-width: 150px) 100vw, 150px\" \/><\/figure><\/div>\n\n\n<h2 class=\"wp-block-heading has-text-align-center\" style=\"font-size:25px\">Forte capacidade de OEM<\/h2>\n\n\n\n<p class=\"has-text-align-center\">Com capacidade de produ\u00e7\u00e3o em larga escala, somos uma empresa fi\u00e1vel <a href=\"https:\/\/www.chinaptfetube.com\/pt\/about-us\/\">Fabricante de tubos PTFE<\/a> e parceiro OEM. Independentemente do volume da encomenda, podemos fornecer solu\u00e7\u00f5es personalizadas para satisfazer as suas necessidades espec\u00edficas.<\/p>\n<\/div>\n<\/div>\n\n\n\n<style>\n.tb2{\nmargin-bottom:45px\n\n}\n\n\n<\/style>","protected":false},"excerpt":{"rendered":"<p>Home Advantage Wholesale PTFE Tube Manufacturer &amp; OEM Partner Exceptional Service As a professional PTFE tube manufacturer, we take every customer concern seriously and resolve product issues efficiently. We also provide fast, safe, and versatile shipping by air, sea, and rail to ensure timely delivery. Professional Expertise Our experienced engineers help you select the right [&hellip;]<\/p>","protected":false},"author":1,"featured_media":0,"parent":0,"menu_order":0,"comment_status":"closed","ping_status":"closed","template":"","meta":{"footnotes":""},"class_list":["post-3274","page","type-page","status-publish","hentry"],"yoast_head":"<!-- This site is optimized with the Yoast SEO plugin v24.4 - https:\/\/yoast.com\/wordpress\/plugins\/seo\/ -->\n<title>Premium Extruded &amp; Heat-Shrink Tubing, Molding Parts &amp; Gaskets | Yozonetech<\/title>\n<meta name=\"description\" content=\"Yozonetech offers a wide range of extruded tubings (PTFE, FEP, silicone, rubber), heat-shrink tubes, injection-molded parts, cable insulation, and gasket O-rings for semiconductor, industrial, and medical applications. Explore now.\" \/>\n<meta name=\"robots\" content=\"index, follow, max-snippet:-1, max-image-preview:large, max-video-preview:-1\" \/>\n<link rel=\"canonical\" href=\"https:\/\/www.chinaptfetube.com\/pt\/advantage\/\" \/>\n<meta property=\"og:locale\" content=\"pt_PT\" \/>\n<meta property=\"og:type\" content=\"article\" \/>\n<meta property=\"og:title\" content=\"Premium Extruded &amp; Heat-Shrink Tubing, Molding Parts &amp; Gaskets | Yozonetech\" \/>\n<meta property=\"og:description\" content=\"Yozonetech offers a wide range of extruded tubings (PTFE, FEP, silicone, rubber), heat-shrink tubes, injection-molded parts, cable insulation, and gasket O-rings for semiconductor, industrial, and medical applications. Explore now.\" \/>\n<meta property=\"og:url\" content=\"https:\/\/www.chinaptfetube.com\/pt\/advantage\/\" \/>\n<meta property=\"og:site_name\" content=\"Yozonetech Co., Ltd.\" \/>\n<meta property=\"article:modified_time\" content=\"2025-08-29T05:29:32+00:00\" \/>\n<meta property=\"og:image\" content=\"https:\/\/www.chinaptfetube.com\/wp-content\/uploads\/2025\/06\/e971e121-948d-4483-87a4-a65abcbaa26a.webp\" \/>\n\t<meta property=\"og:image:width\" content=\"150\" \/>\n\t<meta property=\"og:image:height\" content=\"150\" \/>\n\t<meta property=\"og:image:type\" content=\"image\/webp\" \/>\n<meta name=\"twitter:card\" content=\"summary_large_image\" \/>\n<meta name=\"twitter:label1\" content=\"Est. reading time\" \/>\n\t<meta name=\"twitter:data1\" content=\"2 minutos\" \/>\n<script type=\"application\/ld+json\" class=\"yoast-schema-graph\">{\"@context\":\"https:\/\/schema.org\",\"@graph\":[{\"@type\":\"WebPage\",\"@id\":\"https:\/\/www.chinaptfetube.com\/advantage\/\",\"url\":\"https:\/\/www.chinaptfetube.com\/advantage\/\",\"name\":\"Premium Extruded & Heat-Shrink Tubing, Molding Parts & Gaskets | Yozonetech\",\"isPartOf\":{\"@id\":\"https:\/\/www.chinaptfetube.com\/#website\"},\"primaryImageOfPage\":{\"@id\":\"https:\/\/www.chinaptfetube.com\/advantage\/#primaryimage\"},\"image\":{\"@id\":\"https:\/\/www.chinaptfetube.com\/advantage\/#primaryimage\"},\"thumbnailUrl\":\"https:\/\/www.chinaptfetube.com\/wp-content\/uploads\/2025\/06\/e971e121-948d-4483-87a4-a65abcbaa26a.webp\",\"datePublished\":\"2025-06-25T08:38:06+00:00\",\"dateModified\":\"2025-08-29T05:29:32+00:00\",\"description\":\"Yozonetech offers a wide range of extruded tubings (PTFE, FEP, silicone, rubber), heat-shrink tubes, injection-molded parts, cable insulation, and gasket O-rings for semiconductor, industrial, and medical applications. Explore now.\",\"breadcrumb\":{\"@id\":\"https:\/\/www.chinaptfetube.com\/advantage\/#breadcrumb\"},\"inLanguage\":\"pt-PT\",\"potentialAction\":[{\"@type\":\"ReadAction\",\"target\":[\"https:\/\/www.chinaptfetube.com\/advantage\/\"]}]},{\"@type\":\"ImageObject\",\"inLanguage\":\"pt-PT\",\"@id\":\"https:\/\/www.chinaptfetube.com\/advantage\/#primaryimage\",\"url\":\"https:\/\/www.chinaptfetube.com\/wp-content\/uploads\/2025\/06\/e971e121-948d-4483-87a4-a65abcbaa26a.webp\",\"contentUrl\":\"https:\/\/www.chinaptfetube.com\/wp-content\/uploads\/2025\/06\/e971e121-948d-4483-87a4-a65abcbaa26a.webp\"},{\"@type\":\"BreadcrumbList\",\"@id\":\"https:\/\/www.chinaptfetube.com\/advantage\/#breadcrumb\",\"itemListElement\":[{\"@type\":\"ListItem\",\"position\":1,\"name\":\"Home\",\"item\":\"https:\/\/www.chinaptfetube.com\/\"},{\"@type\":\"ListItem\",\"position\":2,\"name\":\"Advantage\"}]},{\"@type\":\"WebSite\",\"@id\":\"https:\/\/www.chinaptfetube.com\/#website\",\"url\":\"https:\/\/www.chinaptfetube.com\/\",\"name\":\"Yozonetech Co., Ltd.\",\"description\":\"Yozonetech Co., Ltd.\",\"publisher\":{\"@id\":\"https:\/\/www.chinaptfetube.com\/#organization\"},\"potentialAction\":[{\"@type\":\"SearchAction\",\"target\":{\"@type\":\"EntryPoint\",\"urlTemplate\":\"https:\/\/www.chinaptfetube.com\/?s={search_term_string}\"},\"query-input\":{\"@type\":\"PropertyValueSpecification\",\"valueRequired\":true,\"valueName\":\"search_term_string\"}}],\"inLanguage\":\"pt-PT\"},{\"@type\":\"Organization\",\"@id\":\"https:\/\/www.chinaptfetube.com\/#organization\",\"name\":\"Yozonetech Co., Ltd.\",\"url\":\"https:\/\/www.chinaptfetube.com\/\",\"logo\":{\"@type\":\"ImageObject\",\"inLanguage\":\"pt-PT\",\"@id\":\"https:\/\/www.chinaptfetube.com\/#\/schema\/logo\/image\/\",\"url\":\"https:\/\/www.chinaptfetube.com\/wp-content\/uploads\/2025\/06\/cropped-logo.webp\",\"contentUrl\":\"https:\/\/www.chinaptfetube.com\/wp-content\/uploads\/2025\/06\/cropped-logo.webp\",\"width\":388,\"height\":138,\"caption\":\"Yozonetech Co., Ltd.\"},\"image\":{\"@id\":\"https:\/\/www.chinaptfetube.com\/#\/schema\/logo\/image\/\"}}]}<\/script>\n<!-- \/ Yoast SEO plugin. -->","yoast_head_json":{"title":"Premium Extruded & Heat-Shrink Tubing, Molding Parts & Gaskets | Yozonetech","description":"Yozonetech offers a wide range of extruded tubings (PTFE, FEP, silicone, rubber), heat-shrink tubes, injection-molded parts, cable insulation, and gasket O-rings for semiconductor, industrial, and medical applications. Explore now.","robots":{"index":"index","follow":"follow","max-snippet":"max-snippet:-1","max-image-preview":"max-image-preview:large","max-video-preview":"max-video-preview:-1"},"canonical":"https:\/\/www.chinaptfetube.com\/pt\/advantage\/","og_locale":"pt_PT","og_type":"article","og_title":"Premium Extruded & Heat-Shrink Tubing, Molding Parts & Gaskets | Yozonetech","og_description":"Yozonetech offers a wide range of extruded tubings (PTFE, FEP, silicone, rubber), heat-shrink tubes, injection-molded parts, cable insulation, and gasket O-rings for semiconductor, industrial, and medical applications. Explore now.","og_url":"https:\/\/www.chinaptfetube.com\/pt\/advantage\/","og_site_name":"Yozonetech Co., Ltd.","article_modified_time":"2025-08-29T05:29:32+00:00","og_image":[{"width":150,"height":150,"url":"https:\/\/www.chinaptfetube.com\/wp-content\/uploads\/2025\/06\/e971e121-948d-4483-87a4-a65abcbaa26a.webp","type":"image\/webp"}],"twitter_card":"summary_large_image","twitter_misc":{"Est. reading time":"2 minutos"},"schema":{"@context":"https:\/\/schema.org","@graph":[{"@type":"WebPage","@id":"https:\/\/www.chinaptfetube.com\/advantage\/","url":"https:\/\/www.chinaptfetube.com\/advantage\/","name":"Premium Extruded & Heat-Shrink Tubing, Molding Parts & Gaskets | Yozonetech","isPartOf":{"@id":"https:\/\/www.chinaptfetube.com\/#website"},"primaryImageOfPage":{"@id":"https:\/\/www.chinaptfetube.com\/advantage\/#primaryimage"},"image":{"@id":"https:\/\/www.chinaptfetube.com\/advantage\/#primaryimage"},"thumbnailUrl":"https:\/\/www.chinaptfetube.com\/wp-content\/uploads\/2025\/06\/e971e121-948d-4483-87a4-a65abcbaa26a.webp","datePublished":"2025-06-25T08:38:06+00:00","dateModified":"2025-08-29T05:29:32+00:00","description":"Yozonetech offers a wide range of extruded tubings (PTFE, FEP, silicone, rubber), heat-shrink tubes, injection-molded parts, cable insulation, and gasket O-rings for semiconductor, industrial, and medical applications. Explore now.","breadcrumb":{"@id":"https:\/\/www.chinaptfetube.com\/advantage\/#breadcrumb"},"inLanguage":"pt-PT","potentialAction":[{"@type":"ReadAction","target":["https:\/\/www.chinaptfetube.com\/advantage\/"]}]},{"@type":"ImageObject","inLanguage":"pt-PT","@id":"https:\/\/www.chinaptfetube.com\/advantage\/#primaryimage","url":"https:\/\/www.chinaptfetube.com\/wp-content\/uploads\/2025\/06\/e971e121-948d-4483-87a4-a65abcbaa26a.webp","contentUrl":"https:\/\/www.chinaptfetube.com\/wp-content\/uploads\/2025\/06\/e971e121-948d-4483-87a4-a65abcbaa26a.webp"},{"@type":"BreadcrumbList","@id":"https:\/\/www.chinaptfetube.com\/advantage\/#breadcrumb","itemListElement":[{"@type":"ListItem","position":1,"name":"Home","item":"https:\/\/www.chinaptfetube.com\/"},{"@type":"ListItem","position":2,"name":"Advantage"}]},{"@type":"WebSite","@id":"https:\/\/www.chinaptfetube.com\/#website","url":"https:\/\/www.chinaptfetube.com\/","name":"Yozonetech Co., Ltd.","description":"Yozonetech Co., Ltd.","publisher":{"@id":"https:\/\/www.chinaptfetube.com\/#organization"},"potentialAction":[{"@type":"SearchAction","target":{"@type":"EntryPoint","urlTemplate":"https:\/\/www.chinaptfetube.com\/?s={search_term_string}"},"query-input":{"@type":"PropertyValueSpecification","valueRequired":true,"valueName":"search_term_string"}}],"inLanguage":"pt-PT"},{"@type":"Organization","@id":"https:\/\/www.chinaptfetube.com\/#organization","name":"Yozonetech Co., Ltd.","url":"https:\/\/www.chinaptfetube.com\/","logo":{"@type":"ImageObject","inLanguage":"pt-PT","@id":"https:\/\/www.chinaptfetube.com\/#\/schema\/logo\/image\/","url":"https:\/\/www.chinaptfetube.com\/wp-content\/uploads\/2025\/06\/cropped-logo.webp","contentUrl":"https:\/\/www.chinaptfetube.com\/wp-content\/uploads\/2025\/06\/cropped-logo.webp","width":388,"height":138,"caption":"Yozonetech Co., Ltd."},"image":{"@id":"https:\/\/www.chinaptfetube.com\/#\/schema\/logo\/image\/"}}]}},"_links":{"self":[{"href":"https:\/\/www.chinaptfetube.com\/pt\/wp-json\/wp\/v2\/pages\/3274","targetHints":{"allow":["GET"]}}],"collection":[{"href":"https:\/\/www.chinaptfetube.com\/pt\/wp-json\/wp\/v2\/pages"}],"about":[{"href":"https:\/\/www.chinaptfetube.com\/pt\/wp-json\/wp\/v2\/types\/page"}],"author":[{"embeddable":true,"href":"https:\/\/www.chinaptfetube.com\/pt\/wp-json\/wp\/v2\/users\/1"}],"replies":[{"embeddable":true,"href":"https:\/\/www.chinaptfetube.com\/pt\/wp-json\/wp\/v2\/comments?post=3274"}],"version-history":[{"count":4,"href":"https:\/\/www.chinaptfetube.com\/pt\/wp-json\/wp\/v2\/pages\/3274\/revisions"}],"predecessor-version":[{"id":4020,"href":"https:\/\/www.chinaptfetube.com\/pt\/wp-json\/wp\/v2\/pages\/3274\/revisions\/4020"}],"wp:attachment":[{"href":"https:\/\/www.chinaptfetube.com\/pt\/wp-json\/wp\/v2\/media?parent=3274"}],"curies":[{"name":"wp","href":"https:\/\/api.w.org\/{rel}","templated":true}]}}