{"id":3260,"date":"2025-06-25T08:07:53","date_gmt":"2025-06-25T08:07:53","guid":{"rendered":"https:\/\/www.chinaptfetube.com\/?page_id=3260"},"modified":"2025-06-25T09:10:39","modified_gmt":"2025-06-25T09:10:39","slug":"terms-and-conditions","status":"publish","type":"page","link":"https:\/\/www.chinaptfetube.com\/pt\/terms-and-conditions\/","title":{"rendered":"Termos e condi\u00e7\u00f5es"},"content":{"rendered":"<div class=\"path_bar\">\n        <div class=\"layout\">\n            <ul>\n                <li><a href=\"\/pt\/\">In\u00edcio<\/a><\/li>\n                <!--\u9762\u5305\u5c51-->\n               <li><a href=\"\">Termos e condi\u00e7\u00f5es<\/a><\/li>\n            <\/ul>\n        <\/div>\n    <\/div>\n\n\n\n<h1 class=\"wp-block-heading has-text-align-center\" style=\"font-size:30px\">Termos e condi\u00e7\u00f5es<\/h1>\n\n\n\n<p class=\"tb layout th2\"><strong>1. Requisitos de sistema recomendados para o navegador<\/strong><\/p>\n\n\n\n<p class=\"layout\">Para obter os melhores resultados na utiliza\u00e7\u00e3o do Web site, recomenda-se que o utilizador cumpra os requisitos de sistema indicados abaixo. A visualiza\u00e7\u00e3o do Web site num sistema que n\u00e3o cumpra os requisitos m\u00ednimos ou, dependendo das defini\u00e7\u00f5es do browser num sistema que cumpra os requisitos, o Web site pode n\u00e3o ser utiliz\u00e1vel ou pode n\u00e3o ser apresentado corretamente.<\/p>\n\n\n\n<p class=\"layout\"><strong>Navegadores recomendados<\/strong><\/p>\n\n\n\n<p class=\"layout\">Microsoft Internet Explorer 11.0 ou superior<\/p>\n\n\n\n<p class=\"layout\">Vers\u00e3o mais recente do Microsoft Edge<\/p>\n\n\n\n<p class=\"layout\">\u00daltima vers\u00e3o do Safari<\/p>\n\n\n\n<p class=\"layout\">Vers\u00e3o mais recente do Google Chrome<\/p>\n\n\n\n<p class=\"layout\">Vers\u00e3o mais recente do Firefox<\/p>\n\n\n\n<p class=\"layout\">Plugins<\/p>\n\n\n\n<p class=\"layout\"><strong>JavaScript<\/strong><\/p>\n\n\n\n<p class=\"layout\">Algumas partes do s\u00edtio Web cont\u00eam conte\u00fados que utilizam JavaScript. Dependendo da configura\u00e7\u00e3o do seu browser, o JavaScript pode estar ativado ou desativado. Para visualizar todos os conte\u00fados, certifique-se de que o JavaScript est\u00e1 ativado no seu browser.<\/p>\n\n\n\n<p class=\"th layout\"><strong>2. Direito de autor e de marca registada<\/strong><\/p>\n\n\n\n<p class=\"layout\">Os direitos de autor das informa\u00e7\u00f5es acess\u00edveis a partir do S\u00edtio Web s\u00e3o propriedade da Yozonetech Co., Ltd. e das suas empresas afiliadas e est\u00e3o protegidos pelas leis de direitos de autor dos pa\u00edses relevantes, tratados e quaisquer outras leis e regulamentos aplic\u00e1veis. \u00c9 proibido utilizar para qualquer uso privado por um indiv\u00edduo, ou utilizar de outra forma (ou copiar, modificar ou distribuir) as informa\u00e7\u00f5es no Website para al\u00e9m do que \u00e9 autorizado pelas leis de direitos de autor sem obter uma aprova\u00e7\u00e3o pr\u00e9via da Yozonetech.<\/p>\n\n\n\n<p class=\"layout\">As marcas comerciais, log\u00f3tipos e marcas de servi\u00e7o utilizadas no Website s\u00e3o propriedade da Yozonetech e das suas empresas afiliadas. Nenhuma licen\u00e7a ou direito de utiliza\u00e7\u00e3o dessas marcas comerciais, log\u00f3tipos e marcas de servi\u00e7o \u00e9 concedida a qualquer cliente da Yozonetech. \u00c9 proibido utilizar, desviar e reproduzir tais marcas comerciais, log\u00f3tipos e marcas de servi\u00e7o sem a aprova\u00e7\u00e3o da Yozonetech.<\/p>\n\n\n\n<p class=\"th layout\"><strong>3. Proibi\u00e7\u00f5es<\/strong><\/p>\n\n\n\n<p class=\"layout\">S\u00e3o proibidas as seguintes ac\u00e7\u00f5es no acesso \u00e0s informa\u00e7\u00f5es do s\u00edtio Web:<\/p>\n\n\n\n<p class=\"layout\">Infringir ou amea\u00e7ar infringir as propriedades ou a privacidade da Yozonetech ou de terceiros;<\/p>\n\n\n\n<p class=\"layout\">Dar ou amea\u00e7ar dar qualquer perda ou dano a qualquer terceiro ou \u00e0 Yozonetech;<\/p>\n\n\n\n<p class=\"layout\">Atuar ou amea\u00e7ar atuar contra a ordem e a moral p\u00fablicas;<\/p>\n\n\n\n<p class=\"layout\">Cometer ou amea\u00e7ar cometer um crime ou qualquer ato conducente a um crime;<\/p>\n\n\n\n<p class=\"layout\">Apresentar qualquer pedido ou notifica\u00e7\u00e3o falsos, incluindo o registo do endere\u00e7o de correio eletr\u00f3nico de qualquer outra pessoa;<\/p>\n\n\n\n<p class=\"layout\">Realizar ou preparar a realiza\u00e7\u00e3o de qualquer atividade comercial ou atividade lucrativa;<\/p>\n\n\n\n<p class=\"layout\">Lesar a honra ou o cr\u00e9dito da Yozonetech ou de qualquer terceiro;<\/p>\n\n\n\n<p class=\"layout\">Utilizar ou fornecer, ou amea\u00e7ar utilizar ou fornecer, qualquer programa de software nocivo, incluindo v\u00edrus inform\u00e1ticos;<\/p>\n\n\n\n<p class=\"layout\">Violar ou amea\u00e7ar violar quaisquer leis, ordenan\u00e7as e regulamentos; e <\/p>\n\n\n\n<p class=\"layout\">Outros actos que a Yozonetech considere inadequados.<\/p>\n\n\n\n<p class=\"th layout\"><strong>4. Isen\u00e7\u00f5es (garantia do conte\u00fado)<\/strong><\/p>\n\n\n\n<p class=\"layout\">A Yozonetech tem todo o cuidado na divulga\u00e7\u00e3o de informa\u00e7\u00f5es no s\u00edtio Web. No entanto, a Yozonetech n\u00e3o garante nem representa que as informa\u00e7\u00f5es no s\u00edtio Web sejam precisas, \u00fateis, seguras ou adequadas para os fins dos utilizadores, ou seguras (contra erros ou perigos, incluindo v\u00edrus inform\u00e1ticos). A Yozonetech n\u00e3o \u00e9 respons\u00e1vel por quaisquer danos resultantes de ou relacionados com o acesso e a utiliza\u00e7\u00e3o do s\u00edtio Web.<\/p>\n\n\n\n<p class=\"layout\">As informa\u00e7\u00f5es contidas no s\u00edtio Web podem ser alteradas sem aviso pr\u00e9vio. O funcionamento do s\u00edtio Web pode ser suspenso ou terminado. Al\u00e9m disso, a Yozonetech n\u00e3o \u00e9 respons\u00e1vel por quaisquer danos resultantes de ou relacionados com essa altera\u00e7\u00e3o das informa\u00e7\u00f5es no s\u00edtio Web ou com a suspens\u00e3o ou cessa\u00e7\u00e3o do funcionamento do s\u00edtio Web por qualquer motivo.<\/p>\n\n\n\n<p class=\"layout\">O s\u00edtio Web fornece aos acionistas e investidores informa\u00e7\u00f5es relacionadas com as finan\u00e7as e a gest\u00e3o da Mitsubishi Heavy Industries, Ltd. e das suas empresas afiliadas. Estas informa\u00e7\u00f5es s\u00e3o disponibilizadas sem qualquer garantia ou afirma\u00e7\u00e3o de exatid\u00e3o.<\/p>\n\n\n\n<p class=\"th layout\"><strong>5. S\u00edtios de liga\u00e7\u00e3o<\/strong><\/p>\n\n\n\n<p class=\"layout\">Qualquer s\u00edtio Web de terceiros que n\u00e3o a Yozonetech que esteja ligado a partir de ou para o s\u00edtio Web (doravante \"S\u00edtios de liga\u00e7\u00e3o\") \u00e9 operado por esses terceiros sob a sua pr\u00f3pria responsabilidade, mas n\u00e3o pela Yozonetech. Tal Site de Liga\u00e7\u00e3o deve ser acedido e utilizado sob as condi\u00e7\u00f5es de utiliza\u00e7\u00e3o especificadas para o mesmo. A Yozonetech n\u00e3o tem qualquer responsabilidade por quaisquer danos resultantes de ou relacionados com o acesso ou utiliza\u00e7\u00e3o de tal S\u00edtio de Liga\u00e7\u00e3o.<\/p>\n\n\n\n<p class=\"layout\">Ao estabelecer uma liga\u00e7\u00e3o a partir do exterior para as informa\u00e7\u00f5es (incluindo documentos e imagens) no s\u00edtio Web, o utilizador, quer se trate de uma empresa ou de um indiv\u00edduo, n\u00e3o \u00e9 obrigado a fazer qualquer pedido pr\u00e9vio para estabelecer essa liga\u00e7\u00e3o, desde que, no entanto, esse utilizador seja obrigado a aceitar estes requisitos de utiliza\u00e7\u00e3o do s\u00edtio Web e as seguintes \"condi\u00e7\u00f5es de liga\u00e7\u00e3o\"<\/p>\n\n\n\n<p class=\"layout\">A Yozonetech n\u00e3o \u00e9 respons\u00e1vel por quaisquer danos resultantes de ou relacionados com a liga\u00e7\u00e3o ao s\u00edtio Web.<\/p>\n\n\n\n<p class=\"layout\">N\u00e3o \u00e9 prometido que as informa\u00e7\u00f5es ou o URL no s\u00edtio Web sejam mantidos permanentemente, mas podem, em princ\u00edpio, estar sujeitos a altera\u00e7\u00f5es sem aviso pr\u00e9vio.<\/p>\n\n\n\n<p class=\"layout\">\u00c9 absolutamente proibido estabelecer uma liga\u00e7\u00e3o entre esse s\u00edtio Web e o s\u00edtio Web que possa levar \u00e0 viola\u00e7\u00e3o dos direitos de propriedade ou de quaisquer outros direitos detidos pela Yozonetech ou interferir com as actividades comerciais da Yozonetech.<\/p>\n\n\n\n<p class=\"layout\">\u00c9 absolutamente proibido estabelecer uma liga\u00e7\u00e3o ao s\u00edtio Web a partir de qualquer s\u00edtio Web ou correio eletr\u00f3nico que contenha as seguintes informa\u00e7\u00f5es:<\/p>\n\n\n\n<p class=\"layout\">Informa\u00e7\u00f5es contra a ordem p\u00fablica e a moral;<\/p>\n\n\n\n<p class=\"layout\">Informa\u00e7\u00f5es ilegais;<\/p>\n\n\n\n<p class=\"layout\">Conte\u00fados pornogr\u00e1ficos; e<\/p>\n\n\n\n<p class=\"layout\">Informa\u00e7\u00f5es para abusar ou difamar a Yozonetech ou as suas empresas afiliadas.<\/p>\n\n\n\n<p class=\"layout\">A liga\u00e7\u00e3o ao s\u00edtio Web n\u00e3o representa nem implica qualquer rela\u00e7\u00e3o contratual entre a Yozonetech e a parte que estabelece a liga\u00e7\u00e3o.<\/p>\n\n\n\n<p class=\"th layout\"><strong>6. Como tratar as informa\u00e7\u00f5es pessoais no s\u00edtio Web<\/strong><\/p>\n\n\n\n<p class=\"layout\">(1) Seguran\u00e7a na obten\u00e7\u00e3o de informa\u00e7\u00f5es de car\u00e1cter pessoal<\/p>\n\n\n\n<p class=\"layout\">Ao obter as informa\u00e7\u00f5es pessoais de um cliente da Yozonetech a partir do s\u00edtio Web, a Yozonetech utiliza a Secure Socket Layer (SSL) e outros meios de encripta\u00e7\u00e3o para proteger as informa\u00e7\u00f5es pessoais introduzidas atrav\u00e9s de uma liga\u00e7\u00e3o de comunica\u00e7\u00f5es. O SSL \u00e9 uma tecnologia geral utilizada para a seguran\u00e7a das comunica\u00e7\u00f5es na Webnet, que pode encriptar os dados introduzidos antes de serem transmitidos atrav\u00e9s da Internet e impedir que os dados introduzidos sejam interceptados ou escutados. Se utilizar um programa de navega\u00e7\u00e3o que n\u00e3o seja compat\u00edvel com o SSL, n\u00e3o poder\u00e1 aceder a esta p\u00e1gina a partir da intranet da sua empresa devido \u00e0s defini\u00e7\u00f5es da Firewall ou a quaisquer outras defini\u00e7\u00f5es de software.<\/p>\n\n\n\n<p class=\"layout\">(2) Recolha do hist\u00f3rico de navega\u00e7\u00e3o<\/p>\n\n\n\n<p class=\"layout\">O s\u00edtio Web recolhe informa\u00e7\u00f5es do seu dispositivo a fim de melhorar os nossos servi\u00e7os e proporcionar uma melhor experi\u00eancia ao utilizador. As informa\u00e7\u00f5es recolhidas s\u00e3o, por exemplo, registos de acesso ao servidor, incluindo informa\u00e7\u00f5es do sistema e endere\u00e7o IP, cookies e web beacons.<\/p>\n\n\n\n<p class=\"layout\">As informa\u00e7\u00f5es recolhidas s\u00e3o an\u00f3nimas e n\u00e3o \u00e9 poss\u00edvel identificar qualquer indiv\u00edduo ou utilizador espec\u00edfico.<\/p>\n\n\n\n<p class=\"layout\">Pode rejeitar os cookies ou receber um aviso quando recebe um cookie, configurando o seu browser em conformidade. Se rejeitar todos os cookies, pode continuar a utilizar o s\u00edtio Web, mas algumas partes podem n\u00e3o funcionar corretamente. Contacte o fabricante ou fornecedor do seu navegador para obter informa\u00e7\u00f5es sobre como alterar as defini\u00e7\u00f5es.<\/p>\n\n\n\n<p class=\"layout\">*Google Analytics<\/p>\n\n\n\n<p class=\"layout\">O s\u00edtio Web utiliza o Google Analytics fornecido pela Google Inc. para recolher, registar e analisar padr\u00f5es de navega\u00e7\u00e3o. O Google Analytics utiliza cookies para recolher informa\u00e7\u00f5es, mas n\u00e3o recolhe quaisquer dados que permitam a identifica\u00e7\u00e3o de utilizadores individuais. Para desativar o Google Analytics, transfira e instale o \"Google Analytics Opt-out Add-on\" a partir da p\u00e1gina de transfer\u00eancia do Google Analytics Opt-out Add-on e altere as defini\u00e7\u00f5es do add-on do seu browser. As informa\u00e7\u00f5es recolhidas s\u00e3o geridas com base na pol\u00edtica de privacidade da Google.<\/p>\n\n\n\n<p class=\"layout\">(3) Outros<\/p>\n\n\n\n<p class=\"layout\">A Yozonetech n\u00e3o pode ter qualquer responsabilidade pela manuten\u00e7\u00e3o da seguran\u00e7a das informa\u00e7\u00f5es pessoais do utilizador em qualquer outro s\u00edtio Web ligado ao s\u00edtio Web. Se tiver alguma d\u00favida ou pergunta sobre o tratamento de informa\u00e7\u00f5es pessoais, aceda diretamente a cada s\u00edtio Web relevante.<\/p>\n\n\n\n<p class=\"th layout\"><strong>7. Direito aplic\u00e1vel e jurisdi\u00e7\u00e3o<\/strong><\/p>\n\n\n\n<p class=\"layout\">Salvo disposi\u00e7\u00e3o em contr\u00e1rio no presente documento, o acesso e a utiliza\u00e7\u00e3o do s\u00edtio Web, bem como a aplica\u00e7\u00e3o e a constru\u00e7\u00e3o destes requisitos de utiliza\u00e7\u00e3o, ser\u00e3o regidos pelas leis da China.<\/p>\n\n\n\n<p class=\"tb2 layout\">Salvo disposi\u00e7\u00e3o em contr\u00e1rio, qualquer lit\u00edgio resultante ou relacionado com o acesso e a utiliza\u00e7\u00e3o do s\u00edtio Web ser\u00e1 resolvido no Tribunal Distrital de Pequim, como tribunal jurisdicional competente.<\/p>\n\n\n\n<style>\n.tb{\nmargin-top:30px\n\n}\n.tb2{\nmargin-bottom:45px\n\n}\n.th{\nmargin:20px auto\n\n}\n.th2{\nmargin-bottom:20px\n}\n\n<\/style>","protected":false},"excerpt":{"rendered":"<p>Home Terms And Conditions Terms And Conditions 1. Recommended System Requirements for Browser For best results when using the Website, it is recommended that you observe the system requirements listed below. Viewing the Website on a system that falls below the minimum requirements or depending on the browser settings on a system that meets the [&hellip;]<\/p>","protected":false},"author":1,"featured_media":0,"parent":0,"menu_order":0,"comment_status":"closed","ping_status":"closed","template":"","meta":{"footnotes":""},"class_list":["post-3260","page","type-page","status-publish","hentry"],"yoast_head":"<!-- This site is optimized with the Yoast SEO plugin v24.4 - https:\/\/yoast.com\/wordpress\/plugins\/seo\/ -->\n<title>Premium Extruded &amp; Heat-Shrink Tubing, Molding Parts &amp; Gaskets | Yozonetech<\/title>\n<meta name=\"description\" content=\"Yozonetech offers a wide range of extruded tubings (PTFE, FEP, silicone, rubber), heat-shrink tubes, injection-molded parts, cable insulation, and gasket O-rings for semiconductor, industrial, and medical applications. Explore now.\" \/>\n<meta name=\"robots\" content=\"index, follow, max-snippet:-1, max-image-preview:large, max-video-preview:-1\" \/>\n<link rel=\"canonical\" href=\"https:\/\/www.chinaptfetube.com\/pt\/terms-and-conditions\/\" \/>\n<meta property=\"og:locale\" content=\"pt_PT\" \/>\n<meta property=\"og:type\" content=\"article\" \/>\n<meta property=\"og:title\" content=\"Premium Extruded &amp; Heat-Shrink Tubing, Molding Parts &amp; Gaskets | Yozonetech\" \/>\n<meta property=\"og:description\" content=\"Yozonetech offers a wide range of extruded tubings (PTFE, FEP, silicone, rubber), heat-shrink tubes, injection-molded parts, cable insulation, and gasket O-rings for semiconductor, industrial, and medical applications. Explore now.\" \/>\n<meta property=\"og:url\" content=\"https:\/\/www.chinaptfetube.com\/pt\/terms-and-conditions\/\" \/>\n<meta property=\"og:site_name\" content=\"Yozonetech Co., Ltd.\" \/>\n<meta property=\"article:modified_time\" content=\"2025-06-25T09:10:39+00:00\" \/>\n<meta name=\"twitter:card\" content=\"summary_large_image\" \/>\n<meta name=\"twitter:label1\" content=\"Est. reading time\" \/>\n\t<meta name=\"twitter:data1\" content=\"6 minutos\" \/>\n<script type=\"application\/ld+json\" class=\"yoast-schema-graph\">{\"@context\":\"https:\/\/schema.org\",\"@graph\":[{\"@type\":\"WebPage\",\"@id\":\"https:\/\/www.chinaptfetube.com\/terms-and-conditions\/\",\"url\":\"https:\/\/www.chinaptfetube.com\/terms-and-conditions\/\",\"name\":\"Premium Extruded & Heat-Shrink Tubing, Molding Parts & Gaskets | Yozonetech\",\"isPartOf\":{\"@id\":\"https:\/\/www.chinaptfetube.com\/#website\"},\"datePublished\":\"2025-06-25T08:07:53+00:00\",\"dateModified\":\"2025-06-25T09:10:39+00:00\",\"description\":\"Yozonetech offers a wide range of extruded tubings (PTFE, FEP, silicone, rubber), heat-shrink tubes, injection-molded parts, cable insulation, and gasket O-rings for semiconductor, industrial, and medical applications. Explore now.\",\"breadcrumb\":{\"@id\":\"https:\/\/www.chinaptfetube.com\/terms-and-conditions\/#breadcrumb\"},\"inLanguage\":\"pt-PT\",\"potentialAction\":[{\"@type\":\"ReadAction\",\"target\":[\"https:\/\/www.chinaptfetube.com\/terms-and-conditions\/\"]}]},{\"@type\":\"BreadcrumbList\",\"@id\":\"https:\/\/www.chinaptfetube.com\/terms-and-conditions\/#breadcrumb\",\"itemListElement\":[{\"@type\":\"ListItem\",\"position\":1,\"name\":\"Home\",\"item\":\"https:\/\/www.chinaptfetube.com\/\"},{\"@type\":\"ListItem\",\"position\":2,\"name\":\"Terms And Conditions\"}]},{\"@type\":\"WebSite\",\"@id\":\"https:\/\/www.chinaptfetube.com\/#website\",\"url\":\"https:\/\/www.chinaptfetube.com\/\",\"name\":\"Yozonetech Co., Ltd.\",\"description\":\"Yozonetech Co., Ltd.\",\"publisher\":{\"@id\":\"https:\/\/www.chinaptfetube.com\/#organization\"},\"potentialAction\":[{\"@type\":\"SearchAction\",\"target\":{\"@type\":\"EntryPoint\",\"urlTemplate\":\"https:\/\/www.chinaptfetube.com\/?s={search_term_string}\"},\"query-input\":{\"@type\":\"PropertyValueSpecification\",\"valueRequired\":true,\"valueName\":\"search_term_string\"}}],\"inLanguage\":\"pt-PT\"},{\"@type\":\"Organization\",\"@id\":\"https:\/\/www.chinaptfetube.com\/#organization\",\"name\":\"Yozonetech Co., Ltd.\",\"url\":\"https:\/\/www.chinaptfetube.com\/\",\"logo\":{\"@type\":\"ImageObject\",\"inLanguage\":\"pt-PT\",\"@id\":\"https:\/\/www.chinaptfetube.com\/#\/schema\/logo\/image\/\",\"url\":\"https:\/\/www.chinaptfetube.com\/wp-content\/uploads\/2025\/06\/cropped-logo.webp\",\"contentUrl\":\"https:\/\/www.chinaptfetube.com\/wp-content\/uploads\/2025\/06\/cropped-logo.webp\",\"width\":388,\"height\":138,\"caption\":\"Yozonetech Co., Ltd.\"},\"image\":{\"@id\":\"https:\/\/www.chinaptfetube.com\/#\/schema\/logo\/image\/\"}}]}<\/script>\n<!-- \/ Yoast SEO plugin. -->","yoast_head_json":{"title":"Premium Extruded & Heat-Shrink Tubing, Molding Parts & Gaskets | Yozonetech","description":"Yozonetech offers a wide range of extruded tubings (PTFE, FEP, silicone, rubber), heat-shrink tubes, injection-molded parts, cable insulation, and gasket O-rings for semiconductor, industrial, and medical applications. Explore now.","robots":{"index":"index","follow":"follow","max-snippet":"max-snippet:-1","max-image-preview":"max-image-preview:large","max-video-preview":"max-video-preview:-1"},"canonical":"https:\/\/www.chinaptfetube.com\/pt\/terms-and-conditions\/","og_locale":"pt_PT","og_type":"article","og_title":"Premium Extruded & Heat-Shrink Tubing, Molding Parts & Gaskets | Yozonetech","og_description":"Yozonetech offers a wide range of extruded tubings (PTFE, FEP, silicone, rubber), heat-shrink tubes, injection-molded parts, cable insulation, and gasket O-rings for semiconductor, industrial, and medical applications. Explore now.","og_url":"https:\/\/www.chinaptfetube.com\/pt\/terms-and-conditions\/","og_site_name":"Yozonetech Co., Ltd.","article_modified_time":"2025-06-25T09:10:39+00:00","twitter_card":"summary_large_image","twitter_misc":{"Est. reading time":"6 minutos"},"schema":{"@context":"https:\/\/schema.org","@graph":[{"@type":"WebPage","@id":"https:\/\/www.chinaptfetube.com\/terms-and-conditions\/","url":"https:\/\/www.chinaptfetube.com\/terms-and-conditions\/","name":"Premium Extruded & Heat-Shrink Tubing, Molding Parts & Gaskets | Yozonetech","isPartOf":{"@id":"https:\/\/www.chinaptfetube.com\/#website"},"datePublished":"2025-06-25T08:07:53+00:00","dateModified":"2025-06-25T09:10:39+00:00","description":"Yozonetech offers a wide range of extruded tubings (PTFE, FEP, silicone, rubber), heat-shrink tubes, injection-molded parts, cable insulation, and gasket O-rings for semiconductor, industrial, and medical applications. Explore now.","breadcrumb":{"@id":"https:\/\/www.chinaptfetube.com\/terms-and-conditions\/#breadcrumb"},"inLanguage":"pt-PT","potentialAction":[{"@type":"ReadAction","target":["https:\/\/www.chinaptfetube.com\/terms-and-conditions\/"]}]},{"@type":"BreadcrumbList","@id":"https:\/\/www.chinaptfetube.com\/terms-and-conditions\/#breadcrumb","itemListElement":[{"@type":"ListItem","position":1,"name":"Home","item":"https:\/\/www.chinaptfetube.com\/"},{"@type":"ListItem","position":2,"name":"Terms And Conditions"}]},{"@type":"WebSite","@id":"https:\/\/www.chinaptfetube.com\/#website","url":"https:\/\/www.chinaptfetube.com\/","name":"Yozonetech Co., Ltd.","description":"Yozonetech Co., Ltd.","publisher":{"@id":"https:\/\/www.chinaptfetube.com\/#organization"},"potentialAction":[{"@type":"SearchAction","target":{"@type":"EntryPoint","urlTemplate":"https:\/\/www.chinaptfetube.com\/?s={search_term_string}"},"query-input":{"@type":"PropertyValueSpecification","valueRequired":true,"valueName":"search_term_string"}}],"inLanguage":"pt-PT"},{"@type":"Organization","@id":"https:\/\/www.chinaptfetube.com\/#organization","name":"Yozonetech Co., Ltd.","url":"https:\/\/www.chinaptfetube.com\/","logo":{"@type":"ImageObject","inLanguage":"pt-PT","@id":"https:\/\/www.chinaptfetube.com\/#\/schema\/logo\/image\/","url":"https:\/\/www.chinaptfetube.com\/wp-content\/uploads\/2025\/06\/cropped-logo.webp","contentUrl":"https:\/\/www.chinaptfetube.com\/wp-content\/uploads\/2025\/06\/cropped-logo.webp","width":388,"height":138,"caption":"Yozonetech Co., Ltd."},"image":{"@id":"https:\/\/www.chinaptfetube.com\/#\/schema\/logo\/image\/"}}]}},"_links":{"self":[{"href":"https:\/\/www.chinaptfetube.com\/pt\/wp-json\/wp\/v2\/pages\/3260","targetHints":{"allow":["GET"]}}],"collection":[{"href":"https:\/\/www.chinaptfetube.com\/pt\/wp-json\/wp\/v2\/pages"}],"about":[{"href":"https:\/\/www.chinaptfetube.com\/pt\/wp-json\/wp\/v2\/types\/page"}],"author":[{"embeddable":true,"href":"https:\/\/www.chinaptfetube.com\/pt\/wp-json\/wp\/v2\/users\/1"}],"replies":[{"embeddable":true,"href":"https:\/\/www.chinaptfetube.com\/pt\/wp-json\/wp\/v2\/comments?post=3260"}],"version-history":[{"count":4,"href":"https:\/\/www.chinaptfetube.com\/pt\/wp-json\/wp\/v2\/pages\/3260\/revisions"}],"predecessor-version":[{"id":3292,"href":"https:\/\/www.chinaptfetube.com\/pt\/wp-json\/wp\/v2\/pages\/3260\/revisions\/3292"}],"wp:attachment":[{"href":"https:\/\/www.chinaptfetube.com\/pt\/wp-json\/wp\/v2\/media?parent=3260"}],"curies":[{"name":"wp","href":"https:\/\/api.w.org\/{rel}","templated":true}]}}