{"id":3255,"date":"2025-06-25T07:59:37","date_gmt":"2025-06-25T07:59:37","guid":{"rendered":"https:\/\/www.chinaptfetube.com\/?page_id=3255"},"modified":"2025-06-25T08:02:55","modified_gmt":"2025-06-25T08:02:55","slug":"privacy-policy","status":"publish","type":"page","link":"https:\/\/www.chinaptfetube.com\/pt\/privacy-policy\/","title":{"rendered":"Pol\u00edtica de privacidade"},"content":{"rendered":"<div class=\"path_bar\">\n        <div class=\"layout\">\n            <ul>\n                <li><a href=\"\/pt\/\">In\u00edcio<\/a><\/li>\n                <!--\u9762\u5305\u5c51-->\n               <li><a href=\"\">Pol\u00edtica de privacidade<\/a><\/li>\n            <\/ul>\n        <\/div>\n    <\/div>\n\n\n\n<h1 class=\"wp-block-heading has-text-align-center layout\" style=\"font-size:30px\">Pol\u00edtica de privacidade<\/h1>\n\n\n\n<p class=\"layout tb\">A privacidade do cliente \u00e9 uma prioridade m\u00e1xima. Qualquer informa\u00e7\u00e3o fornecida durante o processo de encomenda ou quando faz um pedido de informa\u00e7\u00e3o \u00e9 utilizada exclusivamente para esse fim, exceto se tivermos o seu consentimento para o fazer. Os nossos sistemas n\u00e3o s\u00e3o acess\u00edveis a pessoal n\u00e3o autorizado, seguindo uma conduta rigorosa delineada na Lei de Prote\u00e7\u00e3o de Dados.<\/p>\n\n\n\n<p class=\"layout\">A utiliza\u00e7\u00e3o deste s\u00edtio Web e das suas instala\u00e7\u00f5es implica o seu consentimento para a recolha das informa\u00e7\u00f5es necess\u00e1rias para processar a sua encomenda ou pedido de informa\u00e7\u00e3o, na medida em que permite administrar o pagamento e executar a sua entrega, proporcionando-lhe o melhor servi\u00e7o poss\u00edvel.<\/p>\n\n\n\n<p class=\"layout\">Regra geral, o utilizador pode utilizar o nosso s\u00edtio Web sem fornecer dados pessoais. Qualquer nome ou endere\u00e7o de correio eletr\u00f3nico recolhido no nosso s\u00edtio \u00e9 recolhido numa base volunt\u00e1ria.<\/p>\n\n\n\n<p class=\"layout th\"><strong>Google Analytics<\/strong><\/p>\n\n\n\n<p class=\"layout\">Este s\u00edtio Web utiliza fun\u00e7\u00f5es do servi\u00e7o de an\u00e1lise da Web Google Analytics. Este servi\u00e7o \u00e9 fornecido pela Google Inc., 1600 Amphitheater Parkway Mountain View, CA 94043, EUA.<\/p>\n\n\n\n<p class=\"layout\">O Google Analytics utiliza \"cookies\". Estes s\u00e3o ficheiros de texto que s\u00e3o armazenados no seu computador para ajudar o s\u00edtio Web a analisar a forma como os utilizadores utilizam o s\u00edtio. A informa\u00e7\u00e3o gerada pelo cookie sobre a sua utiliza\u00e7\u00e3o deste s\u00edtio Web \u00e9 geralmente transferida para um servidor da Google nos EUA e a\u00ed armazenada.<\/p>\n\n\n\n<p class=\"layout\">Pode impedir o Google Analytics de recolher os seus dados clicando na seguinte liga\u00e7\u00e3o. Isto define um cookie de exclus\u00e3o, que impedir\u00e1 a recolha de dados durante futuras visitas a este s\u00edtio Web.<\/p>\n\n\n\n<p class=\"layout\">Os seus dados n\u00e3o ser\u00e3o divulgados a terceiros.<\/p>\n\n\n\n<p class=\"layout th\"><strong>Encripta\u00e7\u00e3o SSL<\/strong><\/p>\n\n\n\n<p class=\"layout\">Este s\u00edtio utiliza a encripta\u00e7\u00e3o SSL por raz\u00f5es de seguran\u00e7a e para proteger a transmiss\u00e3o de conte\u00fados confidenciais, tais como os pedidos de informa\u00e7\u00e3o que nos envia enquanto operador do s\u00edtio. Pode reconhecer uma liga\u00e7\u00e3o encriptada na linha de endere\u00e7o do seu browser quando esta muda de \"http:\/\/\" para \"https:\/\/\" e o \u00edcone do cadeado \u00e9 apresentado na barra de endere\u00e7os do seu browser. Se a encripta\u00e7\u00e3o SSL estiver activada, os dados que nos transmite n\u00e3o podem ser lidos por terceiros.<\/p>\n\n\n\n<p class=\"layout th\"><strong>O que \u00e9 que recolhemos:<\/strong><\/p>\n\n\n\n<p class=\"layout\">Se enviar um pedido de informa\u00e7\u00e3o a partir da nossa lista de pre\u00e7os, or\u00e7amento ou p\u00e1gina de contacto.<\/p>\n\n\n\n<p class=\"layout\">Este s\u00edtio Web utiliza cookies para recolher dados<\/p>\n\n\n\n<p class=\"layout\">Como \u00e9 que utilizamos as suas informa\u00e7\u00f5es:<\/p>\n\n\n\n<p class=\"layout\">Todas as informa\u00e7\u00f5es que recolhemos do utilizador podem ser utilizadas de uma ou mais das seguintes formas:<\/p>\n\n\n\n<p class=\"layout\">O seu e-mail \u00e9 utilizado apenas para enviar listas de pre\u00e7os solicitadas e responder \u00e0 sua pergunta ou pedido de informa\u00e7\u00e3o.<\/p>\n\n\n\n<p class=\"layout\">O seu correio eletr\u00f3nico n\u00e3o ser\u00e1 utilizado para qualquer outro fim que n\u00e3o o acima mencionado.<\/p>\n\n\n\n<p class=\"layout\">Para melhorar o nosso s\u00edtio Web.<\/p>\n\n\n\n<p class=\"layout th\"><strong>Biscoitos<\/strong><\/p>\n\n\n\n<p class=\"layout\">Quando visita a maioria das p\u00e1ginas web, um pequeno ficheiro de texto chamado cookie \u00e9 guardado no seu computador. Aqui na spaciest. co. Portugal, utilizamos cookies para ajudar a monitorizar a sele\u00e7\u00e3o de artigos no seu cesto e recordar esses artigos em novas visitas ao site.<\/p>\n\n\n\n<p class=\"layout\">Os cookies s\u00e3o inofensivos para o seu computador. Os cookies que criamos n\u00e3o armazenam informa\u00e7\u00f5es de identifica\u00e7\u00e3o pessoal, mas recolhem informa\u00e7\u00f5es encriptadas que ajudam a melhorar a sua experi\u00eancia no s\u00edtio. Ajudam, por exemplo, a identificar e resolver erros ou a mostrar-lhe produtos relevantes de interesse durante a navega\u00e7\u00e3o.<\/p>\n\n\n\n<p class=\"layout tb2\">Trabalhamos com uma s\u00e9rie de fornecedores cuidadosamente selecionados e controlados que tamb\u00e9m podem armazenar cookies durante uma visita ao s\u00edtio e que s\u00e3o utilizados para fins de remarketing. Estes cookies s\u00e3o utilizados para destacar outros produtos e servi\u00e7os relacionados com os itens pesquisados pelo utilizador.<\/p>\n\n\n\n<style>\n.tb{\nmargin-top:30px\n\n}\n.tb2{\nmargin-bottom:45px\n\n}\n.th{\nmargin:20px auto\n\n}\n\n\n<\/style>","protected":false},"excerpt":{"rendered":"<p>Home Privacy Policy Privacy Policy Customer privacy is a high priority. Any information you provide during the order process or when you make an inquiry is used solely for that purpose unless we have your consent to do otherwise. Our systems are not accessible by unauthorized personnel, following strict conduct outlined in the Data Protection [&hellip;]<\/p>","protected":false},"author":1,"featured_media":0,"parent":0,"menu_order":0,"comment_status":"closed","ping_status":"closed","template":"","meta":{"footnotes":""},"class_list":["post-3255","page","type-page","status-publish","hentry"],"yoast_head":"<!-- This site is optimized with the Yoast SEO plugin v24.4 - https:\/\/yoast.com\/wordpress\/plugins\/seo\/ -->\n<title>Premium Extruded &amp; Heat-Shrink Tubing, Molding Parts &amp; Gaskets | Yozonetech<\/title>\n<meta name=\"description\" content=\"Yozonetech offers a wide range of extruded tubings (PTFE, FEP, silicone, rubber), heat-shrink tubes, injection-molded parts, cable insulation, and gasket O-rings for semiconductor, industrial, and medical applications. Explore now.\" \/>\n<meta name=\"robots\" content=\"index, follow, max-snippet:-1, max-image-preview:large, max-video-preview:-1\" \/>\n<link rel=\"canonical\" href=\"https:\/\/www.chinaptfetube.com\/pt\/privacy-policy\/\" \/>\n<meta property=\"og:locale\" content=\"pt_PT\" \/>\n<meta property=\"og:type\" content=\"article\" \/>\n<meta property=\"og:title\" content=\"Premium Extruded &amp; Heat-Shrink Tubing, Molding Parts &amp; Gaskets | Yozonetech\" \/>\n<meta property=\"og:description\" content=\"Yozonetech offers a wide range of extruded tubings (PTFE, FEP, silicone, rubber), heat-shrink tubes, injection-molded parts, cable insulation, and gasket O-rings for semiconductor, industrial, and medical applications. Explore now.\" \/>\n<meta property=\"og:url\" content=\"https:\/\/www.chinaptfetube.com\/pt\/privacy-policy\/\" \/>\n<meta property=\"og:site_name\" content=\"Yozonetech Co., Ltd.\" \/>\n<meta property=\"article:modified_time\" content=\"2025-06-25T08:02:55+00:00\" \/>\n<meta name=\"twitter:card\" content=\"summary_large_image\" \/>\n<meta name=\"twitter:label1\" content=\"Est. reading time\" \/>\n\t<meta name=\"twitter:data1\" content=\"3 minutos\" \/>\n<script type=\"application\/ld+json\" class=\"yoast-schema-graph\">{\"@context\":\"https:\/\/schema.org\",\"@graph\":[{\"@type\":\"WebPage\",\"@id\":\"https:\/\/www.chinaptfetube.com\/privacy-policy\/\",\"url\":\"https:\/\/www.chinaptfetube.com\/privacy-policy\/\",\"name\":\"Premium Extruded & Heat-Shrink Tubing, Molding Parts & Gaskets | Yozonetech\",\"isPartOf\":{\"@id\":\"https:\/\/www.chinaptfetube.com\/#website\"},\"datePublished\":\"2025-06-25T07:59:37+00:00\",\"dateModified\":\"2025-06-25T08:02:55+00:00\",\"description\":\"Yozonetech offers a wide range of extruded tubings (PTFE, FEP, silicone, rubber), heat-shrink tubes, injection-molded parts, cable insulation, and gasket O-rings for semiconductor, industrial, and medical applications. Explore now.\",\"breadcrumb\":{\"@id\":\"https:\/\/www.chinaptfetube.com\/privacy-policy\/#breadcrumb\"},\"inLanguage\":\"pt-PT\",\"potentialAction\":[{\"@type\":\"ReadAction\",\"target\":[\"https:\/\/www.chinaptfetube.com\/privacy-policy\/\"]}]},{\"@type\":\"BreadcrumbList\",\"@id\":\"https:\/\/www.chinaptfetube.com\/privacy-policy\/#breadcrumb\",\"itemListElement\":[{\"@type\":\"ListItem\",\"position\":1,\"name\":\"Home\",\"item\":\"https:\/\/www.chinaptfetube.com\/\"},{\"@type\":\"ListItem\",\"position\":2,\"name\":\"Privacy Policy\"}]},{\"@type\":\"WebSite\",\"@id\":\"https:\/\/www.chinaptfetube.com\/#website\",\"url\":\"https:\/\/www.chinaptfetube.com\/\",\"name\":\"Yozonetech Co., Ltd.\",\"description\":\"Yozonetech Co., Ltd.\",\"publisher\":{\"@id\":\"https:\/\/www.chinaptfetube.com\/#organization\"},\"potentialAction\":[{\"@type\":\"SearchAction\",\"target\":{\"@type\":\"EntryPoint\",\"urlTemplate\":\"https:\/\/www.chinaptfetube.com\/?s={search_term_string}\"},\"query-input\":{\"@type\":\"PropertyValueSpecification\",\"valueRequired\":true,\"valueName\":\"search_term_string\"}}],\"inLanguage\":\"pt-PT\"},{\"@type\":\"Organization\",\"@id\":\"https:\/\/www.chinaptfetube.com\/#organization\",\"name\":\"Yozonetech Co., Ltd.\",\"url\":\"https:\/\/www.chinaptfetube.com\/\",\"logo\":{\"@type\":\"ImageObject\",\"inLanguage\":\"pt-PT\",\"@id\":\"https:\/\/www.chinaptfetube.com\/#\/schema\/logo\/image\/\",\"url\":\"https:\/\/www.chinaptfetube.com\/wp-content\/uploads\/2025\/06\/cropped-logo.webp\",\"contentUrl\":\"https:\/\/www.chinaptfetube.com\/wp-content\/uploads\/2025\/06\/cropped-logo.webp\",\"width\":388,\"height\":138,\"caption\":\"Yozonetech Co., Ltd.\"},\"image\":{\"@id\":\"https:\/\/www.chinaptfetube.com\/#\/schema\/logo\/image\/\"}}]}<\/script>\n<!-- \/ Yoast SEO plugin. -->","yoast_head_json":{"title":"Premium Extruded & Heat-Shrink Tubing, Molding Parts & Gaskets | Yozonetech","description":"Yozonetech offers a wide range of extruded tubings (PTFE, FEP, silicone, rubber), heat-shrink tubes, injection-molded parts, cable insulation, and gasket O-rings for semiconductor, industrial, and medical applications. Explore now.","robots":{"index":"index","follow":"follow","max-snippet":"max-snippet:-1","max-image-preview":"max-image-preview:large","max-video-preview":"max-video-preview:-1"},"canonical":"https:\/\/www.chinaptfetube.com\/pt\/privacy-policy\/","og_locale":"pt_PT","og_type":"article","og_title":"Premium Extruded & Heat-Shrink Tubing, Molding Parts & Gaskets | Yozonetech","og_description":"Yozonetech offers a wide range of extruded tubings (PTFE, FEP, silicone, rubber), heat-shrink tubes, injection-molded parts, cable insulation, and gasket O-rings for semiconductor, industrial, and medical applications. Explore now.","og_url":"https:\/\/www.chinaptfetube.com\/pt\/privacy-policy\/","og_site_name":"Yozonetech Co., Ltd.","article_modified_time":"2025-06-25T08:02:55+00:00","twitter_card":"summary_large_image","twitter_misc":{"Est. reading time":"3 minutos"},"schema":{"@context":"https:\/\/schema.org","@graph":[{"@type":"WebPage","@id":"https:\/\/www.chinaptfetube.com\/privacy-policy\/","url":"https:\/\/www.chinaptfetube.com\/privacy-policy\/","name":"Premium Extruded & Heat-Shrink Tubing, Molding Parts & Gaskets | Yozonetech","isPartOf":{"@id":"https:\/\/www.chinaptfetube.com\/#website"},"datePublished":"2025-06-25T07:59:37+00:00","dateModified":"2025-06-25T08:02:55+00:00","description":"Yozonetech offers a wide range of extruded tubings (PTFE, FEP, silicone, rubber), heat-shrink tubes, injection-molded parts, cable insulation, and gasket O-rings for semiconductor, industrial, and medical applications. Explore now.","breadcrumb":{"@id":"https:\/\/www.chinaptfetube.com\/privacy-policy\/#breadcrumb"},"inLanguage":"pt-PT","potentialAction":[{"@type":"ReadAction","target":["https:\/\/www.chinaptfetube.com\/privacy-policy\/"]}]},{"@type":"BreadcrumbList","@id":"https:\/\/www.chinaptfetube.com\/privacy-policy\/#breadcrumb","itemListElement":[{"@type":"ListItem","position":1,"name":"Home","item":"https:\/\/www.chinaptfetube.com\/"},{"@type":"ListItem","position":2,"name":"Privacy Policy"}]},{"@type":"WebSite","@id":"https:\/\/www.chinaptfetube.com\/#website","url":"https:\/\/www.chinaptfetube.com\/","name":"Yozonetech Co., Ltd.","description":"Yozonetech Co., Ltd.","publisher":{"@id":"https:\/\/www.chinaptfetube.com\/#organization"},"potentialAction":[{"@type":"SearchAction","target":{"@type":"EntryPoint","urlTemplate":"https:\/\/www.chinaptfetube.com\/?s={search_term_string}"},"query-input":{"@type":"PropertyValueSpecification","valueRequired":true,"valueName":"search_term_string"}}],"inLanguage":"pt-PT"},{"@type":"Organization","@id":"https:\/\/www.chinaptfetube.com\/#organization","name":"Yozonetech Co., Ltd.","url":"https:\/\/www.chinaptfetube.com\/","logo":{"@type":"ImageObject","inLanguage":"pt-PT","@id":"https:\/\/www.chinaptfetube.com\/#\/schema\/logo\/image\/","url":"https:\/\/www.chinaptfetube.com\/wp-content\/uploads\/2025\/06\/cropped-logo.webp","contentUrl":"https:\/\/www.chinaptfetube.com\/wp-content\/uploads\/2025\/06\/cropped-logo.webp","width":388,"height":138,"caption":"Yozonetech Co., Ltd."},"image":{"@id":"https:\/\/www.chinaptfetube.com\/#\/schema\/logo\/image\/"}}]}},"_links":{"self":[{"href":"https:\/\/www.chinaptfetube.com\/pt\/wp-json\/wp\/v2\/pages\/3255","targetHints":{"allow":["GET"]}}],"collection":[{"href":"https:\/\/www.chinaptfetube.com\/pt\/wp-json\/wp\/v2\/pages"}],"about":[{"href":"https:\/\/www.chinaptfetube.com\/pt\/wp-json\/wp\/v2\/types\/page"}],"author":[{"embeddable":true,"href":"https:\/\/www.chinaptfetube.com\/pt\/wp-json\/wp\/v2\/users\/1"}],"replies":[{"embeddable":true,"href":"https:\/\/www.chinaptfetube.com\/pt\/wp-json\/wp\/v2\/comments?post=3255"}],"version-history":[{"count":4,"href":"https:\/\/www.chinaptfetube.com\/pt\/wp-json\/wp\/v2\/pages\/3255\/revisions"}],"predecessor-version":[{"id":3257,"href":"https:\/\/www.chinaptfetube.com\/pt\/wp-json\/wp\/v2\/pages\/3255\/revisions\/3257"}],"wp:attachment":[{"href":"https:\/\/www.chinaptfetube.com\/pt\/wp-json\/wp\/v2\/media?parent=3255"}],"curies":[{"name":"wp","href":"https:\/\/api.w.org\/{rel}","templated":true}]}}