{"id":3251,"date":"2025-06-25T08:20:18","date_gmt":"2025-06-25T08:20:18","guid":{"rendered":"https:\/\/www.chinaptfetube.com\/?page_id=3251"},"modified":"2025-09-09T05:39:58","modified_gmt":"2025-09-09T05:39:58","slug":"service","status":"publish","type":"page","link":"https:\/\/www.chinaptfetube.com\/pt\/service\/","title":{"rendered":"Servi\u00e7o"},"content":{"rendered":"<div class=\"path_bar\">\n        <div class=\"layout\">\n            <ul>\n                <li><a href=\"\/pt\/\">In\u00edcio<\/a><\/li>\n                <!--\u9762\u5305\u5c51-->\n               <li><a href=\"\">Servi\u00e7o<\/a><\/li>\n            <\/ul>\n        <\/div>\n    <\/div>\n\n\n\n<h1 class=\"wp-block-heading has-text-align-center layout mb3\" style=\"font-size:30px\">Servi\u00e7os abrangentes para tubos de PTFE, FEP, PFA e borracha<\/h1>\n\n\n\n<h2 class=\"wp-block-heading h2 layout\"><strong>Servi\u00e7o excecional<\/strong><\/h2>\n\n\n\n<p class=\"layout th\">Como uma empresa de confian\u00e7a <a href=\"https:\/\/www.chinaptfetube.com\/pt\/about-us\/\">Fabricante de tubos PTFE<\/a>A nossa equipa assegura um envio r\u00e1pido, seguro e vers\u00e1til por via a\u00e9rea, mar\u00edtima e ferrovi\u00e1ria, entregando as suas encomendas a tempo. A nossa equipa assegura um envio r\u00e1pido, seguro e vers\u00e1til por via a\u00e9rea, mar\u00edtima e ferrovi\u00e1ria, entregando as suas encomendas a tempo.<\/p>\n\n\n\n<h2 class=\"wp-block-heading layout h2\"><strong>Experi\u00eancia profissional<\/strong><\/h2>\n\n\n\n<p class=\"layout th\">Os nossos engenheiros experientes ajudam-no a selecionar os materiais ideais para o seu equipamento de produ\u00e7\u00e3o. Como fornecedor de <a href=\"https:\/\/www.chinaptfetube.com\/pt\/ptfe-tubing-category\/\">tubo PTFE por atacado<\/a>A nossa empresa fornece especifica\u00e7\u00f5es e certifica\u00e7\u00f5es completas de produtos para <a href=\"https:\/\/www.chinaptfetube.com\/pt\/ptfe-tubing-category\/\">Tubos PTFE<\/a>, <a href=\"https:\/\/www.chinaptfetube.com\/pt\/fluoroplastics-tubing-category\/\">tubos fluoropl\u00e1sticos<\/a>, <a href=\"https:\/\/www.chinaptfetube.com\/pt\/fep-pfa-tubing-category\/\">Tubagem FEP<\/a>, <a href=\"https:\/\/www.chinaptfetube.com\/pt\/silicone-tubing-category\/\">tubos de silicone<\/a>, <a href=\"https:\/\/www.chinaptfetube.com\/pt\/rubber-tubing-category\/\">tubos de borracha<\/a>, <a href=\"https:\/\/www.chinaptfetube.com\/pt\/heat-shrink-tubing-category\/\">tubos termorretr\u00e1cteis de alta temperatura<\/a>e <a href=\"https:\/\/www.chinaptfetube.com\/pt\/injection-molding-part-category\/\">moldagem por inje\u00e7\u00e3o personalizada<\/a> solu\u00e7\u00f5es.<\/p>\n\n\n\n<h2 class=\"wp-block-heading layout h2\"><strong>Parceria global<\/strong><\/h2>\n\n\n\n<p class=\"layout  th\">Oferecemos op\u00e7\u00f5es de pagamento flex\u00edveis em v\u00e1rias moedas, incluindo USD, EUR, JPY, GBP e RMB, o que torna conveniente para os parceiros de todo o mundo colaborarem connosco.<\/p>\n\n\n\n<h2 class=\"wp-block-heading layout h2\"><strong>Solu\u00e7\u00f5es OEM e personalizadas<\/strong><\/h2>\n\n\n\n<p class=\"layout th\">Com uma capacidade de produ\u00e7\u00e3o em larga escala, a Yuzhong Technology \u00e9 uma empresa fi\u00e1vel <a href=\"https:\/\/www.chinaptfetube.com\/pt\/about-us\/\">Fabricante de tubos PTFE<\/a> e parceiro OEM. Independentemente do volume da encomenda, podemos fornecer solu\u00e7\u00f5es personalizadas e etiquetagem personalizada para satisfazer os requisitos do seu projeto.<\/p>\n\n\n\n<h2 class=\"wp-block-heading layout h2\"><strong>Our Advantages<\/strong><\/h2>\n\n\n\n<p class=\"layout th\">Combinando experi\u00eancia profissional, entrega r\u00e1pida e controlo de qualidade rigoroso, garantimos que a sua produ\u00e7\u00e3o decorre sem problemas, ao mesmo tempo que fornecemos produtos fi\u00e1veis e de alta qualidade <a href=\"https:\/\/www.chinaptfetube.com\/pt\/engineering-plastic-products-category\/\">produtos de pl\u00e1stico de engenharia<\/a> e solu\u00e7\u00f5es de tubagem.<\/p>\n\n\n\n<p class=\"layout tb2\">Para qualquer problema sobre o tamanho, desempenho e utilidade do produto, basta contactar o nosso engenheiro por e-mail&nbsp;<a href=\"mailto:ptfetube@yozonetech.cn\">ptfetube@yozonetech.cn<\/a>&nbsp;ou tel &amp; wechat &amp; WhatsApp: <a href=\"https:\/\/wa.me\/8613752771911\" target=\"_blank\" rel=\"noreferrer noopener\">+8613752771911<\/a>.<\/p>\n\n\n\n<style>\n.tb{\nmargin-top:30px\n\n}\n.tb2{\nmargin-bottom:45px\n\n}\n.th{\nmargin:20px auto\n\n}\n.mb3{\nmargin-bottom:2%\n\n}\n.h2{\n    background: #f6f6f6;\n    padding: 10px;\n\n}\n<\/style>","protected":false},"excerpt":{"rendered":"<p>Home Service Comprehensive Services for PTFE, FEP, PFA &amp; Rubber Tubing Exceptional Service As a trusted PTFE tube manufacturer, we take every customer concern seriously and resolve product issues efficiently. Our team ensures fast, safe, and versatile shipping by air, sea, and rail, delivering your orders on time. Professional Expertise Our experienced engineers help you [&hellip;]<\/p>","protected":false},"author":1,"featured_media":0,"parent":0,"menu_order":0,"comment_status":"closed","ping_status":"closed","template":"","meta":{"footnotes":""},"class_list":["post-3251","page","type-page","status-publish","hentry"],"yoast_head":"<!-- This site is optimized with the Yoast SEO plugin v24.4 - https:\/\/yoast.com\/wordpress\/plugins\/seo\/ -->\n<title>Premium Extruded &amp; Heat-Shrink Tubing, Molding Parts &amp; Gaskets | Yozonetech<\/title>\n<meta name=\"description\" content=\"Yozonetech offers a wide range of extruded tubings (PTFE, FEP, silicone, rubber), heat-shrink tubes, injection-molded parts, cable insulation, and gasket O-rings for semiconductor, industrial, and medical applications. Explore now.\" \/>\n<meta name=\"robots\" content=\"index, follow, max-snippet:-1, max-image-preview:large, max-video-preview:-1\" \/>\n<link rel=\"canonical\" href=\"https:\/\/www.chinaptfetube.com\/pt\/service\/\" \/>\n<meta property=\"og:locale\" content=\"pt_PT\" \/>\n<meta property=\"og:type\" content=\"article\" \/>\n<meta property=\"og:title\" content=\"Premium Extruded &amp; Heat-Shrink Tubing, Molding Parts &amp; Gaskets | Yozonetech\" \/>\n<meta property=\"og:description\" content=\"Yozonetech offers a wide range of extruded tubings (PTFE, FEP, silicone, rubber), heat-shrink tubes, injection-molded parts, cable insulation, and gasket O-rings for semiconductor, industrial, and medical applications. Explore now.\" \/>\n<meta property=\"og:url\" content=\"https:\/\/www.chinaptfetube.com\/pt\/service\/\" \/>\n<meta property=\"og:site_name\" content=\"Yozonetech Co., Ltd.\" \/>\n<meta property=\"article:modified_time\" content=\"2025-09-09T05:39:58+00:00\" \/>\n<meta name=\"twitter:card\" content=\"summary_large_image\" \/>\n<meta name=\"twitter:label1\" content=\"Est. reading time\" \/>\n\t<meta name=\"twitter:data1\" content=\"1 minuto\" \/>\n<script type=\"application\/ld+json\" class=\"yoast-schema-graph\">{\"@context\":\"https:\/\/schema.org\",\"@graph\":[{\"@type\":\"WebPage\",\"@id\":\"https:\/\/www.chinaptfetube.com\/service\/\",\"url\":\"https:\/\/www.chinaptfetube.com\/service\/\",\"name\":\"Premium Extruded & Heat-Shrink Tubing, Molding Parts & Gaskets | Yozonetech\",\"isPartOf\":{\"@id\":\"https:\/\/www.chinaptfetube.com\/#website\"},\"datePublished\":\"2025-06-25T08:20:18+00:00\",\"dateModified\":\"2025-09-09T05:39:58+00:00\",\"description\":\"Yozonetech offers a wide range of extruded tubings (PTFE, FEP, silicone, rubber), heat-shrink tubes, injection-molded parts, cable insulation, and gasket O-rings for semiconductor, industrial, and medical applications. Explore now.\",\"breadcrumb\":{\"@id\":\"https:\/\/www.chinaptfetube.com\/service\/#breadcrumb\"},\"inLanguage\":\"pt-PT\",\"potentialAction\":[{\"@type\":\"ReadAction\",\"target\":[\"https:\/\/www.chinaptfetube.com\/service\/\"]}]},{\"@type\":\"BreadcrumbList\",\"@id\":\"https:\/\/www.chinaptfetube.com\/service\/#breadcrumb\",\"itemListElement\":[{\"@type\":\"ListItem\",\"position\":1,\"name\":\"Home\",\"item\":\"https:\/\/www.chinaptfetube.com\/\"},{\"@type\":\"ListItem\",\"position\":2,\"name\":\"Service\"}]},{\"@type\":\"WebSite\",\"@id\":\"https:\/\/www.chinaptfetube.com\/#website\",\"url\":\"https:\/\/www.chinaptfetube.com\/\",\"name\":\"Yozonetech Co., Ltd.\",\"description\":\"Yozonetech Co., Ltd.\",\"publisher\":{\"@id\":\"https:\/\/www.chinaptfetube.com\/#organization\"},\"potentialAction\":[{\"@type\":\"SearchAction\",\"target\":{\"@type\":\"EntryPoint\",\"urlTemplate\":\"https:\/\/www.chinaptfetube.com\/?s={search_term_string}\"},\"query-input\":{\"@type\":\"PropertyValueSpecification\",\"valueRequired\":true,\"valueName\":\"search_term_string\"}}],\"inLanguage\":\"pt-PT\"},{\"@type\":\"Organization\",\"@id\":\"https:\/\/www.chinaptfetube.com\/#organization\",\"name\":\"Yozonetech Co., Ltd.\",\"url\":\"https:\/\/www.chinaptfetube.com\/\",\"logo\":{\"@type\":\"ImageObject\",\"inLanguage\":\"pt-PT\",\"@id\":\"https:\/\/www.chinaptfetube.com\/#\/schema\/logo\/image\/\",\"url\":\"https:\/\/www.chinaptfetube.com\/wp-content\/uploads\/2025\/06\/cropped-logo.webp\",\"contentUrl\":\"https:\/\/www.chinaptfetube.com\/wp-content\/uploads\/2025\/06\/cropped-logo.webp\",\"width\":388,\"height\":138,\"caption\":\"Yozonetech Co., Ltd.\"},\"image\":{\"@id\":\"https:\/\/www.chinaptfetube.com\/#\/schema\/logo\/image\/\"}}]}<\/script>\n<!-- \/ Yoast SEO plugin. -->","yoast_head_json":{"title":"Premium Extruded & Heat-Shrink Tubing, Molding Parts & Gaskets | Yozonetech","description":"Yozonetech offers a wide range of extruded tubings (PTFE, FEP, silicone, rubber), heat-shrink tubes, injection-molded parts, cable insulation, and gasket O-rings for semiconductor, industrial, and medical applications. Explore now.","robots":{"index":"index","follow":"follow","max-snippet":"max-snippet:-1","max-image-preview":"max-image-preview:large","max-video-preview":"max-video-preview:-1"},"canonical":"https:\/\/www.chinaptfetube.com\/pt\/service\/","og_locale":"pt_PT","og_type":"article","og_title":"Premium Extruded & Heat-Shrink Tubing, Molding Parts & Gaskets | Yozonetech","og_description":"Yozonetech offers a wide range of extruded tubings (PTFE, FEP, silicone, rubber), heat-shrink tubes, injection-molded parts, cable insulation, and gasket O-rings for semiconductor, industrial, and medical applications. Explore now.","og_url":"https:\/\/www.chinaptfetube.com\/pt\/service\/","og_site_name":"Yozonetech Co., Ltd.","article_modified_time":"2025-09-09T05:39:58+00:00","twitter_card":"summary_large_image","twitter_misc":{"Est. reading time":"1 minuto"},"schema":{"@context":"https:\/\/schema.org","@graph":[{"@type":"WebPage","@id":"https:\/\/www.chinaptfetube.com\/service\/","url":"https:\/\/www.chinaptfetube.com\/service\/","name":"Premium Extruded & Heat-Shrink Tubing, Molding Parts & Gaskets | Yozonetech","isPartOf":{"@id":"https:\/\/www.chinaptfetube.com\/#website"},"datePublished":"2025-06-25T08:20:18+00:00","dateModified":"2025-09-09T05:39:58+00:00","description":"Yozonetech offers a wide range of extruded tubings (PTFE, FEP, silicone, rubber), heat-shrink tubes, injection-molded parts, cable insulation, and gasket O-rings for semiconductor, industrial, and medical applications. Explore now.","breadcrumb":{"@id":"https:\/\/www.chinaptfetube.com\/service\/#breadcrumb"},"inLanguage":"pt-PT","potentialAction":[{"@type":"ReadAction","target":["https:\/\/www.chinaptfetube.com\/service\/"]}]},{"@type":"BreadcrumbList","@id":"https:\/\/www.chinaptfetube.com\/service\/#breadcrumb","itemListElement":[{"@type":"ListItem","position":1,"name":"Home","item":"https:\/\/www.chinaptfetube.com\/"},{"@type":"ListItem","position":2,"name":"Service"}]},{"@type":"WebSite","@id":"https:\/\/www.chinaptfetube.com\/#website","url":"https:\/\/www.chinaptfetube.com\/","name":"Yozonetech Co., Ltd.","description":"Yozonetech Co., Ltd.","publisher":{"@id":"https:\/\/www.chinaptfetube.com\/#organization"},"potentialAction":[{"@type":"SearchAction","target":{"@type":"EntryPoint","urlTemplate":"https:\/\/www.chinaptfetube.com\/?s={search_term_string}"},"query-input":{"@type":"PropertyValueSpecification","valueRequired":true,"valueName":"search_term_string"}}],"inLanguage":"pt-PT"},{"@type":"Organization","@id":"https:\/\/www.chinaptfetube.com\/#organization","name":"Yozonetech Co., Ltd.","url":"https:\/\/www.chinaptfetube.com\/","logo":{"@type":"ImageObject","inLanguage":"pt-PT","@id":"https:\/\/www.chinaptfetube.com\/#\/schema\/logo\/image\/","url":"https:\/\/www.chinaptfetube.com\/wp-content\/uploads\/2025\/06\/cropped-logo.webp","contentUrl":"https:\/\/www.chinaptfetube.com\/wp-content\/uploads\/2025\/06\/cropped-logo.webp","width":388,"height":138,"caption":"Yozonetech Co., Ltd."},"image":{"@id":"https:\/\/www.chinaptfetube.com\/#\/schema\/logo\/image\/"}}]}},"_links":{"self":[{"href":"https:\/\/www.chinaptfetube.com\/pt\/wp-json\/wp\/v2\/pages\/3251","targetHints":{"allow":["GET"]}}],"collection":[{"href":"https:\/\/www.chinaptfetube.com\/pt\/wp-json\/wp\/v2\/pages"}],"about":[{"href":"https:\/\/www.chinaptfetube.com\/pt\/wp-json\/wp\/v2\/types\/page"}],"author":[{"embeddable":true,"href":"https:\/\/www.chinaptfetube.com\/pt\/wp-json\/wp\/v2\/users\/1"}],"replies":[{"embeddable":true,"href":"https:\/\/www.chinaptfetube.com\/pt\/wp-json\/wp\/v2\/comments?post=3251"}],"version-history":[{"count":12,"href":"https:\/\/www.chinaptfetube.com\/pt\/wp-json\/wp\/v2\/pages\/3251\/revisions"}],"predecessor-version":[{"id":4060,"href":"https:\/\/www.chinaptfetube.com\/pt\/wp-json\/wp\/v2\/pages\/3251\/revisions\/4060"}],"wp:attachment":[{"href":"https:\/\/www.chinaptfetube.com\/pt\/wp-json\/wp\/v2\/media?parent=3251"}],"curies":[{"name":"wp","href":"https:\/\/api.w.org\/{rel}","templated":true}]}}