{"id":3244,"date":"2025-06-25T08:26:23","date_gmt":"2025-06-25T08:26:23","guid":{"rendered":"https:\/\/www.chinaptfetube.com\/?page_id=3244"},"modified":"2025-08-29T05:37:01","modified_gmt":"2025-08-29T05:37:01","slug":"faqs","status":"publish","type":"page","link":"https:\/\/www.chinaptfetube.com\/pt\/faqs\/","title":{"rendered":"Perguntas frequentes"},"content":{"rendered":"<div class=\"path_bar\">\n        <div class=\"layout\">\n            <ul>\n                <li><a href=\"\/pt\/\">In\u00edcio<\/a><\/li>\n                <!--\u9762\u5305\u5c51-->\n               <li><a href=\"\">Perguntas frequentes<\/a><\/li>\n            <\/ul>\n        <\/div>\n    <\/div>\n\n\n\n<h1 class=\"wp-block-heading has-text-align-center\" style=\"font-size:30px\">FAQ sobre tubos de PTFE, FEP, PFA e fluoropol\u00edmero - Yuzhong Technologys<\/h1>\n\n\n\n<p class=\"layout th\"><strong>1. O que \u00e9 PTFE\uff1f<\/strong><\/p>\n\n\n\n<p class=\"layout\"><a href=\"https:\/\/www.chinaptfetube.com\/pt\/ptfe-tubing-category\/\">PTFE<\/a>O Teflon\u00ae, tamb\u00e9m conhecido como Teflon\u00ae, \u00e9 o antepassado de todos os fluoropl\u00e1sticos. Oferece uma resist\u00eancia qu\u00edmica excecional, desempenho antiaderente e toler\u00e2ncia a altas temperaturas. O seu principal desafio \u00e9 o facto de n\u00e3o derreter, exigindo t\u00e9cnicas especializadas de moldagem, extrus\u00e3o e soldadura.<\/p>\n\n\n\n<p class=\"layout th\"><strong>2. O que \u00e9 a FEP\uff1f<\/strong><\/p>\n\n\n\n<p class=\"layout\"><a href=\"https:\/\/www.chinaptfetube.com\/pt\/fep-pfa-tubing-category\/\">Tubagem FEP<\/a>O etileno-propileno fluorado \u00e9 um fluoropol\u00edmero process\u00e1vel por fus\u00e3o, semelhante ao PTFE e ao PFA. Oferece uma excelente resist\u00eancia qu\u00edmica, baixa fric\u00e7\u00e3o, elevada transpar\u00eancia e pode funcionar at\u00e9 200\u00b0C. As aplica\u00e7\u00f5es incluem tubagens de laborat\u00f3rio, amostragem autom\u00e1tica, cromatografia, equipamento m\u00e9dico e isolamento de cabos a alta temperatura.<\/p>\n\n\n\n<p class=\"layout th\"><strong>3. O que \u00e9 o PFA\uff1f<\/strong><\/p>\n\n\n\n<p class=\"layout\"><a href=\"https:\/\/www.chinaptfetube.com\/pt\/fep-pfa-tubing-category\/\">PFA<\/a> O PFA (perfluoroalcoxi) \u00e9 um fluoropol\u00edmero process\u00e1vel por fus\u00e3o com propriedades semelhantes \u00e0s do PTFE, mas com um alongamento 10 vezes superior e baixa permeabilidade. O PFA suporta temperaturas at\u00e9 260\u00b0C, oferecendo excelente resist\u00eancia a fissuras, resist\u00eancia a tens\u00f5es e baixa fric\u00e7\u00e3o. As aplica\u00e7\u00f5es comuns incluem componentes de semicondutores, v\u00e1lvulas, casquilhos de bombas e pe\u00e7as isolantes.<\/p>\n\n\n\n<p class=\"layout th\"><strong>4. Quais s\u00e3o as diferen\u00e7as entre PTFE e FEP?<\/strong><\/p>\n\n\n\n<p class=\"layout\">Tanto o PTFE como o FEP pertencem aos fluoropl\u00e1sticos Teflon\u00ae. Principais diferen\u00e7as:<\/p>\n\n\n\n<p class=\"layout\">\uff081\uff09 PTFE: -200\u00b0C a +260\u00b0C, opaco<\/p>\n\n\n\n<p class=\"layout\">\uff082\uff09FEP: -200\u00b0C a +200\u00b0C, transparente<\/p>\n\n\n\n<p class=\"layout\">\uff083\uff09 Ambos s\u00e3o antiaderentes, quimicamente inertes e est\u00e1veis sob temperaturas extremas<\/p>\n\n\n\n<p class=\"layout th\"><strong>5. Como \u00e9 que posso fazer com que o bast\u00e3o de borracha n\u00e3o fique pegajoso?<\/strong> <\/p>\n\n\n\n<p class=\"layout\">Ao aplicar <a href=\"https:\/\/www.chinaptfetube.com\/pt\/heat-shrink-tubing-category\/\">Tubo termoretr\u00e1ctil FEP<\/a> os rolos de borracha normais tornam-se antiaderentes. As mangas de revestimento s\u00e3o f\u00e1ceis de aplicar, ou a Yuzhong Technology pode fornecer uma instala\u00e7\u00e3o profissional no local.<\/p>\n\n\n\n<p class=\"layout th\"><strong>6. Porque \u00e9 que o PTFE sofre corros\u00e3o qu\u00edmica?<\/strong><\/p>\n\n\n\n<p class=\"layout\">Embora o PTFE, o FEP e o PFA tenham excelentes propriedades antiaderentes, o ataque qu\u00edmico pode remover \u00e1tomos de fl\u00faor para melhorar a ades\u00e3o aos substratos.<\/p>\n\n\n\n<p class=\"layout th\"><strong>7. O PTFE, o FEP e o PFA tornar-se-\u00e3o fr\u00e1geis a baixas temperaturas?<\/strong><\/p>\n\n\n\n<p class=\"layout\">N\u00e3o. Todos estes fluoropol\u00edmeros funcionam de forma fi\u00e1vel at\u00e9 -200\u00b0C sem fragiliza\u00e7\u00e3o.<\/p>\n\n\n\n<p class=\"layout th\"><strong>8. \u00c9 poss\u00edvel fabricar tubos de PTFE com toler\u00e2ncias semelhantes?<\/strong><\/p>\n\n\n\n<p class=\"layout\">Sim. Se a norma <a href=\"https:\/\/www.chinaptfetube.com\/pt\/ptfe-tubing-category\/\">Tubos de PTFE, FEP ou PFA<\/a> n\u00e3o satisfazem os seus requisitos, podemos produzir toler\u00e2ncias de di\u00e2metro interno, di\u00e2metro externo ou espessura de parede mais apertadas para aplica\u00e7\u00f5es espec\u00edficas.<\/p>\n\n\n\n<p class=\"layout th\"><strong>9. Qual \u00e9 o maior tamanho de tubo termorretr\u00e1ctil que pode produzir?<\/strong><\/p>\n\n\n\n<p class=\"layout\">Podemos produzir <a href=\"https:\/\/www.chinaptfetube.com\/pt\/heat-shrink-tubing-category\/\">tubos termorretr\u00e1cteis<\/a> de qualquer di\u00e2metro utilizando processos de soldadura especiais. O tamanho do stock \u00e9 de at\u00e9 175 mm.<\/p>\n\n\n\n<p class=\"layout th\"><strong>10. Pode produzir tubos de PTFE super-finos para substituir a Zeus Inc.?<\/strong><\/p>\n\n\n\n<p class=\"layout\">Sim, fabricamos paredes de 0,02-0,05 mm <a href=\"https:\/\/www.chinaptfetube.com\/pt\/ptfe-tubing-category\/\">Tubos PTFE<\/a> que cumprem as normas de qualidade m\u00e9dica.<\/p>\n\n\n\n<p class=\"layout th\"><strong>11. Existe uma quantidade m\u00ednima de encomenda?<\/strong><\/p>\n\n\n\n<p class=\"layout\">Sim. Para mercadorias \u00e0 vista, o MOQ \u00e9 $10. Poder\u00e3o ser aplicadas taxas para pequenas encomendas.<\/p>\n\n\n\n<p class=\"layout th\"><strong>12. Pode fornecer encomendas pontuais ou de pequenos lotes?<\/strong><\/p>\n\n\n\n<p class=\"layout\">Sim. Podemos fornecer qualquer quantidade de produtos padr\u00e3o, aplicando apenas taxas de tempo de configura\u00e7\u00e3o.<\/p>\n\n\n\n<p class=\"layout th\"><strong>13. D\u00e1 apoio \u00e0 conce\u00e7\u00e3o de novos conceitos?<\/strong><\/p>\n\n\n\n<p class=\"layout\">Absolutamente. Oferecemos solu\u00e7\u00f5es personalizadas de moldagem por inje\u00e7\u00e3o e produtos pl\u00e1sticos de engenharia. A nossa equipa dedicada ajuda a otimizar os designs, a poupar custos e a impulsionar a inova\u00e7\u00e3o tecnol\u00f3gica.<\/p>\n\n\n\n<p class=\"layout th\"><strong>14. <strong>Que outros produtos de tubagem oferecem?<\/strong><\/strong><\/p>\n\n\n\n<p class=\"layout tb2\">Tamb\u00e9m fornecemos tubos fluoropl\u00e1sticos, tubos de silicone e tubos de borracha para aplica\u00e7\u00f5es industriais e m\u00e9dicas vers\u00e1teis.<\/p>\n\n\n\n<style>\n.tb{\nmargin-top:30px\n\n}\n.tb2{\nmargin-bottom:45px\n\n}\n.th{\nmargin:20px auto\n\n}\n\n\n<\/style>","protected":false},"excerpt":{"rendered":"<p>Home FAQs PTFE, FEP, PFA &amp; Fluoropolymer Tubing FAQ \u2013 Yuzhong Technologys 1. What is PTFE\uff1f PTFE, also known as Teflon\u00ae, is the ancestor of all fluoroplastics. It offers exceptional chemical resistance, non-stick performance, and high-temperature tolerance. Its main challenge is that it does not melt, requiring specialized molding, extrusion, and welding techniques. 2. What [&hellip;]<\/p>","protected":false},"author":1,"featured_media":0,"parent":0,"menu_order":0,"comment_status":"closed","ping_status":"closed","template":"","meta":{"footnotes":""},"class_list":["post-3244","page","type-page","status-publish","hentry"],"yoast_head":"<!-- This site is optimized with the Yoast SEO plugin v24.4 - https:\/\/yoast.com\/wordpress\/plugins\/seo\/ -->\n<title>Premium Extruded &amp; Heat-Shrink Tubing, Molding Parts &amp; Gaskets | Yozonetech<\/title>\n<meta name=\"description\" content=\"Yozonetech offers a wide range of extruded tubings (PTFE, FEP, silicone, rubber), heat-shrink tubes, injection-molded parts, cable insulation, and gasket O-rings for semiconductor, industrial, and medical applications. Explore now.\" \/>\n<meta name=\"robots\" content=\"index, follow, max-snippet:-1, max-image-preview:large, max-video-preview:-1\" \/>\n<link rel=\"canonical\" href=\"https:\/\/www.chinaptfetube.com\/pt\/faqs\/\" \/>\n<meta property=\"og:locale\" content=\"pt_PT\" \/>\n<meta property=\"og:type\" content=\"article\" \/>\n<meta property=\"og:title\" content=\"Premium Extruded &amp; Heat-Shrink Tubing, Molding Parts &amp; Gaskets | Yozonetech\" \/>\n<meta property=\"og:description\" content=\"Yozonetech offers a wide range of extruded tubings (PTFE, FEP, silicone, rubber), heat-shrink tubes, injection-molded parts, cable insulation, and gasket O-rings for semiconductor, industrial, and medical applications. Explore now.\" \/>\n<meta property=\"og:url\" content=\"https:\/\/www.chinaptfetube.com\/pt\/faqs\/\" \/>\n<meta property=\"og:site_name\" content=\"Yozonetech Co., Ltd.\" \/>\n<meta property=\"article:modified_time\" content=\"2025-08-29T05:37:01+00:00\" \/>\n<meta name=\"twitter:card\" content=\"summary_large_image\" \/>\n<meta name=\"twitter:label1\" content=\"Est. reading time\" \/>\n\t<meta name=\"twitter:data1\" content=\"3 minutos\" \/>\n<script type=\"application\/ld+json\" class=\"yoast-schema-graph\">{\"@context\":\"https:\/\/schema.org\",\"@graph\":[{\"@type\":\"WebPage\",\"@id\":\"https:\/\/www.chinaptfetube.com\/faqs\/\",\"url\":\"https:\/\/www.chinaptfetube.com\/faqs\/\",\"name\":\"Premium Extruded & Heat-Shrink Tubing, Molding Parts & Gaskets | Yozonetech\",\"isPartOf\":{\"@id\":\"https:\/\/www.chinaptfetube.com\/#website\"},\"datePublished\":\"2025-06-25T08:26:23+00:00\",\"dateModified\":\"2025-08-29T05:37:01+00:00\",\"description\":\"Yozonetech offers a wide range of extruded tubings (PTFE, FEP, silicone, rubber), heat-shrink tubes, injection-molded parts, cable insulation, and gasket O-rings for semiconductor, industrial, and medical applications. Explore now.\",\"breadcrumb\":{\"@id\":\"https:\/\/www.chinaptfetube.com\/faqs\/#breadcrumb\"},\"inLanguage\":\"pt-PT\",\"potentialAction\":[{\"@type\":\"ReadAction\",\"target\":[\"https:\/\/www.chinaptfetube.com\/faqs\/\"]}]},{\"@type\":\"BreadcrumbList\",\"@id\":\"https:\/\/www.chinaptfetube.com\/faqs\/#breadcrumb\",\"itemListElement\":[{\"@type\":\"ListItem\",\"position\":1,\"name\":\"Home\",\"item\":\"https:\/\/www.chinaptfetube.com\/\"},{\"@type\":\"ListItem\",\"position\":2,\"name\":\"FAQs\"}]},{\"@type\":\"WebSite\",\"@id\":\"https:\/\/www.chinaptfetube.com\/#website\",\"url\":\"https:\/\/www.chinaptfetube.com\/\",\"name\":\"Yozonetech Co., Ltd.\",\"description\":\"Yozonetech Co., Ltd.\",\"publisher\":{\"@id\":\"https:\/\/www.chinaptfetube.com\/#organization\"},\"potentialAction\":[{\"@type\":\"SearchAction\",\"target\":{\"@type\":\"EntryPoint\",\"urlTemplate\":\"https:\/\/www.chinaptfetube.com\/?s={search_term_string}\"},\"query-input\":{\"@type\":\"PropertyValueSpecification\",\"valueRequired\":true,\"valueName\":\"search_term_string\"}}],\"inLanguage\":\"pt-PT\"},{\"@type\":\"Organization\",\"@id\":\"https:\/\/www.chinaptfetube.com\/#organization\",\"name\":\"Yozonetech Co., Ltd.\",\"url\":\"https:\/\/www.chinaptfetube.com\/\",\"logo\":{\"@type\":\"ImageObject\",\"inLanguage\":\"pt-PT\",\"@id\":\"https:\/\/www.chinaptfetube.com\/#\/schema\/logo\/image\/\",\"url\":\"https:\/\/www.chinaptfetube.com\/wp-content\/uploads\/2025\/06\/cropped-logo.webp\",\"contentUrl\":\"https:\/\/www.chinaptfetube.com\/wp-content\/uploads\/2025\/06\/cropped-logo.webp\",\"width\":388,\"height\":138,\"caption\":\"Yozonetech Co., Ltd.\"},\"image\":{\"@id\":\"https:\/\/www.chinaptfetube.com\/#\/schema\/logo\/image\/\"}}]}<\/script>\n<!-- \/ Yoast SEO plugin. -->","yoast_head_json":{"title":"Premium Extruded & Heat-Shrink Tubing, Molding Parts & Gaskets | Yozonetech","description":"Yozonetech offers a wide range of extruded tubings (PTFE, FEP, silicone, rubber), heat-shrink tubes, injection-molded parts, cable insulation, and gasket O-rings for semiconductor, industrial, and medical applications. Explore now.","robots":{"index":"index","follow":"follow","max-snippet":"max-snippet:-1","max-image-preview":"max-image-preview:large","max-video-preview":"max-video-preview:-1"},"canonical":"https:\/\/www.chinaptfetube.com\/pt\/faqs\/","og_locale":"pt_PT","og_type":"article","og_title":"Premium Extruded & Heat-Shrink Tubing, Molding Parts & Gaskets | Yozonetech","og_description":"Yozonetech offers a wide range of extruded tubings (PTFE, FEP, silicone, rubber), heat-shrink tubes, injection-molded parts, cable insulation, and gasket O-rings for semiconductor, industrial, and medical applications. Explore now.","og_url":"https:\/\/www.chinaptfetube.com\/pt\/faqs\/","og_site_name":"Yozonetech Co., Ltd.","article_modified_time":"2025-08-29T05:37:01+00:00","twitter_card":"summary_large_image","twitter_misc":{"Est. reading time":"3 minutos"},"schema":{"@context":"https:\/\/schema.org","@graph":[{"@type":"WebPage","@id":"https:\/\/www.chinaptfetube.com\/faqs\/","url":"https:\/\/www.chinaptfetube.com\/faqs\/","name":"Premium Extruded & Heat-Shrink Tubing, Molding Parts & Gaskets | Yozonetech","isPartOf":{"@id":"https:\/\/www.chinaptfetube.com\/#website"},"datePublished":"2025-06-25T08:26:23+00:00","dateModified":"2025-08-29T05:37:01+00:00","description":"Yozonetech offers a wide range of extruded tubings (PTFE, FEP, silicone, rubber), heat-shrink tubes, injection-molded parts, cable insulation, and gasket O-rings for semiconductor, industrial, and medical applications. Explore now.","breadcrumb":{"@id":"https:\/\/www.chinaptfetube.com\/faqs\/#breadcrumb"},"inLanguage":"pt-PT","potentialAction":[{"@type":"ReadAction","target":["https:\/\/www.chinaptfetube.com\/faqs\/"]}]},{"@type":"BreadcrumbList","@id":"https:\/\/www.chinaptfetube.com\/faqs\/#breadcrumb","itemListElement":[{"@type":"ListItem","position":1,"name":"Home","item":"https:\/\/www.chinaptfetube.com\/"},{"@type":"ListItem","position":2,"name":"FAQs"}]},{"@type":"WebSite","@id":"https:\/\/www.chinaptfetube.com\/#website","url":"https:\/\/www.chinaptfetube.com\/","name":"Yozonetech Co., Ltd.","description":"Yozonetech Co., Ltd.","publisher":{"@id":"https:\/\/www.chinaptfetube.com\/#organization"},"potentialAction":[{"@type":"SearchAction","target":{"@type":"EntryPoint","urlTemplate":"https:\/\/www.chinaptfetube.com\/?s={search_term_string}"},"query-input":{"@type":"PropertyValueSpecification","valueRequired":true,"valueName":"search_term_string"}}],"inLanguage":"pt-PT"},{"@type":"Organization","@id":"https:\/\/www.chinaptfetube.com\/#organization","name":"Yozonetech Co., Ltd.","url":"https:\/\/www.chinaptfetube.com\/","logo":{"@type":"ImageObject","inLanguage":"pt-PT","@id":"https:\/\/www.chinaptfetube.com\/#\/schema\/logo\/image\/","url":"https:\/\/www.chinaptfetube.com\/wp-content\/uploads\/2025\/06\/cropped-logo.webp","contentUrl":"https:\/\/www.chinaptfetube.com\/wp-content\/uploads\/2025\/06\/cropped-logo.webp","width":388,"height":138,"caption":"Yozonetech Co., Ltd."},"image":{"@id":"https:\/\/www.chinaptfetube.com\/#\/schema\/logo\/image\/"}}]}},"_links":{"self":[{"href":"https:\/\/www.chinaptfetube.com\/pt\/wp-json\/wp\/v2\/pages\/3244","targetHints":{"allow":["GET"]}}],"collection":[{"href":"https:\/\/www.chinaptfetube.com\/pt\/wp-json\/wp\/v2\/pages"}],"about":[{"href":"https:\/\/www.chinaptfetube.com\/pt\/wp-json\/wp\/v2\/types\/page"}],"author":[{"embeddable":true,"href":"https:\/\/www.chinaptfetube.com\/pt\/wp-json\/wp\/v2\/users\/1"}],"replies":[{"embeddable":true,"href":"https:\/\/www.chinaptfetube.com\/pt\/wp-json\/wp\/v2\/comments?post=3244"}],"version-history":[{"count":11,"href":"https:\/\/www.chinaptfetube.com\/pt\/wp-json\/wp\/v2\/pages\/3244\/revisions"}],"predecessor-version":[{"id":4029,"href":"https:\/\/www.chinaptfetube.com\/pt\/wp-json\/wp\/v2\/pages\/3244\/revisions\/4029"}],"wp:attachment":[{"href":"https:\/\/www.chinaptfetube.com\/pt\/wp-json\/wp\/v2\/media?parent=3244"}],"curies":[{"name":"wp","href":"https:\/\/api.w.org\/{rel}","templated":true}]}}