{"id":3232,"date":"2025-06-25T07:42:54","date_gmt":"2025-06-25T07:42:54","guid":{"rendered":"https:\/\/www.chinaptfetube.com\/?page_id=3232"},"modified":"2025-08-29T04:08:58","modified_gmt":"2025-08-29T04:08:58","slug":"customers-cases","status":"publish","type":"page","link":"https:\/\/www.chinaptfetube.com\/pt\/customers-cases\/","title":{"rendered":"Casos de clientes"},"content":{"rendered":"<div class=\"path_bar\">\n        <div class=\"layout\">\n            <ul>\n                <li><a href=\"\/pt\/\">In\u00edcio<\/a><\/li>\n                <!--\u9762\u5305\u5c51-->\n               <li><a href=\"\">Casos de clientes<\/a><\/li>\n            <\/ul>\n        <\/div>\n    <\/div>\n\n\n\n<h1 class=\"wp-block-heading has-text-align-center\" style=\"font-size:30px\"><strong>Hist\u00f3ria de sucesso do cliente - Melhorando a veda\u00e7\u00e3o com tubos termorretr\u00e1teis de PTFE\/FEP<\/strong><\/h1>\n\n\n\n<h2 class=\"wp-block-heading has-text-align-left layout tb\" style=\"font-size:20px\"><strong>Antecedentes do cliente<\/strong><\/h2>\n\n\n\n<p class=\"layout\">Recentemente, colabor\u00e1mos com uma empresa de selos electr\u00f3nicos ao servi\u00e7o de um grande fabricante de autom\u00f3veis. Como especialistas em <a href=\"https:\/\/www.chinaptfetube.com\/pt\/products\/\">Tubos termorretr\u00e1cteis PTFE\/FEP<\/a>A empresa contactou-nos para melhorar o desempenho da veda\u00e7\u00e3o de pe\u00e7as expostas a l\u00edquidos corrosivos a alta temperatura.<\/p>\n\n\n\n<h2 class=\"wp-block-heading layout\" style=\"font-size:20px\"><strong>O desafio<\/strong><\/h2>\n\n\n\n<p class=\"layout\">O cliente enfrentava problemas de anti-corros\u00e3o para componentes electr\u00f3nicos em ambientes l\u00edquidos agressivos. A sua solu\u00e7\u00e3o original provocava uma veda\u00e7\u00e3o deficiente e a degrada\u00e7\u00e3o dos tubos ao longo do tempo, levando a problemas de qualidade e a atrasos na produ\u00e7\u00e3o. Eram necess\u00e1rias solu\u00e7\u00f5es r\u00e1pidas e fi\u00e1veis para garantir a prote\u00e7\u00e3o a longo prazo das pe\u00e7as e a continuidade dos programas de produ\u00e7\u00e3o.<\/p>\n\n\n\n<h2 class=\"wp-block-heading layout\" style=\"font-size:20px\">A nossa solu\u00e7\u00e3o<\/h2>\n\n\n\n<p class=\"layout\">Depois de inspecionar os tubos selados existentes, identific\u00e1mos que os bocais n\u00e3o estavam totalmente selados, permitindo a infiltra\u00e7\u00e3o lenta de l\u00edquidos. Para resolver este problema, recomend\u00e1mos a nossa <strong>tubos termorretr\u00e1cteis de dupla camada<\/strong>, apresentando:<\/p>\n\n\n\n<ul class=\"wp-block-list layout ul\">\n<li><strong>Camada exterior:<\/strong> Tubo termoretr\u00e1ctil em PTFE para uma prote\u00e7\u00e3o externa duradoura.<\/li>\n\n\n\n<li><strong>Camada interior:<\/strong> FEP de alta qualidade que funde totalmente a 600\u00b0C em 45 segundos para selar completamente a pe\u00e7a.<\/li>\n\n\n\n<li>Dispon\u00edvel em v\u00e1rias cores, incluindo PTFE preto para prote\u00e7\u00e3o confidencial das pe\u00e7as.<\/li>\n<\/ul>\n\n\n\n<p class=\"layout\">Esta solu\u00e7\u00e3o garante um desempenho de veda\u00e7\u00e3o superior e protege eficazmente as pe\u00e7as sens\u00edveis.<\/p>\n\n\n\n<h2 class=\"wp-block-heading layout\" style=\"font-size:20px\">Resultados<\/h2>\n\n\n\n<p class=\"layout\">Os testes preliminares demonstraram melhorias significativas:<\/p>\n\n\n\n<ul class=\"wp-block-list layout  ul\">\n<li>Aumento da vida \u00fatil dos componentes.<\/li>\n\n\n\n<li>Redu\u00e7\u00e3o do tempo de inatividade n\u00e3o planeado.<\/li>\n\n\n\n<li>Prote\u00e7\u00e3o melhorada para v\u00e1rias formas e tamanhos, utilizando tubos termorretr\u00e1cteis de dupla camada com diferentes r\u00e1cios de retra\u00e7\u00e3o.<\/li>\n<\/ul>\n\n\n\n<p class=\"layout\">Ao tirar partido da nossa experi\u00eancia como empresa de confian\u00e7a <a href=\"https:\/\/www.chinaptfetube.com\/pt\/about-us\/\">Fabricante de tubos PTFE<\/a>A nossa empresa ajuda os clientes a obter solu\u00e7\u00f5es fi\u00e1veis e duradouras para aplica\u00e7\u00f5es industriais exigentes.<\/p>\n\n\n<div class=\"wp-block-image layout tb\">\n<figure class=\"aligncenter size-large\"><img loading=\"lazy\" decoding=\"async\" width=\"1024\" height=\"768\" src=\"https:\/\/www.chinaptfetube.com\/wp-content\/uploads\/2025\/06\/case1-1024x768.webp\" alt=\"Casos de clientes da Yozonetech\" class=\"wp-image-3237\" srcset=\"https:\/\/www.chinaptfetube.com\/wp-content\/uploads\/2025\/06\/case1-1024x768.webp 1024w, https:\/\/www.chinaptfetube.com\/wp-content\/uploads\/2025\/06\/case1-300x225.webp 300w, https:\/\/www.chinaptfetube.com\/wp-content\/uploads\/2025\/06\/case1-768x576.webp 768w, https:\/\/www.chinaptfetube.com\/wp-content\/uploads\/2025\/06\/case1-16x12.webp 16w, https:\/\/www.chinaptfetube.com\/wp-content\/uploads\/2025\/06\/case1.webp 1440w\" sizes=\"auto, (max-width: 1024px) 100vw, 1024px\" \/><\/figure><\/div>\n\n\n<p class=\"layout tb\">2. Ao meio-dia de 16 de mar\u00e7o, recebi um e-mail, porque as condi\u00e7\u00f5es de utiliza\u00e7\u00e3o do cliente mudaram e o tubo partiu-se. Depois de compreender a raz\u00e3o, descobri que a espessura da parede do tubo que o cliente pretendia n\u00e3o era suficiente para fazer face ao seu ambiente de utiliza\u00e7\u00e3o atual. O cliente fez uma encomenda \u00e0 pressa, n\u00e3o estava familiarizado com o produto e a express\u00e3o do ambiente de utiliza\u00e7\u00e3o n\u00e3o era exacta.<\/p>\n\n\n\n<p class=\"layout\">Como fabricante profissional, temos naturalmente de ajudar os clientes a resolver os seus problemas. Propus ent\u00e3o aos clientes um plano para aumentar a espessura das paredes e forneci-lhes gratuitamente um novo lote de produtos com paredes de tubos mais espessas. Vamos deixar os clientes experimentarem primeiro. Se os requisitos de utiliza\u00e7\u00e3o forem cumpridos, paga-se ao pre\u00e7o anterior. Embora a taxa de c\u00e2mbio e as mat\u00e9rias-primas tenham aumentado, esperamos que os clientes possam comprar mais \u00e0 vontade sem se preocuparem com problemas profissionais, por isso insistimos em n\u00e3o deixar que os clientes suportem o custo extra.<\/p>\n\n\n\n<p class=\"layout\">Os clientes compram produtos para utiliza\u00e7\u00e3o e n\u00e3o para reembolso. \u00c9 da nossa responsabilidade verificar efetivamente as necessidades dos clientes e reduzir os seus custos.<\/p>\n\n\n<div class=\"wp-block-image layout tb\">\n<figure class=\"aligncenter size-large\"><img loading=\"lazy\" decoding=\"async\" width=\"1024\" height=\"765\" src=\"https:\/\/www.chinaptfetube.com\/wp-content\/uploads\/2025\/06\/case2-1024x765.webp\" alt=\"Casos de clientes\" class=\"wp-image-3236\" srcset=\"https:\/\/www.chinaptfetube.com\/wp-content\/uploads\/2025\/06\/case2-1024x765.webp 1024w, https:\/\/www.chinaptfetube.com\/wp-content\/uploads\/2025\/06\/case2-300x224.webp 300w, https:\/\/www.chinaptfetube.com\/wp-content\/uploads\/2025\/06\/case2-768x574.webp 768w, https:\/\/www.chinaptfetube.com\/wp-content\/uploads\/2025\/06\/case2-16x12.webp 16w, https:\/\/www.chinaptfetube.com\/wp-content\/uploads\/2025\/06\/case2.webp 1446w\" sizes=\"auto, (max-width: 1024px) 100vw, 1024px\" \/><\/figure><\/div>\n\n\n<p class=\"layout tb\">3. Elevada efici\u00eancia nas aquisi\u00e7\u00f5es<\/p>\n\n\n\n<p class=\"layout\">\"Tempo \u00e9 dinheiro\", especialmente na era empresarial moderna, a vida das pessoas est\u00e1 a tornar-se cada vez mais r\u00e1pida e as exig\u00eancias dos clientes relativamente \u00e0 velocidade de resposta dos fornecedores s\u00e3o cada vez maiores.<\/p>\n\n\n\n<p class=\"layout\">Se a velocidade de resposta do fornecedor for demasiado lenta, este n\u00e3o conseguir\u00e1 inevitavelmente cumprir a data de entrega e afectar\u00e1 a experi\u00eancia do cliente.<\/p>\n\n\n\n<p class=\"layout\">No projeto de tubo termorretr\u00e1til de camada dupla PTFE \/ FEP de 10.000 metros, nossa empresa soube que a demanda do pedido do cliente era urgente ao meio-dia de quinta-feira, portanto, antes das 16h daquele dia, a linha de produ\u00e7\u00e3o com um n\u00edvel de emerg\u00eancia inferior foi substitu\u00edda pelo material do produto exigido pelo cliente. E eu contactei o colega respons\u00e1vel pelo departamento de transportes para reservar o armaz\u00e9m de carga a\u00e9rea pela primeira vez e, quatro dias depois, as mercadorias foram carregadas nos cami\u00f5es preparados com anteced\u00eancia e enviadas para o aeroporto.<\/p>\n\n\n\n<p class=\"layout\">A efici\u00eancia de produ\u00e7\u00e3o correspondente \u00e9 um indicador de vida para a minha f\u00e1brica. Como fabricante de pl\u00e1sticos de renome mundial, garantiremos a efic\u00e1cia da produ\u00e7\u00e3o e da entrega a todo o custo.<\/p>\n\n\n<div class=\"wp-block-image layout tb tb2\">\n<figure class=\"aligncenter size-large\"><img loading=\"lazy\" decoding=\"async\" width=\"768\" height=\"1024\" src=\"https:\/\/www.chinaptfetube.com\/wp-content\/uploads\/2025\/06\/case3-768x1024.webp\" alt=\"Casos de clientes\" class=\"wp-image-3235\" srcset=\"https:\/\/www.chinaptfetube.com\/wp-content\/uploads\/2025\/06\/case3-768x1024.webp 768w, https:\/\/www.chinaptfetube.com\/wp-content\/uploads\/2025\/06\/case3-225x300.webp 225w, https:\/\/www.chinaptfetube.com\/wp-content\/uploads\/2025\/06\/case3-9x12.webp 9w, https:\/\/www.chinaptfetube.com\/wp-content\/uploads\/2025\/06\/case3.webp 1080w\" sizes=\"auto, (max-width: 768px) 100vw, 768px\" \/><\/figure><\/div>\n\n\n<style>\n.tb{\nmargin-top:30px\n\n}\n.tb2{\nmargin-bottom:45px\n\n}\n.ul li{\nmargin-left:20px!important;\nlist-style:disc!important\n\n}\n\n\n<\/style>","protected":false},"excerpt":{"rendered":"<p>Home Customers Cases Customer Success Story \u2013 Enhancing Sealing with PTFE\/FEP Heat-Shrink Tubing Customer Background We recently collaborated with an electronic seal company serving a major automobile manufacturer. As experts in PTFE\/FEP heat shrink tubing, they approached us to improve the sealing performance of parts exposed to high-temperature corrosive liquids. The Challenge The customer faced [&hellip;]<\/p>","protected":false},"author":1,"featured_media":0,"parent":0,"menu_order":0,"comment_status":"closed","ping_status":"closed","template":"","meta":{"footnotes":""},"class_list":["post-3232","page","type-page","status-publish","hentry"],"yoast_head":"<!-- This site is optimized with the Yoast SEO plugin v24.4 - https:\/\/yoast.com\/wordpress\/plugins\/seo\/ -->\n<title>Premium Extruded &amp; Heat-Shrink Tubing, Molding Parts &amp; Gaskets | Yozonetech<\/title>\n<meta name=\"description\" content=\"Yozonetech offers a wide range of extruded tubings (PTFE, FEP, silicone, rubber), heat-shrink tubes, injection-molded parts, cable insulation, and gasket O-rings for semiconductor, industrial, and medical applications. Explore now.\" \/>\n<meta name=\"robots\" content=\"index, follow, max-snippet:-1, max-image-preview:large, max-video-preview:-1\" \/>\n<link rel=\"canonical\" href=\"https:\/\/www.chinaptfetube.com\/pt\/customers-cases\/\" \/>\n<meta property=\"og:locale\" content=\"pt_PT\" \/>\n<meta property=\"og:type\" content=\"article\" \/>\n<meta property=\"og:title\" content=\"Premium Extruded &amp; Heat-Shrink Tubing, Molding Parts &amp; Gaskets | Yozonetech\" \/>\n<meta property=\"og:description\" content=\"Yozonetech offers a wide range of extruded tubings (PTFE, FEP, silicone, rubber), heat-shrink tubes, injection-molded parts, cable insulation, and gasket O-rings for semiconductor, industrial, and medical applications. Explore now.\" \/>\n<meta property=\"og:url\" content=\"https:\/\/www.chinaptfetube.com\/pt\/customers-cases\/\" \/>\n<meta property=\"og:site_name\" content=\"Yozonetech Co., Ltd.\" \/>\n<meta property=\"article:modified_time\" content=\"2025-08-29T04:08:58+00:00\" \/>\n<meta property=\"og:image\" content=\"https:\/\/www.chinaptfetube.com\/wp-content\/uploads\/2025\/06\/case1.webp\" \/>\n\t<meta property=\"og:image:width\" content=\"1440\" \/>\n\t<meta property=\"og:image:height\" content=\"1080\" \/>\n\t<meta property=\"og:image:type\" content=\"image\/webp\" \/>\n<meta name=\"twitter:card\" content=\"summary_large_image\" \/>\n<meta name=\"twitter:label1\" content=\"Est. reading time\" \/>\n\t<meta name=\"twitter:data1\" content=\"4 minutos\" \/>\n<script type=\"application\/ld+json\" class=\"yoast-schema-graph\">{\"@context\":\"https:\/\/schema.org\",\"@graph\":[{\"@type\":\"WebPage\",\"@id\":\"https:\/\/www.chinaptfetube.com\/customers-cases\/\",\"url\":\"https:\/\/www.chinaptfetube.com\/customers-cases\/\",\"name\":\"Premium Extruded & Heat-Shrink Tubing, Molding Parts & Gaskets | Yozonetech\",\"isPartOf\":{\"@id\":\"https:\/\/www.chinaptfetube.com\/#website\"},\"primaryImageOfPage\":{\"@id\":\"https:\/\/www.chinaptfetube.com\/customers-cases\/#primaryimage\"},\"image\":{\"@id\":\"https:\/\/www.chinaptfetube.com\/customers-cases\/#primaryimage\"},\"thumbnailUrl\":\"https:\/\/www.chinaptfetube.com\/wp-content\/uploads\/2025\/06\/case1-1024x768.webp\",\"datePublished\":\"2025-06-25T07:42:54+00:00\",\"dateModified\":\"2025-08-29T04:08:58+00:00\",\"description\":\"Yozonetech offers a wide range of extruded tubings (PTFE, FEP, silicone, rubber), heat-shrink tubes, injection-molded parts, cable insulation, and gasket O-rings for semiconductor, industrial, and medical applications. Explore now.\",\"breadcrumb\":{\"@id\":\"https:\/\/www.chinaptfetube.com\/customers-cases\/#breadcrumb\"},\"inLanguage\":\"pt-PT\",\"potentialAction\":[{\"@type\":\"ReadAction\",\"target\":[\"https:\/\/www.chinaptfetube.com\/customers-cases\/\"]}]},{\"@type\":\"ImageObject\",\"inLanguage\":\"pt-PT\",\"@id\":\"https:\/\/www.chinaptfetube.com\/customers-cases\/#primaryimage\",\"url\":\"https:\/\/www.chinaptfetube.com\/wp-content\/uploads\/2025\/06\/case1-1024x768.webp\",\"contentUrl\":\"https:\/\/www.chinaptfetube.com\/wp-content\/uploads\/2025\/06\/case1-1024x768.webp\"},{\"@type\":\"BreadcrumbList\",\"@id\":\"https:\/\/www.chinaptfetube.com\/customers-cases\/#breadcrumb\",\"itemListElement\":[{\"@type\":\"ListItem\",\"position\":1,\"name\":\"Home\",\"item\":\"https:\/\/www.chinaptfetube.com\/\"},{\"@type\":\"ListItem\",\"position\":2,\"name\":\"Customers Cases\"}]},{\"@type\":\"WebSite\",\"@id\":\"https:\/\/www.chinaptfetube.com\/#website\",\"url\":\"https:\/\/www.chinaptfetube.com\/\",\"name\":\"Yozonetech Co., Ltd.\",\"description\":\"Yozonetech Co., Ltd.\",\"publisher\":{\"@id\":\"https:\/\/www.chinaptfetube.com\/#organization\"},\"potentialAction\":[{\"@type\":\"SearchAction\",\"target\":{\"@type\":\"EntryPoint\",\"urlTemplate\":\"https:\/\/www.chinaptfetube.com\/?s={search_term_string}\"},\"query-input\":{\"@type\":\"PropertyValueSpecification\",\"valueRequired\":true,\"valueName\":\"search_term_string\"}}],\"inLanguage\":\"pt-PT\"},{\"@type\":\"Organization\",\"@id\":\"https:\/\/www.chinaptfetube.com\/#organization\",\"name\":\"Yozonetech Co., Ltd.\",\"url\":\"https:\/\/www.chinaptfetube.com\/\",\"logo\":{\"@type\":\"ImageObject\",\"inLanguage\":\"pt-PT\",\"@id\":\"https:\/\/www.chinaptfetube.com\/#\/schema\/logo\/image\/\",\"url\":\"https:\/\/www.chinaptfetube.com\/wp-content\/uploads\/2025\/06\/cropped-logo.webp\",\"contentUrl\":\"https:\/\/www.chinaptfetube.com\/wp-content\/uploads\/2025\/06\/cropped-logo.webp\",\"width\":388,\"height\":138,\"caption\":\"Yozonetech Co., Ltd.\"},\"image\":{\"@id\":\"https:\/\/www.chinaptfetube.com\/#\/schema\/logo\/image\/\"}}]}<\/script>\n<!-- \/ Yoast SEO plugin. -->","yoast_head_json":{"title":"Premium Extruded & Heat-Shrink Tubing, Molding Parts & Gaskets | Yozonetech","description":"Yozonetech offers a wide range of extruded tubings (PTFE, FEP, silicone, rubber), heat-shrink tubes, injection-molded parts, cable insulation, and gasket O-rings for semiconductor, industrial, and medical applications. Explore now.","robots":{"index":"index","follow":"follow","max-snippet":"max-snippet:-1","max-image-preview":"max-image-preview:large","max-video-preview":"max-video-preview:-1"},"canonical":"https:\/\/www.chinaptfetube.com\/pt\/customers-cases\/","og_locale":"pt_PT","og_type":"article","og_title":"Premium Extruded & Heat-Shrink Tubing, Molding Parts & Gaskets | Yozonetech","og_description":"Yozonetech offers a wide range of extruded tubings (PTFE, FEP, silicone, rubber), heat-shrink tubes, injection-molded parts, cable insulation, and gasket O-rings for semiconductor, industrial, and medical applications. Explore now.","og_url":"https:\/\/www.chinaptfetube.com\/pt\/customers-cases\/","og_site_name":"Yozonetech Co., Ltd.","article_modified_time":"2025-08-29T04:08:58+00:00","og_image":[{"width":1440,"height":1080,"url":"https:\/\/www.chinaptfetube.com\/wp-content\/uploads\/2025\/06\/case1.webp","type":"image\/webp"}],"twitter_card":"summary_large_image","twitter_misc":{"Est. reading time":"4 minutos"},"schema":{"@context":"https:\/\/schema.org","@graph":[{"@type":"WebPage","@id":"https:\/\/www.chinaptfetube.com\/customers-cases\/","url":"https:\/\/www.chinaptfetube.com\/customers-cases\/","name":"Premium Extruded & Heat-Shrink Tubing, Molding Parts & Gaskets | Yozonetech","isPartOf":{"@id":"https:\/\/www.chinaptfetube.com\/#website"},"primaryImageOfPage":{"@id":"https:\/\/www.chinaptfetube.com\/customers-cases\/#primaryimage"},"image":{"@id":"https:\/\/www.chinaptfetube.com\/customers-cases\/#primaryimage"},"thumbnailUrl":"https:\/\/www.chinaptfetube.com\/wp-content\/uploads\/2025\/06\/case1-1024x768.webp","datePublished":"2025-06-25T07:42:54+00:00","dateModified":"2025-08-29T04:08:58+00:00","description":"Yozonetech offers a wide range of extruded tubings (PTFE, FEP, silicone, rubber), heat-shrink tubes, injection-molded parts, cable insulation, and gasket O-rings for semiconductor, industrial, and medical applications. Explore now.","breadcrumb":{"@id":"https:\/\/www.chinaptfetube.com\/customers-cases\/#breadcrumb"},"inLanguage":"pt-PT","potentialAction":[{"@type":"ReadAction","target":["https:\/\/www.chinaptfetube.com\/customers-cases\/"]}]},{"@type":"ImageObject","inLanguage":"pt-PT","@id":"https:\/\/www.chinaptfetube.com\/customers-cases\/#primaryimage","url":"https:\/\/www.chinaptfetube.com\/wp-content\/uploads\/2025\/06\/case1-1024x768.webp","contentUrl":"https:\/\/www.chinaptfetube.com\/wp-content\/uploads\/2025\/06\/case1-1024x768.webp"},{"@type":"BreadcrumbList","@id":"https:\/\/www.chinaptfetube.com\/customers-cases\/#breadcrumb","itemListElement":[{"@type":"ListItem","position":1,"name":"Home","item":"https:\/\/www.chinaptfetube.com\/"},{"@type":"ListItem","position":2,"name":"Customers Cases"}]},{"@type":"WebSite","@id":"https:\/\/www.chinaptfetube.com\/#website","url":"https:\/\/www.chinaptfetube.com\/","name":"Yozonetech Co., Ltd.","description":"Yozonetech Co., Ltd.","publisher":{"@id":"https:\/\/www.chinaptfetube.com\/#organization"},"potentialAction":[{"@type":"SearchAction","target":{"@type":"EntryPoint","urlTemplate":"https:\/\/www.chinaptfetube.com\/?s={search_term_string}"},"query-input":{"@type":"PropertyValueSpecification","valueRequired":true,"valueName":"search_term_string"}}],"inLanguage":"pt-PT"},{"@type":"Organization","@id":"https:\/\/www.chinaptfetube.com\/#organization","name":"Yozonetech Co., Ltd.","url":"https:\/\/www.chinaptfetube.com\/","logo":{"@type":"ImageObject","inLanguage":"pt-PT","@id":"https:\/\/www.chinaptfetube.com\/#\/schema\/logo\/image\/","url":"https:\/\/www.chinaptfetube.com\/wp-content\/uploads\/2025\/06\/cropped-logo.webp","contentUrl":"https:\/\/www.chinaptfetube.com\/wp-content\/uploads\/2025\/06\/cropped-logo.webp","width":388,"height":138,"caption":"Yozonetech Co., Ltd."},"image":{"@id":"https:\/\/www.chinaptfetube.com\/#\/schema\/logo\/image\/"}}]}},"_links":{"self":[{"href":"https:\/\/www.chinaptfetube.com\/pt\/wp-json\/wp\/v2\/pages\/3232","targetHints":{"allow":["GET"]}}],"collection":[{"href":"https:\/\/www.chinaptfetube.com\/pt\/wp-json\/wp\/v2\/pages"}],"about":[{"href":"https:\/\/www.chinaptfetube.com\/pt\/wp-json\/wp\/v2\/types\/page"}],"author":[{"embeddable":true,"href":"https:\/\/www.chinaptfetube.com\/pt\/wp-json\/wp\/v2\/users\/1"}],"replies":[{"embeddable":true,"href":"https:\/\/www.chinaptfetube.com\/pt\/wp-json\/wp\/v2\/comments?post=3232"}],"version-history":[{"count":14,"href":"https:\/\/www.chinaptfetube.com\/pt\/wp-json\/wp\/v2\/pages\/3232\/revisions"}],"predecessor-version":[{"id":4017,"href":"https:\/\/www.chinaptfetube.com\/pt\/wp-json\/wp\/v2\/pages\/3232\/revisions\/4017"}],"wp:attachment":[{"href":"https:\/\/www.chinaptfetube.com\/pt\/wp-json\/wp\/v2\/media?parent=3232"}],"curies":[{"name":"wp","href":"https:\/\/api.w.org\/{rel}","templated":true}]}}