{"id":3216,"date":"2025-06-25T07:13:33","date_gmt":"2025-06-25T07:13:33","guid":{"rendered":"https:\/\/www.chinaptfetube.com\/?page_id=3216"},"modified":"2025-08-29T04:02:46","modified_gmt":"2025-08-29T04:02:46","slug":"process-quality-control","status":"publish","type":"page","link":"https:\/\/www.chinaptfetube.com\/pt\/process-quality-control\/","title":{"rendered":"Processo e controlo de qualidade"},"content":{"rendered":"<div class=\"path_bar\">\n        <div class=\"layout\">\n            <ul>\n                <li><a href=\"\/pt\/\">In\u00edcio<\/a><\/li>\n                <!--\u9762\u5305\u5c51-->\n               <li><a href=\"\">Processo e controlo de qualidade<\/a><\/li>\n            <\/ul>\n        <\/div>\n    <\/div>\n\n\n\n<h1 class=\"wp-block-heading has-text-align-center layout\" style=\"font-size:30px\">Controlo de qualidade de precis\u00e3o para tubos de PTFE, FEP, PFA e PEEK<\/h1>\n\n\n\n<p class=\"layout\">Na Yuzhong Technology, somos uma empresa l\u00edder <a href=\"https:\/\/www.chinaptfetube.com\/pt\/\">Fornecedor de tubos PTFE<\/a>, fornecendo alta qualidade <a href=\"https:\/\/www.chinaptfetube.com\/pt\/products\/\">tubo de pl\u00e1stico extrudido<\/a>, <a href=\"https:\/\/www.chinaptfetube.com\/pt\/insulated-electric-wirecable-category\/\">fio isolado<\/a>, <a href=\"https:\/\/www.chinaptfetube.com\/pt\/injection-molding-part-category\/\">pe\u00e7as moldadas por inje\u00e7\u00e3o, <\/a><a href=\"https:\/\/www.chinaptfetube.com\/pt\/engineering-plastic-products-category\/\">produtos de pl\u00e1stico para engenharia<\/a> e <a href=\"https:\/\/www.chinaptfetube.com\/pt\/products\/\">tubos termorretr\u00e1cteis de alta temperatura<\/a> para ind\u00fastrias globais. Cada tubo \u00e9 submetido a um rigoroso controlo de qualidade para cumprir as normas ASTM, GB\/T e ISO, garantindo um desempenho consistente para aplica\u00e7\u00f5es m\u00e9dicas, qu\u00edmicas, alimentares, autom\u00f3veis, aeroespaciais e industriais.<\/p>\n\n\n\n<figure class=\"wp-block-image size-full layout\"><img loading=\"lazy\" decoding=\"async\" width=\"1013\" height=\"402\" src=\"https:\/\/www.chinaptfetube.com\/wp-content\/uploads\/2025\/06\/Process-Quality-Control1.webp\" alt=\" Controlo de Qualidade da Yozonetech\" class=\"wp-image-3227\" srcset=\"https:\/\/www.chinaptfetube.com\/wp-content\/uploads\/2025\/06\/Process-Quality-Control1.webp 1013w, https:\/\/www.chinaptfetube.com\/wp-content\/uploads\/2025\/06\/Process-Quality-Control1-300x119.webp 300w, https:\/\/www.chinaptfetube.com\/wp-content\/uploads\/2025\/06\/Process-Quality-Control1-768x305.webp 768w, https:\/\/www.chinaptfetube.com\/wp-content\/uploads\/2025\/06\/Process-Quality-Control1-18x7.webp 18w\" sizes=\"auto, (max-width: 1013px) 100vw, 1013px\" \/><\/figure>\n\n\n\n<figure class=\"wp-block-image size-full layout\"><img loading=\"lazy\" decoding=\"async\" width=\"1016\" height=\"294\" src=\"https:\/\/www.chinaptfetube.com\/wp-content\/uploads\/2025\/06\/WX20250625-152300.png\" alt=\" Controlo de Qualidade da Yozonetech\" class=\"wp-image-3226\" srcset=\"https:\/\/www.chinaptfetube.com\/wp-content\/uploads\/2025\/06\/WX20250625-152300.png 1016w, https:\/\/www.chinaptfetube.com\/wp-content\/uploads\/2025\/06\/WX20250625-152300-300x87.png 300w, https:\/\/www.chinaptfetube.com\/wp-content\/uploads\/2025\/06\/WX20250625-152300-768x222.png 768w, https:\/\/www.chinaptfetube.com\/wp-content\/uploads\/2025\/06\/WX20250625-152300-18x5.png 18w\" sizes=\"auto, (max-width: 1016px) 100vw, 1016px\" \/><\/figure>\n\n\n\n<figure class=\"wp-block-image size-full layout\"><img loading=\"lazy\" decoding=\"async\" width=\"1012\" height=\"433\" src=\"https:\/\/www.chinaptfetube.com\/wp-content\/uploads\/2025\/06\/Process-Quality-Control2.webp\" alt=\" Controlo de Qualidade da Yozonetech\" class=\"wp-image-3223\" srcset=\"https:\/\/www.chinaptfetube.com\/wp-content\/uploads\/2025\/06\/Process-Quality-Control2.webp 1012w, https:\/\/www.chinaptfetube.com\/wp-content\/uploads\/2025\/06\/Process-Quality-Control2-300x128.webp 300w, https:\/\/www.chinaptfetube.com\/wp-content\/uploads\/2025\/06\/Process-Quality-Control2-768x329.webp 768w, https:\/\/www.chinaptfetube.com\/wp-content\/uploads\/2025\/06\/Process-Quality-Control2-18x8.webp 18w\" sizes=\"auto, (max-width: 1012px) 100vw, 1012px\" \/><\/figure>\n\n\n\n<figure class=\"wp-block-image size-full layout\"><img loading=\"lazy\" decoding=\"async\" width=\"1015\" height=\"779\" src=\"https:\/\/www.chinaptfetube.com\/wp-content\/uploads\/2025\/06\/Process-Quality-Control3.webp\" alt=\" Controlo de Qualidade da Yozonetech\" class=\"wp-image-3225\" srcset=\"https:\/\/www.chinaptfetube.com\/wp-content\/uploads\/2025\/06\/Process-Quality-Control3.webp 1015w, https:\/\/www.chinaptfetube.com\/wp-content\/uploads\/2025\/06\/Process-Quality-Control3-300x230.webp 300w, https:\/\/www.chinaptfetube.com\/wp-content\/uploads\/2025\/06\/Process-Quality-Control3-768x589.webp 768w, https:\/\/www.chinaptfetube.com\/wp-content\/uploads\/2025\/06\/Process-Quality-Control3-16x12.webp 16w\" sizes=\"auto, (max-width: 1015px) 100vw, 1015px\" \/><\/figure>\n\n\n\n<figure class=\"wp-block-image size-full layout\"><img loading=\"lazy\" decoding=\"async\" width=\"1015\" height=\"775\" src=\"https:\/\/www.chinaptfetube.com\/wp-content\/uploads\/2025\/06\/Process-Quality-Control4.webp\" alt=\" Controlo de Qualidade da Yozonetech\" class=\"wp-image-3228\" srcset=\"https:\/\/www.chinaptfetube.com\/wp-content\/uploads\/2025\/06\/Process-Quality-Control4.webp 1015w, https:\/\/www.chinaptfetube.com\/wp-content\/uploads\/2025\/06\/Process-Quality-Control4-300x229.webp 300w, https:\/\/www.chinaptfetube.com\/wp-content\/uploads\/2025\/06\/Process-Quality-Control4-768x586.webp 768w, https:\/\/www.chinaptfetube.com\/wp-content\/uploads\/2025\/06\/Process-Quality-Control4-16x12.webp 16w\" sizes=\"auto, (max-width: 1015px) 100vw, 1015px\" \/><\/figure>\n\n\n\n<figure class=\"wp-block-image size-full layout\"><img loading=\"lazy\" decoding=\"async\" width=\"1014\" height=\"832\" src=\"https:\/\/www.chinaptfetube.com\/wp-content\/uploads\/2025\/06\/WX20250625-152408.webp\" alt=\" Controlo de Qualidade da Yozonetech\" class=\"wp-image-3224\" srcset=\"https:\/\/www.chinaptfetube.com\/wp-content\/uploads\/2025\/06\/WX20250625-152408.webp 1014w, https:\/\/www.chinaptfetube.com\/wp-content\/uploads\/2025\/06\/WX20250625-152408-300x246.webp 300w, https:\/\/www.chinaptfetube.com\/wp-content\/uploads\/2025\/06\/WX20250625-152408-768x630.webp 768w, https:\/\/www.chinaptfetube.com\/wp-content\/uploads\/2025\/06\/WX20250625-152408-15x12.webp 15w\" sizes=\"auto, (max-width: 1014px) 100vw, 1014px\" \/><\/figure>","protected":false},"excerpt":{"rendered":"<p>Home Process &#038; Quality Control Precision Quality Control for PTFE, FEP, PFA &amp; PEEK Tubing At Yuzhong Technology, we are a leading PTFE tube supplier, providing high-quality extruded plastic tube, insulated wire, injection molded parts, engineer plastic products and high temp heat shrink tubing for global industries. Every tube undergoes rigorous quality control to meet [&hellip;]<\/p>","protected":false},"author":1,"featured_media":0,"parent":0,"menu_order":0,"comment_status":"closed","ping_status":"closed","template":"","meta":{"footnotes":""},"class_list":["post-3216","page","type-page","status-publish","hentry"],"yoast_head":"<!-- This site is optimized with the Yoast SEO plugin v24.4 - https:\/\/yoast.com\/wordpress\/plugins\/seo\/ -->\n<title>Premium Extruded &amp; Heat-Shrink Tubing, Molding Parts &amp; Gaskets | Yozonetech<\/title>\n<meta name=\"description\" content=\"Yozonetech offers a wide range of extruded tubings (PTFE, FEP, silicone, rubber), heat-shrink tubes, injection-molded parts, cable insulation, and gasket O-rings for semiconductor, industrial, and medical applications. Explore now.\" \/>\n<meta name=\"robots\" content=\"index, follow, max-snippet:-1, max-image-preview:large, max-video-preview:-1\" \/>\n<link rel=\"canonical\" href=\"https:\/\/www.chinaptfetube.com\/pt\/process-quality-control\/\" \/>\n<meta property=\"og:locale\" content=\"pt_PT\" \/>\n<meta property=\"og:type\" content=\"article\" \/>\n<meta property=\"og:title\" content=\"Premium Extruded &amp; Heat-Shrink Tubing, Molding Parts &amp; Gaskets | Yozonetech\" \/>\n<meta property=\"og:description\" content=\"Yozonetech offers a wide range of extruded tubings (PTFE, FEP, silicone, rubber), heat-shrink tubes, injection-molded parts, cable insulation, and gasket O-rings for semiconductor, industrial, and medical applications. Explore now.\" \/>\n<meta property=\"og:url\" content=\"https:\/\/www.chinaptfetube.com\/pt\/process-quality-control\/\" \/>\n<meta property=\"og:site_name\" content=\"Yozonetech Co., Ltd.\" \/>\n<meta property=\"article:modified_time\" content=\"2025-08-29T04:02:46+00:00\" \/>\n<meta property=\"og:image\" content=\"https:\/\/www.chinaptfetube.com\/wp-content\/uploads\/2025\/06\/Process-Quality-Control1.webp\" \/>\n\t<meta property=\"og:image:width\" content=\"1013\" \/>\n\t<meta property=\"og:image:height\" content=\"402\" \/>\n\t<meta property=\"og:image:type\" content=\"image\/webp\" \/>\n<meta name=\"twitter:card\" content=\"summary_large_image\" \/>\n<meta name=\"twitter:label1\" content=\"Est. reading time\" \/>\n\t<meta name=\"twitter:data1\" content=\"2 minutos\" \/>\n<script type=\"application\/ld+json\" class=\"yoast-schema-graph\">{\"@context\":\"https:\/\/schema.org\",\"@graph\":[{\"@type\":\"WebPage\",\"@id\":\"https:\/\/www.chinaptfetube.com\/process-quality-control\/\",\"url\":\"https:\/\/www.chinaptfetube.com\/process-quality-control\/\",\"name\":\"Premium Extruded & Heat-Shrink Tubing, Molding Parts & Gaskets | Yozonetech\",\"isPartOf\":{\"@id\":\"https:\/\/www.chinaptfetube.com\/#website\"},\"primaryImageOfPage\":{\"@id\":\"https:\/\/www.chinaptfetube.com\/process-quality-control\/#primaryimage\"},\"image\":{\"@id\":\"https:\/\/www.chinaptfetube.com\/process-quality-control\/#primaryimage\"},\"thumbnailUrl\":\"https:\/\/www.chinaptfetube.com\/wp-content\/uploads\/2025\/06\/Process-Quality-Control1.webp\",\"datePublished\":\"2025-06-25T07:13:33+00:00\",\"dateModified\":\"2025-08-29T04:02:46+00:00\",\"description\":\"Yozonetech offers a wide range of extruded tubings (PTFE, FEP, silicone, rubber), heat-shrink tubes, injection-molded parts, cable insulation, and gasket O-rings for semiconductor, industrial, and medical applications. Explore now.\",\"breadcrumb\":{\"@id\":\"https:\/\/www.chinaptfetube.com\/process-quality-control\/#breadcrumb\"},\"inLanguage\":\"pt-PT\",\"potentialAction\":[{\"@type\":\"ReadAction\",\"target\":[\"https:\/\/www.chinaptfetube.com\/process-quality-control\/\"]}]},{\"@type\":\"ImageObject\",\"inLanguage\":\"pt-PT\",\"@id\":\"https:\/\/www.chinaptfetube.com\/process-quality-control\/#primaryimage\",\"url\":\"https:\/\/www.chinaptfetube.com\/wp-content\/uploads\/2025\/06\/Process-Quality-Control1.webp\",\"contentUrl\":\"https:\/\/www.chinaptfetube.com\/wp-content\/uploads\/2025\/06\/Process-Quality-Control1.webp\"},{\"@type\":\"BreadcrumbList\",\"@id\":\"https:\/\/www.chinaptfetube.com\/process-quality-control\/#breadcrumb\",\"itemListElement\":[{\"@type\":\"ListItem\",\"position\":1,\"name\":\"Home\",\"item\":\"https:\/\/www.chinaptfetube.com\/\"},{\"@type\":\"ListItem\",\"position\":2,\"name\":\"Process &amp; Quality Control\"}]},{\"@type\":\"WebSite\",\"@id\":\"https:\/\/www.chinaptfetube.com\/#website\",\"url\":\"https:\/\/www.chinaptfetube.com\/\",\"name\":\"Yozonetech Co., Ltd.\",\"description\":\"Yozonetech Co., Ltd.\",\"publisher\":{\"@id\":\"https:\/\/www.chinaptfetube.com\/#organization\"},\"potentialAction\":[{\"@type\":\"SearchAction\",\"target\":{\"@type\":\"EntryPoint\",\"urlTemplate\":\"https:\/\/www.chinaptfetube.com\/?s={search_term_string}\"},\"query-input\":{\"@type\":\"PropertyValueSpecification\",\"valueRequired\":true,\"valueName\":\"search_term_string\"}}],\"inLanguage\":\"pt-PT\"},{\"@type\":\"Organization\",\"@id\":\"https:\/\/www.chinaptfetube.com\/#organization\",\"name\":\"Yozonetech Co., Ltd.\",\"url\":\"https:\/\/www.chinaptfetube.com\/\",\"logo\":{\"@type\":\"ImageObject\",\"inLanguage\":\"pt-PT\",\"@id\":\"https:\/\/www.chinaptfetube.com\/#\/schema\/logo\/image\/\",\"url\":\"https:\/\/www.chinaptfetube.com\/wp-content\/uploads\/2025\/06\/cropped-logo.webp\",\"contentUrl\":\"https:\/\/www.chinaptfetube.com\/wp-content\/uploads\/2025\/06\/cropped-logo.webp\",\"width\":388,\"height\":138,\"caption\":\"Yozonetech Co., Ltd.\"},\"image\":{\"@id\":\"https:\/\/www.chinaptfetube.com\/#\/schema\/logo\/image\/\"}}]}<\/script>\n<!-- \/ Yoast SEO plugin. -->","yoast_head_json":{"title":"Premium Extruded & Heat-Shrink Tubing, Molding Parts & Gaskets | Yozonetech","description":"Yozonetech offers a wide range of extruded tubings (PTFE, FEP, silicone, rubber), heat-shrink tubes, injection-molded parts, cable insulation, and gasket O-rings for semiconductor, industrial, and medical applications. Explore now.","robots":{"index":"index","follow":"follow","max-snippet":"max-snippet:-1","max-image-preview":"max-image-preview:large","max-video-preview":"max-video-preview:-1"},"canonical":"https:\/\/www.chinaptfetube.com\/pt\/process-quality-control\/","og_locale":"pt_PT","og_type":"article","og_title":"Premium Extruded & Heat-Shrink Tubing, Molding Parts & Gaskets | Yozonetech","og_description":"Yozonetech offers a wide range of extruded tubings (PTFE, FEP, silicone, rubber), heat-shrink tubes, injection-molded parts, cable insulation, and gasket O-rings for semiconductor, industrial, and medical applications. Explore now.","og_url":"https:\/\/www.chinaptfetube.com\/pt\/process-quality-control\/","og_site_name":"Yozonetech Co., Ltd.","article_modified_time":"2025-08-29T04:02:46+00:00","og_image":[{"width":1013,"height":402,"url":"https:\/\/www.chinaptfetube.com\/wp-content\/uploads\/2025\/06\/Process-Quality-Control1.webp","type":"image\/webp"}],"twitter_card":"summary_large_image","twitter_misc":{"Est. reading time":"2 minutos"},"schema":{"@context":"https:\/\/schema.org","@graph":[{"@type":"WebPage","@id":"https:\/\/www.chinaptfetube.com\/process-quality-control\/","url":"https:\/\/www.chinaptfetube.com\/process-quality-control\/","name":"Premium Extruded & Heat-Shrink Tubing, Molding Parts & Gaskets | Yozonetech","isPartOf":{"@id":"https:\/\/www.chinaptfetube.com\/#website"},"primaryImageOfPage":{"@id":"https:\/\/www.chinaptfetube.com\/process-quality-control\/#primaryimage"},"image":{"@id":"https:\/\/www.chinaptfetube.com\/process-quality-control\/#primaryimage"},"thumbnailUrl":"https:\/\/www.chinaptfetube.com\/wp-content\/uploads\/2025\/06\/Process-Quality-Control1.webp","datePublished":"2025-06-25T07:13:33+00:00","dateModified":"2025-08-29T04:02:46+00:00","description":"Yozonetech offers a wide range of extruded tubings (PTFE, FEP, silicone, rubber), heat-shrink tubes, injection-molded parts, cable insulation, and gasket O-rings for semiconductor, industrial, and medical applications. Explore now.","breadcrumb":{"@id":"https:\/\/www.chinaptfetube.com\/process-quality-control\/#breadcrumb"},"inLanguage":"pt-PT","potentialAction":[{"@type":"ReadAction","target":["https:\/\/www.chinaptfetube.com\/process-quality-control\/"]}]},{"@type":"ImageObject","inLanguage":"pt-PT","@id":"https:\/\/www.chinaptfetube.com\/process-quality-control\/#primaryimage","url":"https:\/\/www.chinaptfetube.com\/wp-content\/uploads\/2025\/06\/Process-Quality-Control1.webp","contentUrl":"https:\/\/www.chinaptfetube.com\/wp-content\/uploads\/2025\/06\/Process-Quality-Control1.webp"},{"@type":"BreadcrumbList","@id":"https:\/\/www.chinaptfetube.com\/process-quality-control\/#breadcrumb","itemListElement":[{"@type":"ListItem","position":1,"name":"Home","item":"https:\/\/www.chinaptfetube.com\/"},{"@type":"ListItem","position":2,"name":"Process &amp; Quality Control"}]},{"@type":"WebSite","@id":"https:\/\/www.chinaptfetube.com\/#website","url":"https:\/\/www.chinaptfetube.com\/","name":"Yozonetech Co., Ltd.","description":"Yozonetech Co., Ltd.","publisher":{"@id":"https:\/\/www.chinaptfetube.com\/#organization"},"potentialAction":[{"@type":"SearchAction","target":{"@type":"EntryPoint","urlTemplate":"https:\/\/www.chinaptfetube.com\/?s={search_term_string}"},"query-input":{"@type":"PropertyValueSpecification","valueRequired":true,"valueName":"search_term_string"}}],"inLanguage":"pt-PT"},{"@type":"Organization","@id":"https:\/\/www.chinaptfetube.com\/#organization","name":"Yozonetech Co., Ltd.","url":"https:\/\/www.chinaptfetube.com\/","logo":{"@type":"ImageObject","inLanguage":"pt-PT","@id":"https:\/\/www.chinaptfetube.com\/#\/schema\/logo\/image\/","url":"https:\/\/www.chinaptfetube.com\/wp-content\/uploads\/2025\/06\/cropped-logo.webp","contentUrl":"https:\/\/www.chinaptfetube.com\/wp-content\/uploads\/2025\/06\/cropped-logo.webp","width":388,"height":138,"caption":"Yozonetech Co., Ltd."},"image":{"@id":"https:\/\/www.chinaptfetube.com\/#\/schema\/logo\/image\/"}}]}},"_links":{"self":[{"href":"https:\/\/www.chinaptfetube.com\/pt\/wp-json\/wp\/v2\/pages\/3216","targetHints":{"allow":["GET"]}}],"collection":[{"href":"https:\/\/www.chinaptfetube.com\/pt\/wp-json\/wp\/v2\/pages"}],"about":[{"href":"https:\/\/www.chinaptfetube.com\/pt\/wp-json\/wp\/v2\/types\/page"}],"author":[{"embeddable":true,"href":"https:\/\/www.chinaptfetube.com\/pt\/wp-json\/wp\/v2\/users\/1"}],"replies":[{"embeddable":true,"href":"https:\/\/www.chinaptfetube.com\/pt\/wp-json\/wp\/v2\/comments?post=3216"}],"version-history":[{"count":6,"href":"https:\/\/www.chinaptfetube.com\/pt\/wp-json\/wp\/v2\/pages\/3216\/revisions"}],"predecessor-version":[{"id":4008,"href":"https:\/\/www.chinaptfetube.com\/pt\/wp-json\/wp\/v2\/pages\/3216\/revisions\/4008"}],"wp:attachment":[{"href":"https:\/\/www.chinaptfetube.com\/pt\/wp-json\/wp\/v2\/media?parent=3216"}],"curies":[{"name":"wp","href":"https:\/\/api.w.org\/{rel}","templated":true}]}}