{"id":3182,"date":"2025-06-25T06:35:37","date_gmt":"2025-06-25T06:35:37","guid":{"rendered":"https:\/\/www.chinaptfetube.com\/?page_id=3182"},"modified":"2025-08-29T03:58:01","modified_gmt":"2025-08-29T03:58:01","slug":"our-story","status":"publish","type":"page","link":"https:\/\/www.chinaptfetube.com\/pt\/our-story\/","title":{"rendered":"A nossa hist\u00f3ria"},"content":{"rendered":"<div class=\"path_bar\">\n        <div class=\"layout\" style=\"margin:0 auto\">\n            <ul>\n                <li><a href=\"\/pt\/\">In\u00edcio<\/a><\/li>\n                <!--\u9762\u5305\u5c51-->\n               <li><a href=\"\">A nossa hist\u00f3ria<\/a><\/li>\n            <\/ul>\n        <\/div>\n    <\/div>\n\n\n\n<h1 class=\"wp-block-heading has-text-align-center\" style=\"font-size:30px\"><strong>Sobre a Yozonetech - Fabricante l\u00edder de tubos de PTFE<\/strong><\/h1>\n\n\n\n<p class=\"layout tb\"><br>A Yozonetech come\u00e7ou como uma empresa familiar <a href=\"https:\/\/www.chinaptfetube.com\/pt\/ptfe-tubing-category\/\">Tubo PTFE<\/a> fabricante, produzindo PTFE, <a href=\"https:\/\/www.chinaptfetube.com\/pt\/fep-pfa-tubing-category\/\">Tubagem FEP<\/a>, <a href=\"https:\/\/www.chinaptfetube.com\/pt\/fep-pfa-tubing-category\/\">Tubagem PFA<\/a>, <a href=\"https:\/\/www.chinaptfetube.com\/pt\/silicone-tubing-category\/\">tubos flex\u00edveis de silicone<\/a>, <a href=\"https:\/\/www.chinaptfetube.com\/pt\/rubber-tubing-category\/\">mangueira de borracha<\/a> e <a href=\"https:\/\/www.chinaptfetube.com\/pt\/insulated-electric-wirecable-category\/\">fio el\u00e9trico isolado<\/a> desde 2005. Em 2018, estabelecemos a nossa empresa de importa\u00e7\u00e3o e exporta\u00e7\u00e3o e cri\u00e1mos a nossa pr\u00f3pria marca, Yozonetech. Nos primeiros tr\u00eas anos, colabor\u00e1mos com sucesso com mais de 60 clientes profissionais em toda a Europa e nos EUA, fornecendo solu\u00e7\u00f5es m\u00e9dicas e industriais, como tubos de cateteres m\u00e9dicos, permutadores de calor de centrais el\u00e9ctricas, tubos retr\u00e1cteis de parede dupla PTFE\/FEP e tubos hidr\u00e1ulicos de alta press\u00e3o <a href=\"https:\/\/www.chinaptfetube.com\/pt\/ptfe-tubing-category\/\">Tubos PTFE<\/a> para aplica\u00e7\u00f5es industriais de gases e l\u00edquidos.<\/p>\n\n\n<div class=\"wp-block-image layout\">\n<figure class=\"aligncenter size-large\"><img loading=\"lazy\" decoding=\"async\" width=\"1024\" height=\"447\" src=\"https:\/\/www.chinaptfetube.com\/wp-content\/uploads\/2025\/06\/Yozonetech-Factories-1024x447.webp\" alt=\"Fornecedor de tubo PTFE Yozonetech\" class=\"wp-image-3194\" srcset=\"https:\/\/www.chinaptfetube.com\/wp-content\/uploads\/2025\/06\/Yozonetech-Factories-1024x447.webp 1024w, https:\/\/www.chinaptfetube.com\/wp-content\/uploads\/2025\/06\/Yozonetech-Factories-300x131.webp 300w, https:\/\/www.chinaptfetube.com\/wp-content\/uploads\/2025\/06\/Yozonetech-Factories-768x335.webp 768w, https:\/\/www.chinaptfetube.com\/wp-content\/uploads\/2025\/06\/Yozonetech-Factories-1536x671.webp 1536w, https:\/\/www.chinaptfetube.com\/wp-content\/uploads\/2025\/06\/Yozonetech-Factories-2048x894.webp 2048w, https:\/\/www.chinaptfetube.com\/wp-content\/uploads\/2025\/06\/Yozonetech-Factories-18x8.webp 18w\" sizes=\"auto, (max-width: 1024px) 100vw, 1024px\" \/><\/figure><\/div>\n\n\n<h2 class=\"wp-block-heading has-text-align-center\"><strong>Fabrico avan\u00e7ado com m\u00e1quinas de extrus\u00e3o de Taiwan<\/strong><\/h2>\n\n\n\n<p class=\"layout\">Orgulhamo-nos de utilizar m\u00e1quinas de extrus\u00e3o de Taiwan, garantindo toler\u00e2ncias m\u00ednimas, temperaturas de funcionamento est\u00e1veis, superf\u00edcies de produto lisas e uma qualidade consistentemente elevada. Esta capacidade permite-nos fabricar <a href=\"https:\/\/www.chinaptfetube.com\/pt\/products\/\">tubo de pl\u00e1stico extrudido<\/a> e <a href=\"https:\/\/www.chinaptfetube.com\/pt\/products\/\">tubos termorretr\u00e1cteis de alta temperatura<\/a> para aplica\u00e7\u00f5es exigentes.<\/p>\n\n\n<div class=\"wp-block-image layout\">\n<figure class=\"aligncenter size-large\"><img loading=\"lazy\" decoding=\"async\" width=\"1024\" height=\"676\" src=\"https:\/\/www.chinaptfetube.com\/wp-content\/uploads\/2025\/06\/YOZONETECH-1024x676.webp\" alt=\"Fornecedor de tubo PTFE Yozonetech\" class=\"wp-image-3198\" srcset=\"https:\/\/www.chinaptfetube.com\/wp-content\/uploads\/2025\/06\/YOZONETECH-1024x676.webp 1024w, https:\/\/www.chinaptfetube.com\/wp-content\/uploads\/2025\/06\/YOZONETECH-300x198.webp 300w, https:\/\/www.chinaptfetube.com\/wp-content\/uploads\/2025\/06\/YOZONETECH-768x507.webp 768w, https:\/\/www.chinaptfetube.com\/wp-content\/uploads\/2025\/06\/YOZONETECH-1536x1013.webp 1536w, https:\/\/www.chinaptfetube.com\/wp-content\/uploads\/2025\/06\/YOZONETECH-18x12.webp 18w, https:\/\/www.chinaptfetube.com\/wp-content\/uploads\/2025\/06\/YOZONETECH.webp 1852w\" sizes=\"auto, (max-width: 1024px) 100vw, 1024px\" \/><\/figure><\/div>\n\n\n<h2 class=\"wp-block-heading has-text-align-center\"><strong>For\u00e7a da f\u00e1brica e capacidade de produ\u00e7\u00e3o<\/strong><\/h2>\n\n\n\n<p class=\"layout\">As nossas f\u00e1bricas estendem-se por 40.000 metros quadrados, empregando mais de 500 trabalhadores e programadores, e albergando mais de 700 m\u00e1quinas de produ\u00e7\u00e3o. Esta configura\u00e7\u00e3o permite o desenvolvimento de 1-2 novos produtos por m\u00eas, com uma produ\u00e7\u00e3o mensal de 25 milh\u00f5es de metros. Operamos 2 f\u00e1bricas na prov\u00edncia de Hebei e cooperamos com 5 f\u00e1bricas adicionais em Guangdong, Xangai e Hebei, garantindo uma produ\u00e7\u00e3o em grande escala e uma entrega r\u00e1pida.<br><\/p>\n\n\n<div class=\"wp-block-image layout\">\n<figure class=\"aligncenter size-large\"><img loading=\"lazy\" decoding=\"async\" width=\"1024\" height=\"849\" src=\"https:\/\/www.chinaptfetube.com\/wp-content\/uploads\/2025\/06\/Our-Story-1024x849.webp\" alt=\"Fornecedor de tubo PTFE Yozonetech\" class=\"wp-image-3202\" srcset=\"https:\/\/www.chinaptfetube.com\/wp-content\/uploads\/2025\/06\/Our-Story-1024x849.webp 1024w, https:\/\/www.chinaptfetube.com\/wp-content\/uploads\/2025\/06\/Our-Story-300x249.webp 300w, https:\/\/www.chinaptfetube.com\/wp-content\/uploads\/2025\/06\/Our-Story-768x637.webp 768w, https:\/\/www.chinaptfetube.com\/wp-content\/uploads\/2025\/06\/Our-Story-14x12.webp 14w, https:\/\/www.chinaptfetube.com\/wp-content\/uploads\/2025\/06\/Our-Story.webp 1072w\" sizes=\"auto, (max-width: 1024px) 100vw, 1024px\" \/><\/figure><\/div>\n\n\n<h2 class=\"wp-block-heading has-text-align-center layout\"><strong>Especializa\u00e7\u00e3o e garantia de qualidade<\/strong><\/h2>\n\n\n\n<p class=\"layout tb\">O nosso diretor de engenharia tem mais de 15 anos de experi\u00eancia na ind\u00fastria de PTFE e foi um dos primeiros engenheiros a introduzir a tecnologia de produ\u00e7\u00e3o de PTFE de empresas financiadas por estrangeiros na China continental. Utilizamos fluoropol\u00edmeros virgens de primeira qualidade de marcas globais como DuPont, Daikin, AGC, bem como de marcas chinesas como Dongyue e Chengguang. Isto assegura que os nossos produtos mant\u00eam uma qualidade est\u00e1vel a pre\u00e7os competitivos.<\/p>\n\n\n\n<p class=\"layout\">Todos os produtos - incluindo tubos de cateteres m\u00e9dicos e <strong>Tubos termorretr\u00e1cteis PTFE\/FEP<\/strong>-s\u00e3o certificados por <strong>USP Classe VI<\/strong>, <strong>FDA<\/strong>, <strong>ROHS<\/strong>, <strong>REACH<\/strong>e <strong>CE<\/strong>, o que faz de n\u00f3s o #1 <strong>F\u00e1brica OEM e ODM<\/strong> na China.<\/p>\n\n\n\n<h2 class=\"wp-block-heading has-text-align-center layout\"><strong><strong>Linhas de produtos abrangentes<\/strong><\/strong><\/h2>\n\n\n\n<ul class=\"wp-block-list layout ullist\">\n<li class=\"layout tb\"><strong>Tubos de PTFE, FEP, PFA e outros fluoropol\u00edmeros<\/strong> - incluindo tubos ultra-finos de PTFE (parede 0,025-0,05 mm), FEP, PFA, PEEK, ETFE e muito mais.<\/li>\n\n\n\n<li class=\"layout\"><strong>Tubo termo-retr\u00e1til<\/strong> - Tubo termo-retr\u00e1til em PTFE, <strong>Tubo termo-retr\u00e1til de parede dupla PTFE\/FEP<\/strong>, tubo termorretr\u00e1ctil PEEK.<\/li>\n\n\n\n<li class=\"layout\"><strong>Tubos hidr\u00e1ulicos de alta press\u00e3o<\/strong> - furo liso, convoluto e ondulado <strong>Tubos PTFE<\/strong> para o transporte industrial de g\u00e1s e de l\u00edquidos.<\/li>\n<\/ul>\n\n\n\n<p class=\"layout mb\">Tamb\u00e9m fornecemos <a href=\"https:\/\/www.chinaptfetube.com\/pt\/ptfe-tubing-category\/\">tubo PTFE por atacado<\/a> para satisfazer as exig\u00eancias industriais em grande escala, mantendo a m\u00e1xima qualidade e pre\u00e7os competitivos.<\/p>\n\n\n\n<style>\n\n.tb{\nmargin-top:30px;\n\n\n}\n.mb{margin-bottom:30px}\n\n\n.ullist li{\nlist-style:disc!important;\nmargin-left:20px!important\n}\n\n\n\n<\/style>","protected":false},"excerpt":{"rendered":"<p>Home Our Story About Yozonetech \u2013 Leading PTFE Tube Manufacturer Yozonetech began as a family-owned PTFE tube manufacturer, producing PTFE, FEP tubing, PFA tubing, flexible silicone tubing, rubber hose and insulated electrical wire since 2005. In 2018, we established our import &amp; export company and created our own brand, Yozonetech. Within the first three years, [&hellip;]<\/p>","protected":false},"author":1,"featured_media":0,"parent":0,"menu_order":0,"comment_status":"closed","ping_status":"closed","template":"","meta":{"footnotes":""},"class_list":["post-3182","page","type-page","status-publish","hentry"],"yoast_head":"<!-- This site is optimized with the Yoast SEO plugin v24.4 - https:\/\/yoast.com\/wordpress\/plugins\/seo\/ -->\n<title>Premium Extruded &amp; Heat-Shrink Tubing, Molding Parts &amp; Gaskets | Yozonetech<\/title>\n<meta name=\"description\" content=\"Yozonetech offers a wide range of extruded tubings (PTFE, FEP, silicone, rubber), heat-shrink tubes, injection-molded parts, cable insulation, and gasket O-rings for semiconductor, industrial, and medical applications. Explore now.\" \/>\n<meta name=\"robots\" content=\"index, follow, max-snippet:-1, max-image-preview:large, max-video-preview:-1\" \/>\n<link rel=\"canonical\" href=\"https:\/\/www.chinaptfetube.com\/pt\/our-story\/\" \/>\n<meta property=\"og:locale\" content=\"pt_PT\" \/>\n<meta property=\"og:type\" content=\"article\" \/>\n<meta property=\"og:title\" content=\"Premium Extruded &amp; Heat-Shrink Tubing, Molding Parts &amp; Gaskets | Yozonetech\" \/>\n<meta property=\"og:description\" content=\"Yozonetech offers a wide range of extruded tubings (PTFE, FEP, silicone, rubber), heat-shrink tubes, injection-molded parts, cable insulation, and gasket O-rings for semiconductor, industrial, and medical applications. Explore now.\" \/>\n<meta property=\"og:url\" content=\"https:\/\/www.chinaptfetube.com\/pt\/our-story\/\" \/>\n<meta property=\"og:site_name\" content=\"Yozonetech Co., Ltd.\" \/>\n<meta property=\"article:modified_time\" content=\"2025-08-29T03:58:01+00:00\" \/>\n<meta property=\"og:image\" content=\"https:\/\/www.chinaptfetube.com\/wp-content\/uploads\/2025\/06\/Yozonetech-Factories-scaled.webp\" \/>\n\t<meta property=\"og:image:width\" content=\"2560\" \/>\n\t<meta property=\"og:image:height\" content=\"1118\" \/>\n\t<meta property=\"og:image:type\" content=\"image\/webp\" \/>\n<meta name=\"twitter:card\" content=\"summary_large_image\" \/>\n<meta name=\"twitter:label1\" content=\"Est. reading time\" \/>\n\t<meta name=\"twitter:data1\" content=\"3 minutos\" \/>\n<script type=\"application\/ld+json\" class=\"yoast-schema-graph\">{\"@context\":\"https:\/\/schema.org\",\"@graph\":[{\"@type\":\"WebPage\",\"@id\":\"https:\/\/www.chinaptfetube.com\/our-story\/\",\"url\":\"https:\/\/www.chinaptfetube.com\/our-story\/\",\"name\":\"Premium Extruded & Heat-Shrink Tubing, Molding Parts & Gaskets | Yozonetech\",\"isPartOf\":{\"@id\":\"https:\/\/www.chinaptfetube.com\/#website\"},\"primaryImageOfPage\":{\"@id\":\"https:\/\/www.chinaptfetube.com\/our-story\/#primaryimage\"},\"image\":{\"@id\":\"https:\/\/www.chinaptfetube.com\/our-story\/#primaryimage\"},\"thumbnailUrl\":\"https:\/\/www.chinaptfetube.com\/wp-content\/uploads\/2025\/06\/Yozonetech-Factories-1024x447.webp\",\"datePublished\":\"2025-06-25T06:35:37+00:00\",\"dateModified\":\"2025-08-29T03:58:01+00:00\",\"description\":\"Yozonetech offers a wide range of extruded tubings (PTFE, FEP, silicone, rubber), heat-shrink tubes, injection-molded parts, cable insulation, and gasket O-rings for semiconductor, industrial, and medical applications. Explore now.\",\"breadcrumb\":{\"@id\":\"https:\/\/www.chinaptfetube.com\/our-story\/#breadcrumb\"},\"inLanguage\":\"pt-PT\",\"potentialAction\":[{\"@type\":\"ReadAction\",\"target\":[\"https:\/\/www.chinaptfetube.com\/our-story\/\"]}]},{\"@type\":\"ImageObject\",\"inLanguage\":\"pt-PT\",\"@id\":\"https:\/\/www.chinaptfetube.com\/our-story\/#primaryimage\",\"url\":\"https:\/\/www.chinaptfetube.com\/wp-content\/uploads\/2025\/06\/Yozonetech-Factories-1024x447.webp\",\"contentUrl\":\"https:\/\/www.chinaptfetube.com\/wp-content\/uploads\/2025\/06\/Yozonetech-Factories-1024x447.webp\"},{\"@type\":\"BreadcrumbList\",\"@id\":\"https:\/\/www.chinaptfetube.com\/our-story\/#breadcrumb\",\"itemListElement\":[{\"@type\":\"ListItem\",\"position\":1,\"name\":\"Home\",\"item\":\"https:\/\/www.chinaptfetube.com\/\"},{\"@type\":\"ListItem\",\"position\":2,\"name\":\"Our Story\"}]},{\"@type\":\"WebSite\",\"@id\":\"https:\/\/www.chinaptfetube.com\/#website\",\"url\":\"https:\/\/www.chinaptfetube.com\/\",\"name\":\"Yozonetech Co., Ltd.\",\"description\":\"Yozonetech Co., Ltd.\",\"publisher\":{\"@id\":\"https:\/\/www.chinaptfetube.com\/#organization\"},\"potentialAction\":[{\"@type\":\"SearchAction\",\"target\":{\"@type\":\"EntryPoint\",\"urlTemplate\":\"https:\/\/www.chinaptfetube.com\/?s={search_term_string}\"},\"query-input\":{\"@type\":\"PropertyValueSpecification\",\"valueRequired\":true,\"valueName\":\"search_term_string\"}}],\"inLanguage\":\"pt-PT\"},{\"@type\":\"Organization\",\"@id\":\"https:\/\/www.chinaptfetube.com\/#organization\",\"name\":\"Yozonetech Co., Ltd.\",\"url\":\"https:\/\/www.chinaptfetube.com\/\",\"logo\":{\"@type\":\"ImageObject\",\"inLanguage\":\"pt-PT\",\"@id\":\"https:\/\/www.chinaptfetube.com\/#\/schema\/logo\/image\/\",\"url\":\"https:\/\/www.chinaptfetube.com\/wp-content\/uploads\/2025\/06\/cropped-logo.webp\",\"contentUrl\":\"https:\/\/www.chinaptfetube.com\/wp-content\/uploads\/2025\/06\/cropped-logo.webp\",\"width\":388,\"height\":138,\"caption\":\"Yozonetech Co., Ltd.\"},\"image\":{\"@id\":\"https:\/\/www.chinaptfetube.com\/#\/schema\/logo\/image\/\"}}]}<\/script>\n<!-- \/ Yoast SEO plugin. -->","yoast_head_json":{"title":"Premium Extruded & Heat-Shrink Tubing, Molding Parts & Gaskets | Yozonetech","description":"Yozonetech offers a wide range of extruded tubings (PTFE, FEP, silicone, rubber), heat-shrink tubes, injection-molded parts, cable insulation, and gasket O-rings for semiconductor, industrial, and medical applications. Explore now.","robots":{"index":"index","follow":"follow","max-snippet":"max-snippet:-1","max-image-preview":"max-image-preview:large","max-video-preview":"max-video-preview:-1"},"canonical":"https:\/\/www.chinaptfetube.com\/pt\/our-story\/","og_locale":"pt_PT","og_type":"article","og_title":"Premium Extruded & Heat-Shrink Tubing, Molding Parts & Gaskets | Yozonetech","og_description":"Yozonetech offers a wide range of extruded tubings (PTFE, FEP, silicone, rubber), heat-shrink tubes, injection-molded parts, cable insulation, and gasket O-rings for semiconductor, industrial, and medical applications. Explore now.","og_url":"https:\/\/www.chinaptfetube.com\/pt\/our-story\/","og_site_name":"Yozonetech Co., Ltd.","article_modified_time":"2025-08-29T03:58:01+00:00","og_image":[{"width":2560,"height":1118,"url":"https:\/\/www.chinaptfetube.com\/wp-content\/uploads\/2025\/06\/Yozonetech-Factories-scaled.webp","type":"image\/webp"}],"twitter_card":"summary_large_image","twitter_misc":{"Est. reading time":"3 minutos"},"schema":{"@context":"https:\/\/schema.org","@graph":[{"@type":"WebPage","@id":"https:\/\/www.chinaptfetube.com\/our-story\/","url":"https:\/\/www.chinaptfetube.com\/our-story\/","name":"Premium Extruded & Heat-Shrink Tubing, Molding Parts & Gaskets | Yozonetech","isPartOf":{"@id":"https:\/\/www.chinaptfetube.com\/#website"},"primaryImageOfPage":{"@id":"https:\/\/www.chinaptfetube.com\/our-story\/#primaryimage"},"image":{"@id":"https:\/\/www.chinaptfetube.com\/our-story\/#primaryimage"},"thumbnailUrl":"https:\/\/www.chinaptfetube.com\/wp-content\/uploads\/2025\/06\/Yozonetech-Factories-1024x447.webp","datePublished":"2025-06-25T06:35:37+00:00","dateModified":"2025-08-29T03:58:01+00:00","description":"Yozonetech offers a wide range of extruded tubings (PTFE, FEP, silicone, rubber), heat-shrink tubes, injection-molded parts, cable insulation, and gasket O-rings for semiconductor, industrial, and medical applications. Explore now.","breadcrumb":{"@id":"https:\/\/www.chinaptfetube.com\/our-story\/#breadcrumb"},"inLanguage":"pt-PT","potentialAction":[{"@type":"ReadAction","target":["https:\/\/www.chinaptfetube.com\/our-story\/"]}]},{"@type":"ImageObject","inLanguage":"pt-PT","@id":"https:\/\/www.chinaptfetube.com\/our-story\/#primaryimage","url":"https:\/\/www.chinaptfetube.com\/wp-content\/uploads\/2025\/06\/Yozonetech-Factories-1024x447.webp","contentUrl":"https:\/\/www.chinaptfetube.com\/wp-content\/uploads\/2025\/06\/Yozonetech-Factories-1024x447.webp"},{"@type":"BreadcrumbList","@id":"https:\/\/www.chinaptfetube.com\/our-story\/#breadcrumb","itemListElement":[{"@type":"ListItem","position":1,"name":"Home","item":"https:\/\/www.chinaptfetube.com\/"},{"@type":"ListItem","position":2,"name":"Our Story"}]},{"@type":"WebSite","@id":"https:\/\/www.chinaptfetube.com\/#website","url":"https:\/\/www.chinaptfetube.com\/","name":"Yozonetech Co., Ltd.","description":"Yozonetech Co., Ltd.","publisher":{"@id":"https:\/\/www.chinaptfetube.com\/#organization"},"potentialAction":[{"@type":"SearchAction","target":{"@type":"EntryPoint","urlTemplate":"https:\/\/www.chinaptfetube.com\/?s={search_term_string}"},"query-input":{"@type":"PropertyValueSpecification","valueRequired":true,"valueName":"search_term_string"}}],"inLanguage":"pt-PT"},{"@type":"Organization","@id":"https:\/\/www.chinaptfetube.com\/#organization","name":"Yozonetech Co., Ltd.","url":"https:\/\/www.chinaptfetube.com\/","logo":{"@type":"ImageObject","inLanguage":"pt-PT","@id":"https:\/\/www.chinaptfetube.com\/#\/schema\/logo\/image\/","url":"https:\/\/www.chinaptfetube.com\/wp-content\/uploads\/2025\/06\/cropped-logo.webp","contentUrl":"https:\/\/www.chinaptfetube.com\/wp-content\/uploads\/2025\/06\/cropped-logo.webp","width":388,"height":138,"caption":"Yozonetech Co., Ltd."},"image":{"@id":"https:\/\/www.chinaptfetube.com\/#\/schema\/logo\/image\/"}}]}},"_links":{"self":[{"href":"https:\/\/www.chinaptfetube.com\/pt\/wp-json\/wp\/v2\/pages\/3182","targetHints":{"allow":["GET"]}}],"collection":[{"href":"https:\/\/www.chinaptfetube.com\/pt\/wp-json\/wp\/v2\/pages"}],"about":[{"href":"https:\/\/www.chinaptfetube.com\/pt\/wp-json\/wp\/v2\/types\/page"}],"author":[{"embeddable":true,"href":"https:\/\/www.chinaptfetube.com\/pt\/wp-json\/wp\/v2\/users\/1"}],"replies":[{"embeddable":true,"href":"https:\/\/www.chinaptfetube.com\/pt\/wp-json\/wp\/v2\/comments?post=3182"}],"version-history":[{"count":31,"href":"https:\/\/www.chinaptfetube.com\/pt\/wp-json\/wp\/v2\/pages\/3182\/revisions"}],"predecessor-version":[{"id":4005,"href":"https:\/\/www.chinaptfetube.com\/pt\/wp-json\/wp\/v2\/pages\/3182\/revisions\/4005"}],"wp:attachment":[{"href":"https:\/\/www.chinaptfetube.com\/pt\/wp-json\/wp\/v2\/media?parent=3182"}],"curies":[{"name":"wp","href":"https:\/\/api.w.org\/{rel}","templated":true}]}}