{"id":445,"date":"2025-02-27T03:16:09","date_gmt":"2025-02-27T03:16:09","guid":{"rendered":"http:\/\/www.chinaptfetube.com:8182\/?page_id=445"},"modified":"2025-08-28T09:50:14","modified_gmt":"2025-08-28T09:50:14","slug":"certification-s","status":"publish","type":"page","link":"https:\/\/www.chinaptfetube.com\/es\/certification-s\/","title":{"rendered":"Certificaci\u00f3n"},"content":{"rendered":"<div class=\"path_bar\">\n        <div class=\"layout\">\n            <ul>\n                <li><a href=\"\/es\/\">Inicio<\/a><\/li>\n                <!--\u9762\u5305\u5c51-->\n               <li><a href=\"\">Certificaci\u00f3n<\/a><\/li>\n            <\/ul>\n        <\/div>\n    <\/div>\n\n\n\n<h1 class=\"wp-block-heading has-text-align-center layout\">Certificaci\u00f3n<\/h1>\n\n\n\n<p class=\"tb\"><br>Todos los tubos suministrados por Yozonetech est\u00e1n respaldados por un <strong>Certificado de conformidad<\/strong>. Podemos proporcionar los certificados requeridos antes de la producci\u00f3n en funci\u00f3n de las necesidades del cliente, incluyendo:<\/p>\n\n\n\n<p>Incluidas las siguientes:<\/p>\n\n\n\n<p>1.    FDA<\/p>\n\n\n\n<p>2.    ROHS<\/p>\n\n\n\n<p>3.    REACH<\/p>\n\n\n\n<p>4.    USP Clase VI<\/p>\n\n\n\n<p>5.    ISO9001<\/p>\n\n\n\n<p>(Todo el PTFE utilizado en la fabricaci\u00f3n cumple plenamente esta norma)<\/p>\n\n\n\n<p>Nuestra alta calidad <a href=\"https:\/\/www.chinaptfetube.com\/es\/products\/\">tubo de pl\u00e1stico extruido<\/a> y <a href=\"https:\/\/www.chinaptfetube.com\/es\/products\/\">tubo termoretr\u00e1ctil de alta temperatura<\/a> se utilizan ampliamente en las industrias farmac\u00e9utica, qu\u00edmica, alimentaria, biotecnol\u00f3gica, automovil\u00edstica, aeroespacial y petroqu\u00edmica. Estos tubos ofrecen una resistencia qu\u00edmica superior, durabilidad a altas temperaturas y un rendimiento fiable en aplicaciones exigentes.<\/p>\n\n\n\n<p class=\"has-text-color has-link-color wp-elements-68a9634a6268cf4cebc87cba27504f4d\" style=\"color:#f2343c\"><a href=\"\/wp-content\/uploads\/2025\/06\/Certificate-Of-FDA-Compliance.pdf\" target=\"_blank\" rel=\"noreferrer noopener\">Certificado de conformidad con la FDA.pdf<\/a><\/p>\n\n\n\n<p class=\"has-text-color has-link-color wp-elements-49d2c0d96ec8ae80bc8228ecaecc3600\" style=\"color:#f2343c\"><a href=\"\/wp-content\/uploads\/2025\/06\/PFOA-test-report-1.pdf\" target=\"_blank\" rel=\"noreferrer noopener\">Informe de la prueba PFOA.PDF<\/a><\/p>\n\n\n\n<figure class=\"wp-block-gallery has-nested-images columns-default is-cropped tb2 tb wp-block-gallery-1 is-layout-flex wp-block-gallery-is-layout-flex\">\n<figure class=\"wp-block-image size-large\"><img loading=\"lazy\" decoding=\"async\" width=\"400\" height=\"600\" data-id=\"3175\" src=\"https:\/\/www.chinaptfetube.com\/wp-content\/uploads\/2025\/06\/20220802100901.webp\" alt=\" Certificaci\u00f3n Yozonetech\" class=\"wp-image-3175\" srcset=\"https:\/\/www.chinaptfetube.com\/wp-content\/uploads\/2025\/06\/20220802100901.webp 400w, https:\/\/www.chinaptfetube.com\/wp-content\/uploads\/2025\/06\/20220802100901-200x300.webp 200w, https:\/\/www.chinaptfetube.com\/wp-content\/uploads\/2025\/06\/20220802100901-8x12.webp 8w\" sizes=\"auto, (max-width: 400px) 100vw, 400px\" \/><\/figure>\n\n\n\n<figure class=\"wp-block-image size-large\"><img loading=\"lazy\" decoding=\"async\" width=\"400\" height=\"600\" data-id=\"3176\" src=\"https:\/\/www.chinaptfetube.com\/wp-content\/uploads\/2025\/06\/20220802100941.webp\" alt=\" Certificaci\u00f3n Yozonetech\" class=\"wp-image-3176\" srcset=\"https:\/\/www.chinaptfetube.com\/wp-content\/uploads\/2025\/06\/20220802100941.webp 400w, https:\/\/www.chinaptfetube.com\/wp-content\/uploads\/2025\/06\/20220802100941-200x300.webp 200w, https:\/\/www.chinaptfetube.com\/wp-content\/uploads\/2025\/06\/20220802100941-8x12.webp 8w\" sizes=\"auto, (max-width: 400px) 100vw, 400px\" \/><\/figure>\n\n\n\n<figure class=\"wp-block-image size-large\"><img loading=\"lazy\" decoding=\"async\" width=\"400\" height=\"600\" data-id=\"3177\" src=\"https:\/\/www.chinaptfetube.com\/wp-content\/uploads\/2025\/06\/20220802100949.webp\" alt=\" Certificaci\u00f3n Yozonetech\" class=\"wp-image-3177\" srcset=\"https:\/\/www.chinaptfetube.com\/wp-content\/uploads\/2025\/06\/20220802100949.webp 400w, https:\/\/www.chinaptfetube.com\/wp-content\/uploads\/2025\/06\/20220802100949-200x300.webp 200w, https:\/\/www.chinaptfetube.com\/wp-content\/uploads\/2025\/06\/20220802100949-8x12.webp 8w\" sizes=\"auto, (max-width: 400px) 100vw, 400px\" \/><\/figure>\n\n\n\n<figure class=\"wp-block-image size-large\"><img loading=\"lazy\" decoding=\"async\" width=\"400\" height=\"600\" data-id=\"3178\" src=\"https:\/\/www.chinaptfetube.com\/wp-content\/uploads\/2025\/06\/20220802100958.webp\" alt=\" Certificaci\u00f3n Yozonetech\" class=\"wp-image-3178\" srcset=\"https:\/\/www.chinaptfetube.com\/wp-content\/uploads\/2025\/06\/20220802100958.webp 400w, https:\/\/www.chinaptfetube.com\/wp-content\/uploads\/2025\/06\/20220802100958-200x300.webp 200w, https:\/\/www.chinaptfetube.com\/wp-content\/uploads\/2025\/06\/20220802100958-8x12.webp 8w\" sizes=\"auto, (max-width: 400px) 100vw, 400px\" \/><\/figure>\n\n\n\n<figure class=\"wp-block-image size-large\"><img loading=\"lazy\" decoding=\"async\" width=\"400\" height=\"600\" data-id=\"3179\" src=\"https:\/\/www.chinaptfetube.com\/wp-content\/uploads\/2025\/06\/20220802101003.webp\" alt=\" Certificaci\u00f3n Yozonetech\" class=\"wp-image-3179\" srcset=\"https:\/\/www.chinaptfetube.com\/wp-content\/uploads\/2025\/06\/20220802101003.webp 400w, https:\/\/www.chinaptfetube.com\/wp-content\/uploads\/2025\/06\/20220802101003-200x300.webp 200w, https:\/\/www.chinaptfetube.com\/wp-content\/uploads\/2025\/06\/20220802101003-8x12.webp 8w\" sizes=\"auto, (max-width: 400px) 100vw, 400px\" \/><\/figure>\n\n\n\n<figure class=\"wp-block-image size-large\"><img loading=\"lazy\" decoding=\"async\" width=\"400\" height=\"600\" data-id=\"3180\" src=\"https:\/\/www.chinaptfetube.com\/wp-content\/uploads\/2025\/06\/20220802101008.webp\" alt=\" Certificaci\u00f3n Yozonetech\" class=\"wp-image-3180\" srcset=\"https:\/\/www.chinaptfetube.com\/wp-content\/uploads\/2025\/06\/20220802101008.webp 400w, https:\/\/www.chinaptfetube.com\/wp-content\/uploads\/2025\/06\/20220802101008-200x300.webp 200w, https:\/\/www.chinaptfetube.com\/wp-content\/uploads\/2025\/06\/20220802101008-8x12.webp 8w\" sizes=\"auto, (max-width: 400px) 100vw, 400px\" \/><\/figure>\n<\/figure>\n\n\n\n<style>\n\n.wp-block-list,p,.wp-block-gallery,.wp-block-embed {\n    position: relative;\n    margin: 0 auto;\n    width: 1200px;\nline-height:1.8em\n\n\n}\n.wp-block-gallery.has-nested-images figure.wp-block-image figcaption{\nfont-size:16px!important\n}\n.wp-block-gallery{\nmargin-bottom:50px\n\n}\n.wp-block-embed iframe{\nwidth: 100%;\n    height: 50vh;\n    margin-bottom: 50px;\n}\n.ht{\nmargin-bottom:1%\n}\n.tb{\nmargin-top:30px\n}\n.tb2{\nmargin-bottom:45px\n\n}\n<\/style>\n\n\n\n<style>\n@media screen and (max-width:981px){\n.wp-block-list,p,.wp-block-gallery,.wp-block-embed {\nwidth:98%;\nmargin:0 auto\n}\n.ht{\n\nfont-size:20px!important\n}\n\n}\n<\/style>","protected":false},"excerpt":{"rendered":"<p>Home Certification Certification All tubes provided by Yozonetech are backed by a Certificate of Conformity (CofC). We can provide the required certificates prior to production based on customer needs, including: Including the following: 1.&nbsp; &nbsp;&nbsp;FDA 2.&nbsp; &nbsp;&nbsp;ROHS 3.&nbsp; &nbsp;&nbsp;REACH 4.&nbsp; &nbsp;&nbsp;USP Class VI 5.&nbsp; &nbsp;&nbsp;ISO9001 (All PTFE used in manufacture fully meets and complies this [&hellip;]<\/p>","protected":false},"author":1,"featured_media":0,"parent":0,"menu_order":0,"comment_status":"closed","ping_status":"closed","template":"","meta":{"footnotes":""},"class_list":["post-445","page","type-page","status-publish","hentry"],"yoast_head":"<!-- This site is optimized with the Yoast SEO plugin v24.4 - https:\/\/yoast.com\/wordpress\/plugins\/seo\/ -->\n<title>Premium Extruded &amp; Heat-Shrink Tubing, Molding Parts &amp; Gaskets | Yozonetech<\/title>\n<meta name=\"description\" content=\"Yozonetech offers a wide range of extruded tubings (PTFE, FEP, silicone, rubber), heat-shrink tubes, injection-molded parts, cable insulation, and gasket O-rings for semiconductor, industrial, and medical applications. Explore now.\" \/>\n<meta name=\"robots\" content=\"index, follow, max-snippet:-1, max-image-preview:large, max-video-preview:-1\" \/>\n<link rel=\"canonical\" href=\"https:\/\/www.chinaptfetube.com\/es\/certification-s\/\" \/>\n<meta property=\"og:locale\" content=\"es_ES\" \/>\n<meta property=\"og:type\" content=\"article\" \/>\n<meta property=\"og:title\" content=\"Premium Extruded &amp; Heat-Shrink Tubing, Molding Parts &amp; Gaskets | Yozonetech\" \/>\n<meta property=\"og:description\" content=\"Yozonetech offers a wide range of extruded tubings (PTFE, FEP, silicone, rubber), heat-shrink tubes, injection-molded parts, cable insulation, and gasket O-rings for semiconductor, industrial, and medical applications. Explore now.\" \/>\n<meta property=\"og:url\" content=\"https:\/\/www.chinaptfetube.com\/es\/certification-s\/\" \/>\n<meta property=\"og:site_name\" content=\"Yozonetech Co., Ltd.\" \/>\n<meta property=\"article:modified_time\" content=\"2025-08-28T09:50:14+00:00\" \/>\n<meta property=\"og:image\" content=\"https:\/\/www.chinaptfetube.com\/wp-content\/uploads\/2025\/06\/20220802100901.webp\" \/>\n\t<meta property=\"og:image:width\" content=\"400\" \/>\n\t<meta property=\"og:image:height\" content=\"600\" \/>\n\t<meta property=\"og:image:type\" content=\"image\/webp\" \/>\n<meta name=\"twitter:card\" content=\"summary_large_image\" \/>\n<meta name=\"twitter:label1\" content=\"Est. reading time\" \/>\n\t<meta name=\"twitter:data1\" content=\"2 minutos\" \/>\n<script type=\"application\/ld+json\" class=\"yoast-schema-graph\">{\"@context\":\"https:\/\/schema.org\",\"@graph\":[{\"@type\":\"WebPage\",\"@id\":\"https:\/\/www.chinaptfetube.com\/certification-s\/\",\"url\":\"https:\/\/www.chinaptfetube.com\/certification-s\/\",\"name\":\"Premium Extruded & Heat-Shrink Tubing, Molding Parts & Gaskets | Yozonetech\",\"isPartOf\":{\"@id\":\"https:\/\/www.chinaptfetube.com\/#website\"},\"primaryImageOfPage\":{\"@id\":\"https:\/\/www.chinaptfetube.com\/certification-s\/#primaryimage\"},\"image\":{\"@id\":\"https:\/\/www.chinaptfetube.com\/certification-s\/#primaryimage\"},\"thumbnailUrl\":\"https:\/\/www.chinaptfetube.com\/wp-content\/uploads\/2025\/06\/20220802100901.webp\",\"datePublished\":\"2025-02-27T03:16:09+00:00\",\"dateModified\":\"2025-08-28T09:50:14+00:00\",\"description\":\"Yozonetech offers a wide range of extruded tubings (PTFE, FEP, silicone, rubber), heat-shrink tubes, injection-molded parts, cable insulation, and gasket O-rings for semiconductor, industrial, and medical applications. Explore now.\",\"breadcrumb\":{\"@id\":\"https:\/\/www.chinaptfetube.com\/certification-s\/#breadcrumb\"},\"inLanguage\":\"es\",\"potentialAction\":[{\"@type\":\"ReadAction\",\"target\":[\"https:\/\/www.chinaptfetube.com\/certification-s\/\"]}]},{\"@type\":\"ImageObject\",\"inLanguage\":\"es\",\"@id\":\"https:\/\/www.chinaptfetube.com\/certification-s\/#primaryimage\",\"url\":\"https:\/\/www.chinaptfetube.com\/wp-content\/uploads\/2025\/06\/20220802100901.webp\",\"contentUrl\":\"https:\/\/www.chinaptfetube.com\/wp-content\/uploads\/2025\/06\/20220802100901.webp\"},{\"@type\":\"BreadcrumbList\",\"@id\":\"https:\/\/www.chinaptfetube.com\/certification-s\/#breadcrumb\",\"itemListElement\":[{\"@type\":\"ListItem\",\"position\":1,\"name\":\"Home\",\"item\":\"https:\/\/www.chinaptfetube.com\/\"},{\"@type\":\"ListItem\",\"position\":2,\"name\":\"Certification\"}]},{\"@type\":\"WebSite\",\"@id\":\"https:\/\/www.chinaptfetube.com\/#website\",\"url\":\"https:\/\/www.chinaptfetube.com\/\",\"name\":\"Yozonetech Co., Ltd.\",\"description\":\"Yozonetech Co., Ltd.\",\"publisher\":{\"@id\":\"https:\/\/www.chinaptfetube.com\/#organization\"},\"potentialAction\":[{\"@type\":\"SearchAction\",\"target\":{\"@type\":\"EntryPoint\",\"urlTemplate\":\"https:\/\/www.chinaptfetube.com\/?s={search_term_string}\"},\"query-input\":{\"@type\":\"PropertyValueSpecification\",\"valueRequired\":true,\"valueName\":\"search_term_string\"}}],\"inLanguage\":\"es\"},{\"@type\":\"Organization\",\"@id\":\"https:\/\/www.chinaptfetube.com\/#organization\",\"name\":\"Yozonetech Co., Ltd.\",\"url\":\"https:\/\/www.chinaptfetube.com\/\",\"logo\":{\"@type\":\"ImageObject\",\"inLanguage\":\"es\",\"@id\":\"https:\/\/www.chinaptfetube.com\/#\/schema\/logo\/image\/\",\"url\":\"https:\/\/www.chinaptfetube.com\/wp-content\/uploads\/2025\/06\/cropped-logo.webp\",\"contentUrl\":\"https:\/\/www.chinaptfetube.com\/wp-content\/uploads\/2025\/06\/cropped-logo.webp\",\"width\":388,\"height\":138,\"caption\":\"Yozonetech Co., Ltd.\"},\"image\":{\"@id\":\"https:\/\/www.chinaptfetube.com\/#\/schema\/logo\/image\/\"}}]}<\/script>\n<!-- \/ Yoast SEO plugin. -->","yoast_head_json":{"title":"Premium Extruded & Heat-Shrink Tubing, Molding Parts & Gaskets | Yozonetech","description":"Yozonetech offers a wide range of extruded tubings (PTFE, FEP, silicone, rubber), heat-shrink tubes, injection-molded parts, cable insulation, and gasket O-rings for semiconductor, industrial, and medical applications. Explore now.","robots":{"index":"index","follow":"follow","max-snippet":"max-snippet:-1","max-image-preview":"max-image-preview:large","max-video-preview":"max-video-preview:-1"},"canonical":"https:\/\/www.chinaptfetube.com\/es\/certification-s\/","og_locale":"es_ES","og_type":"article","og_title":"Premium Extruded & Heat-Shrink Tubing, Molding Parts & Gaskets | Yozonetech","og_description":"Yozonetech offers a wide range of extruded tubings (PTFE, FEP, silicone, rubber), heat-shrink tubes, injection-molded parts, cable insulation, and gasket O-rings for semiconductor, industrial, and medical applications. Explore now.","og_url":"https:\/\/www.chinaptfetube.com\/es\/certification-s\/","og_site_name":"Yozonetech Co., Ltd.","article_modified_time":"2025-08-28T09:50:14+00:00","og_image":[{"width":400,"height":600,"url":"https:\/\/www.chinaptfetube.com\/wp-content\/uploads\/2025\/06\/20220802100901.webp","type":"image\/webp"}],"twitter_card":"summary_large_image","twitter_misc":{"Est. reading time":"2 minutos"},"schema":{"@context":"https:\/\/schema.org","@graph":[{"@type":"WebPage","@id":"https:\/\/www.chinaptfetube.com\/certification-s\/","url":"https:\/\/www.chinaptfetube.com\/certification-s\/","name":"Premium Extruded & Heat-Shrink Tubing, Molding Parts & Gaskets | Yozonetech","isPartOf":{"@id":"https:\/\/www.chinaptfetube.com\/#website"},"primaryImageOfPage":{"@id":"https:\/\/www.chinaptfetube.com\/certification-s\/#primaryimage"},"image":{"@id":"https:\/\/www.chinaptfetube.com\/certification-s\/#primaryimage"},"thumbnailUrl":"https:\/\/www.chinaptfetube.com\/wp-content\/uploads\/2025\/06\/20220802100901.webp","datePublished":"2025-02-27T03:16:09+00:00","dateModified":"2025-08-28T09:50:14+00:00","description":"Yozonetech offers a wide range of extruded tubings (PTFE, FEP, silicone, rubber), heat-shrink tubes, injection-molded parts, cable insulation, and gasket O-rings for semiconductor, industrial, and medical applications. Explore now.","breadcrumb":{"@id":"https:\/\/www.chinaptfetube.com\/certification-s\/#breadcrumb"},"inLanguage":"es","potentialAction":[{"@type":"ReadAction","target":["https:\/\/www.chinaptfetube.com\/certification-s\/"]}]},{"@type":"ImageObject","inLanguage":"es","@id":"https:\/\/www.chinaptfetube.com\/certification-s\/#primaryimage","url":"https:\/\/www.chinaptfetube.com\/wp-content\/uploads\/2025\/06\/20220802100901.webp","contentUrl":"https:\/\/www.chinaptfetube.com\/wp-content\/uploads\/2025\/06\/20220802100901.webp"},{"@type":"BreadcrumbList","@id":"https:\/\/www.chinaptfetube.com\/certification-s\/#breadcrumb","itemListElement":[{"@type":"ListItem","position":1,"name":"Home","item":"https:\/\/www.chinaptfetube.com\/"},{"@type":"ListItem","position":2,"name":"Certification"}]},{"@type":"WebSite","@id":"https:\/\/www.chinaptfetube.com\/#website","url":"https:\/\/www.chinaptfetube.com\/","name":"Yozonetech Co., Ltd.","description":"Yozonetech Co., Ltd.","publisher":{"@id":"https:\/\/www.chinaptfetube.com\/#organization"},"potentialAction":[{"@type":"SearchAction","target":{"@type":"EntryPoint","urlTemplate":"https:\/\/www.chinaptfetube.com\/?s={search_term_string}"},"query-input":{"@type":"PropertyValueSpecification","valueRequired":true,"valueName":"search_term_string"}}],"inLanguage":"es"},{"@type":"Organization","@id":"https:\/\/www.chinaptfetube.com\/#organization","name":"Yozonetech Co., Ltd.","url":"https:\/\/www.chinaptfetube.com\/","logo":{"@type":"ImageObject","inLanguage":"es","@id":"https:\/\/www.chinaptfetube.com\/#\/schema\/logo\/image\/","url":"https:\/\/www.chinaptfetube.com\/wp-content\/uploads\/2025\/06\/cropped-logo.webp","contentUrl":"https:\/\/www.chinaptfetube.com\/wp-content\/uploads\/2025\/06\/cropped-logo.webp","width":388,"height":138,"caption":"Yozonetech Co., Ltd."},"image":{"@id":"https:\/\/www.chinaptfetube.com\/#\/schema\/logo\/image\/"}}]}},"_links":{"self":[{"href":"https:\/\/www.chinaptfetube.com\/es\/wp-json\/wp\/v2\/pages\/445","targetHints":{"allow":["GET"]}}],"collection":[{"href":"https:\/\/www.chinaptfetube.com\/es\/wp-json\/wp\/v2\/pages"}],"about":[{"href":"https:\/\/www.chinaptfetube.com\/es\/wp-json\/wp\/v2\/types\/page"}],"author":[{"embeddable":true,"href":"https:\/\/www.chinaptfetube.com\/es\/wp-json\/wp\/v2\/users\/1"}],"replies":[{"embeddable":true,"href":"https:\/\/www.chinaptfetube.com\/es\/wp-json\/wp\/v2\/comments?post=445"}],"version-history":[{"count":54,"href":"https:\/\/www.chinaptfetube.com\/es\/wp-json\/wp\/v2\/pages\/445\/revisions"}],"predecessor-version":[{"id":3989,"href":"https:\/\/www.chinaptfetube.com\/es\/wp-json\/wp\/v2\/pages\/445\/revisions\/3989"}],"wp:attachment":[{"href":"https:\/\/www.chinaptfetube.com\/es\/wp-json\/wp\/v2\/media?parent=445"}],"curies":[{"name":"wp","href":"https:\/\/api.w.org\/{rel}","templated":true}]}}