{"id":3260,"date":"2025-06-25T08:07:53","date_gmt":"2025-06-25T08:07:53","guid":{"rendered":"https:\/\/www.chinaptfetube.com\/?page_id=3260"},"modified":"2025-06-25T09:10:39","modified_gmt":"2025-06-25T09:10:39","slug":"terms-and-conditions","status":"publish","type":"page","link":"https:\/\/www.chinaptfetube.com\/es\/terms-and-conditions\/","title":{"rendered":"Condiciones generales"},"content":{"rendered":"<div class=\"path_bar\">\n        <div class=\"layout\">\n            <ul>\n                <li><a href=\"\/es\/\">Inicio<\/a><\/li>\n                <!--\u9762\u5305\u5c51-->\n               <li><a href=\"\">Condiciones generales<\/a><\/li>\n            <\/ul>\n        <\/div>\n    <\/div>\n\n\n\n<h1 class=\"wp-block-heading has-text-align-center\" style=\"font-size:30px\">Condiciones generales<\/h1>\n\n\n\n<p class=\"tb layout th2\"><strong>1. Requisitos del sistema recomendados para el navegador<\/strong><\/p>\n\n\n\n<p class=\"layout\">Para obtener los mejores resultados al utilizar el Sitio web, se recomienda respetar los requisitos del sistema que se indican a continuaci\u00f3n. La visualizaci\u00f3n del sitio web en un sistema que no cumpla los requisitos m\u00ednimos o en funci\u00f3n de la configuraci\u00f3n del navegador en un sistema que cumpla los requisitos, es posible que el sitio web no se pueda utilizar o no se muestre correctamente.<\/p>\n\n\n\n<p class=\"layout\"><strong>Navegadores recomendados<\/strong><\/p>\n\n\n\n<p class=\"layout\">Microsoft Internet Explorer 11.0 o superior<\/p>\n\n\n\n<p class=\"layout\">\u00daltima versi\u00f3n de Microsoft Edge<\/p>\n\n\n\n<p class=\"layout\">Safari \u00faltima versi\u00f3n<\/p>\n\n\n\n<p class=\"layout\">\u00daltima versi\u00f3n de Google Chrome<\/p>\n\n\n\n<p class=\"layout\">Firefox \u00faltima versi\u00f3n<\/p>\n\n\n\n<p class=\"layout\">Plugins<\/p>\n\n\n\n<p class=\"layout\"><strong>JavaScript<\/strong><\/p>\n\n\n\n<p class=\"layout\">Algunas partes del sitio web incluyen contenidos que utilizan JavaScript. Dependiendo de la configuraci\u00f3n de su navegador, JavaScript puede estar activado o desactivado. Para ver todos los contenidos, aseg\u00farese de que JavaScript est\u00e1 activado en su navegador.<\/p>\n\n\n\n<p class=\"th layout\"><strong>2. Derechos de autor y de marca<\/strong><\/p>\n\n\n\n<p class=\"layout\">Los derechos de autor de la informaci\u00f3n accesible desde el sitio web son propiedad de Yozonetech Co., Ltd. y sus empresas afiliadas y est\u00e1n protegidos por las leyes de derechos de autor de los pa\u00edses pertinentes, los tratados y cualesquiera otras leyes y reglamentos aplicables. Queda prohibido el uso privado por parte de un particular, as\u00ed como cualquier otro uso (copia, modificaci\u00f3n o distribuci\u00f3n) de la informaci\u00f3n del sitio web que exceda los l\u00edmites autorizados por las leyes de derechos de autor sin la autorizaci\u00f3n previa de Yozonetech.<\/p>\n\n\n\n<p class=\"layout\">Las marcas comerciales, logotipos y marcas de servicio utilizados en el Sitio Web son propiedad de Yozonetech y sus empresas afiliadas. No se concede ninguna licencia ni derecho de uso de dichas marcas comerciales, logotipos y marcas de servicio a ning\u00fan cliente de Yozonetech . Est\u00e1 prohibido utilizar, desviar y reproducir dichas marcas comerciales, logotipos y marcas de servicio sin la aprobaci\u00f3n de Yozonetech.<\/p>\n\n\n\n<p class=\"th layout\"><strong>3. Prohibiciones<\/strong><\/p>\n\n\n\n<p class=\"layout\">Quedan prohibidas las siguientes acciones en el acceso a la informaci\u00f3n del Sitio Web:<\/p>\n\n\n\n<p class=\"layout\">Infringir o amenazar con infringir las propiedades o la privacidad de Yozonetech o de terceros;<\/p>\n\n\n\n<p class=\"layout\">Dar o amenazar con dar cualquier p\u00e9rdida o da\u00f1o a cualquier tercero o Yozonetech ;<\/p>\n\n\n\n<p class=\"layout\">Actuar o amenazar con actuar contra el orden p\u00fablico y la moral;<\/p>\n\n\n\n<p class=\"layout\">Cometer o amenazar con cometer un delito o cualquier acto que conduzca a un delito;<\/p>\n\n\n\n<p class=\"layout\">Realizar cualquier solicitud o notificaci\u00f3n falsa, incluido el registro de la direcci\u00f3n de correo electr\u00f3nico de cualquier otra persona;<\/p>\n\n\n\n<p class=\"layout\">Realizar o prepararse para realizar cualquier actividad empresarial o lucrativa;<\/p>\n\n\n\n<p class=\"layout\">Lesionar el honor o el cr\u00e9dito de Yozonetech o de terceros;<\/p>\n\n\n\n<p class=\"layout\">Utilizar o suministrar, o amenazar con utilizar o suministrar, cualquier programa inform\u00e1tico da\u00f1ino, incluidos los virus inform\u00e1ticos;<\/p>\n\n\n\n<p class=\"layout\">violar o amenazar con violar cualquier ley, ordenanza o reglamento; y <\/p>\n\n\n\n<p class=\"layout\">Otros actos que Yozonetech considere inapropiados.<\/p>\n\n\n\n<p class=\"th layout\"><strong>4. Exenciones (garant\u00eda del contenido)<\/strong><\/p>\n\n\n\n<p class=\"layout\">Yozonetech pone el m\u00e1ximo cuidado en la divulgaci\u00f3n de la informaci\u00f3n en el Sitio web. Sin embargo, Yozonetech no garantiza ni declara que la informaci\u00f3n del Sitio web sea exacta, \u00fatil, segura o adecuada para los fines de los usuarios, ni segura (contra errores o peligros, incluidos los virus inform\u00e1ticos). Yozonetech no se responsabiliza de los da\u00f1os y perjuicios derivados o relacionados con el acceso y el uso del Sitio web.<\/p>\n\n\n\n<p class=\"layout\">La informaci\u00f3n del sitio web puede estar sujeta a cambios sin previo aviso. El funcionamiento del Sitio Web puede ser suspendido o finalizado. Asimismo, Yozonetech no se responsabiliza de los da\u00f1os y perjuicios derivados o relacionados con dichos cambios en la informaci\u00f3n del Sitio web o con la suspensi\u00f3n o el cese del funcionamiento del Sitio web por cualquier motivo.<\/p>\n\n\n\n<p class=\"layout\">El sitio web proporciona a los accionistas e inversores informaci\u00f3n relacionada con las finanzas y la gesti\u00f3n de Mitsubishi Heavy Industries, Ltd. y sus empresas afiliadas. Esta informaci\u00f3n se ofrece sin ninguna garant\u00eda ni afirmaci\u00f3n de exactitud.<\/p>\n\n\n\n<p class=\"th layout\"><strong>5. Enlaces<\/strong><\/p>\n\n\n\n<p class=\"layout\">Cualquier Sitio Web de terceros distintos de Yozonetech que est\u00e9 vinculado desde o hacia el Sitio Web (en adelante, \"Sitios de Enlace\") es operado por dicho tercero bajo su propia responsabilidad, pero no por Yozonetech . Se debe acceder y utilizar dicho Sitio de Enlace bajo las condiciones de uso especificadas para el mismo. Yozonetech no se responsabiliza de los da\u00f1os y perjuicios derivados o relacionados con el acceso o la utilizaci\u00f3n de dichos Sitios Enlazados.<\/p>\n\n\n\n<p class=\"layout\">Al establecer un enlace desde el exterior a la informaci\u00f3n (incluidos documentos e im\u00e1genes) del sitio web, el usuario, ya sea una empresa o un particular, no est\u00e1 obligado a solicitar previamente dicho enlace, siempre que, no obstante, dicho usuario est\u00e9 obligado a aceptar los presentes requisitos de uso del sitio web y las siguientes \"condiciones de enlace\"<\/p>\n\n\n\n<p class=\"layout\">Yozonetech no se hace responsable de ning\u00fan da\u00f1o derivado o relacionado con la conexi\u00f3n con el Sitio Web.<\/p>\n\n\n\n<p class=\"layout\">No se promete que la informaci\u00f3n o la URL del Sitio Web se mantengan de forma permanente, sino que, en principio, pueden estar sujetas a cambios sin previo aviso.<\/p>\n\n\n\n<p class=\"layout\">Queda terminantemente prohibido establecer enlaces con el Sitio Web que puedan suponer una infracci\u00f3n de los derechos de propiedad o de cualquier otro derecho de Yozonetech o una interferencia con las actividades comerciales de Yozonetech.<\/p>\n\n\n\n<p class=\"layout\">Est\u00e1 absolutamente prohibido establecer enlaces desde cualquier sitio web o correo que contenga la siguiente informaci\u00f3n al sitio web:<\/p>\n\n\n\n<p class=\"layout\">Informaci\u00f3n contra el orden p\u00fablico y la moral;<\/p>\n\n\n\n<p class=\"layout\">Informaci\u00f3n ilegal;<\/p>\n\n\n\n<p class=\"layout\">Contenidos pornogr\u00e1ficos; y<\/p>\n\n\n\n<p class=\"layout\">Informaci\u00f3n para abusar o difamar a Yozonetech o sus empresas afiliadas.<\/p>\n\n\n\n<p class=\"layout\">El enlace con el Sitio Web no representa ni implica relaci\u00f3n contractual alguna entre Yozonetech y dicha parte enlazante.<\/p>\n\n\n\n<p class=\"th layout\"><strong>6. C\u00f3mo tratar la informaci\u00f3n personal en el sitio web<\/strong><\/p>\n\n\n\n<p class=\"layout\">(1) Seguridad en la obtenci\u00f3n de informaci\u00f3n personal<\/p>\n\n\n\n<p class=\"layout\">Al obtener la informaci\u00f3n personal de un cliente de Yozonetech desde el sitio web, Yozonetech utiliza la capa de conexi\u00f3n segura (SSL) y otros medios de cifrado para proteger la informaci\u00f3n personal introducida a trav\u00e9s de un enlace de comunicaciones. El SSL es una tecnolog\u00eda general utilizada para la seguridad de las comunicaciones en Webnet, que puede cifrar los datos introducidos antes de que se transmitan por Internet y evitar que los datos introducidos sean interceptados o intervenidos. Si utiliza un navegador no compatible con SSL, no podr\u00e1 acceder a esta p\u00e1gina desde la intranet de su empresa debido a la configuraci\u00f3n del cortafuegos o de cualquier otro software.<\/p>\n\n\n\n<p class=\"layout\">(2) Recopilaci\u00f3n del historial de navegaci\u00f3n<\/p>\n\n\n\n<p class=\"layout\">El Sitio Web recoge informaci\u00f3n de su dispositivo con el fin de mejorar nuestros servicios y proporcionar una mejor experiencia al usuario. La informaci\u00f3n recopilada consiste, por ejemplo, en registros de acceso al servidor que incluyen informaci\u00f3n del sistema y la direcci\u00f3n IP, cookies y balizas web.<\/p>\n\n\n\n<p class=\"layout\">La informaci\u00f3n recogida es an\u00f3nima y no es posible identificar a ning\u00fan individuo o usuario concreto.<\/p>\n\n\n\n<p class=\"layout\">Puede rechazar las cookies u obtener un aviso cuando reciba una cookie configurando su navegador en consecuencia. Si rechaza todas las cookies, podr\u00e1 seguir utilizando el sitio web, aunque es posible que algunas partes no funcionen correctamente. P\u00f3ngase en contacto con el fabricante o proveedor de su navegador para saber c\u00f3mo cambiar la configuraci\u00f3n.<\/p>\n\n\n\n<p class=\"layout\">*Google Analytics<\/p>\n\n\n\n<p class=\"layout\">El sitio web utiliza Google Analytics, proporcionado por Google Inc. para recopilar, registrar y analizar patrones de navegaci\u00f3n. Google Analytics utiliza cookies para recopilar informaci\u00f3n, pero no recoge datos que permitan identificar a usuarios individuales. Para inhabilitar Google Analytics, descargue e instale el \"Complemento de inhabilitaci\u00f3n de Google Analytics\" de la p\u00e1gina de descarga del Complemento de inhabilitaci\u00f3n de Google Analytics y cambie la configuraci\u00f3n del complemento de su navegador. La informaci\u00f3n recopilada se gestiona de acuerdo con la pol\u00edtica de privacidad de Google.<\/p>\n\n\n\n<p class=\"layout\">(3) Otros<\/p>\n\n\n\n<p class=\"layout\">Yozonetech no puede asumir ninguna responsabilidad por el mantenimiento de la seguridad de su informaci\u00f3n personal en cualquier otro sitio web vinculado con el sitio web. Si tiene alguna duda o consulta en relaci\u00f3n con el tratamiento de la informaci\u00f3n personal, acceda directamente a cada sitio web pertinente.<\/p>\n\n\n\n<p class=\"th layout\"><strong>7. Ley aplicable y jurisdicci\u00f3n<\/strong><\/p>\n\n\n\n<p class=\"layout\">Salvo que se disponga lo contrario en el presente documento, el acceso y el uso del Sitio Web, as\u00ed como la aplicaci\u00f3n y la interpretaci\u00f3n de estos requisitos de uso, se regir\u00e1n por la legislaci\u00f3n de China.<\/p>\n\n\n\n<p class=\"tb2 layout\">A menos que se disponga lo contrario en el presente documento, cualquier disputa que surja de o en relaci\u00f3n con el acceso y uso del Sitio Web se resolver\u00e1 finalmente en el Tribunal de Distrito de Pek\u00edn como tribunal jurisdiccional competente.<\/p>\n\n\n\n<style>\n.tb{\nmargin-top:30px\n\n}\n.tb2{\nmargin-bottom:45px\n\n}\n.th{\nmargin:20px auto\n\n}\n.th2{\nmargin-bottom:20px\n}\n\n<\/style>","protected":false},"excerpt":{"rendered":"<p>Home Terms And Conditions Terms And Conditions 1. Recommended System Requirements for Browser For best results when using the Website, it is recommended that you observe the system requirements listed below. Viewing the Website on a system that falls below the minimum requirements or depending on the browser settings on a system that meets the [&hellip;]<\/p>","protected":false},"author":1,"featured_media":0,"parent":0,"menu_order":0,"comment_status":"closed","ping_status":"closed","template":"","meta":{"footnotes":""},"class_list":["post-3260","page","type-page","status-publish","hentry"],"yoast_head":"<!-- This site is optimized with the Yoast SEO plugin v24.4 - https:\/\/yoast.com\/wordpress\/plugins\/seo\/ -->\n<title>Premium Extruded &amp; Heat-Shrink Tubing, Molding Parts &amp; Gaskets | Yozonetech<\/title>\n<meta name=\"description\" content=\"Yozonetech offers a wide range of extruded tubings (PTFE, FEP, silicone, rubber), heat-shrink tubes, injection-molded parts, cable insulation, and gasket O-rings for semiconductor, industrial, and medical applications. Explore now.\" \/>\n<meta name=\"robots\" content=\"index, follow, max-snippet:-1, max-image-preview:large, max-video-preview:-1\" \/>\n<link rel=\"canonical\" href=\"https:\/\/www.chinaptfetube.com\/es\/terms-and-conditions\/\" \/>\n<meta property=\"og:locale\" content=\"es_ES\" \/>\n<meta property=\"og:type\" content=\"article\" \/>\n<meta property=\"og:title\" content=\"Premium Extruded &amp; Heat-Shrink Tubing, Molding Parts &amp; Gaskets | Yozonetech\" \/>\n<meta property=\"og:description\" content=\"Yozonetech offers a wide range of extruded tubings (PTFE, FEP, silicone, rubber), heat-shrink tubes, injection-molded parts, cable insulation, and gasket O-rings for semiconductor, industrial, and medical applications. Explore now.\" \/>\n<meta property=\"og:url\" content=\"https:\/\/www.chinaptfetube.com\/es\/terms-and-conditions\/\" \/>\n<meta property=\"og:site_name\" content=\"Yozonetech Co., Ltd.\" \/>\n<meta property=\"article:modified_time\" content=\"2025-06-25T09:10:39+00:00\" \/>\n<meta name=\"twitter:card\" content=\"summary_large_image\" \/>\n<meta name=\"twitter:label1\" content=\"Est. reading time\" \/>\n\t<meta name=\"twitter:data1\" content=\"6 minutos\" \/>\n<script type=\"application\/ld+json\" class=\"yoast-schema-graph\">{\"@context\":\"https:\/\/schema.org\",\"@graph\":[{\"@type\":\"WebPage\",\"@id\":\"https:\/\/www.chinaptfetube.com\/terms-and-conditions\/\",\"url\":\"https:\/\/www.chinaptfetube.com\/terms-and-conditions\/\",\"name\":\"Premium Extruded & Heat-Shrink Tubing, Molding Parts & Gaskets | Yozonetech\",\"isPartOf\":{\"@id\":\"https:\/\/www.chinaptfetube.com\/#website\"},\"datePublished\":\"2025-06-25T08:07:53+00:00\",\"dateModified\":\"2025-06-25T09:10:39+00:00\",\"description\":\"Yozonetech offers a wide range of extruded tubings (PTFE, FEP, silicone, rubber), heat-shrink tubes, injection-molded parts, cable insulation, and gasket O-rings for semiconductor, industrial, and medical applications. Explore now.\",\"breadcrumb\":{\"@id\":\"https:\/\/www.chinaptfetube.com\/terms-and-conditions\/#breadcrumb\"},\"inLanguage\":\"es\",\"potentialAction\":[{\"@type\":\"ReadAction\",\"target\":[\"https:\/\/www.chinaptfetube.com\/terms-and-conditions\/\"]}]},{\"@type\":\"BreadcrumbList\",\"@id\":\"https:\/\/www.chinaptfetube.com\/terms-and-conditions\/#breadcrumb\",\"itemListElement\":[{\"@type\":\"ListItem\",\"position\":1,\"name\":\"Home\",\"item\":\"https:\/\/www.chinaptfetube.com\/\"},{\"@type\":\"ListItem\",\"position\":2,\"name\":\"Terms And Conditions\"}]},{\"@type\":\"WebSite\",\"@id\":\"https:\/\/www.chinaptfetube.com\/#website\",\"url\":\"https:\/\/www.chinaptfetube.com\/\",\"name\":\"Yozonetech Co., Ltd.\",\"description\":\"Yozonetech Co., Ltd.\",\"publisher\":{\"@id\":\"https:\/\/www.chinaptfetube.com\/#organization\"},\"potentialAction\":[{\"@type\":\"SearchAction\",\"target\":{\"@type\":\"EntryPoint\",\"urlTemplate\":\"https:\/\/www.chinaptfetube.com\/?s={search_term_string}\"},\"query-input\":{\"@type\":\"PropertyValueSpecification\",\"valueRequired\":true,\"valueName\":\"search_term_string\"}}],\"inLanguage\":\"es\"},{\"@type\":\"Organization\",\"@id\":\"https:\/\/www.chinaptfetube.com\/#organization\",\"name\":\"Yozonetech Co., Ltd.\",\"url\":\"https:\/\/www.chinaptfetube.com\/\",\"logo\":{\"@type\":\"ImageObject\",\"inLanguage\":\"es\",\"@id\":\"https:\/\/www.chinaptfetube.com\/#\/schema\/logo\/image\/\",\"url\":\"https:\/\/www.chinaptfetube.com\/wp-content\/uploads\/2025\/06\/cropped-logo.webp\",\"contentUrl\":\"https:\/\/www.chinaptfetube.com\/wp-content\/uploads\/2025\/06\/cropped-logo.webp\",\"width\":388,\"height\":138,\"caption\":\"Yozonetech Co., Ltd.\"},\"image\":{\"@id\":\"https:\/\/www.chinaptfetube.com\/#\/schema\/logo\/image\/\"}}]}<\/script>\n<!-- \/ Yoast SEO plugin. -->","yoast_head_json":{"title":"Premium Extruded & Heat-Shrink Tubing, Molding Parts & Gaskets | Yozonetech","description":"Yozonetech offers a wide range of extruded tubings (PTFE, FEP, silicone, rubber), heat-shrink tubes, injection-molded parts, cable insulation, and gasket O-rings for semiconductor, industrial, and medical applications. Explore now.","robots":{"index":"index","follow":"follow","max-snippet":"max-snippet:-1","max-image-preview":"max-image-preview:large","max-video-preview":"max-video-preview:-1"},"canonical":"https:\/\/www.chinaptfetube.com\/es\/terms-and-conditions\/","og_locale":"es_ES","og_type":"article","og_title":"Premium Extruded & Heat-Shrink Tubing, Molding Parts & Gaskets | Yozonetech","og_description":"Yozonetech offers a wide range of extruded tubings (PTFE, FEP, silicone, rubber), heat-shrink tubes, injection-molded parts, cable insulation, and gasket O-rings for semiconductor, industrial, and medical applications. Explore now.","og_url":"https:\/\/www.chinaptfetube.com\/es\/terms-and-conditions\/","og_site_name":"Yozonetech Co., Ltd.","article_modified_time":"2025-06-25T09:10:39+00:00","twitter_card":"summary_large_image","twitter_misc":{"Est. reading time":"6 minutos"},"schema":{"@context":"https:\/\/schema.org","@graph":[{"@type":"WebPage","@id":"https:\/\/www.chinaptfetube.com\/terms-and-conditions\/","url":"https:\/\/www.chinaptfetube.com\/terms-and-conditions\/","name":"Premium Extruded & Heat-Shrink Tubing, Molding Parts & Gaskets | Yozonetech","isPartOf":{"@id":"https:\/\/www.chinaptfetube.com\/#website"},"datePublished":"2025-06-25T08:07:53+00:00","dateModified":"2025-06-25T09:10:39+00:00","description":"Yozonetech offers a wide range of extruded tubings (PTFE, FEP, silicone, rubber), heat-shrink tubes, injection-molded parts, cable insulation, and gasket O-rings for semiconductor, industrial, and medical applications. Explore now.","breadcrumb":{"@id":"https:\/\/www.chinaptfetube.com\/terms-and-conditions\/#breadcrumb"},"inLanguage":"es","potentialAction":[{"@type":"ReadAction","target":["https:\/\/www.chinaptfetube.com\/terms-and-conditions\/"]}]},{"@type":"BreadcrumbList","@id":"https:\/\/www.chinaptfetube.com\/terms-and-conditions\/#breadcrumb","itemListElement":[{"@type":"ListItem","position":1,"name":"Home","item":"https:\/\/www.chinaptfetube.com\/"},{"@type":"ListItem","position":2,"name":"Terms And Conditions"}]},{"@type":"WebSite","@id":"https:\/\/www.chinaptfetube.com\/#website","url":"https:\/\/www.chinaptfetube.com\/","name":"Yozonetech Co., Ltd.","description":"Yozonetech Co., Ltd.","publisher":{"@id":"https:\/\/www.chinaptfetube.com\/#organization"},"potentialAction":[{"@type":"SearchAction","target":{"@type":"EntryPoint","urlTemplate":"https:\/\/www.chinaptfetube.com\/?s={search_term_string}"},"query-input":{"@type":"PropertyValueSpecification","valueRequired":true,"valueName":"search_term_string"}}],"inLanguage":"es"},{"@type":"Organization","@id":"https:\/\/www.chinaptfetube.com\/#organization","name":"Yozonetech Co., Ltd.","url":"https:\/\/www.chinaptfetube.com\/","logo":{"@type":"ImageObject","inLanguage":"es","@id":"https:\/\/www.chinaptfetube.com\/#\/schema\/logo\/image\/","url":"https:\/\/www.chinaptfetube.com\/wp-content\/uploads\/2025\/06\/cropped-logo.webp","contentUrl":"https:\/\/www.chinaptfetube.com\/wp-content\/uploads\/2025\/06\/cropped-logo.webp","width":388,"height":138,"caption":"Yozonetech Co., Ltd."},"image":{"@id":"https:\/\/www.chinaptfetube.com\/#\/schema\/logo\/image\/"}}]}},"_links":{"self":[{"href":"https:\/\/www.chinaptfetube.com\/es\/wp-json\/wp\/v2\/pages\/3260","targetHints":{"allow":["GET"]}}],"collection":[{"href":"https:\/\/www.chinaptfetube.com\/es\/wp-json\/wp\/v2\/pages"}],"about":[{"href":"https:\/\/www.chinaptfetube.com\/es\/wp-json\/wp\/v2\/types\/page"}],"author":[{"embeddable":true,"href":"https:\/\/www.chinaptfetube.com\/es\/wp-json\/wp\/v2\/users\/1"}],"replies":[{"embeddable":true,"href":"https:\/\/www.chinaptfetube.com\/es\/wp-json\/wp\/v2\/comments?post=3260"}],"version-history":[{"count":4,"href":"https:\/\/www.chinaptfetube.com\/es\/wp-json\/wp\/v2\/pages\/3260\/revisions"}],"predecessor-version":[{"id":3292,"href":"https:\/\/www.chinaptfetube.com\/es\/wp-json\/wp\/v2\/pages\/3260\/revisions\/3292"}],"wp:attachment":[{"href":"https:\/\/www.chinaptfetube.com\/es\/wp-json\/wp\/v2\/media?parent=3260"}],"curies":[{"name":"wp","href":"https:\/\/api.w.org\/{rel}","templated":true}]}}