{"id":3255,"date":"2025-06-25T07:59:37","date_gmt":"2025-06-25T07:59:37","guid":{"rendered":"https:\/\/www.chinaptfetube.com\/?page_id=3255"},"modified":"2025-06-25T08:02:55","modified_gmt":"2025-06-25T08:02:55","slug":"privacy-policy","status":"publish","type":"page","link":"https:\/\/www.chinaptfetube.com\/es\/privacy-policy\/","title":{"rendered":"Pol\u00edtica de privacidad"},"content":{"rendered":"<div class=\"path_bar\">\n        <div class=\"layout\">\n            <ul>\n                <li><a href=\"\/es\/\">Inicio<\/a><\/li>\n                <!--\u9762\u5305\u5c51-->\n               <li><a href=\"\">Pol\u00edtica de privacidad<\/a><\/li>\n            <\/ul>\n        <\/div>\n    <\/div>\n\n\n\n<h1 class=\"wp-block-heading has-text-align-center layout\" style=\"font-size:30px\">Pol\u00edtica de privacidad<\/h1>\n\n\n\n<p class=\"layout tb\">La privacidad del cliente es una prioridad. Cualquier informaci\u00f3n que nos proporcione durante el proceso de pedido o cuando realice una consulta se utilizar\u00e1 exclusivamente para ese fin, a menos que contemos con su consentimiento para hacer otra cosa. Nuestros sistemas no son accesibles por personal no autorizado, siguiendo una conducta estricta recogida en la Ley de Protecci\u00f3n de Datos.<\/p>\n\n\n\n<p class=\"layout\">El uso de este sitio web y sus servicios implica su consentimiento a la recopilaci\u00f3n de la informaci\u00f3n necesaria para procesar su pedido o consulta en la medida de la administraci\u00f3n del pago y la ejecuci\u00f3n de su entrega, proporcion\u00e1ndole el mejor servicio posible.<\/p>\n\n\n\n<p class=\"layout\">Por regla general, puede utilizar nuestro sitio web sin facilitar datos personales. Cualquier nombre o direcci\u00f3n de correo electr\u00f3nico recopilados en nuestro sitio se recogen de forma voluntaria.<\/p>\n\n\n\n<p class=\"layout th\"><strong>Google Analytics<\/strong><\/p>\n\n\n\n<p class=\"layout\">Este sitio web utiliza funciones del servicio de an\u00e1lisis web Google Analytics. Este servicio es prestado por Google Inc, 1600 Amphitheater Parkway Mountain View, CA 94043, EE.UU..<\/p>\n\n\n\n<p class=\"layout\">Google Analytics utiliza \"cookies\". Se trata de archivos de texto que se almacenan en su ordenador para ayudar al website a analizar el uso que hacen los usuarios del sitio web. La informaci\u00f3n que genera la cookie acerca de su uso de este sitio web generalmente se transfiere a un servidor de Google en los EE.UU. y se almacena all\u00ed.<\/p>\n\n\n\n<p class=\"layout\">Puede evitar que Google Analytics recopile sus datos haciendo clic en el siguiente enlace. Esto establece una cookie de inhabilitaci\u00f3n, que impedir\u00e1 que se recopilen datos durante futuras visitas a este sitio web.<\/p>\n\n\n\n<p class=\"layout\">Sus datos no se comunicar\u00e1n a terceros.<\/p>\n\n\n\n<p class=\"layout th\"><strong>Cifrado SSL<\/strong><\/p>\n\n\n\n<p class=\"layout\">Este sitio utiliza el cifrado SSL por razones de seguridad y para proteger la transmisi\u00f3n de contenidos confidenciales, como las consultas que nos env\u00eda como operador del sitio. Puede reconocer una conexi\u00f3n cifrada en la l\u00ednea de direcci\u00f3n de su navegador cuando cambia de \"http:\/\/\" a \"https:\/\/\" y aparece el icono del candado en la barra de direcciones de su navegador. Si el cifrado SSL est\u00e1 activado, los datos que nos transmita no podr\u00e1n ser le\u00eddos por terceros.<\/p>\n\n\n\n<p class=\"layout th\"><strong>Qu\u00e9 recogemos:<\/strong><\/p>\n\n\n\n<p class=\"layout\">Si env\u00eda una consulta desde nuestra lista de precios, presupuesto o p\u00e1gina de contacto.<\/p>\n\n\n\n<p class=\"layout\">Este sitio web utiliza cookies para recopilar datos<\/p>\n\n\n\n<p class=\"layout\">\u00bfC\u00f3mo utilizamos su informaci\u00f3n?<\/p>\n\n\n\n<p class=\"layout\">Toda la informaci\u00f3n que recopilemos sobre usted podr\u00e1 utilizarse de una o varias de las siguientes formas:<\/p>\n\n\n\n<p class=\"layout\">Su correo electr\u00f3nico s\u00f3lo se utilizar\u00e1 para enviarle las listas de precios solicitadas y responder a sus preguntas o consultas.<\/p>\n\n\n\n<p class=\"layout\">Su direcci\u00f3n de correo electr\u00f3nico no se utilizar\u00e1 para ning\u00fan otro fin.<\/p>\n\n\n\n<p class=\"layout\">Para mejorar nuestro sitio web.<\/p>\n\n\n\n<p class=\"layout th\"><strong>Cookies<\/strong><\/p>\n\n\n\n<p class=\"layout\">Al visitar la mayor\u00eda de las p\u00e1ginas web, se almacena en su ordenador un peque\u00f1o archivo de texto llamado cookie. En spaciest.co. Espa\u00f1a, utilizamos cookies para ayudar a controlar la selecci\u00f3n de art\u00edculos en su cesta y recuperar estos art\u00edculos en visitas posteriores al sitio.<\/p>\n\n\n\n<p class=\"layout\">Las cookies son inofensivas para su ordenador. Las cookies que creamos no almacenan informaci\u00f3n personal identificable, sino que recopilan informaci\u00f3n encriptada que ayuda a mejorar su experiencia en el sitio. Ayudan, por ejemplo, a identificar y resolver errores, o a mostrarle productos relevantes de su inter\u00e9s mientras navega.<\/p>\n\n\n\n<p class=\"layout tb2\">Trabajamos con una serie de proveedores cuidadosamente seleccionados y supervisados que tambi\u00e9n pueden almacenar cookies durante una visita al sitio que se utilizan con fines de remarketing. Estas cookies se utilizan para destacar otros productos y servicios relacionados con los art\u00edculos buscados.<\/p>\n\n\n\n<style>\n.tb{\nmargin-top:30px\n\n}\n.tb2{\nmargin-bottom:45px\n\n}\n.th{\nmargin:20px auto\n\n}\n\n\n<\/style>","protected":false},"excerpt":{"rendered":"<p>Home Privacy Policy Privacy Policy Customer privacy is a high priority. Any information you provide during the order process or when you make an inquiry is used solely for that purpose unless we have your consent to do otherwise. Our systems are not accessible by unauthorized personnel, following strict conduct outlined in the Data Protection [&hellip;]<\/p>","protected":false},"author":1,"featured_media":0,"parent":0,"menu_order":0,"comment_status":"closed","ping_status":"closed","template":"","meta":{"footnotes":""},"class_list":["post-3255","page","type-page","status-publish","hentry"],"yoast_head":"<!-- This site is optimized with the Yoast SEO plugin v24.4 - https:\/\/yoast.com\/wordpress\/plugins\/seo\/ -->\n<title>Premium Extruded &amp; Heat-Shrink Tubing, Molding Parts &amp; Gaskets | Yozonetech<\/title>\n<meta name=\"description\" content=\"Yozonetech offers a wide range of extruded tubings (PTFE, FEP, silicone, rubber), heat-shrink tubes, injection-molded parts, cable insulation, and gasket O-rings for semiconductor, industrial, and medical applications. Explore now.\" \/>\n<meta name=\"robots\" content=\"index, follow, max-snippet:-1, max-image-preview:large, max-video-preview:-1\" \/>\n<link rel=\"canonical\" href=\"https:\/\/www.chinaptfetube.com\/es\/privacy-policy\/\" \/>\n<meta property=\"og:locale\" content=\"es_ES\" \/>\n<meta property=\"og:type\" content=\"article\" \/>\n<meta property=\"og:title\" content=\"Premium Extruded &amp; Heat-Shrink Tubing, Molding Parts &amp; Gaskets | Yozonetech\" \/>\n<meta property=\"og:description\" content=\"Yozonetech offers a wide range of extruded tubings (PTFE, FEP, silicone, rubber), heat-shrink tubes, injection-molded parts, cable insulation, and gasket O-rings for semiconductor, industrial, and medical applications. Explore now.\" \/>\n<meta property=\"og:url\" content=\"https:\/\/www.chinaptfetube.com\/es\/privacy-policy\/\" \/>\n<meta property=\"og:site_name\" content=\"Yozonetech Co., Ltd.\" \/>\n<meta property=\"article:modified_time\" content=\"2025-06-25T08:02:55+00:00\" \/>\n<meta name=\"twitter:card\" content=\"summary_large_image\" \/>\n<meta name=\"twitter:label1\" content=\"Est. reading time\" \/>\n\t<meta name=\"twitter:data1\" content=\"3 minutos\" \/>\n<script type=\"application\/ld+json\" class=\"yoast-schema-graph\">{\"@context\":\"https:\/\/schema.org\",\"@graph\":[{\"@type\":\"WebPage\",\"@id\":\"https:\/\/www.chinaptfetube.com\/privacy-policy\/\",\"url\":\"https:\/\/www.chinaptfetube.com\/privacy-policy\/\",\"name\":\"Premium Extruded & Heat-Shrink Tubing, Molding Parts & Gaskets | Yozonetech\",\"isPartOf\":{\"@id\":\"https:\/\/www.chinaptfetube.com\/#website\"},\"datePublished\":\"2025-06-25T07:59:37+00:00\",\"dateModified\":\"2025-06-25T08:02:55+00:00\",\"description\":\"Yozonetech offers a wide range of extruded tubings (PTFE, FEP, silicone, rubber), heat-shrink tubes, injection-molded parts, cable insulation, and gasket O-rings for semiconductor, industrial, and medical applications. Explore now.\",\"breadcrumb\":{\"@id\":\"https:\/\/www.chinaptfetube.com\/privacy-policy\/#breadcrumb\"},\"inLanguage\":\"es\",\"potentialAction\":[{\"@type\":\"ReadAction\",\"target\":[\"https:\/\/www.chinaptfetube.com\/privacy-policy\/\"]}]},{\"@type\":\"BreadcrumbList\",\"@id\":\"https:\/\/www.chinaptfetube.com\/privacy-policy\/#breadcrumb\",\"itemListElement\":[{\"@type\":\"ListItem\",\"position\":1,\"name\":\"Home\",\"item\":\"https:\/\/www.chinaptfetube.com\/\"},{\"@type\":\"ListItem\",\"position\":2,\"name\":\"Privacy Policy\"}]},{\"@type\":\"WebSite\",\"@id\":\"https:\/\/www.chinaptfetube.com\/#website\",\"url\":\"https:\/\/www.chinaptfetube.com\/\",\"name\":\"Yozonetech Co., Ltd.\",\"description\":\"Yozonetech Co., Ltd.\",\"publisher\":{\"@id\":\"https:\/\/www.chinaptfetube.com\/#organization\"},\"potentialAction\":[{\"@type\":\"SearchAction\",\"target\":{\"@type\":\"EntryPoint\",\"urlTemplate\":\"https:\/\/www.chinaptfetube.com\/?s={search_term_string}\"},\"query-input\":{\"@type\":\"PropertyValueSpecification\",\"valueRequired\":true,\"valueName\":\"search_term_string\"}}],\"inLanguage\":\"es\"},{\"@type\":\"Organization\",\"@id\":\"https:\/\/www.chinaptfetube.com\/#organization\",\"name\":\"Yozonetech Co., Ltd.\",\"url\":\"https:\/\/www.chinaptfetube.com\/\",\"logo\":{\"@type\":\"ImageObject\",\"inLanguage\":\"es\",\"@id\":\"https:\/\/www.chinaptfetube.com\/#\/schema\/logo\/image\/\",\"url\":\"https:\/\/www.chinaptfetube.com\/wp-content\/uploads\/2025\/06\/cropped-logo.webp\",\"contentUrl\":\"https:\/\/www.chinaptfetube.com\/wp-content\/uploads\/2025\/06\/cropped-logo.webp\",\"width\":388,\"height\":138,\"caption\":\"Yozonetech Co., Ltd.\"},\"image\":{\"@id\":\"https:\/\/www.chinaptfetube.com\/#\/schema\/logo\/image\/\"}}]}<\/script>\n<!-- \/ Yoast SEO plugin. -->","yoast_head_json":{"title":"Premium Extruded & Heat-Shrink Tubing, Molding Parts & Gaskets | Yozonetech","description":"Yozonetech offers a wide range of extruded tubings (PTFE, FEP, silicone, rubber), heat-shrink tubes, injection-molded parts, cable insulation, and gasket O-rings for semiconductor, industrial, and medical applications. Explore now.","robots":{"index":"index","follow":"follow","max-snippet":"max-snippet:-1","max-image-preview":"max-image-preview:large","max-video-preview":"max-video-preview:-1"},"canonical":"https:\/\/www.chinaptfetube.com\/es\/privacy-policy\/","og_locale":"es_ES","og_type":"article","og_title":"Premium Extruded & Heat-Shrink Tubing, Molding Parts & Gaskets | Yozonetech","og_description":"Yozonetech offers a wide range of extruded tubings (PTFE, FEP, silicone, rubber), heat-shrink tubes, injection-molded parts, cable insulation, and gasket O-rings for semiconductor, industrial, and medical applications. Explore now.","og_url":"https:\/\/www.chinaptfetube.com\/es\/privacy-policy\/","og_site_name":"Yozonetech Co., Ltd.","article_modified_time":"2025-06-25T08:02:55+00:00","twitter_card":"summary_large_image","twitter_misc":{"Est. reading time":"3 minutos"},"schema":{"@context":"https:\/\/schema.org","@graph":[{"@type":"WebPage","@id":"https:\/\/www.chinaptfetube.com\/privacy-policy\/","url":"https:\/\/www.chinaptfetube.com\/privacy-policy\/","name":"Premium Extruded & Heat-Shrink Tubing, Molding Parts & Gaskets | Yozonetech","isPartOf":{"@id":"https:\/\/www.chinaptfetube.com\/#website"},"datePublished":"2025-06-25T07:59:37+00:00","dateModified":"2025-06-25T08:02:55+00:00","description":"Yozonetech offers a wide range of extruded tubings (PTFE, FEP, silicone, rubber), heat-shrink tubes, injection-molded parts, cable insulation, and gasket O-rings for semiconductor, industrial, and medical applications. Explore now.","breadcrumb":{"@id":"https:\/\/www.chinaptfetube.com\/privacy-policy\/#breadcrumb"},"inLanguage":"es","potentialAction":[{"@type":"ReadAction","target":["https:\/\/www.chinaptfetube.com\/privacy-policy\/"]}]},{"@type":"BreadcrumbList","@id":"https:\/\/www.chinaptfetube.com\/privacy-policy\/#breadcrumb","itemListElement":[{"@type":"ListItem","position":1,"name":"Home","item":"https:\/\/www.chinaptfetube.com\/"},{"@type":"ListItem","position":2,"name":"Privacy Policy"}]},{"@type":"WebSite","@id":"https:\/\/www.chinaptfetube.com\/#website","url":"https:\/\/www.chinaptfetube.com\/","name":"Yozonetech Co., Ltd.","description":"Yozonetech Co., Ltd.","publisher":{"@id":"https:\/\/www.chinaptfetube.com\/#organization"},"potentialAction":[{"@type":"SearchAction","target":{"@type":"EntryPoint","urlTemplate":"https:\/\/www.chinaptfetube.com\/?s={search_term_string}"},"query-input":{"@type":"PropertyValueSpecification","valueRequired":true,"valueName":"search_term_string"}}],"inLanguage":"es"},{"@type":"Organization","@id":"https:\/\/www.chinaptfetube.com\/#organization","name":"Yozonetech Co., Ltd.","url":"https:\/\/www.chinaptfetube.com\/","logo":{"@type":"ImageObject","inLanguage":"es","@id":"https:\/\/www.chinaptfetube.com\/#\/schema\/logo\/image\/","url":"https:\/\/www.chinaptfetube.com\/wp-content\/uploads\/2025\/06\/cropped-logo.webp","contentUrl":"https:\/\/www.chinaptfetube.com\/wp-content\/uploads\/2025\/06\/cropped-logo.webp","width":388,"height":138,"caption":"Yozonetech Co., Ltd."},"image":{"@id":"https:\/\/www.chinaptfetube.com\/#\/schema\/logo\/image\/"}}]}},"_links":{"self":[{"href":"https:\/\/www.chinaptfetube.com\/es\/wp-json\/wp\/v2\/pages\/3255","targetHints":{"allow":["GET"]}}],"collection":[{"href":"https:\/\/www.chinaptfetube.com\/es\/wp-json\/wp\/v2\/pages"}],"about":[{"href":"https:\/\/www.chinaptfetube.com\/es\/wp-json\/wp\/v2\/types\/page"}],"author":[{"embeddable":true,"href":"https:\/\/www.chinaptfetube.com\/es\/wp-json\/wp\/v2\/users\/1"}],"replies":[{"embeddable":true,"href":"https:\/\/www.chinaptfetube.com\/es\/wp-json\/wp\/v2\/comments?post=3255"}],"version-history":[{"count":4,"href":"https:\/\/www.chinaptfetube.com\/es\/wp-json\/wp\/v2\/pages\/3255\/revisions"}],"predecessor-version":[{"id":3257,"href":"https:\/\/www.chinaptfetube.com\/es\/wp-json\/wp\/v2\/pages\/3255\/revisions\/3257"}],"wp:attachment":[{"href":"https:\/\/www.chinaptfetube.com\/es\/wp-json\/wp\/v2\/media?parent=3255"}],"curies":[{"name":"wp","href":"https:\/\/api.w.org\/{rel}","templated":true}]}}