{"id":3251,"date":"2025-06-25T08:20:18","date_gmt":"2025-06-25T08:20:18","guid":{"rendered":"https:\/\/www.chinaptfetube.com\/?page_id=3251"},"modified":"2025-09-09T05:39:58","modified_gmt":"2025-09-09T05:39:58","slug":"service","status":"publish","type":"page","link":"https:\/\/www.chinaptfetube.com\/es\/service\/","title":{"rendered":"Servicio"},"content":{"rendered":"<div class=\"path_bar\">\n        <div class=\"layout\">\n            <ul>\n                <li><a href=\"\/es\/\">Inicio<\/a><\/li>\n                <!--\u9762\u5305\u5c51-->\n               <li><a href=\"\">Servicio<\/a><\/li>\n            <\/ul>\n        <\/div>\n    <\/div>\n\n\n\n<h1 class=\"wp-block-heading has-text-align-center layout mb3\" style=\"font-size:30px\">Servicios integrales para tubos de PTFE, FEP, PFA y caucho<\/h1>\n\n\n\n<h2 class=\"wp-block-heading h2 layout\"><strong>Servicio excepcional<\/strong><\/h2>\n\n\n\n<p class=\"layout th\">Como empresa de confianza <a href=\"https:\/\/www.chinaptfetube.com\/es\/about-us\/\">Fabricante de tubos de PTFE<\/a>Nos tomamos en serio todas las preocupaciones de nuestros clientes y resolvemos los problemas de los productos con eficacia. Nuestro equipo garantiza un env\u00edo r\u00e1pido, seguro y vers\u00e1til por aire, mar y ferrocarril, entregando sus pedidos a tiempo.<\/p>\n\n\n\n<h2 class=\"wp-block-heading layout h2\"><strong>Experiencia profesional<\/strong><\/h2>\n\n\n\n<p class=\"layout th\">Nuestros experimentados ingenieros le ayudar\u00e1n a seleccionar los materiales id\u00f3neos para sus equipos de producci\u00f3n. Como proveedor de <a href=\"https:\/\/www.chinaptfetube.com\/es\/ptfe-tubing-category\/\">venta al por mayor tubo de PTFE<\/a>proporcionamos especificaciones y certificaciones completas de productos para <a href=\"https:\/\/www.chinaptfetube.com\/es\/ptfe-tubing-category\/\">Tubos de PTFE<\/a>, <a href=\"https:\/\/www.chinaptfetube.com\/es\/fluoroplastics-tubing-category\/\">tubos de fluoropl\u00e1stico<\/a>, <a href=\"https:\/\/www.chinaptfetube.com\/es\/fep-pfa-tubing-category\/\">Tubo FEP<\/a>, <a href=\"https:\/\/www.chinaptfetube.com\/es\/silicone-tubing-category\/\">tubo de silicona<\/a>, <a href=\"https:\/\/www.chinaptfetube.com\/es\/rubber-tubing-category\/\">tubo de goma<\/a>, <a href=\"https:\/\/www.chinaptfetube.com\/es\/heat-shrink-tubing-category\/\">tubo termoretr\u00e1ctil de alta temperatura<\/a>y <a href=\"https:\/\/www.chinaptfetube.com\/es\/injection-molding-part-category\/\">moldeo por inyecci\u00f3n a medida<\/a> soluciones.<\/p>\n\n\n\n<h2 class=\"wp-block-heading layout h2\"><strong>Asociaci\u00f3n mundial<\/strong><\/h2>\n\n\n\n<p class=\"layout  th\">Ofrecemos opciones de pago flexibles en varias divisas, como d\u00f3lares estadounidenses, euros, yenes japoneses, libras esterlinas y yuanes, lo que facilita la colaboraci\u00f3n de socios de todo el mundo.<\/p>\n\n\n\n<h2 class=\"wp-block-heading layout h2\"><strong>OEM y soluciones personalizadas<\/strong><\/h2>\n\n\n\n<p class=\"layout th\">Con una capacidad de producci\u00f3n a gran escala, Yuzhong Technology es un <a href=\"https:\/\/www.chinaptfetube.com\/es\/about-us\/\">Fabricante de tubos de PTFE<\/a> y socio OEM. No importa el volumen del pedido, podemos ofrecer soluciones a medida y etiquetado personalizado para satisfacer los requisitos de su proyecto.<\/p>\n\n\n\n<h2 class=\"wp-block-heading layout h2\"><strong>Our Advantages<\/strong><\/h2>\n\n\n\n<p class=\"layout th\">Combinando experiencia profesional, rapidez de entrega y un estricto control de calidad, garantizamos que su producci\u00f3n se desarrolle sin problemas al tiempo que le proporcionamos productos fiables y de alta calidad. <a href=\"https:\/\/www.chinaptfetube.com\/es\/engineering-plastic-products-category\/\">productos pl\u00e1sticos de ingenier\u00eda<\/a> y soluciones de tuber\u00edas.<\/p>\n\n\n\n<p class=\"layout tb2\">Para cualquier problema sobre el tama\u00f1o, el rendimiento y la utilidad del producto, p\u00f3ngase en contacto con nuestro ingeniero por correo electr\u00f3nico&nbsp;<a href=\"mailto:ptfetube@yozonetech.cn\">ptfetube@yozonetech.cn<\/a>&nbsp;o tel &amp; wechat &amp; WhatsApp: <a href=\"https:\/\/wa.me\/8613752771911\" target=\"_blank\" rel=\"noreferrer noopener\">+8613752771911<\/a>.<\/p>\n\n\n\n<style>\n.tb{\nmargin-top:30px\n\n}\n.tb2{\nmargin-bottom:45px\n\n}\n.th{\nmargin:20px auto\n\n}\n.mb3{\nmargin-bottom:2%\n\n}\n.h2{\n    background: #f6f6f6;\n    padding: 10px;\n\n}\n<\/style>","protected":false},"excerpt":{"rendered":"<p>Home Service Comprehensive Services for PTFE, FEP, PFA &amp; Rubber Tubing Exceptional Service As a trusted PTFE tube manufacturer, we take every customer concern seriously and resolve product issues efficiently. Our team ensures fast, safe, and versatile shipping by air, sea, and rail, delivering your orders on time. Professional Expertise Our experienced engineers help you [&hellip;]<\/p>","protected":false},"author":1,"featured_media":0,"parent":0,"menu_order":0,"comment_status":"closed","ping_status":"closed","template":"","meta":{"footnotes":""},"class_list":["post-3251","page","type-page","status-publish","hentry"],"yoast_head":"<!-- This site is optimized with the Yoast SEO plugin v24.4 - https:\/\/yoast.com\/wordpress\/plugins\/seo\/ -->\n<title>Premium Extruded &amp; Heat-Shrink Tubing, Molding Parts &amp; Gaskets | Yozonetech<\/title>\n<meta name=\"description\" content=\"Yozonetech offers a wide range of extruded tubings (PTFE, FEP, silicone, rubber), heat-shrink tubes, injection-molded parts, cable insulation, and gasket O-rings for semiconductor, industrial, and medical applications. Explore now.\" \/>\n<meta name=\"robots\" content=\"index, follow, max-snippet:-1, max-image-preview:large, max-video-preview:-1\" \/>\n<link rel=\"canonical\" href=\"https:\/\/www.chinaptfetube.com\/es\/service\/\" \/>\n<meta property=\"og:locale\" content=\"es_ES\" \/>\n<meta property=\"og:type\" content=\"article\" \/>\n<meta property=\"og:title\" content=\"Premium Extruded &amp; Heat-Shrink Tubing, Molding Parts &amp; Gaskets | Yozonetech\" \/>\n<meta property=\"og:description\" content=\"Yozonetech offers a wide range of extruded tubings (PTFE, FEP, silicone, rubber), heat-shrink tubes, injection-molded parts, cable insulation, and gasket O-rings for semiconductor, industrial, and medical applications. Explore now.\" \/>\n<meta property=\"og:url\" content=\"https:\/\/www.chinaptfetube.com\/es\/service\/\" \/>\n<meta property=\"og:site_name\" content=\"Yozonetech Co., Ltd.\" \/>\n<meta property=\"article:modified_time\" content=\"2025-09-09T05:39:58+00:00\" \/>\n<meta name=\"twitter:card\" content=\"summary_large_image\" \/>\n<meta name=\"twitter:label1\" content=\"Est. reading time\" \/>\n\t<meta name=\"twitter:data1\" content=\"1 minuto\" \/>\n<script type=\"application\/ld+json\" class=\"yoast-schema-graph\">{\"@context\":\"https:\/\/schema.org\",\"@graph\":[{\"@type\":\"WebPage\",\"@id\":\"https:\/\/www.chinaptfetube.com\/service\/\",\"url\":\"https:\/\/www.chinaptfetube.com\/service\/\",\"name\":\"Premium Extruded & Heat-Shrink Tubing, Molding Parts & Gaskets | Yozonetech\",\"isPartOf\":{\"@id\":\"https:\/\/www.chinaptfetube.com\/#website\"},\"datePublished\":\"2025-06-25T08:20:18+00:00\",\"dateModified\":\"2025-09-09T05:39:58+00:00\",\"description\":\"Yozonetech offers a wide range of extruded tubings (PTFE, FEP, silicone, rubber), heat-shrink tubes, injection-molded parts, cable insulation, and gasket O-rings for semiconductor, industrial, and medical applications. Explore now.\",\"breadcrumb\":{\"@id\":\"https:\/\/www.chinaptfetube.com\/service\/#breadcrumb\"},\"inLanguage\":\"es\",\"potentialAction\":[{\"@type\":\"ReadAction\",\"target\":[\"https:\/\/www.chinaptfetube.com\/service\/\"]}]},{\"@type\":\"BreadcrumbList\",\"@id\":\"https:\/\/www.chinaptfetube.com\/service\/#breadcrumb\",\"itemListElement\":[{\"@type\":\"ListItem\",\"position\":1,\"name\":\"Home\",\"item\":\"https:\/\/www.chinaptfetube.com\/\"},{\"@type\":\"ListItem\",\"position\":2,\"name\":\"Service\"}]},{\"@type\":\"WebSite\",\"@id\":\"https:\/\/www.chinaptfetube.com\/#website\",\"url\":\"https:\/\/www.chinaptfetube.com\/\",\"name\":\"Yozonetech Co., Ltd.\",\"description\":\"Yozonetech Co., Ltd.\",\"publisher\":{\"@id\":\"https:\/\/www.chinaptfetube.com\/#organization\"},\"potentialAction\":[{\"@type\":\"SearchAction\",\"target\":{\"@type\":\"EntryPoint\",\"urlTemplate\":\"https:\/\/www.chinaptfetube.com\/?s={search_term_string}\"},\"query-input\":{\"@type\":\"PropertyValueSpecification\",\"valueRequired\":true,\"valueName\":\"search_term_string\"}}],\"inLanguage\":\"es\"},{\"@type\":\"Organization\",\"@id\":\"https:\/\/www.chinaptfetube.com\/#organization\",\"name\":\"Yozonetech Co., Ltd.\",\"url\":\"https:\/\/www.chinaptfetube.com\/\",\"logo\":{\"@type\":\"ImageObject\",\"inLanguage\":\"es\",\"@id\":\"https:\/\/www.chinaptfetube.com\/#\/schema\/logo\/image\/\",\"url\":\"https:\/\/www.chinaptfetube.com\/wp-content\/uploads\/2025\/06\/cropped-logo.webp\",\"contentUrl\":\"https:\/\/www.chinaptfetube.com\/wp-content\/uploads\/2025\/06\/cropped-logo.webp\",\"width\":388,\"height\":138,\"caption\":\"Yozonetech Co., Ltd.\"},\"image\":{\"@id\":\"https:\/\/www.chinaptfetube.com\/#\/schema\/logo\/image\/\"}}]}<\/script>\n<!-- \/ Yoast SEO plugin. -->","yoast_head_json":{"title":"Premium Extruded & Heat-Shrink Tubing, Molding Parts & Gaskets | Yozonetech","description":"Yozonetech offers a wide range of extruded tubings (PTFE, FEP, silicone, rubber), heat-shrink tubes, injection-molded parts, cable insulation, and gasket O-rings for semiconductor, industrial, and medical applications. Explore now.","robots":{"index":"index","follow":"follow","max-snippet":"max-snippet:-1","max-image-preview":"max-image-preview:large","max-video-preview":"max-video-preview:-1"},"canonical":"https:\/\/www.chinaptfetube.com\/es\/service\/","og_locale":"es_ES","og_type":"article","og_title":"Premium Extruded & Heat-Shrink Tubing, Molding Parts & Gaskets | Yozonetech","og_description":"Yozonetech offers a wide range of extruded tubings (PTFE, FEP, silicone, rubber), heat-shrink tubes, injection-molded parts, cable insulation, and gasket O-rings for semiconductor, industrial, and medical applications. Explore now.","og_url":"https:\/\/www.chinaptfetube.com\/es\/service\/","og_site_name":"Yozonetech Co., Ltd.","article_modified_time":"2025-09-09T05:39:58+00:00","twitter_card":"summary_large_image","twitter_misc":{"Est. reading time":"1 minuto"},"schema":{"@context":"https:\/\/schema.org","@graph":[{"@type":"WebPage","@id":"https:\/\/www.chinaptfetube.com\/service\/","url":"https:\/\/www.chinaptfetube.com\/service\/","name":"Premium Extruded & Heat-Shrink Tubing, Molding Parts & Gaskets | Yozonetech","isPartOf":{"@id":"https:\/\/www.chinaptfetube.com\/#website"},"datePublished":"2025-06-25T08:20:18+00:00","dateModified":"2025-09-09T05:39:58+00:00","description":"Yozonetech offers a wide range of extruded tubings (PTFE, FEP, silicone, rubber), heat-shrink tubes, injection-molded parts, cable insulation, and gasket O-rings for semiconductor, industrial, and medical applications. Explore now.","breadcrumb":{"@id":"https:\/\/www.chinaptfetube.com\/service\/#breadcrumb"},"inLanguage":"es","potentialAction":[{"@type":"ReadAction","target":["https:\/\/www.chinaptfetube.com\/service\/"]}]},{"@type":"BreadcrumbList","@id":"https:\/\/www.chinaptfetube.com\/service\/#breadcrumb","itemListElement":[{"@type":"ListItem","position":1,"name":"Home","item":"https:\/\/www.chinaptfetube.com\/"},{"@type":"ListItem","position":2,"name":"Service"}]},{"@type":"WebSite","@id":"https:\/\/www.chinaptfetube.com\/#website","url":"https:\/\/www.chinaptfetube.com\/","name":"Yozonetech Co., Ltd.","description":"Yozonetech Co., Ltd.","publisher":{"@id":"https:\/\/www.chinaptfetube.com\/#organization"},"potentialAction":[{"@type":"SearchAction","target":{"@type":"EntryPoint","urlTemplate":"https:\/\/www.chinaptfetube.com\/?s={search_term_string}"},"query-input":{"@type":"PropertyValueSpecification","valueRequired":true,"valueName":"search_term_string"}}],"inLanguage":"es"},{"@type":"Organization","@id":"https:\/\/www.chinaptfetube.com\/#organization","name":"Yozonetech Co., Ltd.","url":"https:\/\/www.chinaptfetube.com\/","logo":{"@type":"ImageObject","inLanguage":"es","@id":"https:\/\/www.chinaptfetube.com\/#\/schema\/logo\/image\/","url":"https:\/\/www.chinaptfetube.com\/wp-content\/uploads\/2025\/06\/cropped-logo.webp","contentUrl":"https:\/\/www.chinaptfetube.com\/wp-content\/uploads\/2025\/06\/cropped-logo.webp","width":388,"height":138,"caption":"Yozonetech Co., Ltd."},"image":{"@id":"https:\/\/www.chinaptfetube.com\/#\/schema\/logo\/image\/"}}]}},"_links":{"self":[{"href":"https:\/\/www.chinaptfetube.com\/es\/wp-json\/wp\/v2\/pages\/3251","targetHints":{"allow":["GET"]}}],"collection":[{"href":"https:\/\/www.chinaptfetube.com\/es\/wp-json\/wp\/v2\/pages"}],"about":[{"href":"https:\/\/www.chinaptfetube.com\/es\/wp-json\/wp\/v2\/types\/page"}],"author":[{"embeddable":true,"href":"https:\/\/www.chinaptfetube.com\/es\/wp-json\/wp\/v2\/users\/1"}],"replies":[{"embeddable":true,"href":"https:\/\/www.chinaptfetube.com\/es\/wp-json\/wp\/v2\/comments?post=3251"}],"version-history":[{"count":12,"href":"https:\/\/www.chinaptfetube.com\/es\/wp-json\/wp\/v2\/pages\/3251\/revisions"}],"predecessor-version":[{"id":4060,"href":"https:\/\/www.chinaptfetube.com\/es\/wp-json\/wp\/v2\/pages\/3251\/revisions\/4060"}],"wp:attachment":[{"href":"https:\/\/www.chinaptfetube.com\/es\/wp-json\/wp\/v2\/media?parent=3251"}],"curies":[{"name":"wp","href":"https:\/\/api.w.org\/{rel}","templated":true}]}}