{"id":3244,"date":"2025-06-25T08:26:23","date_gmt":"2025-06-25T08:26:23","guid":{"rendered":"https:\/\/www.chinaptfetube.com\/?page_id=3244"},"modified":"2025-08-29T05:37:01","modified_gmt":"2025-08-29T05:37:01","slug":"faqs","status":"publish","type":"page","link":"https:\/\/www.chinaptfetube.com\/es\/faqs\/","title":{"rendered":"Preguntas frecuentes"},"content":{"rendered":"<div class=\"path_bar\">\n        <div class=\"layout\">\n            <ul>\n                <li><a href=\"\/es\/\">Inicio<\/a><\/li>\n                <!--\u9762\u5305\u5c51-->\n               <li><a href=\"\">Preguntas frecuentes<\/a><\/li>\n            <\/ul>\n        <\/div>\n    <\/div>\n\n\n\n<h1 class=\"wp-block-heading has-text-align-center\" style=\"font-size:30px\">Tubos de PTFE, FEP, PFA y Fluoropol\u00edmero FAQ - Yuzhong Technologys<\/h1>\n\n\n\n<p class=\"layout th\"><strong>1. Qu\u00e9 es el PTFE\uff1f<\/strong><\/p>\n\n\n\n<p class=\"layout\"><a href=\"https:\/\/www.chinaptfetube.com\/es\/ptfe-tubing-category\/\">PTFE<\/a>tambi\u00e9n conocido como Teflon\u00ae, es el ancestro de todos los fluoropl\u00e1sticos. Ofrece una excepcional resistencia qu\u00edmica, propiedades antiadherentes y tolerancia a altas temperaturas. Su principal reto es que no se funde, por lo que requiere t\u00e9cnicas especializadas de moldeo, extrusi\u00f3n y soldadura.<\/p>\n\n\n\n<p class=\"layout th\"><strong>2. Qu\u00e9 es el FEP\uff1f<\/strong><\/p>\n\n\n\n<p class=\"layout\"><a href=\"https:\/\/www.chinaptfetube.com\/es\/fep-pfa-tubing-category\/\">Tubo FEP<\/a>o etileno propileno fluorado, es un fluoropol\u00edmero procesable por fusi\u00f3n similar al PTFE y al PFA. Ofrece una excelente resistencia qu\u00edmica, baja fricci\u00f3n, alta transparencia y puede funcionar hasta a 200\u00b0C. Sus aplicaciones incluyen tuber\u00edas de laboratorio, muestreo autom\u00e1tico, cromatograf\u00eda, equipos m\u00e9dicos y aislamiento de cables a alta temperatura.<\/p>\n\n\n\n<p class=\"layout th\"><strong>3. Qu\u00e9 es el PFA\uff1f<\/strong><\/p>\n\n\n\n<p class=\"layout\"><a href=\"https:\/\/www.chinaptfetube.com\/es\/fep-pfa-tubing-category\/\">PFA<\/a> (perfluoroalcoxi) es un fluoropol\u00edmero procesable por fusi\u00f3n con propiedades similares al PTFE, pero con un alargamiento 10 veces superior y una baja permeabilidad. El PFA soporta temperaturas de hasta 260\u00b0C y ofrece una excelente resistencia al agrietamiento, a la tensi\u00f3n y a la fricci\u00f3n. Entre sus aplicaciones m\u00e1s comunes se incluyen componentes de semiconductores, v\u00e1lvulas, casquillos de bombas y piezas aislantes.<\/p>\n\n\n\n<p class=\"layout th\"><strong>4. \u00bfCu\u00e1les son las diferencias entre PTFE y FEP?<\/strong><\/p>\n\n\n\n<p class=\"layout\">Tanto el PTFE como el FEP pertenecen a los fluoropl\u00e1sticos Teflon\u00ae. Diferencias clave:<\/p>\n\n\n\n<p class=\"layout\">\uff081\uff09 PTFE: -200\u00b0C a +260\u00b0C, opaco<\/p>\n\n\n\n<p class=\"layout\">\uff082\uff09FEP: -200\u00b0C a +200\u00b0C, transparente<\/p>\n\n\n\n<p class=\"layout\">\uff083\uff09 Ambos son antiadherentes, qu\u00edmicamente inertes y estables a temperaturas extremas<\/p>\n\n\n\n<p class=\"layout th\"><strong>5. \u00bfC\u00f3mo puedo hacer que la goma no se pegue?<\/strong> <\/p>\n\n\n\n<p class=\"layout\">Aplicando <a href=\"https:\/\/www.chinaptfetube.com\/es\/heat-shrink-tubing-category\/\">Tubo termorretr\u00e1ctil de FEP<\/a> recubrimiento, los rodillos de caucho est\u00e1ndar se convierten en antiadherentes. Los manguitos de revestimiento son f\u00e1ciles de aplicar, o Yuzhong Technology puede proporcionar una instalaci\u00f3n profesional in situ.<\/p>\n\n\n\n<p class=\"layout th\"><strong>6. \u00bfPor qu\u00e9 se corroe qu\u00edmicamente el PTFE?<\/strong><\/p>\n\n\n\n<p class=\"layout\">Aunque el PTFE, el FEP y el PFA tienen excelentes propiedades antiadherentes, el grabado qu\u00edmico puede eliminar \u00e1tomos de fl\u00faor para mejorar la adherencia a los sustratos.<\/p>\n\n\n\n<p class=\"layout th\"><strong>7. \u00bfSe volver\u00e1n quebradizos el PTFE, el FEP y el PFA a bajas temperaturas?<\/strong><\/p>\n\n\n\n<p class=\"layout\">No. Todos estos fluoropol\u00edmeros funcionan con fiabilidad hasta -200\u00b0C sin fragilizarse.<\/p>\n\n\n\n<p class=\"layout th\"><strong>8. \u00bfSe pueden fabricar tubos de PTFE con tolerancias similares?<\/strong><\/p>\n\n\n\n<p class=\"layout\">S\u00ed. Si es est\u00e1ndar <a href=\"https:\/\/www.chinaptfetube.com\/es\/ptfe-tubing-category\/\">Tubos de PTFE, FEP o PFA<\/a> no cumplen sus requisitos, podemos fabricar tolerancias de di\u00e1metro interior, exterior o espesor de pared m\u00e1s estrictas para aplicaciones espec\u00edficas.<\/p>\n\n\n\n<p class=\"layout th\"><strong>9. \u00bfCu\u00e1l es el mayor tama\u00f1o de tubo termorretr\u00e1ctil que puede fabricar?<\/strong><\/p>\n\n\n\n<p class=\"layout\">Podemos producir <a href=\"https:\/\/www.chinaptfetube.com\/es\/heat-shrink-tubing-category\/\">tubo termorretr\u00e1ctil<\/a> de cualquier di\u00e1metro mediante procesos de soldadura especiales. El tama\u00f1o en stock es de hasta 175 mm.<\/p>\n\n\n\n<p class=\"layout th\"><strong>10. \u00bfPuede producir tubos de PTFE superfinos para sustituir a Zeus Inc.?<\/strong><\/p>\n\n\n\n<p class=\"layout\">S\u00ed, fabricamos paredes de 0,02-0,05 mm <a href=\"https:\/\/www.chinaptfetube.com\/es\/ptfe-tubing-category\/\">Tubos de PTFE<\/a> que cumplen las normas de calidad m\u00e9dica.<\/p>\n\n\n\n<p class=\"layout th\"><strong>11. \u00bfTiene una cantidad m\u00ednima de pedido?<\/strong><\/p>\n\n\n\n<p class=\"layout\">S\u00ed. Para productos al contado, la cantidad m\u00ednima de piezas es $10. Pueden aplicarse tarifas por pedidos peque\u00f1os.<\/p>\n\n\n\n<p class=\"layout th\"><strong>12. \u00bfPueden suministrar pedidos \u00fanicos o peque\u00f1os lotes?<\/strong><\/p>\n\n\n\n<p class=\"layout\">S\u00ed. Podemos suministrar cualquier cantidad de productos est\u00e1ndar, aplicando \u00fanicamente tarifas por tiempo de preparaci\u00f3n.<\/p>\n\n\n\n<p class=\"layout th\"><strong>13. \u00bfProporcionan apoyo al dise\u00f1o de nuevos conceptos?<\/strong><\/p>\n\n\n\n<p class=\"layout\">Absolutamente. Ofrecemos soluciones personalizadas de moldeo por inyecci\u00f3n y productos pl\u00e1sticos de ingenier\u00eda. Nuestro equipo especializado ayuda a optimizar dise\u00f1os, ahorrar costes e impulsar la innovaci\u00f3n tecnol\u00f3gica.<\/p>\n\n\n\n<p class=\"layout th\"><strong>14. <strong>\u00bfQu\u00e9 otros productos de tuber\u00eda ofrecen?<\/strong><\/strong><\/p>\n\n\n\n<p class=\"layout tb2\">Tambi\u00e9n suministramos tubos de fluoropl\u00e1stico, tubos de silicona y tubos de caucho para aplicaciones industriales y m\u00e9dicas vers\u00e1tiles.<\/p>\n\n\n\n<style>\n.tb{\nmargin-top:30px\n\n}\n.tb2{\nmargin-bottom:45px\n\n}\n.th{\nmargin:20px auto\n\n}\n\n\n<\/style>","protected":false},"excerpt":{"rendered":"<p>Home FAQs PTFE, FEP, PFA &amp; Fluoropolymer Tubing FAQ \u2013 Yuzhong Technologys 1. What is PTFE\uff1f PTFE, also known as Teflon\u00ae, is the ancestor of all fluoroplastics. It offers exceptional chemical resistance, non-stick performance, and high-temperature tolerance. Its main challenge is that it does not melt, requiring specialized molding, extrusion, and welding techniques. 2. What [&hellip;]<\/p>","protected":false},"author":1,"featured_media":0,"parent":0,"menu_order":0,"comment_status":"closed","ping_status":"closed","template":"","meta":{"footnotes":""},"class_list":["post-3244","page","type-page","status-publish","hentry"],"yoast_head":"<!-- This site is optimized with the Yoast SEO plugin v24.4 - https:\/\/yoast.com\/wordpress\/plugins\/seo\/ -->\n<title>Premium Extruded &amp; Heat-Shrink Tubing, Molding Parts &amp; Gaskets | Yozonetech<\/title>\n<meta name=\"description\" content=\"Yozonetech offers a wide range of extruded tubings (PTFE, FEP, silicone, rubber), heat-shrink tubes, injection-molded parts, cable insulation, and gasket O-rings for semiconductor, industrial, and medical applications. Explore now.\" \/>\n<meta name=\"robots\" content=\"index, follow, max-snippet:-1, max-image-preview:large, max-video-preview:-1\" \/>\n<link rel=\"canonical\" href=\"https:\/\/www.chinaptfetube.com\/es\/faqs\/\" \/>\n<meta property=\"og:locale\" content=\"es_ES\" \/>\n<meta property=\"og:type\" content=\"article\" \/>\n<meta property=\"og:title\" content=\"Premium Extruded &amp; Heat-Shrink Tubing, Molding Parts &amp; Gaskets | Yozonetech\" \/>\n<meta property=\"og:description\" content=\"Yozonetech offers a wide range of extruded tubings (PTFE, FEP, silicone, rubber), heat-shrink tubes, injection-molded parts, cable insulation, and gasket O-rings for semiconductor, industrial, and medical applications. Explore now.\" \/>\n<meta property=\"og:url\" content=\"https:\/\/www.chinaptfetube.com\/es\/faqs\/\" \/>\n<meta property=\"og:site_name\" content=\"Yozonetech Co., Ltd.\" \/>\n<meta property=\"article:modified_time\" content=\"2025-08-29T05:37:01+00:00\" \/>\n<meta name=\"twitter:card\" content=\"summary_large_image\" \/>\n<meta name=\"twitter:label1\" content=\"Est. reading time\" \/>\n\t<meta name=\"twitter:data1\" content=\"3 minutos\" \/>\n<script type=\"application\/ld+json\" class=\"yoast-schema-graph\">{\"@context\":\"https:\/\/schema.org\",\"@graph\":[{\"@type\":\"WebPage\",\"@id\":\"https:\/\/www.chinaptfetube.com\/faqs\/\",\"url\":\"https:\/\/www.chinaptfetube.com\/faqs\/\",\"name\":\"Premium Extruded & Heat-Shrink Tubing, Molding Parts & Gaskets | Yozonetech\",\"isPartOf\":{\"@id\":\"https:\/\/www.chinaptfetube.com\/#website\"},\"datePublished\":\"2025-06-25T08:26:23+00:00\",\"dateModified\":\"2025-08-29T05:37:01+00:00\",\"description\":\"Yozonetech offers a wide range of extruded tubings (PTFE, FEP, silicone, rubber), heat-shrink tubes, injection-molded parts, cable insulation, and gasket O-rings for semiconductor, industrial, and medical applications. Explore now.\",\"breadcrumb\":{\"@id\":\"https:\/\/www.chinaptfetube.com\/faqs\/#breadcrumb\"},\"inLanguage\":\"es\",\"potentialAction\":[{\"@type\":\"ReadAction\",\"target\":[\"https:\/\/www.chinaptfetube.com\/faqs\/\"]}]},{\"@type\":\"BreadcrumbList\",\"@id\":\"https:\/\/www.chinaptfetube.com\/faqs\/#breadcrumb\",\"itemListElement\":[{\"@type\":\"ListItem\",\"position\":1,\"name\":\"Home\",\"item\":\"https:\/\/www.chinaptfetube.com\/\"},{\"@type\":\"ListItem\",\"position\":2,\"name\":\"FAQs\"}]},{\"@type\":\"WebSite\",\"@id\":\"https:\/\/www.chinaptfetube.com\/#website\",\"url\":\"https:\/\/www.chinaptfetube.com\/\",\"name\":\"Yozonetech Co., Ltd.\",\"description\":\"Yozonetech Co., Ltd.\",\"publisher\":{\"@id\":\"https:\/\/www.chinaptfetube.com\/#organization\"},\"potentialAction\":[{\"@type\":\"SearchAction\",\"target\":{\"@type\":\"EntryPoint\",\"urlTemplate\":\"https:\/\/www.chinaptfetube.com\/?s={search_term_string}\"},\"query-input\":{\"@type\":\"PropertyValueSpecification\",\"valueRequired\":true,\"valueName\":\"search_term_string\"}}],\"inLanguage\":\"es\"},{\"@type\":\"Organization\",\"@id\":\"https:\/\/www.chinaptfetube.com\/#organization\",\"name\":\"Yozonetech Co., Ltd.\",\"url\":\"https:\/\/www.chinaptfetube.com\/\",\"logo\":{\"@type\":\"ImageObject\",\"inLanguage\":\"es\",\"@id\":\"https:\/\/www.chinaptfetube.com\/#\/schema\/logo\/image\/\",\"url\":\"https:\/\/www.chinaptfetube.com\/wp-content\/uploads\/2025\/06\/cropped-logo.webp\",\"contentUrl\":\"https:\/\/www.chinaptfetube.com\/wp-content\/uploads\/2025\/06\/cropped-logo.webp\",\"width\":388,\"height\":138,\"caption\":\"Yozonetech Co., Ltd.\"},\"image\":{\"@id\":\"https:\/\/www.chinaptfetube.com\/#\/schema\/logo\/image\/\"}}]}<\/script>\n<!-- \/ Yoast SEO plugin. -->","yoast_head_json":{"title":"Premium Extruded & Heat-Shrink Tubing, Molding Parts & Gaskets | Yozonetech","description":"Yozonetech offers a wide range of extruded tubings (PTFE, FEP, silicone, rubber), heat-shrink tubes, injection-molded parts, cable insulation, and gasket O-rings for semiconductor, industrial, and medical applications. Explore now.","robots":{"index":"index","follow":"follow","max-snippet":"max-snippet:-1","max-image-preview":"max-image-preview:large","max-video-preview":"max-video-preview:-1"},"canonical":"https:\/\/www.chinaptfetube.com\/es\/faqs\/","og_locale":"es_ES","og_type":"article","og_title":"Premium Extruded & Heat-Shrink Tubing, Molding Parts & Gaskets | Yozonetech","og_description":"Yozonetech offers a wide range of extruded tubings (PTFE, FEP, silicone, rubber), heat-shrink tubes, injection-molded parts, cable insulation, and gasket O-rings for semiconductor, industrial, and medical applications. Explore now.","og_url":"https:\/\/www.chinaptfetube.com\/es\/faqs\/","og_site_name":"Yozonetech Co., Ltd.","article_modified_time":"2025-08-29T05:37:01+00:00","twitter_card":"summary_large_image","twitter_misc":{"Est. reading time":"3 minutos"},"schema":{"@context":"https:\/\/schema.org","@graph":[{"@type":"WebPage","@id":"https:\/\/www.chinaptfetube.com\/faqs\/","url":"https:\/\/www.chinaptfetube.com\/faqs\/","name":"Premium Extruded & Heat-Shrink Tubing, Molding Parts & Gaskets | Yozonetech","isPartOf":{"@id":"https:\/\/www.chinaptfetube.com\/#website"},"datePublished":"2025-06-25T08:26:23+00:00","dateModified":"2025-08-29T05:37:01+00:00","description":"Yozonetech offers a wide range of extruded tubings (PTFE, FEP, silicone, rubber), heat-shrink tubes, injection-molded parts, cable insulation, and gasket O-rings for semiconductor, industrial, and medical applications. Explore now.","breadcrumb":{"@id":"https:\/\/www.chinaptfetube.com\/faqs\/#breadcrumb"},"inLanguage":"es","potentialAction":[{"@type":"ReadAction","target":["https:\/\/www.chinaptfetube.com\/faqs\/"]}]},{"@type":"BreadcrumbList","@id":"https:\/\/www.chinaptfetube.com\/faqs\/#breadcrumb","itemListElement":[{"@type":"ListItem","position":1,"name":"Home","item":"https:\/\/www.chinaptfetube.com\/"},{"@type":"ListItem","position":2,"name":"FAQs"}]},{"@type":"WebSite","@id":"https:\/\/www.chinaptfetube.com\/#website","url":"https:\/\/www.chinaptfetube.com\/","name":"Yozonetech Co., Ltd.","description":"Yozonetech Co., Ltd.","publisher":{"@id":"https:\/\/www.chinaptfetube.com\/#organization"},"potentialAction":[{"@type":"SearchAction","target":{"@type":"EntryPoint","urlTemplate":"https:\/\/www.chinaptfetube.com\/?s={search_term_string}"},"query-input":{"@type":"PropertyValueSpecification","valueRequired":true,"valueName":"search_term_string"}}],"inLanguage":"es"},{"@type":"Organization","@id":"https:\/\/www.chinaptfetube.com\/#organization","name":"Yozonetech Co., Ltd.","url":"https:\/\/www.chinaptfetube.com\/","logo":{"@type":"ImageObject","inLanguage":"es","@id":"https:\/\/www.chinaptfetube.com\/#\/schema\/logo\/image\/","url":"https:\/\/www.chinaptfetube.com\/wp-content\/uploads\/2025\/06\/cropped-logo.webp","contentUrl":"https:\/\/www.chinaptfetube.com\/wp-content\/uploads\/2025\/06\/cropped-logo.webp","width":388,"height":138,"caption":"Yozonetech Co., Ltd."},"image":{"@id":"https:\/\/www.chinaptfetube.com\/#\/schema\/logo\/image\/"}}]}},"_links":{"self":[{"href":"https:\/\/www.chinaptfetube.com\/es\/wp-json\/wp\/v2\/pages\/3244","targetHints":{"allow":["GET"]}}],"collection":[{"href":"https:\/\/www.chinaptfetube.com\/es\/wp-json\/wp\/v2\/pages"}],"about":[{"href":"https:\/\/www.chinaptfetube.com\/es\/wp-json\/wp\/v2\/types\/page"}],"author":[{"embeddable":true,"href":"https:\/\/www.chinaptfetube.com\/es\/wp-json\/wp\/v2\/users\/1"}],"replies":[{"embeddable":true,"href":"https:\/\/www.chinaptfetube.com\/es\/wp-json\/wp\/v2\/comments?post=3244"}],"version-history":[{"count":11,"href":"https:\/\/www.chinaptfetube.com\/es\/wp-json\/wp\/v2\/pages\/3244\/revisions"}],"predecessor-version":[{"id":4029,"href":"https:\/\/www.chinaptfetube.com\/es\/wp-json\/wp\/v2\/pages\/3244\/revisions\/4029"}],"wp:attachment":[{"href":"https:\/\/www.chinaptfetube.com\/es\/wp-json\/wp\/v2\/media?parent=3244"}],"curies":[{"name":"wp","href":"https:\/\/api.w.org\/{rel}","templated":true}]}}