{"id":3232,"date":"2025-06-25T07:42:54","date_gmt":"2025-06-25T07:42:54","guid":{"rendered":"https:\/\/www.chinaptfetube.com\/?page_id=3232"},"modified":"2025-08-29T04:08:58","modified_gmt":"2025-08-29T04:08:58","slug":"customers-cases","status":"publish","type":"page","link":"https:\/\/www.chinaptfetube.com\/es\/customers-cases\/","title":{"rendered":"Casos de clientes"},"content":{"rendered":"<div class=\"path_bar\">\n        <div class=\"layout\">\n            <ul>\n                <li><a href=\"\/es\/\">Inicio<\/a><\/li>\n                <!--\u9762\u5305\u5c51-->\n               <li><a href=\"\">Casos de clientes<\/a><\/li>\n            <\/ul>\n        <\/div>\n    <\/div>\n\n\n\n<h1 class=\"wp-block-heading has-text-align-center\" style=\"font-size:30px\"><strong>Caso de \u00e9xito de un cliente - Mejora de la estanqueidad con tubos termorretr\u00e1ctiles de PTFE\/FEP<\/strong><\/h1>\n\n\n\n<h2 class=\"wp-block-heading has-text-align-left layout tb\" style=\"font-size:20px\"><strong>Antecedentes del cliente<\/strong><\/h2>\n\n\n\n<p class=\"layout\">Recientemente hemos colaborado con una empresa de juntas electr\u00f3nicas que presta servicios a un importante fabricante de autom\u00f3viles. Como expertos en <a href=\"https:\/\/www.chinaptfetube.com\/es\/products\/\">Tubo termorretr\u00e1ctil PTFE\/FEP<\/a>se pusieron en contacto con nosotros para mejorar la estanquidad de las piezas expuestas a l\u00edquidos corrosivos a alta temperatura.<\/p>\n\n\n\n<h2 class=\"wp-block-heading layout\" style=\"font-size:20px\"><strong>El desaf\u00edo<\/strong><\/h2>\n\n\n\n<p class=\"layout\">El cliente se enfrentaba a problemas de anticorrosi\u00f3n de componentes electr\u00f3nicos en entornos con l\u00edquidos agresivos. Su soluci\u00f3n original provocaba un sellado deficiente y la degradaci\u00f3n de los tubos con el paso del tiempo, lo que generaba problemas de calidad y retrasos en la producci\u00f3n. Se necesitaban soluciones r\u00e1pidas y fiables para garantizar la protecci\u00f3n de las piezas a largo plazo y unos programas de producci\u00f3n ininterrumpidos.<\/p>\n\n\n\n<h2 class=\"wp-block-heading layout\" style=\"font-size:20px\">Nuestra soluci\u00f3n<\/h2>\n\n\n\n<p class=\"layout\">Tras inspeccionar los tubos sellados existentes, detectamos que las boquillas no estaban completamente selladas, lo que permit\u00eda una lenta infiltraci\u00f3n de l\u00edquido. Para resolverlo, recomendamos nuestro <strong>tubo termorretr\u00e1ctil de doble capa<\/strong>con:<\/p>\n\n\n\n<ul class=\"wp-block-list layout ul\">\n<li><strong>Capa exterior:<\/strong> Tubo termorretr\u00e1ctil de PTFE para una protecci\u00f3n externa duradera.<\/li>\n\n\n\n<li><strong>Capa interior:<\/strong> FEP de alta calidad que se funde totalmente a 600\u00b0C en 45 segundos para sellar completamente la pieza.<\/li>\n\n\n\n<li>Disponible en varios colores, incluido el PTFE negro para una protecci\u00f3n confidencial de las piezas.<\/li>\n<\/ul>\n\n\n\n<p class=\"layout\">Esta soluci\u00f3n garantiza una estanquidad superior y protege eficazmente las piezas sensibles.<\/p>\n\n\n\n<h2 class=\"wp-block-heading layout\" style=\"font-size:20px\">Resultados<\/h2>\n\n\n\n<p class=\"layout\">Las pruebas preliminares demostraron mejoras significativas:<\/p>\n\n\n\n<ul class=\"wp-block-list layout  ul\">\n<li>Mayor vida \u00fatil de los componentes.<\/li>\n\n\n\n<li>Reducci\u00f3n de los tiempos de inactividad imprevistos.<\/li>\n\n\n\n<li>Protecci\u00f3n mejorada para diversas formas y tama\u00f1os mediante tubos termorretr\u00e1ctiles de doble capa con diferentes relaciones de retracci\u00f3n.<\/li>\n<\/ul>\n\n\n\n<p class=\"layout\">Aprovechando nuestra experiencia como <a href=\"https:\/\/www.chinaptfetube.com\/es\/about-us\/\">Fabricante de tubos de PTFE<\/a>Ayudamos a nuestros clientes a encontrar soluciones fiables y duraderas para las aplicaciones industriales m\u00e1s exigentes.<\/p>\n\n\n<div class=\"wp-block-image layout tb\">\n<figure class=\"aligncenter size-large\"><img loading=\"lazy\" decoding=\"async\" width=\"1024\" height=\"768\" src=\"https:\/\/www.chinaptfetube.com\/wp-content\/uploads\/2025\/06\/case1-1024x768.webp\" alt=\"Casos de clientes de Yozonetech\" class=\"wp-image-3237\" srcset=\"https:\/\/www.chinaptfetube.com\/wp-content\/uploads\/2025\/06\/case1-1024x768.webp 1024w, https:\/\/www.chinaptfetube.com\/wp-content\/uploads\/2025\/06\/case1-300x225.webp 300w, https:\/\/www.chinaptfetube.com\/wp-content\/uploads\/2025\/06\/case1-768x576.webp 768w, https:\/\/www.chinaptfetube.com\/wp-content\/uploads\/2025\/06\/case1-16x12.webp 16w, https:\/\/www.chinaptfetube.com\/wp-content\/uploads\/2025\/06\/case1.webp 1440w\" sizes=\"auto, (max-width: 1024px) 100vw, 1024px\" \/><\/figure><\/div>\n\n\n<p class=\"layout tb\">2. El 16 de marzo a mediod\u00eda, recib\u00ed un correo electr\u00f3nico porque las condiciones de uso del cliente hab\u00edan cambiado y el tubo se hab\u00eda roto. Despu\u00e9s de entender el motivo, descubr\u00ed que el grosor de pared del tubo que quer\u00eda el cliente no era suficiente para hacer frente a su entorno de uso actual. El cliente hizo un pedido con prisas y no estaba familiarizado con el producto, y la expresi\u00f3n del entorno de uso no era exacta.<\/p>\n\n\n\n<p class=\"layout\">Como fabricante profesional, naturalmente tenemos que ayudar a los clientes a resolver sus problemas. Entonces propuse a los clientes un plan para aumentar el grosor de las paredes, y les proporcion\u00e9 gratuitamente un nuevo lote de productos con paredes de tubo m\u00e1s gruesas. Dejaremos que los clientes lo prueben primero. Si se cumplen los requisitos de uso, entonces pagaremos al precio anterior. Aunque el tipo de cambio y las materias primas han subido, esperamos que los clientes puedan comprar m\u00e1s a gusto sin preocuparse por los problemas profesionales, por lo que insistimos en no dejar que los clientes asuman el coste adicional. p\u00e9rdida.<\/p>\n\n\n\n<p class=\"layout\">Los clientes compran productos para utilizarlos, no para obtener devoluciones. Es nuestra responsabilidad determinar realmente las necesidades del cliente y reducir sus costes.<\/p>\n\n\n<div class=\"wp-block-image layout tb\">\n<figure class=\"aligncenter size-large\"><img loading=\"lazy\" decoding=\"async\" width=\"1024\" height=\"765\" src=\"https:\/\/www.chinaptfetube.com\/wp-content\/uploads\/2025\/06\/case2-1024x765.webp\" alt=\"Casos de clientes\" class=\"wp-image-3236\" srcset=\"https:\/\/www.chinaptfetube.com\/wp-content\/uploads\/2025\/06\/case2-1024x765.webp 1024w, https:\/\/www.chinaptfetube.com\/wp-content\/uploads\/2025\/06\/case2-300x224.webp 300w, https:\/\/www.chinaptfetube.com\/wp-content\/uploads\/2025\/06\/case2-768x574.webp 768w, https:\/\/www.chinaptfetube.com\/wp-content\/uploads\/2025\/06\/case2-16x12.webp 16w, https:\/\/www.chinaptfetube.com\/wp-content\/uploads\/2025\/06\/case2.webp 1446w\" sizes=\"auto, (max-width: 1024px) 100vw, 1024px\" \/><\/figure><\/div>\n\n\n<p class=\"layout tb\">3. Alta eficiencia en las adquisiciones<\/p>\n\n\n\n<p class=\"layout\">\"El tiempo es oro\", sobre todo en la era empresarial moderna, la vida de las personas es cada vez m\u00e1s r\u00e1pida, y las exigencias de los clientes en cuanto a la velocidad de respuesta de los proveedores son cada vez mayores.<\/p>\n\n\n\n<p class=\"layout\">Si la velocidad de respuesta del proveedor es demasiado lenta, inevitablemente incumplir\u00e1 la fecha de entrega y afectar\u00e1 a la experiencia del cliente.<\/p>\n\n\n\n<p class=\"layout\">En el proyecto del tubo termorretr\u00e1ctil de doble capa PTFE\/FEP de 10.000 metros, nuestra empresa se enter\u00f3 de que la demanda del cliente era urgente el jueves a mediod\u00eda, por lo que antes de las 16.00 horas de ese d\u00eda se sustituy\u00f3 la l\u00ednea de producci\u00f3n con un nivel de emergencia inferior por el material del producto requerido por el cliente. Y me puse en contacto con el colega encargado del departamento de transporte para reservar el almac\u00e9n de carga a\u00e9rea a primera hora, y cuatro d\u00edas despu\u00e9s, la mercanc\u00eda se carg\u00f3 en los camiones preparados de antemano y se envi\u00f3 al aeropuerto.<\/p>\n\n\n\n<p class=\"layout\">La eficacia de producci\u00f3n correspondiente es un indicador de vida para mi f\u00e1brica. Como fabricante de pl\u00e1sticos de renombre mundial, garantizaremos la eficacia de la producci\u00f3n y la entrega a toda costa.<\/p>\n\n\n<div class=\"wp-block-image layout tb tb2\">\n<figure class=\"aligncenter size-large\"><img loading=\"lazy\" decoding=\"async\" width=\"768\" height=\"1024\" src=\"https:\/\/www.chinaptfetube.com\/wp-content\/uploads\/2025\/06\/case3-768x1024.webp\" alt=\"Casos de clientes\" class=\"wp-image-3235\" srcset=\"https:\/\/www.chinaptfetube.com\/wp-content\/uploads\/2025\/06\/case3-768x1024.webp 768w, https:\/\/www.chinaptfetube.com\/wp-content\/uploads\/2025\/06\/case3-225x300.webp 225w, https:\/\/www.chinaptfetube.com\/wp-content\/uploads\/2025\/06\/case3-9x12.webp 9w, https:\/\/www.chinaptfetube.com\/wp-content\/uploads\/2025\/06\/case3.webp 1080w\" sizes=\"auto, (max-width: 768px) 100vw, 768px\" \/><\/figure><\/div>\n\n\n<style>\n.tb{\nmargin-top:30px\n\n}\n.tb2{\nmargin-bottom:45px\n\n}\n.ul li{\nmargin-left:20px!important;\nlist-style:disc!important\n\n}\n\n\n<\/style>","protected":false},"excerpt":{"rendered":"<p>Home Customers Cases Customer Success Story \u2013 Enhancing Sealing with PTFE\/FEP Heat-Shrink Tubing Customer Background We recently collaborated with an electronic seal company serving a major automobile manufacturer. As experts in PTFE\/FEP heat shrink tubing, they approached us to improve the sealing performance of parts exposed to high-temperature corrosive liquids. The Challenge The customer faced [&hellip;]<\/p>","protected":false},"author":1,"featured_media":0,"parent":0,"menu_order":0,"comment_status":"closed","ping_status":"closed","template":"","meta":{"footnotes":""},"class_list":["post-3232","page","type-page","status-publish","hentry"],"yoast_head":"<!-- This site is optimized with the Yoast SEO plugin v24.4 - https:\/\/yoast.com\/wordpress\/plugins\/seo\/ -->\n<title>Premium Extruded &amp; Heat-Shrink Tubing, Molding Parts &amp; Gaskets | Yozonetech<\/title>\n<meta name=\"description\" content=\"Yozonetech offers a wide range of extruded tubings (PTFE, FEP, silicone, rubber), heat-shrink tubes, injection-molded parts, cable insulation, and gasket O-rings for semiconductor, industrial, and medical applications. Explore now.\" \/>\n<meta name=\"robots\" content=\"index, follow, max-snippet:-1, max-image-preview:large, max-video-preview:-1\" \/>\n<link rel=\"canonical\" href=\"https:\/\/www.chinaptfetube.com\/es\/customers-cases\/\" \/>\n<meta property=\"og:locale\" content=\"es_ES\" \/>\n<meta property=\"og:type\" content=\"article\" \/>\n<meta property=\"og:title\" content=\"Premium Extruded &amp; Heat-Shrink Tubing, Molding Parts &amp; Gaskets | Yozonetech\" \/>\n<meta property=\"og:description\" content=\"Yozonetech offers a wide range of extruded tubings (PTFE, FEP, silicone, rubber), heat-shrink tubes, injection-molded parts, cable insulation, and gasket O-rings for semiconductor, industrial, and medical applications. Explore now.\" \/>\n<meta property=\"og:url\" content=\"https:\/\/www.chinaptfetube.com\/es\/customers-cases\/\" \/>\n<meta property=\"og:site_name\" content=\"Yozonetech Co., Ltd.\" \/>\n<meta property=\"article:modified_time\" content=\"2025-08-29T04:08:58+00:00\" \/>\n<meta property=\"og:image\" content=\"https:\/\/www.chinaptfetube.com\/wp-content\/uploads\/2025\/06\/case1.webp\" \/>\n\t<meta property=\"og:image:width\" content=\"1440\" \/>\n\t<meta property=\"og:image:height\" content=\"1080\" \/>\n\t<meta property=\"og:image:type\" content=\"image\/webp\" \/>\n<meta name=\"twitter:card\" content=\"summary_large_image\" \/>\n<meta name=\"twitter:label1\" content=\"Est. reading time\" \/>\n\t<meta name=\"twitter:data1\" content=\"4 minutos\" \/>\n<script type=\"application\/ld+json\" class=\"yoast-schema-graph\">{\"@context\":\"https:\/\/schema.org\",\"@graph\":[{\"@type\":\"WebPage\",\"@id\":\"https:\/\/www.chinaptfetube.com\/customers-cases\/\",\"url\":\"https:\/\/www.chinaptfetube.com\/customers-cases\/\",\"name\":\"Premium Extruded & Heat-Shrink Tubing, Molding Parts & Gaskets | Yozonetech\",\"isPartOf\":{\"@id\":\"https:\/\/www.chinaptfetube.com\/#website\"},\"primaryImageOfPage\":{\"@id\":\"https:\/\/www.chinaptfetube.com\/customers-cases\/#primaryimage\"},\"image\":{\"@id\":\"https:\/\/www.chinaptfetube.com\/customers-cases\/#primaryimage\"},\"thumbnailUrl\":\"https:\/\/www.chinaptfetube.com\/wp-content\/uploads\/2025\/06\/case1-1024x768.webp\",\"datePublished\":\"2025-06-25T07:42:54+00:00\",\"dateModified\":\"2025-08-29T04:08:58+00:00\",\"description\":\"Yozonetech offers a wide range of extruded tubings (PTFE, FEP, silicone, rubber), heat-shrink tubes, injection-molded parts, cable insulation, and gasket O-rings for semiconductor, industrial, and medical applications. Explore now.\",\"breadcrumb\":{\"@id\":\"https:\/\/www.chinaptfetube.com\/customers-cases\/#breadcrumb\"},\"inLanguage\":\"es\",\"potentialAction\":[{\"@type\":\"ReadAction\",\"target\":[\"https:\/\/www.chinaptfetube.com\/customers-cases\/\"]}]},{\"@type\":\"ImageObject\",\"inLanguage\":\"es\",\"@id\":\"https:\/\/www.chinaptfetube.com\/customers-cases\/#primaryimage\",\"url\":\"https:\/\/www.chinaptfetube.com\/wp-content\/uploads\/2025\/06\/case1-1024x768.webp\",\"contentUrl\":\"https:\/\/www.chinaptfetube.com\/wp-content\/uploads\/2025\/06\/case1-1024x768.webp\"},{\"@type\":\"BreadcrumbList\",\"@id\":\"https:\/\/www.chinaptfetube.com\/customers-cases\/#breadcrumb\",\"itemListElement\":[{\"@type\":\"ListItem\",\"position\":1,\"name\":\"Home\",\"item\":\"https:\/\/www.chinaptfetube.com\/\"},{\"@type\":\"ListItem\",\"position\":2,\"name\":\"Customers Cases\"}]},{\"@type\":\"WebSite\",\"@id\":\"https:\/\/www.chinaptfetube.com\/#website\",\"url\":\"https:\/\/www.chinaptfetube.com\/\",\"name\":\"Yozonetech Co., Ltd.\",\"description\":\"Yozonetech Co., Ltd.\",\"publisher\":{\"@id\":\"https:\/\/www.chinaptfetube.com\/#organization\"},\"potentialAction\":[{\"@type\":\"SearchAction\",\"target\":{\"@type\":\"EntryPoint\",\"urlTemplate\":\"https:\/\/www.chinaptfetube.com\/?s={search_term_string}\"},\"query-input\":{\"@type\":\"PropertyValueSpecification\",\"valueRequired\":true,\"valueName\":\"search_term_string\"}}],\"inLanguage\":\"es\"},{\"@type\":\"Organization\",\"@id\":\"https:\/\/www.chinaptfetube.com\/#organization\",\"name\":\"Yozonetech Co., Ltd.\",\"url\":\"https:\/\/www.chinaptfetube.com\/\",\"logo\":{\"@type\":\"ImageObject\",\"inLanguage\":\"es\",\"@id\":\"https:\/\/www.chinaptfetube.com\/#\/schema\/logo\/image\/\",\"url\":\"https:\/\/www.chinaptfetube.com\/wp-content\/uploads\/2025\/06\/cropped-logo.webp\",\"contentUrl\":\"https:\/\/www.chinaptfetube.com\/wp-content\/uploads\/2025\/06\/cropped-logo.webp\",\"width\":388,\"height\":138,\"caption\":\"Yozonetech Co., Ltd.\"},\"image\":{\"@id\":\"https:\/\/www.chinaptfetube.com\/#\/schema\/logo\/image\/\"}}]}<\/script>\n<!-- \/ Yoast SEO plugin. -->","yoast_head_json":{"title":"Premium Extruded & Heat-Shrink Tubing, Molding Parts & Gaskets | Yozonetech","description":"Yozonetech offers a wide range of extruded tubings (PTFE, FEP, silicone, rubber), heat-shrink tubes, injection-molded parts, cable insulation, and gasket O-rings for semiconductor, industrial, and medical applications. Explore now.","robots":{"index":"index","follow":"follow","max-snippet":"max-snippet:-1","max-image-preview":"max-image-preview:large","max-video-preview":"max-video-preview:-1"},"canonical":"https:\/\/www.chinaptfetube.com\/es\/customers-cases\/","og_locale":"es_ES","og_type":"article","og_title":"Premium Extruded & Heat-Shrink Tubing, Molding Parts & Gaskets | Yozonetech","og_description":"Yozonetech offers a wide range of extruded tubings (PTFE, FEP, silicone, rubber), heat-shrink tubes, injection-molded parts, cable insulation, and gasket O-rings for semiconductor, industrial, and medical applications. Explore now.","og_url":"https:\/\/www.chinaptfetube.com\/es\/customers-cases\/","og_site_name":"Yozonetech Co., Ltd.","article_modified_time":"2025-08-29T04:08:58+00:00","og_image":[{"width":1440,"height":1080,"url":"https:\/\/www.chinaptfetube.com\/wp-content\/uploads\/2025\/06\/case1.webp","type":"image\/webp"}],"twitter_card":"summary_large_image","twitter_misc":{"Est. reading time":"4 minutos"},"schema":{"@context":"https:\/\/schema.org","@graph":[{"@type":"WebPage","@id":"https:\/\/www.chinaptfetube.com\/customers-cases\/","url":"https:\/\/www.chinaptfetube.com\/customers-cases\/","name":"Premium Extruded & Heat-Shrink Tubing, Molding Parts & Gaskets | Yozonetech","isPartOf":{"@id":"https:\/\/www.chinaptfetube.com\/#website"},"primaryImageOfPage":{"@id":"https:\/\/www.chinaptfetube.com\/customers-cases\/#primaryimage"},"image":{"@id":"https:\/\/www.chinaptfetube.com\/customers-cases\/#primaryimage"},"thumbnailUrl":"https:\/\/www.chinaptfetube.com\/wp-content\/uploads\/2025\/06\/case1-1024x768.webp","datePublished":"2025-06-25T07:42:54+00:00","dateModified":"2025-08-29T04:08:58+00:00","description":"Yozonetech offers a wide range of extruded tubings (PTFE, FEP, silicone, rubber), heat-shrink tubes, injection-molded parts, cable insulation, and gasket O-rings for semiconductor, industrial, and medical applications. Explore now.","breadcrumb":{"@id":"https:\/\/www.chinaptfetube.com\/customers-cases\/#breadcrumb"},"inLanguage":"es","potentialAction":[{"@type":"ReadAction","target":["https:\/\/www.chinaptfetube.com\/customers-cases\/"]}]},{"@type":"ImageObject","inLanguage":"es","@id":"https:\/\/www.chinaptfetube.com\/customers-cases\/#primaryimage","url":"https:\/\/www.chinaptfetube.com\/wp-content\/uploads\/2025\/06\/case1-1024x768.webp","contentUrl":"https:\/\/www.chinaptfetube.com\/wp-content\/uploads\/2025\/06\/case1-1024x768.webp"},{"@type":"BreadcrumbList","@id":"https:\/\/www.chinaptfetube.com\/customers-cases\/#breadcrumb","itemListElement":[{"@type":"ListItem","position":1,"name":"Home","item":"https:\/\/www.chinaptfetube.com\/"},{"@type":"ListItem","position":2,"name":"Customers Cases"}]},{"@type":"WebSite","@id":"https:\/\/www.chinaptfetube.com\/#website","url":"https:\/\/www.chinaptfetube.com\/","name":"Yozonetech Co., Ltd.","description":"Yozonetech Co., Ltd.","publisher":{"@id":"https:\/\/www.chinaptfetube.com\/#organization"},"potentialAction":[{"@type":"SearchAction","target":{"@type":"EntryPoint","urlTemplate":"https:\/\/www.chinaptfetube.com\/?s={search_term_string}"},"query-input":{"@type":"PropertyValueSpecification","valueRequired":true,"valueName":"search_term_string"}}],"inLanguage":"es"},{"@type":"Organization","@id":"https:\/\/www.chinaptfetube.com\/#organization","name":"Yozonetech Co., Ltd.","url":"https:\/\/www.chinaptfetube.com\/","logo":{"@type":"ImageObject","inLanguage":"es","@id":"https:\/\/www.chinaptfetube.com\/#\/schema\/logo\/image\/","url":"https:\/\/www.chinaptfetube.com\/wp-content\/uploads\/2025\/06\/cropped-logo.webp","contentUrl":"https:\/\/www.chinaptfetube.com\/wp-content\/uploads\/2025\/06\/cropped-logo.webp","width":388,"height":138,"caption":"Yozonetech Co., Ltd."},"image":{"@id":"https:\/\/www.chinaptfetube.com\/#\/schema\/logo\/image\/"}}]}},"_links":{"self":[{"href":"https:\/\/www.chinaptfetube.com\/es\/wp-json\/wp\/v2\/pages\/3232","targetHints":{"allow":["GET"]}}],"collection":[{"href":"https:\/\/www.chinaptfetube.com\/es\/wp-json\/wp\/v2\/pages"}],"about":[{"href":"https:\/\/www.chinaptfetube.com\/es\/wp-json\/wp\/v2\/types\/page"}],"author":[{"embeddable":true,"href":"https:\/\/www.chinaptfetube.com\/es\/wp-json\/wp\/v2\/users\/1"}],"replies":[{"embeddable":true,"href":"https:\/\/www.chinaptfetube.com\/es\/wp-json\/wp\/v2\/comments?post=3232"}],"version-history":[{"count":14,"href":"https:\/\/www.chinaptfetube.com\/es\/wp-json\/wp\/v2\/pages\/3232\/revisions"}],"predecessor-version":[{"id":4017,"href":"https:\/\/www.chinaptfetube.com\/es\/wp-json\/wp\/v2\/pages\/3232\/revisions\/4017"}],"wp:attachment":[{"href":"https:\/\/www.chinaptfetube.com\/es\/wp-json\/wp\/v2\/media?parent=3232"}],"curies":[{"name":"wp","href":"https:\/\/api.w.org\/{rel}","templated":true}]}}