{"id":3182,"date":"2025-06-25T06:35:37","date_gmt":"2025-06-25T06:35:37","guid":{"rendered":"https:\/\/www.chinaptfetube.com\/?page_id=3182"},"modified":"2025-08-29T03:58:01","modified_gmt":"2025-08-29T03:58:01","slug":"our-story","status":"publish","type":"page","link":"https:\/\/www.chinaptfetube.com\/es\/our-story\/","title":{"rendered":"Nuestra historia"},"content":{"rendered":"<div class=\"path_bar\">\n        <div class=\"layout\" style=\"margin:0 auto\">\n            <ul>\n                <li><a href=\"\/es\/\">Inicio<\/a><\/li>\n                <!--\u9762\u5305\u5c51-->\n               <li><a href=\"\">Nuestra historia<\/a><\/li>\n            <\/ul>\n        <\/div>\n    <\/div>\n\n\n\n<h1 class=\"wp-block-heading has-text-align-center\" style=\"font-size:30px\"><strong>Acerca de Yozonetech - Fabricante l\u00edder de tubos de PTFE<\/strong><\/h1>\n\n\n\n<p class=\"layout tb\"><br>Yozonetech comenz\u00f3 como una empresa familiar <a href=\"https:\/\/www.chinaptfetube.com\/es\/ptfe-tubing-category\/\">Tubo de PTFE<\/a> fabricante de PTFE, <a href=\"https:\/\/www.chinaptfetube.com\/es\/fep-pfa-tubing-category\/\">Tubo FEP<\/a>, <a href=\"https:\/\/www.chinaptfetube.com\/es\/fep-pfa-tubing-category\/\">Tubo PFA<\/a>, <a href=\"https:\/\/www.chinaptfetube.com\/es\/silicone-tubing-category\/\">tubo flexible de silicona<\/a>, <a href=\"https:\/\/www.chinaptfetube.com\/es\/rubber-tubing-category\/\">manguera de goma<\/a> y <a href=\"https:\/\/www.chinaptfetube.com\/es\/insulated-electric-wirecable-category\/\">cable el\u00e9ctrico aislado<\/a> desde 2005. En 2018, establecimos nuestra empresa de importaci\u00f3n y exportaci\u00f3n y creamos nuestra propia marca, Yozonetech. En los tres primeros a\u00f1os, colaboramos con \u00e9xito con m\u00e1s de 60 clientes profesionales de toda Europa y EE. UU., suministrando soluciones m\u00e9dicas e industriales, como tubos de cat\u00e9teres m\u00e9dicos, intercambiadores de calor para centrales el\u00e9ctricas, tubos termorretr\u00e1ctiles de doble pared PTFE\/FEP e hidr\u00e1ulicos de alta presi\u00f3n. <a href=\"https:\/\/www.chinaptfetube.com\/es\/ptfe-tubing-category\/\">Tubos de PTFE<\/a> para aplicaciones industriales de gases y l\u00edquidos.<\/p>\n\n\n<div class=\"wp-block-image layout\">\n<figure class=\"aligncenter size-large\"><img loading=\"lazy\" decoding=\"async\" width=\"1024\" height=\"447\" src=\"https:\/\/www.chinaptfetube.com\/wp-content\/uploads\/2025\/06\/Yozonetech-Factories-1024x447.webp\" alt=\"Proveedor de tubos de PTFE Yozonetech\" class=\"wp-image-3194\" srcset=\"https:\/\/www.chinaptfetube.com\/wp-content\/uploads\/2025\/06\/Yozonetech-Factories-1024x447.webp 1024w, https:\/\/www.chinaptfetube.com\/wp-content\/uploads\/2025\/06\/Yozonetech-Factories-300x131.webp 300w, https:\/\/www.chinaptfetube.com\/wp-content\/uploads\/2025\/06\/Yozonetech-Factories-768x335.webp 768w, https:\/\/www.chinaptfetube.com\/wp-content\/uploads\/2025\/06\/Yozonetech-Factories-1536x671.webp 1536w, https:\/\/www.chinaptfetube.com\/wp-content\/uploads\/2025\/06\/Yozonetech-Factories-2048x894.webp 2048w, https:\/\/www.chinaptfetube.com\/wp-content\/uploads\/2025\/06\/Yozonetech-Factories-18x8.webp 18w\" sizes=\"auto, (max-width: 1024px) 100vw, 1024px\" \/><\/figure><\/div>\n\n\n<h2 class=\"wp-block-heading has-text-align-center\"><strong>Fabricaci\u00f3n avanzada con m\u00e1quinas de extrusi\u00f3n taiwanesas<\/strong><\/h2>\n\n\n\n<p class=\"layout\">Estamos orgullosos de utilizar m\u00e1quinas de extrusi\u00f3n taiwanesas, que garantizan tolerancias m\u00ednimas, temperaturas de funcionamiento estables, superficies de producto lisas y una alta calidad constante. Esta capacidad nos permite fabricar <a href=\"https:\/\/www.chinaptfetube.com\/es\/products\/\">tubo de pl\u00e1stico extruido<\/a> y <a href=\"https:\/\/www.chinaptfetube.com\/es\/products\/\">tubo termoretr\u00e1ctil de alta temperatura<\/a> para aplicaciones exigentes.<\/p>\n\n\n<div class=\"wp-block-image layout\">\n<figure class=\"aligncenter size-large\"><img loading=\"lazy\" decoding=\"async\" width=\"1024\" height=\"676\" src=\"https:\/\/www.chinaptfetube.com\/wp-content\/uploads\/2025\/06\/YOZONETECH-1024x676.webp\" alt=\"Proveedor de tubos de PTFE Yozonetech\" class=\"wp-image-3198\" srcset=\"https:\/\/www.chinaptfetube.com\/wp-content\/uploads\/2025\/06\/YOZONETECH-1024x676.webp 1024w, https:\/\/www.chinaptfetube.com\/wp-content\/uploads\/2025\/06\/YOZONETECH-300x198.webp 300w, https:\/\/www.chinaptfetube.com\/wp-content\/uploads\/2025\/06\/YOZONETECH-768x507.webp 768w, https:\/\/www.chinaptfetube.com\/wp-content\/uploads\/2025\/06\/YOZONETECH-1536x1013.webp 1536w, https:\/\/www.chinaptfetube.com\/wp-content\/uploads\/2025\/06\/YOZONETECH-18x12.webp 18w, https:\/\/www.chinaptfetube.com\/wp-content\/uploads\/2025\/06\/YOZONETECH.webp 1852w\" sizes=\"auto, (max-width: 1024px) 100vw, 1024px\" \/><\/figure><\/div>\n\n\n<h2 class=\"wp-block-heading has-text-align-center\"><strong>Fuerza de la f\u00e1brica y capacidad de producci\u00f3n<\/strong><\/h2>\n\n\n\n<p class=\"layout\">Nuestras f\u00e1bricas ocupan 40.000 metros cuadrados, emplean a m\u00e1s de 500 trabajadores y desarrolladores y albergan m\u00e1s de 700 m\u00e1quinas de producci\u00f3n. Esta estructura permite desarrollar 1-2 nuevos productos al mes, con una producci\u00f3n mensual de 25 millones de metros. Contamos con 2 f\u00e1bricas en la provincia de Hebei y cooperamos con otras 5 f\u00e1bricas en Guangdong, Shanghai y Hebei, lo que garantiza una producci\u00f3n a gran escala y una entrega r\u00e1pida.<br><\/p>\n\n\n<div class=\"wp-block-image layout\">\n<figure class=\"aligncenter size-large\"><img loading=\"lazy\" decoding=\"async\" width=\"1024\" height=\"849\" src=\"https:\/\/www.chinaptfetube.com\/wp-content\/uploads\/2025\/06\/Our-Story-1024x849.webp\" alt=\"Proveedor de tubos de PTFE Yozonetech\" class=\"wp-image-3202\" srcset=\"https:\/\/www.chinaptfetube.com\/wp-content\/uploads\/2025\/06\/Our-Story-1024x849.webp 1024w, https:\/\/www.chinaptfetube.com\/wp-content\/uploads\/2025\/06\/Our-Story-300x249.webp 300w, https:\/\/www.chinaptfetube.com\/wp-content\/uploads\/2025\/06\/Our-Story-768x637.webp 768w, https:\/\/www.chinaptfetube.com\/wp-content\/uploads\/2025\/06\/Our-Story-14x12.webp 14w, https:\/\/www.chinaptfetube.com\/wp-content\/uploads\/2025\/06\/Our-Story.webp 1072w\" sizes=\"auto, (max-width: 1024px) 100vw, 1024px\" \/><\/figure><\/div>\n\n\n<h2 class=\"wp-block-heading has-text-align-center layout\"><strong>Experiencia y garant\u00eda de calidad<\/strong><\/h2>\n\n\n\n<p class=\"layout tb\">Nuestro director de ingenier\u00eda cuenta con m\u00e1s de 15 a\u00f1os de experiencia en la industria del PTFE y fue uno de los primeros ingenieros en introducir en China continental la tecnolog\u00eda de producci\u00f3n de PTFE de empresas financiadas en el extranjero. Utilizamos fluoropol\u00edmeros v\u00edrgenes de primera calidad de marcas mundiales como DuPont, Daikin, AGC, as\u00ed como de marcas chinas como Dongyue y Chengguang. Esto garantiza que nuestros productos mantengan una calidad estable a precios competitivos.<\/p>\n\n\n\n<p class=\"layout\">Todos los productos -incluidos los tubos de cat\u00e9teres m\u00e9dicos y <strong>Tubos termorretr\u00e1ctiles PTFE\/FEP<\/strong>-est\u00e9n certificados por <strong>USP Clase VI<\/strong>, <strong>FDA<\/strong>, <strong>ROHS<\/strong>, <strong>REACH<\/strong>y <strong>CE<\/strong>convirti\u00e9ndonos en el #1 <strong>F\u00e1brica OEM y ODM<\/strong> en China.<\/p>\n\n\n\n<h2 class=\"wp-block-heading has-text-align-center layout\"><strong><strong>Amplias l\u00edneas de productos<\/strong><\/strong><\/h2>\n\n\n\n<ul class=\"wp-block-list layout ullist\">\n<li class=\"layout tb\"><strong>Tubos de PTFE, FEP, PFA y otros fluoropol\u00edmeros<\/strong> - incluidos tubos ultrafinos de PTFE (pared de 0,025-0,05 mm), FEP, PFA, PEEK, ETFE, etc.<\/li>\n\n\n\n<li class=\"layout\"><strong>Tubo termorretr\u00e1ctil<\/strong> - Tubo termorretr\u00e1ctil de PTFE, <strong>Tubo termorretr\u00e1ctil de doble pared PTFE\/FEP<\/strong>Tubo termorretr\u00e1ctil PEEK.<\/li>\n\n\n\n<li class=\"layout\"><strong>Tubos hidr\u00e1ulicos de alta presi\u00f3n<\/strong> - \u00e1nima lisa, convoluta y ondulada <strong>Tubos de PTFE<\/strong> para el transporte industrial de gases y l\u00edquidos.<\/li>\n<\/ul>\n\n\n\n<p class=\"layout mb\">Tambi\u00e9n suministramos <a href=\"https:\/\/www.chinaptfetube.com\/es\/ptfe-tubing-category\/\">venta al por mayor tubo de PTFE<\/a> para satisfacer las demandas industriales a gran escala, manteniendo al mismo tiempo la m\u00e1xima calidad y precios competitivos.<\/p>\n\n\n\n<style>\n\n.tb{\nmargin-top:30px;\n\n\n}\n.mb{margin-bottom:30px}\n\n\n.ullist li{\nlist-style:disc!important;\nmargin-left:20px!important\n}\n\n\n\n<\/style>","protected":false},"excerpt":{"rendered":"<p>Home Our Story About Yozonetech \u2013 Leading PTFE Tube Manufacturer Yozonetech began as a family-owned PTFE tube manufacturer, producing PTFE, FEP tubing, PFA tubing, flexible silicone tubing, rubber hose and insulated electrical wire since 2005. In 2018, we established our import &amp; export company and created our own brand, Yozonetech. Within the first three years, [&hellip;]<\/p>","protected":false},"author":1,"featured_media":0,"parent":0,"menu_order":0,"comment_status":"closed","ping_status":"closed","template":"","meta":{"footnotes":""},"class_list":["post-3182","page","type-page","status-publish","hentry"],"yoast_head":"<!-- This site is optimized with the Yoast SEO plugin v24.4 - https:\/\/yoast.com\/wordpress\/plugins\/seo\/ -->\n<title>Premium Extruded &amp; Heat-Shrink Tubing, Molding Parts &amp; Gaskets | Yozonetech<\/title>\n<meta name=\"description\" content=\"Yozonetech offers a wide range of extruded tubings (PTFE, FEP, silicone, rubber), heat-shrink tubes, injection-molded parts, cable insulation, and gasket O-rings for semiconductor, industrial, and medical applications. Explore now.\" \/>\n<meta name=\"robots\" content=\"index, follow, max-snippet:-1, max-image-preview:large, max-video-preview:-1\" \/>\n<link rel=\"canonical\" href=\"https:\/\/www.chinaptfetube.com\/es\/our-story\/\" \/>\n<meta property=\"og:locale\" content=\"es_ES\" \/>\n<meta property=\"og:type\" content=\"article\" \/>\n<meta property=\"og:title\" content=\"Premium Extruded &amp; Heat-Shrink Tubing, Molding Parts &amp; Gaskets | Yozonetech\" \/>\n<meta property=\"og:description\" content=\"Yozonetech offers a wide range of extruded tubings (PTFE, FEP, silicone, rubber), heat-shrink tubes, injection-molded parts, cable insulation, and gasket O-rings for semiconductor, industrial, and medical applications. Explore now.\" \/>\n<meta property=\"og:url\" content=\"https:\/\/www.chinaptfetube.com\/es\/our-story\/\" \/>\n<meta property=\"og:site_name\" content=\"Yozonetech Co., Ltd.\" \/>\n<meta property=\"article:modified_time\" content=\"2025-08-29T03:58:01+00:00\" \/>\n<meta property=\"og:image\" content=\"https:\/\/www.chinaptfetube.com\/wp-content\/uploads\/2025\/06\/Yozonetech-Factories-scaled.webp\" \/>\n\t<meta property=\"og:image:width\" content=\"2560\" \/>\n\t<meta property=\"og:image:height\" content=\"1118\" \/>\n\t<meta property=\"og:image:type\" content=\"image\/webp\" \/>\n<meta name=\"twitter:card\" content=\"summary_large_image\" \/>\n<meta name=\"twitter:label1\" content=\"Est. reading time\" \/>\n\t<meta name=\"twitter:data1\" content=\"3 minutos\" \/>\n<script type=\"application\/ld+json\" class=\"yoast-schema-graph\">{\"@context\":\"https:\/\/schema.org\",\"@graph\":[{\"@type\":\"WebPage\",\"@id\":\"https:\/\/www.chinaptfetube.com\/our-story\/\",\"url\":\"https:\/\/www.chinaptfetube.com\/our-story\/\",\"name\":\"Premium Extruded & Heat-Shrink Tubing, Molding Parts & Gaskets | Yozonetech\",\"isPartOf\":{\"@id\":\"https:\/\/www.chinaptfetube.com\/#website\"},\"primaryImageOfPage\":{\"@id\":\"https:\/\/www.chinaptfetube.com\/our-story\/#primaryimage\"},\"image\":{\"@id\":\"https:\/\/www.chinaptfetube.com\/our-story\/#primaryimage\"},\"thumbnailUrl\":\"https:\/\/www.chinaptfetube.com\/wp-content\/uploads\/2025\/06\/Yozonetech-Factories-1024x447.webp\",\"datePublished\":\"2025-06-25T06:35:37+00:00\",\"dateModified\":\"2025-08-29T03:58:01+00:00\",\"description\":\"Yozonetech offers a wide range of extruded tubings (PTFE, FEP, silicone, rubber), heat-shrink tubes, injection-molded parts, cable insulation, and gasket O-rings for semiconductor, industrial, and medical applications. Explore now.\",\"breadcrumb\":{\"@id\":\"https:\/\/www.chinaptfetube.com\/our-story\/#breadcrumb\"},\"inLanguage\":\"es\",\"potentialAction\":[{\"@type\":\"ReadAction\",\"target\":[\"https:\/\/www.chinaptfetube.com\/our-story\/\"]}]},{\"@type\":\"ImageObject\",\"inLanguage\":\"es\",\"@id\":\"https:\/\/www.chinaptfetube.com\/our-story\/#primaryimage\",\"url\":\"https:\/\/www.chinaptfetube.com\/wp-content\/uploads\/2025\/06\/Yozonetech-Factories-1024x447.webp\",\"contentUrl\":\"https:\/\/www.chinaptfetube.com\/wp-content\/uploads\/2025\/06\/Yozonetech-Factories-1024x447.webp\"},{\"@type\":\"BreadcrumbList\",\"@id\":\"https:\/\/www.chinaptfetube.com\/our-story\/#breadcrumb\",\"itemListElement\":[{\"@type\":\"ListItem\",\"position\":1,\"name\":\"Home\",\"item\":\"https:\/\/www.chinaptfetube.com\/\"},{\"@type\":\"ListItem\",\"position\":2,\"name\":\"Our Story\"}]},{\"@type\":\"WebSite\",\"@id\":\"https:\/\/www.chinaptfetube.com\/#website\",\"url\":\"https:\/\/www.chinaptfetube.com\/\",\"name\":\"Yozonetech Co., Ltd.\",\"description\":\"Yozonetech Co., Ltd.\",\"publisher\":{\"@id\":\"https:\/\/www.chinaptfetube.com\/#organization\"},\"potentialAction\":[{\"@type\":\"SearchAction\",\"target\":{\"@type\":\"EntryPoint\",\"urlTemplate\":\"https:\/\/www.chinaptfetube.com\/?s={search_term_string}\"},\"query-input\":{\"@type\":\"PropertyValueSpecification\",\"valueRequired\":true,\"valueName\":\"search_term_string\"}}],\"inLanguage\":\"es\"},{\"@type\":\"Organization\",\"@id\":\"https:\/\/www.chinaptfetube.com\/#organization\",\"name\":\"Yozonetech Co., Ltd.\",\"url\":\"https:\/\/www.chinaptfetube.com\/\",\"logo\":{\"@type\":\"ImageObject\",\"inLanguage\":\"es\",\"@id\":\"https:\/\/www.chinaptfetube.com\/#\/schema\/logo\/image\/\",\"url\":\"https:\/\/www.chinaptfetube.com\/wp-content\/uploads\/2025\/06\/cropped-logo.webp\",\"contentUrl\":\"https:\/\/www.chinaptfetube.com\/wp-content\/uploads\/2025\/06\/cropped-logo.webp\",\"width\":388,\"height\":138,\"caption\":\"Yozonetech Co., Ltd.\"},\"image\":{\"@id\":\"https:\/\/www.chinaptfetube.com\/#\/schema\/logo\/image\/\"}}]}<\/script>\n<!-- \/ Yoast SEO plugin. -->","yoast_head_json":{"title":"Premium Extruded & Heat-Shrink Tubing, Molding Parts & Gaskets | Yozonetech","description":"Yozonetech offers a wide range of extruded tubings (PTFE, FEP, silicone, rubber), heat-shrink tubes, injection-molded parts, cable insulation, and gasket O-rings for semiconductor, industrial, and medical applications. Explore now.","robots":{"index":"index","follow":"follow","max-snippet":"max-snippet:-1","max-image-preview":"max-image-preview:large","max-video-preview":"max-video-preview:-1"},"canonical":"https:\/\/www.chinaptfetube.com\/es\/our-story\/","og_locale":"es_ES","og_type":"article","og_title":"Premium Extruded & Heat-Shrink Tubing, Molding Parts & Gaskets | Yozonetech","og_description":"Yozonetech offers a wide range of extruded tubings (PTFE, FEP, silicone, rubber), heat-shrink tubes, injection-molded parts, cable insulation, and gasket O-rings for semiconductor, industrial, and medical applications. Explore now.","og_url":"https:\/\/www.chinaptfetube.com\/es\/our-story\/","og_site_name":"Yozonetech Co., Ltd.","article_modified_time":"2025-08-29T03:58:01+00:00","og_image":[{"width":2560,"height":1118,"url":"https:\/\/www.chinaptfetube.com\/wp-content\/uploads\/2025\/06\/Yozonetech-Factories-scaled.webp","type":"image\/webp"}],"twitter_card":"summary_large_image","twitter_misc":{"Est. reading time":"3 minutos"},"schema":{"@context":"https:\/\/schema.org","@graph":[{"@type":"WebPage","@id":"https:\/\/www.chinaptfetube.com\/our-story\/","url":"https:\/\/www.chinaptfetube.com\/our-story\/","name":"Premium Extruded & Heat-Shrink Tubing, Molding Parts & Gaskets | Yozonetech","isPartOf":{"@id":"https:\/\/www.chinaptfetube.com\/#website"},"primaryImageOfPage":{"@id":"https:\/\/www.chinaptfetube.com\/our-story\/#primaryimage"},"image":{"@id":"https:\/\/www.chinaptfetube.com\/our-story\/#primaryimage"},"thumbnailUrl":"https:\/\/www.chinaptfetube.com\/wp-content\/uploads\/2025\/06\/Yozonetech-Factories-1024x447.webp","datePublished":"2025-06-25T06:35:37+00:00","dateModified":"2025-08-29T03:58:01+00:00","description":"Yozonetech offers a wide range of extruded tubings (PTFE, FEP, silicone, rubber), heat-shrink tubes, injection-molded parts, cable insulation, and gasket O-rings for semiconductor, industrial, and medical applications. Explore now.","breadcrumb":{"@id":"https:\/\/www.chinaptfetube.com\/our-story\/#breadcrumb"},"inLanguage":"es","potentialAction":[{"@type":"ReadAction","target":["https:\/\/www.chinaptfetube.com\/our-story\/"]}]},{"@type":"ImageObject","inLanguage":"es","@id":"https:\/\/www.chinaptfetube.com\/our-story\/#primaryimage","url":"https:\/\/www.chinaptfetube.com\/wp-content\/uploads\/2025\/06\/Yozonetech-Factories-1024x447.webp","contentUrl":"https:\/\/www.chinaptfetube.com\/wp-content\/uploads\/2025\/06\/Yozonetech-Factories-1024x447.webp"},{"@type":"BreadcrumbList","@id":"https:\/\/www.chinaptfetube.com\/our-story\/#breadcrumb","itemListElement":[{"@type":"ListItem","position":1,"name":"Home","item":"https:\/\/www.chinaptfetube.com\/"},{"@type":"ListItem","position":2,"name":"Our Story"}]},{"@type":"WebSite","@id":"https:\/\/www.chinaptfetube.com\/#website","url":"https:\/\/www.chinaptfetube.com\/","name":"Yozonetech Co., Ltd.","description":"Yozonetech Co., Ltd.","publisher":{"@id":"https:\/\/www.chinaptfetube.com\/#organization"},"potentialAction":[{"@type":"SearchAction","target":{"@type":"EntryPoint","urlTemplate":"https:\/\/www.chinaptfetube.com\/?s={search_term_string}"},"query-input":{"@type":"PropertyValueSpecification","valueRequired":true,"valueName":"search_term_string"}}],"inLanguage":"es"},{"@type":"Organization","@id":"https:\/\/www.chinaptfetube.com\/#organization","name":"Yozonetech Co., Ltd.","url":"https:\/\/www.chinaptfetube.com\/","logo":{"@type":"ImageObject","inLanguage":"es","@id":"https:\/\/www.chinaptfetube.com\/#\/schema\/logo\/image\/","url":"https:\/\/www.chinaptfetube.com\/wp-content\/uploads\/2025\/06\/cropped-logo.webp","contentUrl":"https:\/\/www.chinaptfetube.com\/wp-content\/uploads\/2025\/06\/cropped-logo.webp","width":388,"height":138,"caption":"Yozonetech Co., Ltd."},"image":{"@id":"https:\/\/www.chinaptfetube.com\/#\/schema\/logo\/image\/"}}]}},"_links":{"self":[{"href":"https:\/\/www.chinaptfetube.com\/es\/wp-json\/wp\/v2\/pages\/3182","targetHints":{"allow":["GET"]}}],"collection":[{"href":"https:\/\/www.chinaptfetube.com\/es\/wp-json\/wp\/v2\/pages"}],"about":[{"href":"https:\/\/www.chinaptfetube.com\/es\/wp-json\/wp\/v2\/types\/page"}],"author":[{"embeddable":true,"href":"https:\/\/www.chinaptfetube.com\/es\/wp-json\/wp\/v2\/users\/1"}],"replies":[{"embeddable":true,"href":"https:\/\/www.chinaptfetube.com\/es\/wp-json\/wp\/v2\/comments?post=3182"}],"version-history":[{"count":31,"href":"https:\/\/www.chinaptfetube.com\/es\/wp-json\/wp\/v2\/pages\/3182\/revisions"}],"predecessor-version":[{"id":4005,"href":"https:\/\/www.chinaptfetube.com\/es\/wp-json\/wp\/v2\/pages\/3182\/revisions\/4005"}],"wp:attachment":[{"href":"https:\/\/www.chinaptfetube.com\/es\/wp-json\/wp\/v2\/media?parent=3182"}],"curies":[{"name":"wp","href":"https:\/\/api.w.org\/{rel}","templated":true}]}}