{"id":54,"date":"2025-02-07T05:31:04","date_gmt":"2025-02-07T05:31:04","guid":{"rendered":"http:\/\/www.chinaptfetube.com:8182\/?page_id=54"},"modified":"2025-08-28T09:47:41","modified_gmt":"2025-08-28T09:47:41","slug":"about-us","status":"publish","type":"page","link":"https:\/\/www.chinaptfetube.com\/de\/about-us\/","title":{"rendered":"\u00dcber uns"},"content":{"rendered":"<div class=\"path_bar\">\n        <div class=\"layout\" style=\"margin:0 auto\">\n            <ul>\n                <li><a href=\"\/de\/\">Startseite<\/a><\/li>\n                <!--\u9762\u5305\u5c51-->\n               <li><a href=\"\">\u00dcber uns<\/a><\/li>\n            <\/ul>\n        <\/div>\n    <\/div>\n\n\n\n<h1 class=\"wp-block-heading has-text-align-center\" style=\"font-size:30px\">Professioneller Hersteller von Schrumpfschl\u00e4uchen und Ptfe-Rohren in China<\/h1>\n\n\n\n<p class=\"layout tb\">Yozonetech-Einkaufsplan aus einer Hand von einem vertrauensw\u00fcrdigen <a href=\"https:\/\/www.chinaptfetube.com\/de\/about-us\/\">Hersteller von PTFE-Schl\u00e4uchen<\/a> bietet hochwertige <a href=\"https:\/\/www.chinaptfetube.com\/de\/ptfe-tubing-category\/\">PTFE-Schlauch<\/a>, <a href=\"https:\/\/www.chinaptfetube.com\/de\/fluoroplastics-tubing-category\/\">Fluorkunststoffschlauch<\/a>, <a href=\"https:\/\/www.chinaptfetube.com\/de\/fep-pfa-tubing-category\/\">FEP-Schl\u00e4uche<\/a>, <a href=\"https:\/\/www.chinaptfetube.com\/de\/silicone-tubing-category\/\">Silikonschlauch<\/a>und <a href=\"https:\/\/www.chinaptfetube.com\/de\/rubber-tubing-category\/\">Gummischlauch<\/a> zu wettbewerbsf\u00e4higen Preisen und mit schneller Lieferung. Wir bieten eine zeitnahe Kommunikation und pr\u00e4zise Anpassungsdienste, die Ihnen helfen, die Beschaffung zu rationalisieren, die Komplexit\u00e4t zu reduzieren und von folgenden Vorteilen zu profitieren <a href=\"https:\/\/www.chinaptfetube.com\/de\/ptfe-tubing-category\/\">Gro\u00dfhandel PTFE-Schlauch<\/a> L\u00f6sungen - alles aus einer einzigen zuverl\u00e4ssigen Quelle.<\/p>\n\n\n\n<div class=\"wp-block-columns layout is-layout-flex wp-container-core-columns-is-layout-1 wp-block-columns-is-layout-flex\">\n<div class=\"wp-block-column is-layout-flow wp-block-column-is-layout-flow\">\n<div class=\"wp-block-uagb-image uagb-block-617a8881 wp-block-uagb-image--layout-default wp-block-uagb-image--effect-static wp-block-uagb-image--align-none\"><figure class=\"wp-block-uagb-image__figure\"><img decoding=\"async\" srcset=\"https:\/\/www.chinaptfetube.com\/wp-content\/uploads\/2025\/06\/H168fa6b5a4414efca008dc88cbc72d79M.webp ,https:\/\/www.chinaptfetube.com\/wp-content\/uploads\/2025\/06\/H168fa6b5a4414efca008dc88cbc72d79M.webp 780w, https:\/\/www.chinaptfetube.com\/wp-content\/uploads\/2025\/06\/H168fa6b5a4414efca008dc88cbc72d79M.webp 360w\" sizes=\"auto, (max-width: 480px) 150px\" src=\"https:\/\/www.chinaptfetube.com\/wp-content\/uploads\/2025\/06\/H168fa6b5a4414efca008dc88cbc72d79M.webp\" alt=\" Yozonetech PTFE-Schlauch Lieferant\" class=\"uag-image-3159\" width=\"741\" height=\"414\" title=\"H168fa6b5a4414efca008dc88cbc72d79M\" loading=\"lazy\" role=\"img\"\/><\/figure><\/div>\n<\/div>\n\n\n\n<div class=\"wp-block-column is-layout-flow wp-block-column-is-layout-flow\">\n<div class=\"wp-block-uagb-image uagb-block-a6239d8d wp-block-uagb-image--layout-default wp-block-uagb-image--effect-static wp-block-uagb-image--align-none\"><figure class=\"wp-block-uagb-image__figure\"><img decoding=\"async\" srcset=\"https:\/\/www.chinaptfetube.com\/wp-content\/uploads\/2025\/06\/H4cc9c19f06bd47b68841d0c8b2531bddP.webp ,https:\/\/www.chinaptfetube.com\/wp-content\/uploads\/2025\/06\/H4cc9c19f06bd47b68841d0c8b2531bddP.webp 780w, https:\/\/www.chinaptfetube.com\/wp-content\/uploads\/2025\/06\/H4cc9c19f06bd47b68841d0c8b2531bddP.webp 360w\" sizes=\"auto, (max-width: 480px) 150px\" src=\"https:\/\/www.chinaptfetube.com\/wp-content\/uploads\/2025\/06\/H4cc9c19f06bd47b68841d0c8b2531bddP.webp\" alt=\" Yozonetech PTFE-Schlauch Lieferant\" class=\"uag-image-3156\" width=\"741\" height=\"414\" title=\"H4cc9c19f06bd47b68841d0c8b2531bddP\" loading=\"lazy\" role=\"img\"\/><\/figure><\/div>\n<\/div>\n<\/div>\n\n\n\n<p class=\"layout tb\">Unsere Produktexperten beraten Sie auch gerne bei der Auswahl der Werkstoffe entsprechend Ihren technischen Anforderungen.<\/p>\n\n\n\n<div class=\"wp-block-columns layout is-layout-flex wp-container-core-columns-is-layout-2 wp-block-columns-is-layout-flex\">\n<div class=\"wp-block-column is-layout-flow wp-block-column-is-layout-flow\">\n<div class=\"wp-block-uagb-image uagb-block-623de747 wp-block-uagb-image--layout-default wp-block-uagb-image--effect-static wp-block-uagb-image--align-none\"><figure class=\"wp-block-uagb-image__figure\"><img decoding=\"async\" srcset=\"https:\/\/www.chinaptfetube.com\/wp-content\/uploads\/2025\/06\/HTB1blv1RFXXXXXKXVXXq6xXFXXXE.webp ,https:\/\/www.chinaptfetube.com\/wp-content\/uploads\/2025\/06\/HTB1blv1RFXXXXXKXVXXq6xXFXXXE.webp 780w, https:\/\/www.chinaptfetube.com\/wp-content\/uploads\/2025\/06\/HTB1blv1RFXXXXXKXVXXq6xXFXXXE.webp 360w\" sizes=\"auto, (max-width: 480px) 150px\" src=\"https:\/\/www.chinaptfetube.com\/wp-content\/uploads\/2025\/06\/HTB1blv1RFXXXXXKXVXXq6xXFXXXE.webp\" alt=\" Yozonetech PTFE-Schlauch Lieferant\" class=\"uag-image-3158\" width=\"741\" height=\"414\" title=\"HTB1blv1RFXXXXXKXVXXq6xXFXXXE\" loading=\"lazy\" role=\"img\"\/><\/figure><\/div>\n<\/div>\n\n\n\n<div class=\"wp-block-column is-layout-flow wp-block-column-is-layout-flow\">\n<div class=\"wp-block-uagb-image uagb-block-fc071975 wp-block-uagb-image--layout-default wp-block-uagb-image--effect-static wp-block-uagb-image--align-none\"><figure class=\"wp-block-uagb-image__figure\"><img decoding=\"async\" srcset=\"https:\/\/www.chinaptfetube.com\/wp-content\/uploads\/2025\/06\/Hba34620cc18445ca98634146caf395862.webp ,https:\/\/www.chinaptfetube.com\/wp-content\/uploads\/2025\/06\/Hba34620cc18445ca98634146caf395862.webp 780w, https:\/\/www.chinaptfetube.com\/wp-content\/uploads\/2025\/06\/Hba34620cc18445ca98634146caf395862.webp 360w\" sizes=\"auto, (max-width: 480px) 150px\" src=\"https:\/\/www.chinaptfetube.com\/wp-content\/uploads\/2025\/06\/Hba34620cc18445ca98634146caf395862.webp\" alt=\" Yozonetech PTFE-Schlauch Lieferant\" class=\"uag-image-3157\" width=\"741\" height=\"414\" title=\"Hba34620cc18445ca98634146caf395862\" loading=\"lazy\" role=\"img\"\/><\/figure><\/div>\n<\/div>\n<\/div>\n\n\n\n<style>\n.ab-img{\n background-image: linear-gradient(180deg,rgba(0,0,0,0.7) 0%,rgba(0,0,0,0.7) 100%),url(\/wp-content\/uploads\/2025\/05\/factory.webp);\n    padding: 7%;\n    background-position: center;\nbackground-size:cover;\n    text-align: center;\n}\n\n.tb{\nmargin:20px auto\n\n}\nmain{\npadding-bottom:50px\n\n}\n.ab-des p{\nfont-size:20px\n}\n.icon-body ul li img{\n\nwidth:90px!important\n\n}\n.ab-body3{\n background-image: linear-gradient(180deg,rgba(0,0,0,0.75) 0%,rgba(0,0,0,0.75) 100%),url(\/wp-content\/uploads\/2025\/05\/bg.webp)!important;\n    padding: 5% 0%;\n    background-position: center;\nbackground-size:cover;\n    text-align: center;\nmargin:55px 0\n}\nh3{\ncolor:#fff;\nfont-size:24px\n}\n.ab-body5{\n background-image: linear-gradient(180deg,rgba(0,0,0,0.7) 0%,rgba(0,0,0,0.7) 100%),url(\/wp-content\/uploads\/2025\/03\/hygts.webp)!important;\n    padding: 5% 0%;\n    background-position: center;\nbackground-size:cover;\n    text-align: center;\n}\n.ab-body{\npadding:35px 0 0\n}\n.ab-des h2{\ntext-align:center;\ncolor:#fff;\nfont-size:32px;\n    margin-bottom: 30px;\n\n}\n.ab-des p{\ntext-align:center;\ncolor:#fff;\nline-height:1.8em\n}\n\n.ab-btn{\n    font-size: 16px;\n    line-height: 18px;\n    padding: 14px 28px;\n    border-radius: 0px;\n    -moz-border-radius: 0px;\n    -webkit-border-radius: 0px;\n    background: #c10538;\n    border: 1px solid #ce1c10;\n    color:#fff;\n    margin-top: 30px;\n      text-transform: uppercase;\n\n}\n.ab-btn:hover{\ncolor:#c10538;\nbackground:#fff;\ncursor:pointer\n\n\n}\n\n\n.ab-body2{\n   \n\n}\n.icon-body ul{\ndisplay:flex;\njustify-content:space-between;\n    flex-flow: row wrap;\n}\n.icon-body ul li{\ntext-align:center;\nbackground:#fff;\npadding: 20px;\nwidth:24.5%;\n   \n\n}\n\n.companyImg li{\n\npadding:0!important\n\n}\n.companyImg li img{\nwidth:100%!important\n\n\n}\n.icon-body{\n background-color: rgba(0,0,0, 0.05);\n    padding: 50px 30px 30px;\n}\n\n\n.tt-list{\ndisplay:flex;\nalign-items:center;\nmargin-bottom:20px\n\n\n}\n.ab-body3 ul li{\nmargin-bottom:25px\n\n}\n.tt-list img{\nmargin-right:10px\n}\n\n..ab-img{\n background-image: linear-gradient(180deg,rgba(0,0,0,0.5) 0%,rgba(0,0,0,0.5) 100%),url(\/wp-content\/uploads\/2025\/02\/factory-3.webp)!important;\n    padding: 20% 10%;\n    background-position: center;\nbackground-size:cover;\n    text-align: center;\n}\n.ab-body{\npadding:35px 0 0\n}\n.ab-des h2{\ntext-align:center;\ncolor:#fff;\nfont-size:32px;\n    margin-bottom: 30px;\n\n}\n\n\n.ab-btn{\n    font-size: 16px;\n    line-height: 18px;\n    padding: 14px 28px;\n    border-radius: 0px;\n    -moz-border-radius: 0px;\n    -webkit-border-radius: 0px;\n    background: #c10538;\n    border: 1px solid #ce1c10;\n    color:#fff;\n    margin-top: 30px;\n\n}\n.ab-btn:hover{\ncolor:#c10538;\nbackground:#fff;\ncursor:pointer\n\n}\n\n.ab-body2{\n   \n\n}\n.icon-body ul{\ndisplay:flex;\njustify-content:space-between\n}\n.icon-body ul li{\ntext-align:center;\nbackground:#fff;\npadding: 20px;\nwidth:49%;\n margin-bottom: 2%;\n\n}\n\n.icon-body{\n background-color: rgba(0,0,0, 0.05);\n    padding: 50px 30px 30px;\n}\n\n\n.tt-list{\ndisplay:flex;\nalign-items:center;\nmargin-bottom:20px\n\n}\n.ab-body3 ul li{\nmargin-bottom:25px\n\n}\n.tt-list img{\nmargin-right:10px\n}\n..ab-img{\n background-image: linear-gradient(180deg,rgba(0,0,0,0.5) 0%,rgba(0,0,0,0.5) 100%),url(\/wp-content\/uploads\/2025\/02\/factory-3.webp)!important;\n    padding: 20% 10%;\n    background-position: center;\nbackground-size:cover;\n    text-align: center;\n}\n.ab-body{\npadding:35px 0 0\n}\n.ab-des h2{\ntext-align:center;\ncolor:#fff;\nfont-size:32px;\n    margin-bottom: 30px;\n\n}\n\n\n.ab-btn{\n    font-size: 16px;\n    line-height: 18px;\n    padding: 14px 28px;\n    border-radius: 0px;\n    -moz-border-radius: 0px;\n    -webkit-border-radius: 0px;\n    background: #c10538;\n    border: 1px solid #ce1c10;\n    color:#fff;\n    margin-top: 30px;\n\n}\n.ab-btn:hover{\ncolor:#c10538;\nbackground:#fff;\ncursor:pointer\n\n}\n\n.ab-body2{\n   \n\n}\n.icon-body ul{\ndisplay:flex;\njustify-content:space-between\n}\n\n\n.icon-body{\n background-color: rgba(0,0,0, 0.05);\n    padding: 50px 30px 30px;\n}\n.icon-body li p span{\n\nfont-size:15px!important\n}\n.icon-body li p {\ntext-align:left;\n\n}\n\n.tt-list{\ndisplay:flex;\nalign-items:center;\nmargin-bottom:20px\n\n}\n.ab-body3 ul li{\nmargin-bottom:25px\n\n}\n.tt-list img{\nmargin-right:10px\n}\n\n.ab-body4{\npadding-bottom:45px\n}\n@media screen and (max-width:981px){\n\n.icon-body ul{\nflex-flow:row wrap\n}\n.icon-body ul li{\nwidth:100%}\n\n}\n\n.companyImg{\ndisplay:inherit!important\n}\n.ab-body2 .companyImg li img{\nwidth:100%!important;\n}\n.ab-body2 .companyImg li{\nwidth:100%!important;\npadding:0!important;\nmargin-bottom:20px\n\n}\n\nh2{\n    text-align: center;\n    color: #000;\n    font-size: 32px;\n    margin-bottom: 30px;\n\n}\n.countryList li{\nline-height:2em\n\n}\n<\/style>","protected":false},"excerpt":{"rendered":"<p>Home About Us Professional Heat Shrinkable Tubing &amp; Ptfe Tube Manufacturer In China Yozonetech one-stop purchasing plan from a trusted PTFE tube manufacturer offers high-quality PTFE tube, fluoroplastic tube, FEP tubing, silicone tubing, and rubber tube at competitive prices with fast delivery. We provide timely communication and precise customization services, helping you streamline procurement, reduce [&hellip;]<\/p>","protected":false},"author":1,"featured_media":0,"parent":0,"menu_order":0,"comment_status":"closed","ping_status":"closed","template":"","meta":{"footnotes":""},"class_list":["post-54","page","type-page","status-publish","hentry"],"yoast_head":"<!-- This site is optimized with the Yoast SEO plugin v24.4 - https:\/\/yoast.com\/wordpress\/plugins\/seo\/ -->\n<title>Premium Extruded &amp; Heat-Shrink Tubing, Molding Parts &amp; Gaskets | Yozonetech<\/title>\n<meta name=\"description\" content=\"Yozonetech offers a wide range of extruded tubings (PTFE, FEP, silicone, rubber), heat-shrink tubes, injection-molded parts, cable insulation, and gasket O-rings for semiconductor, industrial, and medical applications. Explore now.\" \/>\n<meta name=\"robots\" content=\"index, follow, max-snippet:-1, max-image-preview:large, max-video-preview:-1\" \/>\n<link rel=\"canonical\" href=\"https:\/\/www.chinaptfetube.com\/de\/about-us\/\" \/>\n<meta property=\"og:locale\" content=\"de_DE\" \/>\n<meta property=\"og:type\" content=\"article\" \/>\n<meta property=\"og:title\" content=\"Premium Extruded &amp; Heat-Shrink Tubing, Molding Parts &amp; Gaskets | Yozonetech\" \/>\n<meta property=\"og:description\" content=\"Yozonetech offers a wide range of extruded tubings (PTFE, FEP, silicone, rubber), heat-shrink tubes, injection-molded parts, cable insulation, and gasket O-rings for semiconductor, industrial, and medical applications. Explore now.\" \/>\n<meta property=\"og:url\" content=\"https:\/\/www.chinaptfetube.com\/de\/about-us\/\" \/>\n<meta property=\"og:site_name\" content=\"Yozonetech Co., Ltd.\" \/>\n<meta property=\"article:modified_time\" content=\"2025-08-28T09:47:41+00:00\" \/>\n<meta property=\"og:image\" content=\"https:\/\/www.chinaptfetube.com\/wp-content\/uploads\/2025\/06\/H168fa6b5a4414efca008dc88cbc72d79M.webp\" \/>\n<meta name=\"twitter:card\" content=\"summary_large_image\" \/>\n<meta name=\"twitter:label1\" content=\"Est. reading time\" \/>\n\t<meta name=\"twitter:data1\" content=\"2\u00a0Minuten\" \/>\n<script type=\"application\/ld+json\" class=\"yoast-schema-graph\">{\"@context\":\"https:\/\/schema.org\",\"@graph\":[{\"@type\":\"WebPage\",\"@id\":\"https:\/\/www.chinaptfetube.com\/about-us\/\",\"url\":\"https:\/\/www.chinaptfetube.com\/about-us\/\",\"name\":\"Premium Extruded & Heat-Shrink Tubing, Molding Parts & Gaskets | Yozonetech\",\"isPartOf\":{\"@id\":\"https:\/\/www.chinaptfetube.com\/#website\"},\"primaryImageOfPage\":{\"@id\":\"https:\/\/www.chinaptfetube.com\/about-us\/#primaryimage\"},\"image\":{\"@id\":\"https:\/\/www.chinaptfetube.com\/about-us\/#primaryimage\"},\"thumbnailUrl\":\"https:\/\/www.chinaptfetube.com\/wp-content\/uploads\/2025\/06\/H168fa6b5a4414efca008dc88cbc72d79M.webp\",\"datePublished\":\"2025-02-07T05:31:04+00:00\",\"dateModified\":\"2025-08-28T09:47:41+00:00\",\"description\":\"Yozonetech offers a wide range of extruded tubings (PTFE, FEP, silicone, rubber), heat-shrink tubes, injection-molded parts, cable insulation, and gasket O-rings for semiconductor, industrial, and medical applications. Explore now.\",\"breadcrumb\":{\"@id\":\"https:\/\/www.chinaptfetube.com\/about-us\/#breadcrumb\"},\"inLanguage\":\"de\",\"potentialAction\":[{\"@type\":\"ReadAction\",\"target\":[\"https:\/\/www.chinaptfetube.com\/about-us\/\"]}]},{\"@type\":\"ImageObject\",\"inLanguage\":\"de\",\"@id\":\"https:\/\/www.chinaptfetube.com\/about-us\/#primaryimage\",\"url\":\"https:\/\/www.chinaptfetube.com\/wp-content\/uploads\/2025\/06\/H168fa6b5a4414efca008dc88cbc72d79M.webp\",\"contentUrl\":\"https:\/\/www.chinaptfetube.com\/wp-content\/uploads\/2025\/06\/H168fa6b5a4414efca008dc88cbc72d79M.webp\"},{\"@type\":\"BreadcrumbList\",\"@id\":\"https:\/\/www.chinaptfetube.com\/about-us\/#breadcrumb\",\"itemListElement\":[{\"@type\":\"ListItem\",\"position\":1,\"name\":\"Home\",\"item\":\"https:\/\/www.chinaptfetube.com\/\"},{\"@type\":\"ListItem\",\"position\":2,\"name\":\"About Us\"}]},{\"@type\":\"WebSite\",\"@id\":\"https:\/\/www.chinaptfetube.com\/#website\",\"url\":\"https:\/\/www.chinaptfetube.com\/\",\"name\":\"Yozonetech Co., Ltd.\",\"description\":\"Yozonetech Co., Ltd.\",\"publisher\":{\"@id\":\"https:\/\/www.chinaptfetube.com\/#organization\"},\"potentialAction\":[{\"@type\":\"SearchAction\",\"target\":{\"@type\":\"EntryPoint\",\"urlTemplate\":\"https:\/\/www.chinaptfetube.com\/?s={search_term_string}\"},\"query-input\":{\"@type\":\"PropertyValueSpecification\",\"valueRequired\":true,\"valueName\":\"search_term_string\"}}],\"inLanguage\":\"de\"},{\"@type\":\"Organization\",\"@id\":\"https:\/\/www.chinaptfetube.com\/#organization\",\"name\":\"Yozonetech Co., Ltd.\",\"url\":\"https:\/\/www.chinaptfetube.com\/\",\"logo\":{\"@type\":\"ImageObject\",\"inLanguage\":\"de\",\"@id\":\"https:\/\/www.chinaptfetube.com\/#\/schema\/logo\/image\/\",\"url\":\"https:\/\/www.chinaptfetube.com\/wp-content\/uploads\/2025\/06\/cropped-logo.webp\",\"contentUrl\":\"https:\/\/www.chinaptfetube.com\/wp-content\/uploads\/2025\/06\/cropped-logo.webp\",\"width\":388,\"height\":138,\"caption\":\"Yozonetech Co., Ltd.\"},\"image\":{\"@id\":\"https:\/\/www.chinaptfetube.com\/#\/schema\/logo\/image\/\"}}]}<\/script>\n<!-- \/ Yoast SEO plugin. -->","yoast_head_json":{"title":"Premium Extruded & Heat-Shrink Tubing, Molding Parts & Gaskets | Yozonetech","description":"Yozonetech offers a wide range of extruded tubings (PTFE, FEP, silicone, rubber), heat-shrink tubes, injection-molded parts, cable insulation, and gasket O-rings for semiconductor, industrial, and medical applications. Explore now.","robots":{"index":"index","follow":"follow","max-snippet":"max-snippet:-1","max-image-preview":"max-image-preview:large","max-video-preview":"max-video-preview:-1"},"canonical":"https:\/\/www.chinaptfetube.com\/de\/about-us\/","og_locale":"de_DE","og_type":"article","og_title":"Premium Extruded & Heat-Shrink Tubing, Molding Parts & Gaskets | Yozonetech","og_description":"Yozonetech offers a wide range of extruded tubings (PTFE, FEP, silicone, rubber), heat-shrink tubes, injection-molded parts, cable insulation, and gasket O-rings for semiconductor, industrial, and medical applications. Explore now.","og_url":"https:\/\/www.chinaptfetube.com\/de\/about-us\/","og_site_name":"Yozonetech Co., Ltd.","article_modified_time":"2025-08-28T09:47:41+00:00","og_image":[{"url":"https:\/\/www.chinaptfetube.com\/wp-content\/uploads\/2025\/06\/H168fa6b5a4414efca008dc88cbc72d79M.webp","type":"","width":"","height":""}],"twitter_card":"summary_large_image","twitter_misc":{"Est. reading time":"2\u00a0Minuten"},"schema":{"@context":"https:\/\/schema.org","@graph":[{"@type":"WebPage","@id":"https:\/\/www.chinaptfetube.com\/about-us\/","url":"https:\/\/www.chinaptfetube.com\/about-us\/","name":"Premium Extruded & Heat-Shrink Tubing, Molding Parts & Gaskets | Yozonetech","isPartOf":{"@id":"https:\/\/www.chinaptfetube.com\/#website"},"primaryImageOfPage":{"@id":"https:\/\/www.chinaptfetube.com\/about-us\/#primaryimage"},"image":{"@id":"https:\/\/www.chinaptfetube.com\/about-us\/#primaryimage"},"thumbnailUrl":"https:\/\/www.chinaptfetube.com\/wp-content\/uploads\/2025\/06\/H168fa6b5a4414efca008dc88cbc72d79M.webp","datePublished":"2025-02-07T05:31:04+00:00","dateModified":"2025-08-28T09:47:41+00:00","description":"Yozonetech offers a wide range of extruded tubings (PTFE, FEP, silicone, rubber), heat-shrink tubes, injection-molded parts, cable insulation, and gasket O-rings for semiconductor, industrial, and medical applications. Explore now.","breadcrumb":{"@id":"https:\/\/www.chinaptfetube.com\/about-us\/#breadcrumb"},"inLanguage":"de","potentialAction":[{"@type":"ReadAction","target":["https:\/\/www.chinaptfetube.com\/about-us\/"]}]},{"@type":"ImageObject","inLanguage":"de","@id":"https:\/\/www.chinaptfetube.com\/about-us\/#primaryimage","url":"https:\/\/www.chinaptfetube.com\/wp-content\/uploads\/2025\/06\/H168fa6b5a4414efca008dc88cbc72d79M.webp","contentUrl":"https:\/\/www.chinaptfetube.com\/wp-content\/uploads\/2025\/06\/H168fa6b5a4414efca008dc88cbc72d79M.webp"},{"@type":"BreadcrumbList","@id":"https:\/\/www.chinaptfetube.com\/about-us\/#breadcrumb","itemListElement":[{"@type":"ListItem","position":1,"name":"Home","item":"https:\/\/www.chinaptfetube.com\/"},{"@type":"ListItem","position":2,"name":"About Us"}]},{"@type":"WebSite","@id":"https:\/\/www.chinaptfetube.com\/#website","url":"https:\/\/www.chinaptfetube.com\/","name":"Yozonetech Co., Ltd.","description":"Yozonetech Co., Ltd.","publisher":{"@id":"https:\/\/www.chinaptfetube.com\/#organization"},"potentialAction":[{"@type":"SearchAction","target":{"@type":"EntryPoint","urlTemplate":"https:\/\/www.chinaptfetube.com\/?s={search_term_string}"},"query-input":{"@type":"PropertyValueSpecification","valueRequired":true,"valueName":"search_term_string"}}],"inLanguage":"de"},{"@type":"Organization","@id":"https:\/\/www.chinaptfetube.com\/#organization","name":"Yozonetech Co., Ltd.","url":"https:\/\/www.chinaptfetube.com\/","logo":{"@type":"ImageObject","inLanguage":"de","@id":"https:\/\/www.chinaptfetube.com\/#\/schema\/logo\/image\/","url":"https:\/\/www.chinaptfetube.com\/wp-content\/uploads\/2025\/06\/cropped-logo.webp","contentUrl":"https:\/\/www.chinaptfetube.com\/wp-content\/uploads\/2025\/06\/cropped-logo.webp","width":388,"height":138,"caption":"Yozonetech Co., Ltd."},"image":{"@id":"https:\/\/www.chinaptfetube.com\/#\/schema\/logo\/image\/"}}]}},"_links":{"self":[{"href":"https:\/\/www.chinaptfetube.com\/de\/wp-json\/wp\/v2\/pages\/54","targetHints":{"allow":["GET"]}}],"collection":[{"href":"https:\/\/www.chinaptfetube.com\/de\/wp-json\/wp\/v2\/pages"}],"about":[{"href":"https:\/\/www.chinaptfetube.com\/de\/wp-json\/wp\/v2\/types\/page"}],"author":[{"embeddable":true,"href":"https:\/\/www.chinaptfetube.com\/de\/wp-json\/wp\/v2\/users\/1"}],"replies":[{"embeddable":true,"href":"https:\/\/www.chinaptfetube.com\/de\/wp-json\/wp\/v2\/comments?post=54"}],"version-history":[{"count":215,"href":"https:\/\/www.chinaptfetube.com\/de\/wp-json\/wp\/v2\/pages\/54\/revisions"}],"predecessor-version":[{"id":3988,"href":"https:\/\/www.chinaptfetube.com\/de\/wp-json\/wp\/v2\/pages\/54\/revisions\/3988"}],"wp:attachment":[{"href":"https:\/\/www.chinaptfetube.com\/de\/wp-json\/wp\/v2\/media?parent=54"}],"curies":[{"name":"wp","href":"https:\/\/api.w.org\/{rel}","templated":true}]}}