{"id":3260,"date":"2025-06-25T08:07:53","date_gmt":"2025-06-25T08:07:53","guid":{"rendered":"https:\/\/www.chinaptfetube.com\/?page_id=3260"},"modified":"2025-06-25T09:10:39","modified_gmt":"2025-06-25T09:10:39","slug":"terms-and-conditions","status":"publish","type":"page","link":"https:\/\/www.chinaptfetube.com\/de\/terms-and-conditions\/","title":{"rendered":"Bedingungen und Konditionen"},"content":{"rendered":"<div class=\"path_bar\">\n        <div class=\"layout\">\n            <ul>\n                <li><a href=\"\/de\/\">Startseite<\/a><\/li>\n                <!--\u9762\u5305\u5c51-->\n               <li><a href=\"\">Bedingungen und Konditionen<\/a><\/li>\n            <\/ul>\n        <\/div>\n    <\/div>\n\n\n\n<h1 class=\"wp-block-heading has-text-align-center\" style=\"font-size:30px\">Bedingungen und Konditionen<\/h1>\n\n\n\n<p class=\"tb layout th2\"><strong>1. Empfohlene Systemanforderungen f\u00fcr den Browser<\/strong><\/p>\n\n\n\n<p class=\"layout\">Um optimale Ergebnisse bei der Nutzung der Website zu erzielen, wird empfohlen, die unten aufgef\u00fchrten Systemanforderungen zu beachten. Beim Betrachten der Website auf einem System, das die Mindestanforderungen nicht erf\u00fcllt, oder je nach Browsereinstellungen auf einem System, das die Anforderungen erf\u00fcllt, kann die Website m\u00f6glicherweise nicht genutzt oder nicht korrekt angezeigt werden.<\/p>\n\n\n\n<p class=\"layout\"><strong>Empfohlene Browser<\/strong><\/p>\n\n\n\n<p class=\"layout\">Microsoft Internet Explorer 11.0 oder h\u00f6her<\/p>\n\n\n\n<p class=\"layout\">Microsoft Edge neueste Version<\/p>\n\n\n\n<p class=\"layout\">Safari neueste Version<\/p>\n\n\n\n<p class=\"layout\">Google Chrome neueste Version<\/p>\n\n\n\n<p class=\"layout\">Neueste Version von Firefox<\/p>\n\n\n\n<p class=\"layout\">Plugins<\/p>\n\n\n\n<p class=\"layout\"><strong>JavaScript<\/strong><\/p>\n\n\n\n<p class=\"layout\">Einige Teile der Website enthalten Inhalte, die JavaScript verwenden. Je nach Einstellung Ihres Browsers kann JavaScript aktiviert oder deaktiviert sein. Um alle Inhalte sehen zu k\u00f6nnen, stellen Sie bitte sicher, dass JavaScript in Ihrem Browser aktiviert ist.<\/p>\n\n\n\n<p class=\"th layout\"><strong>2. Urheberrecht und Warenzeichenrecht<\/strong><\/p>\n\n\n\n<p class=\"layout\">Das Urheberrecht an den \u00fcber die Website zug\u00e4nglichen Informationen liegt bei Yozonetech Co., Ltd. und den mit ihr verbundenen Unternehmen und ist durch die Urheberrechtsgesetze der jeweiligen L\u00e4nder, Vertr\u00e4ge und alle anderen geltenden Gesetze und Vorschriften gesch\u00fctzt. Es ist untersagt, die Informationen auf der Website ohne vorherige Genehmigung von Yozonetech f\u00fcr private Zwecke zu nutzen oder anderweitig zu verwenden (oder zu kopieren, zu ver\u00e4ndern oder zu verbreiten), soweit dies nicht durch das Urheberrecht gestattet ist.<\/p>\n\n\n\n<p class=\"layout\">Die auf der Website verwendeten Marken, Logos und Dienstleistungsmarken sind Eigentum von Yozonetech und den mit ihr verbundenen Unternehmen. Den Kunden von Yozonetech wird keine Lizenz und kein Recht zur Nutzung dieser Marken, Logos und Dienstleistungsmarken gew\u00e4hrt. Es ist verboten, diese Marken, Logos und Dienstleistungsmarken ohne die Zustimmung von Yozonetech zu verwenden, umzuleiten und zu reproduzieren.<\/p>\n\n\n\n<p class=\"th layout\"><strong>3. Verbote<\/strong><\/p>\n\n\n\n<p class=\"layout\">Die folgenden Handlungen beim Zugriff auf die Informationen auf der Website sind verboten:<\/p>\n\n\n\n<p class=\"layout\">Verletzung oder drohende Verletzung des Eigentums oder der Privatsph\u00e4re von Yozonetech oder eines Dritten;<\/p>\n\n\n\n<p class=\"layout\">Die Verursachung oder Androhung von Verlusten oder Sch\u00e4den f\u00fcr Dritte oder Yozonetech;<\/p>\n\n\n\n<p class=\"layout\">Handlungen oder Androhungen von Handlungen gegen die \u00f6ffentliche Ordnung und Moral;<\/p>\n\n\n\n<p class=\"layout\">Begehung oder Androhung einer Straftat oder einer zu einer Straftat f\u00fchrenden Handlung;<\/p>\n\n\n\n<p class=\"layout\">Abgabe falscher Antr\u00e4ge oder Mitteilungen, einschlie\u00dflich der Registrierung der E-Mail-Adresse einer anderen Person;<\/p>\n\n\n\n<p class=\"layout\">Aus\u00fcbung oder Vorbereitung einer gesch\u00e4ftlichen T\u00e4tigkeit oder einer T\u00e4tigkeit mit Gewinnerzielungsabsicht;<\/p>\n\n\n\n<p class=\"layout\">Sch\u00e4digung der Ehre oder des Kredits von Yozonetech oder einer dritten Partei;<\/p>\n\n\n\n<p class=\"layout\">Verwendung oder Bereitstellung von sch\u00e4dlichen Softwareprogrammen, einschlie\u00dflich Computerviren, oder die Drohung mit deren Verwendung oder Bereitstellung;<\/p>\n\n\n\n<p class=\"layout\">Verletzung oder Androhung der Verletzung von Gesetzen, Verordnungen und Vorschriften; und <\/p>\n\n\n\n<p class=\"layout\">Andere Handlungen, die von Yozonetech als unangemessen erachtet werden.<\/p>\n\n\n\n<p class=\"th layout\"><strong>4. Ausnahmen (Gew\u00e4hrleistung f\u00fcr Inhalte)<\/strong><\/p>\n\n\n\n<p class=\"layout\">Yozonetech geht bei der Ver\u00f6ffentlichung von Informationen auf der Website mit gr\u00f6\u00dfter Sorgfalt vor. Yozonetech \u00fcbernimmt jedoch keine Gew\u00e4hr daf\u00fcr, dass die Informationen auf der Website korrekt, n\u00fctzlich, sicher oder f\u00fcr die Zwecke der Benutzer geeignet oder sicher (gegen Fehler oder Gefahren, einschlie\u00dflich Computerviren) sind. Yozonetech haftet nicht f\u00fcr Sch\u00e4den, die sich aus oder im Zusammenhang mit dem Zugang zu und der Nutzung der Website ergeben.<\/p>\n\n\n\n<p class=\"layout\">Die Informationen auf der Website k\u00f6nnen ohne vorherige Ank\u00fcndigung ge\u00e4ndert werden. Der Betrieb der Website kann ausgesetzt oder beendet werden. Yozonetech haftet auch nicht f\u00fcr Sch\u00e4den, die aus oder im Zusammenhang mit einer solchen \u00c4nderung der Informationen auf der Website oder einer solchen Aussetzung oder Beendigung des Betriebs der Website aus irgendeinem Grund entstehen.<\/p>\n\n\n\n<p class=\"layout\">Die Website bietet Aktion\u00e4ren und Anlegern Informationen \u00fcber die Finanzen und das Management von Mitsubishi Heavy Industries, Ltd. und der mit ihr verbundenen Unternehmen. Diese Informationen werden ohne jegliche Garantie oder Zusicherung der Richtigkeit angeboten.<\/p>\n\n\n\n<p class=\"th layout\"><strong>5. Link-Seiten<\/strong><\/p>\n\n\n\n<p class=\"layout\">Websites von Dritten, die nicht von Yozonetech stammen und mit der Website verlinkt sind (im Folgenden \"Link-Sites\"), werden von diesen Dritten auf deren eigene Verantwortung betrieben, nicht aber von Yozonetech . Der Zugriff und die Nutzung solcher Link-Seiten sollte unter den f\u00fcr sie angegebenen Nutzungsbedingungen erfolgen. Yozonetech haftet nicht f\u00fcr Sch\u00e4den, die sich aus dem Zugang zu oder der Nutzung einer solchen Link-Site ergeben oder damit zusammenh\u00e4ngen.<\/p>\n\n\n\n<p class=\"layout\">Bei der Verlinkung von den externen zu den Informationen (einschlie\u00dflich Dokumenten und Bildern) auf der Website muss der Nutzer, unabh\u00e4ngig davon, ob es sich um ein Unternehmen oder eine Privatperson handelt, keinen vorherigen Antrag f\u00fcr eine solche Verlinkung stellen, jedoch muss er den vorliegenden Anforderungen f\u00fcr die Nutzung der Website und den folgenden \"Verlinkungsbedingungen\" zustimmen<\/p>\n\n\n\n<p class=\"layout\">Yozonetech \u00fcbernimmt keine Verantwortung f\u00fcr Sch\u00e4den, die aus oder im Zusammenhang mit der Verkn\u00fcpfung mit der Website entstehen.<\/p>\n\n\n\n<p class=\"layout\">Es wird nicht versprochen, dass die Informationen oder die URL auf der Website dauerhaft aufrechterhalten werden, sondern sie k\u00f6nnen grunds\u00e4tzlich ohne Ank\u00fcndigung ge\u00e4ndert werden.<\/p>\n\n\n\n<p class=\"layout\">Es ist absolut verboten, eine solche Website mit der Website zu verkn\u00fcpfen, die zu einer Verletzung der Eigentumsrechte oder anderer Rechte von Yozonetech oder zu einer Beeintr\u00e4chtigung der Gesch\u00e4ftsaktivit\u00e4ten von Yozonetech f\u00fchren kann.<\/p>\n\n\n\n<p class=\"layout\">Es ist absolut verboten, von einer Website oder einer E-Mail, die die folgenden Informationen enth\u00e4lt, einen Link zur Website herzustellen:<\/p>\n\n\n\n<p class=\"layout\">Informationen, die gegen die \u00f6ffentliche Ordnung und die guten Sitten versto\u00dfen;<\/p>\n\n\n\n<p class=\"layout\">Unzul\u00e4ssige Informationen;<\/p>\n\n\n\n<p class=\"layout\">Pornografische Inhalte; und<\/p>\n\n\n\n<p class=\"layout\">Informationen zur Beleidigung oder Verleumdung von Yozonetech oder seinen angeschlossenen Unternehmen.<\/p>\n\n\n\n<p class=\"layout\">Die Verlinkung mit der Website stellt keine vertragliche Beziehung zwischen Yozonetech und der verlinkenden Partei dar oder impliziert diese.<\/p>\n\n\n\n<p class=\"th layout\"><strong>6. Der Umgang mit pers\u00f6nlichen Informationen auf der Website<\/strong><\/p>\n\n\n\n<p class=\"layout\">(1) Sicherheit bei der Beschaffung von pers\u00f6nlichen Informationen<\/p>\n\n\n\n<p class=\"layout\">Bei der Erfassung der pers\u00f6nlichen Daten eines Yozonetech-Kunden auf der Website verwendet Yozonetech Secure Socket Layer (SSL) und andere Verschl\u00fcsselungsmethoden, um die \u00fcber eine Kommunikationsverbindung eingegebenen pers\u00f6nlichen Daten zu sch\u00fctzen. SSL ist eine allgemeine Technologie, die f\u00fcr die Sicherheit der Kommunikation im Webnet verwendet wird und mit der die eingegebenen Daten verschl\u00fcsselt werden k\u00f6nnen, bevor sie \u00fcber das Internet \u00fcbertragen werden, und die verhindert, dass die eingegebenen Daten abgefangen oder abgeh\u00f6rt werden. Wenn Sie einen Browser verwenden, der nicht mit SSL kompatibel ist, k\u00f6nnen Sie aufgrund der Einstellungen der Firewall oder anderer Softwareeinstellungen nicht auf diese Seite vom Intranet Ihres Unternehmens aus zugreifen.<\/p>\n\n\n\n<p class=\"layout\">(2) Sammlung des Browsing-Verlaufs<\/p>\n\n\n\n<p class=\"layout\">Die Website sammelt Informationen von Ihrem Ger\u00e4t, um unsere Dienste zu verbessern und eine bessere Nutzererfahrung zu erm\u00f6glichen. Bei den gesammelten Informationen handelt es sich beispielsweise um Server-Zugriffsprotokolle einschlie\u00dflich Systeminformationen und IP-Adresse, Cookies und Web-Beacons.<\/p>\n\n\n\n<p class=\"layout\">Die gesammelten Informationen sind anonym und es ist nicht m\u00f6glich, eine bestimmte Person oder einen bestimmten Nutzer zu identifizieren.<\/p>\n\n\n\n<p class=\"layout\">Sie k\u00f6nnen Cookies ablehnen oder eine Warnung erhalten, wenn Sie ein Cookie erhalten, indem Sie Ihren Browser entsprechend einstellen. Wenn Sie alle Cookies ablehnen, k\u00f6nnen Sie die Website trotzdem nutzen, aber einige Teile funktionieren m\u00f6glicherweise nicht richtig. Wenden Sie sich an den Hersteller oder Anbieter Ihres Browsers, um zu erfahren, wie Sie die Einstellungen \u00e4ndern k\u00f6nnen.<\/p>\n\n\n\n<p class=\"layout\">*Google Analytics<\/p>\n\n\n\n<p class=\"layout\">Die Website verwendet Google Analytics, das von Google Inc. zur Verf\u00fcgung gestellt wird, um das Surfverhalten zu erfassen, aufzuzeichnen und zu analysieren. Google Analytics verwendet Cookies, um Informationen zu sammeln, sammelt aber keine Daten, die eine Identifizierung einzelner Nutzer erm\u00f6glichen w\u00fcrden. Um Google Analytics zu deaktivieren, laden Sie das \"Google Analytics Opt-out Add-on\" von der Download-Seite f\u00fcr das Google Analytics Opt-out Add-on herunter, installieren Sie es und \u00e4ndern Sie die Einstellungen des Add-ons in Ihrem Browser. Die gesammelten Informationen werden auf der Grundlage der Datenschutzbestimmungen von Google verwaltet.<\/p>\n\n\n\n<p class=\"layout\">(3) Sonstige<\/p>\n\n\n\n<p class=\"layout\">Yozonetech kann keine Verantwortung f\u00fcr die Sicherheit Ihrer pers\u00f6nlichen Daten auf anderen Websites \u00fcbernehmen, die mit der Website verkn\u00fcpft sind. Wenn Sie Fragen zum Umgang mit personenbezogenen Daten haben, wenden Sie sich bitte direkt an die entsprechende Website.<\/p>\n\n\n\n<p class=\"th layout\"><strong>7. Geltendes Recht und Gerichtsstand<\/strong><\/p>\n\n\n\n<p class=\"layout\">Sofern hierin nichts anderes bestimmt ist, unterliegen der Zugriff auf und die Nutzung der Website sowie die Anwendung und Auslegung dieser Nutzungsbedingungen den Gesetzen Chinas.<\/p>\n\n\n\n<p class=\"tb2 layout\">Sofern hierin nichts anderes bestimmt ist, werden alle Streitigkeiten, die sich aus oder im Zusammenhang mit dem Zugriff auf die Website und deren Nutzung ergeben, endg\u00fcltig vor dem Bezirksgericht Peking als zust\u00e4ndigem Gericht verhandelt.<\/p>\n\n\n\n<style>\n.tb{\nmargin-top:30px\n\n}\n.tb2{\nmargin-bottom:45px\n\n}\n.th{\nmargin:20px auto\n\n}\n.th2{\nmargin-bottom:20px\n}\n\n<\/style>","protected":false},"excerpt":{"rendered":"<p>Home Terms And Conditions Terms And Conditions 1. Recommended System Requirements for Browser For best results when using the Website, it is recommended that you observe the system requirements listed below. Viewing the Website on a system that falls below the minimum requirements or depending on the browser settings on a system that meets the [&hellip;]<\/p>","protected":false},"author":1,"featured_media":0,"parent":0,"menu_order":0,"comment_status":"closed","ping_status":"closed","template":"","meta":{"footnotes":""},"class_list":["post-3260","page","type-page","status-publish","hentry"],"yoast_head":"<!-- This site is optimized with the Yoast SEO plugin v24.4 - https:\/\/yoast.com\/wordpress\/plugins\/seo\/ -->\n<title>Premium Extruded &amp; Heat-Shrink Tubing, Molding Parts &amp; Gaskets | Yozonetech<\/title>\n<meta name=\"description\" content=\"Yozonetech offers a wide range of extruded tubings (PTFE, FEP, silicone, rubber), heat-shrink tubes, injection-molded parts, cable insulation, and gasket O-rings for semiconductor, industrial, and medical applications. Explore now.\" \/>\n<meta name=\"robots\" content=\"index, follow, max-snippet:-1, max-image-preview:large, max-video-preview:-1\" \/>\n<link rel=\"canonical\" href=\"https:\/\/www.chinaptfetube.com\/de\/terms-and-conditions\/\" \/>\n<meta property=\"og:locale\" content=\"de_DE\" \/>\n<meta property=\"og:type\" content=\"article\" \/>\n<meta property=\"og:title\" content=\"Premium Extruded &amp; Heat-Shrink Tubing, Molding Parts &amp; Gaskets | Yozonetech\" \/>\n<meta property=\"og:description\" content=\"Yozonetech offers a wide range of extruded tubings (PTFE, FEP, silicone, rubber), heat-shrink tubes, injection-molded parts, cable insulation, and gasket O-rings for semiconductor, industrial, and medical applications. Explore now.\" \/>\n<meta property=\"og:url\" content=\"https:\/\/www.chinaptfetube.com\/de\/terms-and-conditions\/\" \/>\n<meta property=\"og:site_name\" content=\"Yozonetech Co., Ltd.\" \/>\n<meta property=\"article:modified_time\" content=\"2025-06-25T09:10:39+00:00\" \/>\n<meta name=\"twitter:card\" content=\"summary_large_image\" \/>\n<meta name=\"twitter:label1\" content=\"Est. reading time\" \/>\n\t<meta name=\"twitter:data1\" content=\"6\u00a0Minuten\" \/>\n<script type=\"application\/ld+json\" class=\"yoast-schema-graph\">{\"@context\":\"https:\/\/schema.org\",\"@graph\":[{\"@type\":\"WebPage\",\"@id\":\"https:\/\/www.chinaptfetube.com\/terms-and-conditions\/\",\"url\":\"https:\/\/www.chinaptfetube.com\/terms-and-conditions\/\",\"name\":\"Premium Extruded & Heat-Shrink Tubing, Molding Parts & Gaskets | Yozonetech\",\"isPartOf\":{\"@id\":\"https:\/\/www.chinaptfetube.com\/#website\"},\"datePublished\":\"2025-06-25T08:07:53+00:00\",\"dateModified\":\"2025-06-25T09:10:39+00:00\",\"description\":\"Yozonetech offers a wide range of extruded tubings (PTFE, FEP, silicone, rubber), heat-shrink tubes, injection-molded parts, cable insulation, and gasket O-rings for semiconductor, industrial, and medical applications. Explore now.\",\"breadcrumb\":{\"@id\":\"https:\/\/www.chinaptfetube.com\/terms-and-conditions\/#breadcrumb\"},\"inLanguage\":\"de\",\"potentialAction\":[{\"@type\":\"ReadAction\",\"target\":[\"https:\/\/www.chinaptfetube.com\/terms-and-conditions\/\"]}]},{\"@type\":\"BreadcrumbList\",\"@id\":\"https:\/\/www.chinaptfetube.com\/terms-and-conditions\/#breadcrumb\",\"itemListElement\":[{\"@type\":\"ListItem\",\"position\":1,\"name\":\"Home\",\"item\":\"https:\/\/www.chinaptfetube.com\/\"},{\"@type\":\"ListItem\",\"position\":2,\"name\":\"Terms And Conditions\"}]},{\"@type\":\"WebSite\",\"@id\":\"https:\/\/www.chinaptfetube.com\/#website\",\"url\":\"https:\/\/www.chinaptfetube.com\/\",\"name\":\"Yozonetech Co., Ltd.\",\"description\":\"Yozonetech Co., Ltd.\",\"publisher\":{\"@id\":\"https:\/\/www.chinaptfetube.com\/#organization\"},\"potentialAction\":[{\"@type\":\"SearchAction\",\"target\":{\"@type\":\"EntryPoint\",\"urlTemplate\":\"https:\/\/www.chinaptfetube.com\/?s={search_term_string}\"},\"query-input\":{\"@type\":\"PropertyValueSpecification\",\"valueRequired\":true,\"valueName\":\"search_term_string\"}}],\"inLanguage\":\"de\"},{\"@type\":\"Organization\",\"@id\":\"https:\/\/www.chinaptfetube.com\/#organization\",\"name\":\"Yozonetech Co., Ltd.\",\"url\":\"https:\/\/www.chinaptfetube.com\/\",\"logo\":{\"@type\":\"ImageObject\",\"inLanguage\":\"de\",\"@id\":\"https:\/\/www.chinaptfetube.com\/#\/schema\/logo\/image\/\",\"url\":\"https:\/\/www.chinaptfetube.com\/wp-content\/uploads\/2025\/06\/cropped-logo.webp\",\"contentUrl\":\"https:\/\/www.chinaptfetube.com\/wp-content\/uploads\/2025\/06\/cropped-logo.webp\",\"width\":388,\"height\":138,\"caption\":\"Yozonetech Co., Ltd.\"},\"image\":{\"@id\":\"https:\/\/www.chinaptfetube.com\/#\/schema\/logo\/image\/\"}}]}<\/script>\n<!-- \/ Yoast SEO plugin. -->","yoast_head_json":{"title":"Premium Extruded & Heat-Shrink Tubing, Molding Parts & Gaskets | Yozonetech","description":"Yozonetech offers a wide range of extruded tubings (PTFE, FEP, silicone, rubber), heat-shrink tubes, injection-molded parts, cable insulation, and gasket O-rings for semiconductor, industrial, and medical applications. Explore now.","robots":{"index":"index","follow":"follow","max-snippet":"max-snippet:-1","max-image-preview":"max-image-preview:large","max-video-preview":"max-video-preview:-1"},"canonical":"https:\/\/www.chinaptfetube.com\/de\/terms-and-conditions\/","og_locale":"de_DE","og_type":"article","og_title":"Premium Extruded & Heat-Shrink Tubing, Molding Parts & Gaskets | Yozonetech","og_description":"Yozonetech offers a wide range of extruded tubings (PTFE, FEP, silicone, rubber), heat-shrink tubes, injection-molded parts, cable insulation, and gasket O-rings for semiconductor, industrial, and medical applications. Explore now.","og_url":"https:\/\/www.chinaptfetube.com\/de\/terms-and-conditions\/","og_site_name":"Yozonetech Co., Ltd.","article_modified_time":"2025-06-25T09:10:39+00:00","twitter_card":"summary_large_image","twitter_misc":{"Est. reading time":"6\u00a0Minuten"},"schema":{"@context":"https:\/\/schema.org","@graph":[{"@type":"WebPage","@id":"https:\/\/www.chinaptfetube.com\/terms-and-conditions\/","url":"https:\/\/www.chinaptfetube.com\/terms-and-conditions\/","name":"Premium Extruded & Heat-Shrink Tubing, Molding Parts & Gaskets | Yozonetech","isPartOf":{"@id":"https:\/\/www.chinaptfetube.com\/#website"},"datePublished":"2025-06-25T08:07:53+00:00","dateModified":"2025-06-25T09:10:39+00:00","description":"Yozonetech offers a wide range of extruded tubings (PTFE, FEP, silicone, rubber), heat-shrink tubes, injection-molded parts, cable insulation, and gasket O-rings for semiconductor, industrial, and medical applications. Explore now.","breadcrumb":{"@id":"https:\/\/www.chinaptfetube.com\/terms-and-conditions\/#breadcrumb"},"inLanguage":"de","potentialAction":[{"@type":"ReadAction","target":["https:\/\/www.chinaptfetube.com\/terms-and-conditions\/"]}]},{"@type":"BreadcrumbList","@id":"https:\/\/www.chinaptfetube.com\/terms-and-conditions\/#breadcrumb","itemListElement":[{"@type":"ListItem","position":1,"name":"Home","item":"https:\/\/www.chinaptfetube.com\/"},{"@type":"ListItem","position":2,"name":"Terms And Conditions"}]},{"@type":"WebSite","@id":"https:\/\/www.chinaptfetube.com\/#website","url":"https:\/\/www.chinaptfetube.com\/","name":"Yozonetech Co., Ltd.","description":"Yozonetech Co., Ltd.","publisher":{"@id":"https:\/\/www.chinaptfetube.com\/#organization"},"potentialAction":[{"@type":"SearchAction","target":{"@type":"EntryPoint","urlTemplate":"https:\/\/www.chinaptfetube.com\/?s={search_term_string}"},"query-input":{"@type":"PropertyValueSpecification","valueRequired":true,"valueName":"search_term_string"}}],"inLanguage":"de"},{"@type":"Organization","@id":"https:\/\/www.chinaptfetube.com\/#organization","name":"Yozonetech Co., Ltd.","url":"https:\/\/www.chinaptfetube.com\/","logo":{"@type":"ImageObject","inLanguage":"de","@id":"https:\/\/www.chinaptfetube.com\/#\/schema\/logo\/image\/","url":"https:\/\/www.chinaptfetube.com\/wp-content\/uploads\/2025\/06\/cropped-logo.webp","contentUrl":"https:\/\/www.chinaptfetube.com\/wp-content\/uploads\/2025\/06\/cropped-logo.webp","width":388,"height":138,"caption":"Yozonetech Co., Ltd."},"image":{"@id":"https:\/\/www.chinaptfetube.com\/#\/schema\/logo\/image\/"}}]}},"_links":{"self":[{"href":"https:\/\/www.chinaptfetube.com\/de\/wp-json\/wp\/v2\/pages\/3260","targetHints":{"allow":["GET"]}}],"collection":[{"href":"https:\/\/www.chinaptfetube.com\/de\/wp-json\/wp\/v2\/pages"}],"about":[{"href":"https:\/\/www.chinaptfetube.com\/de\/wp-json\/wp\/v2\/types\/page"}],"author":[{"embeddable":true,"href":"https:\/\/www.chinaptfetube.com\/de\/wp-json\/wp\/v2\/users\/1"}],"replies":[{"embeddable":true,"href":"https:\/\/www.chinaptfetube.com\/de\/wp-json\/wp\/v2\/comments?post=3260"}],"version-history":[{"count":4,"href":"https:\/\/www.chinaptfetube.com\/de\/wp-json\/wp\/v2\/pages\/3260\/revisions"}],"predecessor-version":[{"id":3292,"href":"https:\/\/www.chinaptfetube.com\/de\/wp-json\/wp\/v2\/pages\/3260\/revisions\/3292"}],"wp:attachment":[{"href":"https:\/\/www.chinaptfetube.com\/de\/wp-json\/wp\/v2\/media?parent=3260"}],"curies":[{"name":"wp","href":"https:\/\/api.w.org\/{rel}","templated":true}]}}