{"id":3255,"date":"2025-06-25T07:59:37","date_gmt":"2025-06-25T07:59:37","guid":{"rendered":"https:\/\/www.chinaptfetube.com\/?page_id=3255"},"modified":"2025-06-25T08:02:55","modified_gmt":"2025-06-25T08:02:55","slug":"privacy-policy","status":"publish","type":"page","link":"https:\/\/www.chinaptfetube.com\/de\/privacy-policy\/","title":{"rendered":"Datenschutzbestimmungen"},"content":{"rendered":"<div class=\"path_bar\">\n        <div class=\"layout\">\n            <ul>\n                <li><a href=\"\/de\/\">Startseite<\/a><\/li>\n                <!--\u9762\u5305\u5c51-->\n               <li><a href=\"\">Datenschutzbestimmungen<\/a><\/li>\n            <\/ul>\n        <\/div>\n    <\/div>\n\n\n\n<h1 class=\"wp-block-heading has-text-align-center layout\" style=\"font-size:30px\">Datenschutzbestimmungen<\/h1>\n\n\n\n<p class=\"layout tb\">Der Schutz der Privatsph\u00e4re unserer Kunden hat h\u00f6chste Priorit\u00e4t. Alle Angaben, die Sie w\u00e4hrend des Bestellvorgangs oder bei einer Anfrage machen, werden ausschlie\u00dflich zu diesem Zweck verwendet, es sei denn, wir haben Ihr Einverst\u00e4ndnis f\u00fcr eine andere Verwendung. Unsere Systeme sind f\u00fcr Unbefugte unzug\u00e4nglich und folgen den strengen Vorgaben des Datenschutzgesetzes.<\/p>\n\n\n\n<p class=\"layout\">Mit der Nutzung dieser Website und ihrer Einrichtungen erkl\u00e4ren Sie sich damit einverstanden, dass wir die f\u00fcr die Bearbeitung Ihrer Bestellung oder Anfrage erforderlichen Daten erheben, um die Zahlung zu verwalten und Ihre Lieferung auszuf\u00fchren und Ihnen den bestm\u00f6glichen Service zu bieten.<\/p>\n\n\n\n<p class=\"layout\">Die Nutzung unserer Webseite ist in der Regel ohne Angabe personenbezogener Daten m\u00f6glich. Die Erhebung von Namen oder E-Mail-Adressen auf unserer Website erfolgt auf freiwilliger Basis.<\/p>\n\n\n\n<p class=\"layout th\"><strong>Google Analytics<\/strong><\/p>\n\n\n\n<p class=\"layout\">Diese Website benutzt Funktionen des Webanalysedienstes Google Analytics. Dieser Dienst wird von Google Inc. mit Sitz in 1600 Amphitheater Parkway Mountain View, CA 94043, USA, bereitgestellt.<\/p>\n\n\n\n<p class=\"layout\">Google Analytics verwendet \"Cookies\". Das sind Textdateien, die auf Ihrem Computer gespeichert werden und die eine Analyse der Benutzung der Website durch Sie erm\u00f6glichen. Die durch den Cookie erzeugten Informationen \u00fcber Ihre Benutzung dieser Website werden in der Regel an einen Server von Google in den USA \u00fcbertragen und dort gespeichert.<\/p>\n\n\n\n<p class=\"layout\">Sie k\u00f6nnen die Erfassung Ihrer Daten durch Google Analytics verhindern, indem Sie auf den folgenden Link klicken. Dadurch wird ein Opt-out-Cookie gesetzt, der die Erfassung von Daten bei zuk\u00fcnftigen Besuchen dieser Website verhindert.<\/p>\n\n\n\n<p class=\"layout\">Ihre Daten werden nicht an Dritte weitergegeben.<\/p>\n\n\n\n<p class=\"layout th\"><strong>SSL-Verschl\u00fcsselung<\/strong><\/p>\n\n\n\n<p class=\"layout\">Diese Seite verwendet aus Sicherheitsgr\u00fcnden und zum Schutz der \u00dcbertragung vertraulicher Inhalte, wie z.B. der Anfragen, die Sie an uns als Seitenbetreiber senden, eine SSL-Verschl\u00fcsselung. Eine verschl\u00fcsselte Verbindung erkennen Sie daran, dass die Adresszeile Ihres Browsers von \"http:\/\/\" auf \"https:\/\/\" wechselt und das Schloss-Symbol in der Adressleiste Ihres Browsers angezeigt wird. Wenn die SSL-Verschl\u00fcsselung aktiviert ist, k\u00f6nnen die Daten, die Sie an uns \u00fcbermitteln, nicht von Dritten gelesen werden.<\/p>\n\n\n\n<p class=\"layout th\"><strong>Was wir sammeln:<\/strong><\/p>\n\n\n\n<p class=\"layout\">Wenn Sie eine Anfrage \u00fcber unsere Preisliste, unser Angebot oder unsere Kontaktseite stellen.<\/p>\n\n\n\n<p class=\"layout\">Diese Website verwendet Cookies, um Daten zu sammeln<\/p>\n\n\n\n<p class=\"layout\">Wie verwenden wir Ihre Informationen:<\/p>\n\n\n\n<p class=\"layout\">Alle Informationen, die wir von Ihnen sammeln, k\u00f6nnen auf eine oder mehrere der folgenden Arten verwendet werden:<\/p>\n\n\n\n<p class=\"layout\">Ihre E-Mail wird nur f\u00fcr die Zusendung von angeforderten Preislisten und zur Beantwortung Ihrer Frage oder Anfrage verwendet.<\/p>\n\n\n\n<p class=\"layout\">Ihre E-Mail wird zu keinem anderen Zweck als dem oben genannten verwendet.<\/p>\n\n\n\n<p class=\"layout\">Zur Verbesserung unserer Website.<\/p>\n\n\n\n<p class=\"layout th\"><strong>Cookies<\/strong><\/p>\n\n\n\n<p class=\"layout\">Beim Besuch der meisten Webseiten wird eine kleine Textdatei, ein so genannter Cookie, auf Ihrem Computer gespeichert. Hier bei spaciest. co. UK verwenden wir Cookies, um die Auswahl der Artikel in Ihrem Warenkorb zu \u00fcberwachen und diese Artikel bei einem erneuten Besuch der Website wieder aufzurufen.<\/p>\n\n\n\n<p class=\"layout\">Cookies sind f\u00fcr Ihren Computer unsch\u00e4dlich. Die von uns erstellten Cookies speichern keine pers\u00f6nlich identifizierbaren Informationen, sondern sie sammeln verschl\u00fcsselte Informationen, die dazu beitragen, Ihre Erfahrung auf der Website zu verbessern. Sie helfen zum Beispiel dabei, Fehler zu erkennen und zu beheben oder Ihnen beim Surfen relevante Produkte zu zeigen.<\/p>\n\n\n\n<p class=\"layout tb2\">Wir arbeiten mit einer Reihe sorgf\u00e4ltig ausgew\u00e4hlter und \u00fcberwachter Lieferanten zusammen, die w\u00e4hrend eines Website-Besuchs auch Cookies speichern k\u00f6nnen, die f\u00fcr Re-Marketing-Zwecke verwendet werden. Diese Cookies werden verwendet, um andere Produkte und Dienstleistungen hervorzuheben, die mit den von Ihnen gesuchten Artikeln zusammenh\u00e4ngen.<\/p>\n\n\n\n<style>\n.tb{\nmargin-top:30px\n\n}\n.tb2{\nmargin-bottom:45px\n\n}\n.th{\nmargin:20px auto\n\n}\n\n\n<\/style>","protected":false},"excerpt":{"rendered":"<p>Home Privacy Policy Privacy Policy Customer privacy is a high priority. Any information you provide during the order process or when you make an inquiry is used solely for that purpose unless we have your consent to do otherwise. Our systems are not accessible by unauthorized personnel, following strict conduct outlined in the Data Protection [&hellip;]<\/p>","protected":false},"author":1,"featured_media":0,"parent":0,"menu_order":0,"comment_status":"closed","ping_status":"closed","template":"","meta":{"footnotes":""},"class_list":["post-3255","page","type-page","status-publish","hentry"],"yoast_head":"<!-- This site is optimized with the Yoast SEO plugin v24.4 - https:\/\/yoast.com\/wordpress\/plugins\/seo\/ -->\n<title>Premium Extruded &amp; Heat-Shrink Tubing, Molding Parts &amp; Gaskets | Yozonetech<\/title>\n<meta name=\"description\" content=\"Yozonetech offers a wide range of extruded tubings (PTFE, FEP, silicone, rubber), heat-shrink tubes, injection-molded parts, cable insulation, and gasket O-rings for semiconductor, industrial, and medical applications. Explore now.\" \/>\n<meta name=\"robots\" content=\"index, follow, max-snippet:-1, max-image-preview:large, max-video-preview:-1\" \/>\n<link rel=\"canonical\" href=\"https:\/\/www.chinaptfetube.com\/de\/privacy-policy\/\" \/>\n<meta property=\"og:locale\" content=\"de_DE\" \/>\n<meta property=\"og:type\" content=\"article\" \/>\n<meta property=\"og:title\" content=\"Premium Extruded &amp; Heat-Shrink Tubing, Molding Parts &amp; Gaskets | Yozonetech\" \/>\n<meta property=\"og:description\" content=\"Yozonetech offers a wide range of extruded tubings (PTFE, FEP, silicone, rubber), heat-shrink tubes, injection-molded parts, cable insulation, and gasket O-rings for semiconductor, industrial, and medical applications. Explore now.\" \/>\n<meta property=\"og:url\" content=\"https:\/\/www.chinaptfetube.com\/de\/privacy-policy\/\" \/>\n<meta property=\"og:site_name\" content=\"Yozonetech Co., Ltd.\" \/>\n<meta property=\"article:modified_time\" content=\"2025-06-25T08:02:55+00:00\" \/>\n<meta name=\"twitter:card\" content=\"summary_large_image\" \/>\n<meta name=\"twitter:label1\" content=\"Est. reading time\" \/>\n\t<meta name=\"twitter:data1\" content=\"3\u00a0Minuten\" \/>\n<script type=\"application\/ld+json\" class=\"yoast-schema-graph\">{\"@context\":\"https:\/\/schema.org\",\"@graph\":[{\"@type\":\"WebPage\",\"@id\":\"https:\/\/www.chinaptfetube.com\/privacy-policy\/\",\"url\":\"https:\/\/www.chinaptfetube.com\/privacy-policy\/\",\"name\":\"Premium Extruded & Heat-Shrink Tubing, Molding Parts & Gaskets | Yozonetech\",\"isPartOf\":{\"@id\":\"https:\/\/www.chinaptfetube.com\/#website\"},\"datePublished\":\"2025-06-25T07:59:37+00:00\",\"dateModified\":\"2025-06-25T08:02:55+00:00\",\"description\":\"Yozonetech offers a wide range of extruded tubings (PTFE, FEP, silicone, rubber), heat-shrink tubes, injection-molded parts, cable insulation, and gasket O-rings for semiconductor, industrial, and medical applications. Explore now.\",\"breadcrumb\":{\"@id\":\"https:\/\/www.chinaptfetube.com\/privacy-policy\/#breadcrumb\"},\"inLanguage\":\"de\",\"potentialAction\":[{\"@type\":\"ReadAction\",\"target\":[\"https:\/\/www.chinaptfetube.com\/privacy-policy\/\"]}]},{\"@type\":\"BreadcrumbList\",\"@id\":\"https:\/\/www.chinaptfetube.com\/privacy-policy\/#breadcrumb\",\"itemListElement\":[{\"@type\":\"ListItem\",\"position\":1,\"name\":\"Home\",\"item\":\"https:\/\/www.chinaptfetube.com\/\"},{\"@type\":\"ListItem\",\"position\":2,\"name\":\"Privacy Policy\"}]},{\"@type\":\"WebSite\",\"@id\":\"https:\/\/www.chinaptfetube.com\/#website\",\"url\":\"https:\/\/www.chinaptfetube.com\/\",\"name\":\"Yozonetech Co., Ltd.\",\"description\":\"Yozonetech Co., Ltd.\",\"publisher\":{\"@id\":\"https:\/\/www.chinaptfetube.com\/#organization\"},\"potentialAction\":[{\"@type\":\"SearchAction\",\"target\":{\"@type\":\"EntryPoint\",\"urlTemplate\":\"https:\/\/www.chinaptfetube.com\/?s={search_term_string}\"},\"query-input\":{\"@type\":\"PropertyValueSpecification\",\"valueRequired\":true,\"valueName\":\"search_term_string\"}}],\"inLanguage\":\"de\"},{\"@type\":\"Organization\",\"@id\":\"https:\/\/www.chinaptfetube.com\/#organization\",\"name\":\"Yozonetech Co., Ltd.\",\"url\":\"https:\/\/www.chinaptfetube.com\/\",\"logo\":{\"@type\":\"ImageObject\",\"inLanguage\":\"de\",\"@id\":\"https:\/\/www.chinaptfetube.com\/#\/schema\/logo\/image\/\",\"url\":\"https:\/\/www.chinaptfetube.com\/wp-content\/uploads\/2025\/06\/cropped-logo.webp\",\"contentUrl\":\"https:\/\/www.chinaptfetube.com\/wp-content\/uploads\/2025\/06\/cropped-logo.webp\",\"width\":388,\"height\":138,\"caption\":\"Yozonetech Co., Ltd.\"},\"image\":{\"@id\":\"https:\/\/www.chinaptfetube.com\/#\/schema\/logo\/image\/\"}}]}<\/script>\n<!-- \/ Yoast SEO plugin. -->","yoast_head_json":{"title":"Premium Extruded & Heat-Shrink Tubing, Molding Parts & Gaskets | Yozonetech","description":"Yozonetech offers a wide range of extruded tubings (PTFE, FEP, silicone, rubber), heat-shrink tubes, injection-molded parts, cable insulation, and gasket O-rings for semiconductor, industrial, and medical applications. Explore now.","robots":{"index":"index","follow":"follow","max-snippet":"max-snippet:-1","max-image-preview":"max-image-preview:large","max-video-preview":"max-video-preview:-1"},"canonical":"https:\/\/www.chinaptfetube.com\/de\/privacy-policy\/","og_locale":"de_DE","og_type":"article","og_title":"Premium Extruded & Heat-Shrink Tubing, Molding Parts & Gaskets | Yozonetech","og_description":"Yozonetech offers a wide range of extruded tubings (PTFE, FEP, silicone, rubber), heat-shrink tubes, injection-molded parts, cable insulation, and gasket O-rings for semiconductor, industrial, and medical applications. Explore now.","og_url":"https:\/\/www.chinaptfetube.com\/de\/privacy-policy\/","og_site_name":"Yozonetech Co., Ltd.","article_modified_time":"2025-06-25T08:02:55+00:00","twitter_card":"summary_large_image","twitter_misc":{"Est. reading time":"3\u00a0Minuten"},"schema":{"@context":"https:\/\/schema.org","@graph":[{"@type":"WebPage","@id":"https:\/\/www.chinaptfetube.com\/privacy-policy\/","url":"https:\/\/www.chinaptfetube.com\/privacy-policy\/","name":"Premium Extruded & Heat-Shrink Tubing, Molding Parts & Gaskets | Yozonetech","isPartOf":{"@id":"https:\/\/www.chinaptfetube.com\/#website"},"datePublished":"2025-06-25T07:59:37+00:00","dateModified":"2025-06-25T08:02:55+00:00","description":"Yozonetech offers a wide range of extruded tubings (PTFE, FEP, silicone, rubber), heat-shrink tubes, injection-molded parts, cable insulation, and gasket O-rings for semiconductor, industrial, and medical applications. Explore now.","breadcrumb":{"@id":"https:\/\/www.chinaptfetube.com\/privacy-policy\/#breadcrumb"},"inLanguage":"de","potentialAction":[{"@type":"ReadAction","target":["https:\/\/www.chinaptfetube.com\/privacy-policy\/"]}]},{"@type":"BreadcrumbList","@id":"https:\/\/www.chinaptfetube.com\/privacy-policy\/#breadcrumb","itemListElement":[{"@type":"ListItem","position":1,"name":"Home","item":"https:\/\/www.chinaptfetube.com\/"},{"@type":"ListItem","position":2,"name":"Privacy Policy"}]},{"@type":"WebSite","@id":"https:\/\/www.chinaptfetube.com\/#website","url":"https:\/\/www.chinaptfetube.com\/","name":"Yozonetech Co., Ltd.","description":"Yozonetech Co., Ltd.","publisher":{"@id":"https:\/\/www.chinaptfetube.com\/#organization"},"potentialAction":[{"@type":"SearchAction","target":{"@type":"EntryPoint","urlTemplate":"https:\/\/www.chinaptfetube.com\/?s={search_term_string}"},"query-input":{"@type":"PropertyValueSpecification","valueRequired":true,"valueName":"search_term_string"}}],"inLanguage":"de"},{"@type":"Organization","@id":"https:\/\/www.chinaptfetube.com\/#organization","name":"Yozonetech Co., Ltd.","url":"https:\/\/www.chinaptfetube.com\/","logo":{"@type":"ImageObject","inLanguage":"de","@id":"https:\/\/www.chinaptfetube.com\/#\/schema\/logo\/image\/","url":"https:\/\/www.chinaptfetube.com\/wp-content\/uploads\/2025\/06\/cropped-logo.webp","contentUrl":"https:\/\/www.chinaptfetube.com\/wp-content\/uploads\/2025\/06\/cropped-logo.webp","width":388,"height":138,"caption":"Yozonetech Co., Ltd."},"image":{"@id":"https:\/\/www.chinaptfetube.com\/#\/schema\/logo\/image\/"}}]}},"_links":{"self":[{"href":"https:\/\/www.chinaptfetube.com\/de\/wp-json\/wp\/v2\/pages\/3255","targetHints":{"allow":["GET"]}}],"collection":[{"href":"https:\/\/www.chinaptfetube.com\/de\/wp-json\/wp\/v2\/pages"}],"about":[{"href":"https:\/\/www.chinaptfetube.com\/de\/wp-json\/wp\/v2\/types\/page"}],"author":[{"embeddable":true,"href":"https:\/\/www.chinaptfetube.com\/de\/wp-json\/wp\/v2\/users\/1"}],"replies":[{"embeddable":true,"href":"https:\/\/www.chinaptfetube.com\/de\/wp-json\/wp\/v2\/comments?post=3255"}],"version-history":[{"count":4,"href":"https:\/\/www.chinaptfetube.com\/de\/wp-json\/wp\/v2\/pages\/3255\/revisions"}],"predecessor-version":[{"id":3257,"href":"https:\/\/www.chinaptfetube.com\/de\/wp-json\/wp\/v2\/pages\/3255\/revisions\/3257"}],"wp:attachment":[{"href":"https:\/\/www.chinaptfetube.com\/de\/wp-json\/wp\/v2\/media?parent=3255"}],"curies":[{"name":"wp","href":"https:\/\/api.w.org\/{rel}","templated":true}]}}