{"id":3251,"date":"2025-06-25T08:20:18","date_gmt":"2025-06-25T08:20:18","guid":{"rendered":"https:\/\/www.chinaptfetube.com\/?page_id=3251"},"modified":"2025-09-09T05:39:58","modified_gmt":"2025-09-09T05:39:58","slug":"service","status":"publish","type":"page","link":"https:\/\/www.chinaptfetube.com\/de\/service\/","title":{"rendered":"Dienst"},"content":{"rendered":"<div class=\"path_bar\">\n        <div class=\"layout\">\n            <ul>\n                <li><a href=\"\/de\/\">Startseite<\/a><\/li>\n                <!--\u9762\u5305\u5c51-->\n               <li><a href=\"\">Dienst<\/a><\/li>\n            <\/ul>\n        <\/div>\n    <\/div>\n\n\n\n<h1 class=\"wp-block-heading has-text-align-center layout mb3\" style=\"font-size:30px\">Umfassende Dienstleistungen f\u00fcr PTFE-, FEP-, PFA- und Gummischl\u00e4uche<\/h1>\n\n\n\n<h2 class=\"wp-block-heading h2 layout\"><strong>Au\u00dfergew\u00f6hnlicher Service<\/strong><\/h2>\n\n\n\n<p class=\"layout th\">Als vertrauensw\u00fcrdiger <a href=\"https:\/\/www.chinaptfetube.com\/de\/about-us\/\">Hersteller von PTFE-Schl\u00e4uchen<\/a>Wir nehmen jedes Kundenanliegen ernst und l\u00f6sen Produktprobleme effizient. Unser Team sorgt f\u00fcr einen schnellen, sicheren und vielseitigen Versand auf dem Luft-, See- und Schienenweg und liefert Ihre Bestellungen p\u00fcnktlich aus.<\/p>\n\n\n\n<h2 class=\"wp-block-heading layout h2\"><strong>Fachliche Kompetenz<\/strong><\/h2>\n\n\n\n<p class=\"layout th\">Unsere erfahrenen Ingenieure helfen Ihnen bei der Auswahl der idealen Materialien f\u00fcr Ihre Produktionsanlagen. Als Lieferant von <a href=\"https:\/\/www.chinaptfetube.com\/de\/ptfe-tubing-category\/\">Gro\u00dfhandel PTFE-Schlauch<\/a>bieten wir vollst\u00e4ndige Produktspezifikationen und Zertifizierungen f\u00fcr <a href=\"https:\/\/www.chinaptfetube.com\/de\/ptfe-tubing-category\/\">PTFE-Schl\u00e4uche<\/a>, <a href=\"https:\/\/www.chinaptfetube.com\/de\/fluoroplastics-tubing-category\/\">Fluoroplastik-Rohre<\/a>, <a href=\"https:\/\/www.chinaptfetube.com\/de\/fep-pfa-tubing-category\/\">FEP-Schl\u00e4uche<\/a>, <a href=\"https:\/\/www.chinaptfetube.com\/de\/silicone-tubing-category\/\">Silikonschlauch<\/a>, <a href=\"https:\/\/www.chinaptfetube.com\/de\/rubber-tubing-category\/\">Gummischlauch<\/a>, <a href=\"https:\/\/www.chinaptfetube.com\/de\/heat-shrink-tubing-category\/\">Hochtemperatur-Schrumpfschl\u00e4uche<\/a>und <a href=\"https:\/\/www.chinaptfetube.com\/de\/injection-molding-part-category\/\">kundenspezifischer Spritzguss<\/a> L\u00f6sungen.<\/p>\n\n\n\n<h2 class=\"wp-block-heading layout h2\"><strong>Globale Partnerschaft<\/strong><\/h2>\n\n\n\n<p class=\"layout  th\">Wir bieten flexible Zahlungsoptionen in mehreren W\u00e4hrungen, darunter USD, EUR, JPY, GBP und RMB, was die Zusammenarbeit mit uns f\u00fcr Partner auf der ganzen Welt bequem macht.<\/p>\n\n\n\n<h2 class=\"wp-block-heading layout h2\"><strong>OEM &amp; kundenspezifische L\u00f6sungen<\/strong><\/h2>\n\n\n\n<p class=\"layout th\">Yuzhong Technology verf\u00fcgt \u00fcber gro\u00dfe Produktionskapazit\u00e4ten und ist ein zuverl\u00e4ssiger <a href=\"https:\/\/www.chinaptfetube.com\/de\/about-us\/\">Hersteller von PTFE-Schl\u00e4uchen<\/a> und OEM-Partner. Unabh\u00e4ngig vom Auftragsvolumen k\u00f6nnen wir ma\u00dfgeschneiderte L\u00f6sungen und kundenspezifische Etikettierung anbieten, um Ihre Projektanforderungen zu erf\u00fcllen.<\/p>\n\n\n\n<h2 class=\"wp-block-heading layout h2\"><strong>Our Advantages<\/strong><\/h2>\n\n\n\n<p class=\"layout th\">Durch die Kombination von professionellem Fachwissen, schneller Lieferung und strenger Qualit\u00e4tskontrolle stellen wir sicher, dass Ihre Produktion reibungslos abl\u00e4uft, w\u00e4hrend wir zuverl\u00e4ssige, qualitativ hochwertige Produkte liefern. <a href=\"https:\/\/www.chinaptfetube.com\/de\/engineering-plastic-products-category\/\">Technische Kunststoffprodukte<\/a> und Rohrleitungsl\u00f6sungen.<\/p>\n\n\n\n<p class=\"layout tb2\">Bei Problemen mit Produktgr\u00f6\u00dfe, Leistung und Nutzen wenden Sie sich bitte per E-Mail an unseren Ingenieur&nbsp;<a href=\"mailto:ptfetube@yozonetech.cn\">ptfetube@yozonetech.cn<\/a>&nbsp;oder tel &amp; wechat &amp; WhatsApp: <a href=\"https:\/\/wa.me\/8613752771911\" target=\"_blank\" rel=\"noreferrer noopener\">+8613752771911<\/a>.<\/p>\n\n\n\n<style>\n.tb{\nmargin-top:30px\n\n}\n.tb2{\nmargin-bottom:45px\n\n}\n.th{\nmargin:20px auto\n\n}\n.mb3{\nmargin-bottom:2%\n\n}\n.h2{\n    background: #f6f6f6;\n    padding: 10px;\n\n}\n<\/style>","protected":false},"excerpt":{"rendered":"<p>Home Service Comprehensive Services for PTFE, FEP, PFA &amp; Rubber Tubing Exceptional Service As a trusted PTFE tube manufacturer, we take every customer concern seriously and resolve product issues efficiently. Our team ensures fast, safe, and versatile shipping by air, sea, and rail, delivering your orders on time. Professional Expertise Our experienced engineers help you [&hellip;]<\/p>","protected":false},"author":1,"featured_media":0,"parent":0,"menu_order":0,"comment_status":"closed","ping_status":"closed","template":"","meta":{"footnotes":""},"class_list":["post-3251","page","type-page","status-publish","hentry"],"yoast_head":"<!-- This site is optimized with the Yoast SEO plugin v24.4 - https:\/\/yoast.com\/wordpress\/plugins\/seo\/ -->\n<title>Premium Extruded &amp; Heat-Shrink Tubing, Molding Parts &amp; Gaskets | Yozonetech<\/title>\n<meta name=\"description\" content=\"Yozonetech offers a wide range of extruded tubings (PTFE, FEP, silicone, rubber), heat-shrink tubes, injection-molded parts, cable insulation, and gasket O-rings for semiconductor, industrial, and medical applications. Explore now.\" \/>\n<meta name=\"robots\" content=\"index, follow, max-snippet:-1, max-image-preview:large, max-video-preview:-1\" \/>\n<link rel=\"canonical\" href=\"https:\/\/www.chinaptfetube.com\/de\/service\/\" \/>\n<meta property=\"og:locale\" content=\"de_DE\" \/>\n<meta property=\"og:type\" content=\"article\" \/>\n<meta property=\"og:title\" content=\"Premium Extruded &amp; Heat-Shrink Tubing, Molding Parts &amp; Gaskets | Yozonetech\" \/>\n<meta property=\"og:description\" content=\"Yozonetech offers a wide range of extruded tubings (PTFE, FEP, silicone, rubber), heat-shrink tubes, injection-molded parts, cable insulation, and gasket O-rings for semiconductor, industrial, and medical applications. Explore now.\" \/>\n<meta property=\"og:url\" content=\"https:\/\/www.chinaptfetube.com\/de\/service\/\" \/>\n<meta property=\"og:site_name\" content=\"Yozonetech Co., Ltd.\" \/>\n<meta property=\"article:modified_time\" content=\"2025-09-09T05:39:58+00:00\" \/>\n<meta name=\"twitter:card\" content=\"summary_large_image\" \/>\n<meta name=\"twitter:label1\" content=\"Est. reading time\" \/>\n\t<meta name=\"twitter:data1\" content=\"1\u00a0Minute\" \/>\n<script type=\"application\/ld+json\" class=\"yoast-schema-graph\">{\"@context\":\"https:\/\/schema.org\",\"@graph\":[{\"@type\":\"WebPage\",\"@id\":\"https:\/\/www.chinaptfetube.com\/service\/\",\"url\":\"https:\/\/www.chinaptfetube.com\/service\/\",\"name\":\"Premium Extruded & Heat-Shrink Tubing, Molding Parts & Gaskets | Yozonetech\",\"isPartOf\":{\"@id\":\"https:\/\/www.chinaptfetube.com\/#website\"},\"datePublished\":\"2025-06-25T08:20:18+00:00\",\"dateModified\":\"2025-09-09T05:39:58+00:00\",\"description\":\"Yozonetech offers a wide range of extruded tubings (PTFE, FEP, silicone, rubber), heat-shrink tubes, injection-molded parts, cable insulation, and gasket O-rings for semiconductor, industrial, and medical applications. Explore now.\",\"breadcrumb\":{\"@id\":\"https:\/\/www.chinaptfetube.com\/service\/#breadcrumb\"},\"inLanguage\":\"de\",\"potentialAction\":[{\"@type\":\"ReadAction\",\"target\":[\"https:\/\/www.chinaptfetube.com\/service\/\"]}]},{\"@type\":\"BreadcrumbList\",\"@id\":\"https:\/\/www.chinaptfetube.com\/service\/#breadcrumb\",\"itemListElement\":[{\"@type\":\"ListItem\",\"position\":1,\"name\":\"Home\",\"item\":\"https:\/\/www.chinaptfetube.com\/\"},{\"@type\":\"ListItem\",\"position\":2,\"name\":\"Service\"}]},{\"@type\":\"WebSite\",\"@id\":\"https:\/\/www.chinaptfetube.com\/#website\",\"url\":\"https:\/\/www.chinaptfetube.com\/\",\"name\":\"Yozonetech Co., Ltd.\",\"description\":\"Yozonetech Co., Ltd.\",\"publisher\":{\"@id\":\"https:\/\/www.chinaptfetube.com\/#organization\"},\"potentialAction\":[{\"@type\":\"SearchAction\",\"target\":{\"@type\":\"EntryPoint\",\"urlTemplate\":\"https:\/\/www.chinaptfetube.com\/?s={search_term_string}\"},\"query-input\":{\"@type\":\"PropertyValueSpecification\",\"valueRequired\":true,\"valueName\":\"search_term_string\"}}],\"inLanguage\":\"de\"},{\"@type\":\"Organization\",\"@id\":\"https:\/\/www.chinaptfetube.com\/#organization\",\"name\":\"Yozonetech Co., Ltd.\",\"url\":\"https:\/\/www.chinaptfetube.com\/\",\"logo\":{\"@type\":\"ImageObject\",\"inLanguage\":\"de\",\"@id\":\"https:\/\/www.chinaptfetube.com\/#\/schema\/logo\/image\/\",\"url\":\"https:\/\/www.chinaptfetube.com\/wp-content\/uploads\/2025\/06\/cropped-logo.webp\",\"contentUrl\":\"https:\/\/www.chinaptfetube.com\/wp-content\/uploads\/2025\/06\/cropped-logo.webp\",\"width\":388,\"height\":138,\"caption\":\"Yozonetech Co., Ltd.\"},\"image\":{\"@id\":\"https:\/\/www.chinaptfetube.com\/#\/schema\/logo\/image\/\"}}]}<\/script>\n<!-- \/ Yoast SEO plugin. -->","yoast_head_json":{"title":"Premium Extruded & Heat-Shrink Tubing, Molding Parts & Gaskets | Yozonetech","description":"Yozonetech offers a wide range of extruded tubings (PTFE, FEP, silicone, rubber), heat-shrink tubes, injection-molded parts, cable insulation, and gasket O-rings for semiconductor, industrial, and medical applications. Explore now.","robots":{"index":"index","follow":"follow","max-snippet":"max-snippet:-1","max-image-preview":"max-image-preview:large","max-video-preview":"max-video-preview:-1"},"canonical":"https:\/\/www.chinaptfetube.com\/de\/service\/","og_locale":"de_DE","og_type":"article","og_title":"Premium Extruded & Heat-Shrink Tubing, Molding Parts & Gaskets | Yozonetech","og_description":"Yozonetech offers a wide range of extruded tubings (PTFE, FEP, silicone, rubber), heat-shrink tubes, injection-molded parts, cable insulation, and gasket O-rings for semiconductor, industrial, and medical applications. Explore now.","og_url":"https:\/\/www.chinaptfetube.com\/de\/service\/","og_site_name":"Yozonetech Co., Ltd.","article_modified_time":"2025-09-09T05:39:58+00:00","twitter_card":"summary_large_image","twitter_misc":{"Est. reading time":"1\u00a0Minute"},"schema":{"@context":"https:\/\/schema.org","@graph":[{"@type":"WebPage","@id":"https:\/\/www.chinaptfetube.com\/service\/","url":"https:\/\/www.chinaptfetube.com\/service\/","name":"Premium Extruded & Heat-Shrink Tubing, Molding Parts & Gaskets | Yozonetech","isPartOf":{"@id":"https:\/\/www.chinaptfetube.com\/#website"},"datePublished":"2025-06-25T08:20:18+00:00","dateModified":"2025-09-09T05:39:58+00:00","description":"Yozonetech offers a wide range of extruded tubings (PTFE, FEP, silicone, rubber), heat-shrink tubes, injection-molded parts, cable insulation, and gasket O-rings for semiconductor, industrial, and medical applications. Explore now.","breadcrumb":{"@id":"https:\/\/www.chinaptfetube.com\/service\/#breadcrumb"},"inLanguage":"de","potentialAction":[{"@type":"ReadAction","target":["https:\/\/www.chinaptfetube.com\/service\/"]}]},{"@type":"BreadcrumbList","@id":"https:\/\/www.chinaptfetube.com\/service\/#breadcrumb","itemListElement":[{"@type":"ListItem","position":1,"name":"Home","item":"https:\/\/www.chinaptfetube.com\/"},{"@type":"ListItem","position":2,"name":"Service"}]},{"@type":"WebSite","@id":"https:\/\/www.chinaptfetube.com\/#website","url":"https:\/\/www.chinaptfetube.com\/","name":"Yozonetech Co., Ltd.","description":"Yozonetech Co., Ltd.","publisher":{"@id":"https:\/\/www.chinaptfetube.com\/#organization"},"potentialAction":[{"@type":"SearchAction","target":{"@type":"EntryPoint","urlTemplate":"https:\/\/www.chinaptfetube.com\/?s={search_term_string}"},"query-input":{"@type":"PropertyValueSpecification","valueRequired":true,"valueName":"search_term_string"}}],"inLanguage":"de"},{"@type":"Organization","@id":"https:\/\/www.chinaptfetube.com\/#organization","name":"Yozonetech Co., Ltd.","url":"https:\/\/www.chinaptfetube.com\/","logo":{"@type":"ImageObject","inLanguage":"de","@id":"https:\/\/www.chinaptfetube.com\/#\/schema\/logo\/image\/","url":"https:\/\/www.chinaptfetube.com\/wp-content\/uploads\/2025\/06\/cropped-logo.webp","contentUrl":"https:\/\/www.chinaptfetube.com\/wp-content\/uploads\/2025\/06\/cropped-logo.webp","width":388,"height":138,"caption":"Yozonetech Co., Ltd."},"image":{"@id":"https:\/\/www.chinaptfetube.com\/#\/schema\/logo\/image\/"}}]}},"_links":{"self":[{"href":"https:\/\/www.chinaptfetube.com\/de\/wp-json\/wp\/v2\/pages\/3251","targetHints":{"allow":["GET"]}}],"collection":[{"href":"https:\/\/www.chinaptfetube.com\/de\/wp-json\/wp\/v2\/pages"}],"about":[{"href":"https:\/\/www.chinaptfetube.com\/de\/wp-json\/wp\/v2\/types\/page"}],"author":[{"embeddable":true,"href":"https:\/\/www.chinaptfetube.com\/de\/wp-json\/wp\/v2\/users\/1"}],"replies":[{"embeddable":true,"href":"https:\/\/www.chinaptfetube.com\/de\/wp-json\/wp\/v2\/comments?post=3251"}],"version-history":[{"count":12,"href":"https:\/\/www.chinaptfetube.com\/de\/wp-json\/wp\/v2\/pages\/3251\/revisions"}],"predecessor-version":[{"id":4060,"href":"https:\/\/www.chinaptfetube.com\/de\/wp-json\/wp\/v2\/pages\/3251\/revisions\/4060"}],"wp:attachment":[{"href":"https:\/\/www.chinaptfetube.com\/de\/wp-json\/wp\/v2\/media?parent=3251"}],"curies":[{"name":"wp","href":"https:\/\/api.w.org\/{rel}","templated":true}]}}