{"id":3244,"date":"2025-06-25T08:26:23","date_gmt":"2025-06-25T08:26:23","guid":{"rendered":"https:\/\/www.chinaptfetube.com\/?page_id=3244"},"modified":"2025-08-29T05:37:01","modified_gmt":"2025-08-29T05:37:01","slug":"faqs","status":"publish","type":"page","link":"https:\/\/www.chinaptfetube.com\/de\/faqs\/","title":{"rendered":"FAQs"},"content":{"rendered":"<div class=\"path_bar\">\n        <div class=\"layout\">\n            <ul>\n                <li><a href=\"\/de\/\">Startseite<\/a><\/li>\n                <!--\u9762\u5305\u5c51-->\n               <li><a href=\"\">FAQs<\/a><\/li>\n            <\/ul>\n        <\/div>\n    <\/div>\n\n\n\n<h1 class=\"wp-block-heading has-text-align-center\" style=\"font-size:30px\">PTFE-, FEP-, PFA- und Fluorpolymerrohre FAQ - Yuzhong Technologys<\/h1>\n\n\n\n<p class=\"layout th\"><strong>1. Was ist PTFE\uff1f?<\/strong><\/p>\n\n\n\n<p class=\"layout\"><a href=\"https:\/\/www.chinaptfetube.com\/de\/ptfe-tubing-category\/\">PTFE<\/a>auch bekannt als Teflon\u00ae, ist der Vorl\u00e4ufer aller Fluorkunststoffe. Er bietet au\u00dfergew\u00f6hnliche chemische Best\u00e4ndigkeit, Antihaftwirkung und Hochtemperaturtoleranz. Seine gr\u00f6\u00dfte Herausforderung besteht darin, dass er nicht schmilzt, was spezielle Form-, Extrusions- und Schwei\u00dftechniken erfordert.<\/p>\n\n\n\n<p class=\"layout th\"><strong>2. Was ist FEP\uff1f?<\/strong><\/p>\n\n\n\n<p class=\"layout\"><a href=\"https:\/\/www.chinaptfetube.com\/de\/fep-pfa-tubing-category\/\">FEP-Schl\u00e4uche<\/a>oder fluoriertes Ethylenpropylen, ist ein schmelzverarbeitbares Fluorpolymer, \u00e4hnlich wie PTFE und PFA. Es bietet eine ausgezeichnete chemische Best\u00e4ndigkeit, geringe Reibung, hohe Transparenz und kann bis zu 200\u00b0C eingesetzt werden. Zu den Anwendungen geh\u00f6ren Laborleitungen, automatische Probenahme, Chromatographie, medizinische Ger\u00e4te und Hochtemperaturkabelisolierung.<\/p>\n\n\n\n<p class=\"layout th\"><strong>3. Was ist PFA\uff1f?<\/strong><\/p>\n\n\n\n<p class=\"layout\"><a href=\"https:\/\/www.chinaptfetube.com\/de\/fep-pfa-tubing-category\/\">PFA<\/a> (Perfluoralkoxy) ist ein schmelzverarbeitbares Fluorpolymer mit \u00e4hnlichen Eigenschaften wie PTFE, jedoch mit 10-fach h\u00f6herer Dehnung und geringer Permeabilit\u00e4t. PFA h\u00e4lt Temperaturen von bis zu 260\u00b0C stand und bietet eine ausgezeichnete Rissfestigkeit, Belastbarkeit und geringe Reibung. Zu den \u00fcblichen Anwendungen geh\u00f6ren Halbleiterkomponenten, Ventile, Pumpenbuchsen und Isolierteile.<\/p>\n\n\n\n<p class=\"layout th\"><strong>4. Was sind die Unterschiede zwischen PTFE und FEP?<\/strong><\/p>\n\n\n\n<p class=\"layout\">Sowohl PTFE als auch FEP geh\u00f6ren zu den Teflon\u00ae-Fluorkunststoffen. Die wichtigsten Unterschiede:<\/p>\n\n\n\n<p class=\"layout\">\uff081\uff09 PTFE: -200\u00b0C bis +260\u00b0C, undurchsichtig<\/p>\n\n\n\n<p class=\"layout\">\uff082\uff09FEP: -200\u00b0C bis +200\u00b0C, transparent<\/p>\n\n\n\n<p class=\"layout\">\uff083\uff09 Beide sind nicht klebend, chemisch inert und stabil bei extremen Temperaturen<\/p>\n\n\n\n<p class=\"layout th\"><strong>5. Wie kann ich erreichen, dass der Gummistift nicht klebt?<\/strong> <\/p>\n\n\n\n<p class=\"layout\">Durch die Anwendung <a href=\"https:\/\/www.chinaptfetube.com\/de\/heat-shrink-tubing-category\/\">FEP-W\u00e4rmeschrumpfschl\u00e4uche<\/a> Beschichtung werden Standard-Gummiwalzen antihaftbeschichtet. Die Beschichtungsh\u00fclsen sind leicht anzubringen, oder Yuzhong Technology kann eine professionelle Installation vor Ort anbieten.<\/p>\n\n\n\n<p class=\"layout th\"><strong>6. Warum ist PTFE chemisch korrodiert?<\/strong><\/p>\n\n\n\n<p class=\"layout\">Obwohl PTFE, FEP und PFA hervorragende Antihafteigenschaften haben, k\u00f6nnen durch chemisches \u00c4tzen Fluoratome entfernt werden, um die Haftung auf Substraten zu verbessern.<\/p>\n\n\n\n<p class=\"layout th\"><strong>7. Werden PTFE, FEP und PFA bei niedrigen Temperaturen spr\u00f6de?<\/strong><\/p>\n\n\n\n<p class=\"layout\">Nein. Alle diese Fluorpolymere funktionieren zuverl\u00e4ssig bis zu einer Temperatur von -200\u00b0C ohne Verspr\u00f6dung.<\/p>\n\n\n\n<p class=\"layout th\"><strong>8. K\u00f6nnen Sie PTFE-Rohre mit \u00e4hnlichen Toleranzen herstellen?<\/strong><\/p>\n\n\n\n<p class=\"layout\">Ja. Wenn Standard <a href=\"https:\/\/www.chinaptfetube.com\/de\/ptfe-tubing-category\/\">PTFE-, FEP- oder PFA-Schl\u00e4uche<\/a> nicht Ihren Anforderungen entsprechen, k\u00f6nnen wir f\u00fcr bestimmte Anwendungen engere Innen-, Au\u00dfen- oder Wanddickentoleranzen herstellen.<\/p>\n\n\n\n<p class=\"layout th\"><strong>9. Welches ist der gr\u00f6\u00dfte Schrumpfschlauch, den Sie herstellen k\u00f6nnen?<\/strong><\/p>\n\n\n\n<p class=\"layout\">Wir k\u00f6nnen produzieren <a href=\"https:\/\/www.chinaptfetube.com\/de\/heat-shrink-tubing-category\/\">Schrumpfschlauch<\/a> jedes Durchmessers durch spezielle Schwei\u00dfverfahren. Die Lagergr\u00f6\u00dfe betr\u00e4gt bis zu 175 mm.<\/p>\n\n\n\n<p class=\"layout th\"><strong>10. K\u00f6nnen Sie superd\u00fcnne PTFE-Schl\u00e4uche herstellen, um Zeus Inc. zu ersetzen?<\/strong><\/p>\n\n\n\n<p class=\"layout\">Ja, wir fertigen 0,02-0,05 mm Wandst\u00e4rke <a href=\"https:\/\/www.chinaptfetube.com\/de\/ptfe-tubing-category\/\">PTFE-Schl\u00e4uche<\/a> die den medizinischen Standards entsprechen.<\/p>\n\n\n\n<p class=\"layout th\"><strong>11. Haben Sie eine Mindestbestellmenge?<\/strong><\/p>\n\n\n\n<p class=\"layout\">Ja. F\u00fcr Spot-Ware betr\u00e4gt die Mindestbestellmenge $10. F\u00fcr kleine Bestellungen k\u00f6nnen Geb\u00fchren anfallen.<\/p>\n\n\n\n<p class=\"layout th\"><strong>12. K\u00f6nnen Sie auch Einzelst\u00fccke oder Kleinserien liefern?<\/strong><\/p>\n\n\n\n<p class=\"layout\">Ja. Wir k\u00f6nnen jede beliebige Menge von Standardprodukten liefern, wobei nur die Einrichtungszeit berechnet wird.<\/p>\n\n\n\n<p class=\"layout th\"><strong>13. Bieten Sie Unterst\u00fctzung bei der Entwicklung neuer Konzepte an?<\/strong><\/p>\n\n\n\n<p class=\"layout\">Ganz genau. Wir bieten kundenspezifische L\u00f6sungen f\u00fcr Spritzguss und technische Kunststoffprodukte. Unser engagiertes Team hilft, Designs zu optimieren, Kosten zu sparen und technologische Innovationen voranzutreiben.<\/p>\n\n\n\n<p class=\"layout th\"><strong>14. <strong>Welche anderen Rohrprodukte bieten Sie an?<\/strong><\/strong><\/p>\n\n\n\n<p class=\"layout tb2\">Wir liefern auch Fluorkunststoffschl\u00e4uche, Silikonschl\u00e4uche und Gummischl\u00e4uche f\u00fcr vielf\u00e4ltige industrielle und medizinische Anwendungen.<\/p>\n\n\n\n<style>\n.tb{\nmargin-top:30px\n\n}\n.tb2{\nmargin-bottom:45px\n\n}\n.th{\nmargin:20px auto\n\n}\n\n\n<\/style>","protected":false},"excerpt":{"rendered":"<p>Home FAQs PTFE, FEP, PFA &amp; Fluoropolymer Tubing FAQ \u2013 Yuzhong Technologys 1. What is PTFE\uff1f PTFE, also known as Teflon\u00ae, is the ancestor of all fluoroplastics. It offers exceptional chemical resistance, non-stick performance, and high-temperature tolerance. Its main challenge is that it does not melt, requiring specialized molding, extrusion, and welding techniques. 2. What [&hellip;]<\/p>","protected":false},"author":1,"featured_media":0,"parent":0,"menu_order":0,"comment_status":"closed","ping_status":"closed","template":"","meta":{"footnotes":""},"class_list":["post-3244","page","type-page","status-publish","hentry"],"yoast_head":"<!-- This site is optimized with the Yoast SEO plugin v24.4 - https:\/\/yoast.com\/wordpress\/plugins\/seo\/ -->\n<title>Premium Extruded &amp; Heat-Shrink Tubing, Molding Parts &amp; Gaskets | Yozonetech<\/title>\n<meta name=\"description\" content=\"Yozonetech offers a wide range of extruded tubings (PTFE, FEP, silicone, rubber), heat-shrink tubes, injection-molded parts, cable insulation, and gasket O-rings for semiconductor, industrial, and medical applications. Explore now.\" \/>\n<meta name=\"robots\" content=\"index, follow, max-snippet:-1, max-image-preview:large, max-video-preview:-1\" \/>\n<link rel=\"canonical\" href=\"https:\/\/www.chinaptfetube.com\/de\/faqs\/\" \/>\n<meta property=\"og:locale\" content=\"de_DE\" \/>\n<meta property=\"og:type\" content=\"article\" \/>\n<meta property=\"og:title\" content=\"Premium Extruded &amp; Heat-Shrink Tubing, Molding Parts &amp; Gaskets | Yozonetech\" \/>\n<meta property=\"og:description\" content=\"Yozonetech offers a wide range of extruded tubings (PTFE, FEP, silicone, rubber), heat-shrink tubes, injection-molded parts, cable insulation, and gasket O-rings for semiconductor, industrial, and medical applications. Explore now.\" \/>\n<meta property=\"og:url\" content=\"https:\/\/www.chinaptfetube.com\/de\/faqs\/\" \/>\n<meta property=\"og:site_name\" content=\"Yozonetech Co., Ltd.\" \/>\n<meta property=\"article:modified_time\" content=\"2025-08-29T05:37:01+00:00\" \/>\n<meta name=\"twitter:card\" content=\"summary_large_image\" \/>\n<meta name=\"twitter:label1\" content=\"Est. reading time\" \/>\n\t<meta name=\"twitter:data1\" content=\"3\u00a0Minuten\" \/>\n<script type=\"application\/ld+json\" class=\"yoast-schema-graph\">{\"@context\":\"https:\/\/schema.org\",\"@graph\":[{\"@type\":\"WebPage\",\"@id\":\"https:\/\/www.chinaptfetube.com\/faqs\/\",\"url\":\"https:\/\/www.chinaptfetube.com\/faqs\/\",\"name\":\"Premium Extruded & Heat-Shrink Tubing, Molding Parts & Gaskets | Yozonetech\",\"isPartOf\":{\"@id\":\"https:\/\/www.chinaptfetube.com\/#website\"},\"datePublished\":\"2025-06-25T08:26:23+00:00\",\"dateModified\":\"2025-08-29T05:37:01+00:00\",\"description\":\"Yozonetech offers a wide range of extruded tubings (PTFE, FEP, silicone, rubber), heat-shrink tubes, injection-molded parts, cable insulation, and gasket O-rings for semiconductor, industrial, and medical applications. Explore now.\",\"breadcrumb\":{\"@id\":\"https:\/\/www.chinaptfetube.com\/faqs\/#breadcrumb\"},\"inLanguage\":\"de\",\"potentialAction\":[{\"@type\":\"ReadAction\",\"target\":[\"https:\/\/www.chinaptfetube.com\/faqs\/\"]}]},{\"@type\":\"BreadcrumbList\",\"@id\":\"https:\/\/www.chinaptfetube.com\/faqs\/#breadcrumb\",\"itemListElement\":[{\"@type\":\"ListItem\",\"position\":1,\"name\":\"Home\",\"item\":\"https:\/\/www.chinaptfetube.com\/\"},{\"@type\":\"ListItem\",\"position\":2,\"name\":\"FAQs\"}]},{\"@type\":\"WebSite\",\"@id\":\"https:\/\/www.chinaptfetube.com\/#website\",\"url\":\"https:\/\/www.chinaptfetube.com\/\",\"name\":\"Yozonetech Co., Ltd.\",\"description\":\"Yozonetech Co., Ltd.\",\"publisher\":{\"@id\":\"https:\/\/www.chinaptfetube.com\/#organization\"},\"potentialAction\":[{\"@type\":\"SearchAction\",\"target\":{\"@type\":\"EntryPoint\",\"urlTemplate\":\"https:\/\/www.chinaptfetube.com\/?s={search_term_string}\"},\"query-input\":{\"@type\":\"PropertyValueSpecification\",\"valueRequired\":true,\"valueName\":\"search_term_string\"}}],\"inLanguage\":\"de\"},{\"@type\":\"Organization\",\"@id\":\"https:\/\/www.chinaptfetube.com\/#organization\",\"name\":\"Yozonetech Co., Ltd.\",\"url\":\"https:\/\/www.chinaptfetube.com\/\",\"logo\":{\"@type\":\"ImageObject\",\"inLanguage\":\"de\",\"@id\":\"https:\/\/www.chinaptfetube.com\/#\/schema\/logo\/image\/\",\"url\":\"https:\/\/www.chinaptfetube.com\/wp-content\/uploads\/2025\/06\/cropped-logo.webp\",\"contentUrl\":\"https:\/\/www.chinaptfetube.com\/wp-content\/uploads\/2025\/06\/cropped-logo.webp\",\"width\":388,\"height\":138,\"caption\":\"Yozonetech Co., Ltd.\"},\"image\":{\"@id\":\"https:\/\/www.chinaptfetube.com\/#\/schema\/logo\/image\/\"}}]}<\/script>\n<!-- \/ Yoast SEO plugin. -->","yoast_head_json":{"title":"Premium Extruded & Heat-Shrink Tubing, Molding Parts & Gaskets | Yozonetech","description":"Yozonetech offers a wide range of extruded tubings (PTFE, FEP, silicone, rubber), heat-shrink tubes, injection-molded parts, cable insulation, and gasket O-rings for semiconductor, industrial, and medical applications. Explore now.","robots":{"index":"index","follow":"follow","max-snippet":"max-snippet:-1","max-image-preview":"max-image-preview:large","max-video-preview":"max-video-preview:-1"},"canonical":"https:\/\/www.chinaptfetube.com\/de\/faqs\/","og_locale":"de_DE","og_type":"article","og_title":"Premium Extruded & Heat-Shrink Tubing, Molding Parts & Gaskets | Yozonetech","og_description":"Yozonetech offers a wide range of extruded tubings (PTFE, FEP, silicone, rubber), heat-shrink tubes, injection-molded parts, cable insulation, and gasket O-rings for semiconductor, industrial, and medical applications. Explore now.","og_url":"https:\/\/www.chinaptfetube.com\/de\/faqs\/","og_site_name":"Yozonetech Co., Ltd.","article_modified_time":"2025-08-29T05:37:01+00:00","twitter_card":"summary_large_image","twitter_misc":{"Est. reading time":"3\u00a0Minuten"},"schema":{"@context":"https:\/\/schema.org","@graph":[{"@type":"WebPage","@id":"https:\/\/www.chinaptfetube.com\/faqs\/","url":"https:\/\/www.chinaptfetube.com\/faqs\/","name":"Premium Extruded & Heat-Shrink Tubing, Molding Parts & Gaskets | Yozonetech","isPartOf":{"@id":"https:\/\/www.chinaptfetube.com\/#website"},"datePublished":"2025-06-25T08:26:23+00:00","dateModified":"2025-08-29T05:37:01+00:00","description":"Yozonetech offers a wide range of extruded tubings (PTFE, FEP, silicone, rubber), heat-shrink tubes, injection-molded parts, cable insulation, and gasket O-rings for semiconductor, industrial, and medical applications. Explore now.","breadcrumb":{"@id":"https:\/\/www.chinaptfetube.com\/faqs\/#breadcrumb"},"inLanguage":"de","potentialAction":[{"@type":"ReadAction","target":["https:\/\/www.chinaptfetube.com\/faqs\/"]}]},{"@type":"BreadcrumbList","@id":"https:\/\/www.chinaptfetube.com\/faqs\/#breadcrumb","itemListElement":[{"@type":"ListItem","position":1,"name":"Home","item":"https:\/\/www.chinaptfetube.com\/"},{"@type":"ListItem","position":2,"name":"FAQs"}]},{"@type":"WebSite","@id":"https:\/\/www.chinaptfetube.com\/#website","url":"https:\/\/www.chinaptfetube.com\/","name":"Yozonetech Co., Ltd.","description":"Yozonetech Co., Ltd.","publisher":{"@id":"https:\/\/www.chinaptfetube.com\/#organization"},"potentialAction":[{"@type":"SearchAction","target":{"@type":"EntryPoint","urlTemplate":"https:\/\/www.chinaptfetube.com\/?s={search_term_string}"},"query-input":{"@type":"PropertyValueSpecification","valueRequired":true,"valueName":"search_term_string"}}],"inLanguage":"de"},{"@type":"Organization","@id":"https:\/\/www.chinaptfetube.com\/#organization","name":"Yozonetech Co., Ltd.","url":"https:\/\/www.chinaptfetube.com\/","logo":{"@type":"ImageObject","inLanguage":"de","@id":"https:\/\/www.chinaptfetube.com\/#\/schema\/logo\/image\/","url":"https:\/\/www.chinaptfetube.com\/wp-content\/uploads\/2025\/06\/cropped-logo.webp","contentUrl":"https:\/\/www.chinaptfetube.com\/wp-content\/uploads\/2025\/06\/cropped-logo.webp","width":388,"height":138,"caption":"Yozonetech Co., Ltd."},"image":{"@id":"https:\/\/www.chinaptfetube.com\/#\/schema\/logo\/image\/"}}]}},"_links":{"self":[{"href":"https:\/\/www.chinaptfetube.com\/de\/wp-json\/wp\/v2\/pages\/3244","targetHints":{"allow":["GET"]}}],"collection":[{"href":"https:\/\/www.chinaptfetube.com\/de\/wp-json\/wp\/v2\/pages"}],"about":[{"href":"https:\/\/www.chinaptfetube.com\/de\/wp-json\/wp\/v2\/types\/page"}],"author":[{"embeddable":true,"href":"https:\/\/www.chinaptfetube.com\/de\/wp-json\/wp\/v2\/users\/1"}],"replies":[{"embeddable":true,"href":"https:\/\/www.chinaptfetube.com\/de\/wp-json\/wp\/v2\/comments?post=3244"}],"version-history":[{"count":11,"href":"https:\/\/www.chinaptfetube.com\/de\/wp-json\/wp\/v2\/pages\/3244\/revisions"}],"predecessor-version":[{"id":4029,"href":"https:\/\/www.chinaptfetube.com\/de\/wp-json\/wp\/v2\/pages\/3244\/revisions\/4029"}],"wp:attachment":[{"href":"https:\/\/www.chinaptfetube.com\/de\/wp-json\/wp\/v2\/media?parent=3244"}],"curies":[{"name":"wp","href":"https:\/\/api.w.org\/{rel}","templated":true}]}}