{"id":3232,"date":"2025-06-25T07:42:54","date_gmt":"2025-06-25T07:42:54","guid":{"rendered":"https:\/\/www.chinaptfetube.com\/?page_id=3232"},"modified":"2025-08-29T04:08:58","modified_gmt":"2025-08-29T04:08:58","slug":"customers-cases","status":"publish","type":"page","link":"https:\/\/www.chinaptfetube.com\/de\/customers-cases\/","title":{"rendered":"Kunden F\u00e4lle"},"content":{"rendered":"<div class=\"path_bar\">\n        <div class=\"layout\">\n            <ul>\n                <li><a href=\"\/de\/\">Startseite<\/a><\/li>\n                <!--\u9762\u5305\u5c51-->\n               <li><a href=\"\">Kunden F\u00e4lle<\/a><\/li>\n            <\/ul>\n        <\/div>\n    <\/div>\n\n\n\n<h1 class=\"wp-block-heading has-text-align-center\" style=\"font-size:30px\"><strong>Kundenerfolgsgeschichte - Verbesserte Abdichtung mit PTFE\/FEP-Schrumpfschl\u00e4uchen<\/strong><\/h1>\n\n\n\n<h2 class=\"wp-block-heading has-text-align-left layout tb\" style=\"font-size:20px\"><strong>Kundenhintergrund<\/strong><\/h2>\n\n\n\n<p class=\"layout\">Vor kurzem haben wir mit einem Unternehmen zusammengearbeitet, das elektronische Dichtungen f\u00fcr einen gro\u00dfen Automobilhersteller herstellt. Als Experten f\u00fcr <a href=\"https:\/\/www.chinaptfetube.com\/de\/products\/\">PTFE\/FEP-Schrumpfschl\u00e4uche<\/a>Sie traten an uns heran, um die Dichtungsleistung von Teilen zu verbessern, die korrosiven Hochtemperaturfl\u00fcssigkeiten ausgesetzt sind.<\/p>\n\n\n\n<h2 class=\"wp-block-heading layout\" style=\"font-size:20px\"><strong>Die Herausforderung<\/strong><\/h2>\n\n\n\n<p class=\"layout\">Der Kunde hatte Probleme mit dem Korrosionsschutz f\u00fcr elektronische Komponenten in rauen fl\u00fcssigen Umgebungen. Die urspr\u00fcngliche L\u00f6sung verursachte eine schlechte Abdichtung und eine Verschlechterung der Rohre im Laufe der Zeit, was zu Qualit\u00e4tsproblemen und Produktionsverz\u00f6gerungen f\u00fchrte. Es wurden schnelle, zuverl\u00e4ssige L\u00f6sungen ben\u00f6tigt, um einen langfristigen Schutz der Bauteile und ununterbrochene Produktionspl\u00e4ne zu gew\u00e4hrleisten.<\/p>\n\n\n\n<h2 class=\"wp-block-heading layout\" style=\"font-size:20px\">Unsere L\u00f6sung<\/h2>\n\n\n\n<p class=\"layout\">Bei der Inspektion der vorhandenen versiegelten Rohre stellten wir fest, dass die D\u00fcsen nicht vollst\u00e4ndig abgedichtet waren, so dass langsam Fl\u00fcssigkeit eindringen konnte. Um dieses Problem zu l\u00f6sen, empfahlen wir unser <strong>Doppellagiger Schrumpfschlauch<\/strong>, mit:<\/p>\n\n\n\n<ul class=\"wp-block-list layout ul\">\n<li><strong>\u00c4u\u00dfere Schicht:<\/strong> PTFE-Schrumpfschlauch f\u00fcr dauerhaften \u00e4u\u00dferen Schutz.<\/li>\n\n\n\n<li><strong>Innere Schicht:<\/strong> Hochwertiges FEP, das bei 600 \u00b0C in 45 Sekunden vollst\u00e4ndig schmilzt, um das Teil vollst\u00e4ndig abzudichten.<\/li>\n\n\n\n<li>Erh\u00e4ltlich in mehreren Farben, einschlie\u00dflich schwarzem PTFE zum Schutz vertraulicher Teile.<\/li>\n<\/ul>\n\n\n\n<p class=\"layout\">Diese L\u00f6sung gew\u00e4hrleistet eine hervorragende Dichtungsleistung und sch\u00fctzt empfindliche Teile wirksam.<\/p>\n\n\n\n<h2 class=\"wp-block-heading layout\" style=\"font-size:20px\">Ergebnisse<\/h2>\n\n\n\n<p class=\"layout\">Vorl\u00e4ufige Tests zeigten deutliche Verbesserungen:<\/p>\n\n\n\n<ul class=\"wp-block-list layout  ul\">\n<li>Verl\u00e4ngerte Lebensdauer der Komponenten.<\/li>\n\n\n\n<li>Geringere ungeplante Ausfallzeiten.<\/li>\n\n\n\n<li>Verbesserter Schutz f\u00fcr verschiedene Formen und Gr\u00f6\u00dfen durch zweilagige Schrumpfschl\u00e4uche mit unterschiedlichen Schrumpfverh\u00e4ltnissen.<\/li>\n<\/ul>\n\n\n\n<p class=\"layout\">Indem wir unser Fachwissen als vertrauensw\u00fcrdiger <a href=\"https:\/\/www.chinaptfetube.com\/de\/about-us\/\">Hersteller von PTFE-Schl\u00e4uchen<\/a>helfen wir unseren Kunden, zuverl\u00e4ssige und langlebige L\u00f6sungen f\u00fcr anspruchsvolle industrielle Anwendungen zu finden.<\/p>\n\n\n<div class=\"wp-block-image layout tb\">\n<figure class=\"aligncenter size-large\"><img loading=\"lazy\" decoding=\"async\" width=\"1024\" height=\"768\" src=\"https:\/\/www.chinaptfetube.com\/wp-content\/uploads\/2025\/06\/case1-1024x768.webp\" alt=\"Yozonetech Kunden Cases\" class=\"wp-image-3237\" srcset=\"https:\/\/www.chinaptfetube.com\/wp-content\/uploads\/2025\/06\/case1-1024x768.webp 1024w, https:\/\/www.chinaptfetube.com\/wp-content\/uploads\/2025\/06\/case1-300x225.webp 300w, https:\/\/www.chinaptfetube.com\/wp-content\/uploads\/2025\/06\/case1-768x576.webp 768w, https:\/\/www.chinaptfetube.com\/wp-content\/uploads\/2025\/06\/case1-16x12.webp 16w, https:\/\/www.chinaptfetube.com\/wp-content\/uploads\/2025\/06\/case1.webp 1440w\" sizes=\"auto, (max-width: 1024px) 100vw, 1024px\" \/><\/figure><\/div>\n\n\n<p class=\"layout tb\">2. Am Mittag des 16. M\u00e4rz erhielt ich eine E-Mail, weil sich die Einsatzbedingungen des Kunden \u00e4nderten und das Rohr brach. Nachdem ich den Grund verstanden hatte, stellte ich fest, dass die Wandst\u00e4rke des Rohrs, das der Kunde wollte, nicht ausreichte, um mit seinen aktuellen Einsatzbedingungen fertig zu werden. Der Kunde hatte in Eile eine Bestellung aufgegeben und war mit dem Produkt nicht vertraut, und die Angaben zu den Einsatzbedingungen waren nicht korrekt.<\/p>\n\n\n\n<p class=\"layout\">Als professioneller Hersteller m\u00fcssen wir nat\u00fcrlich den Kunden helfen, ihre Probleme zu l\u00f6sen. Dann habe ich den Kunden einen Plan zur Erh\u00f6hung der Wandst\u00e4rke vorgeschlagen und ihnen eine neue Charge von Produkten mit dickeren Rohrw\u00e4nden kostenlos zur Verf\u00fcgung gestellt. Wir lassen die Kunden diese zun\u00e4chst ausprobieren. Wenn die Anforderungen an die Verwendung erf\u00fcllt sind, zahlen sie zum bisherigen Preis. Obwohl der Wechselkurs und die Rohstoffe gestiegen sind, hoffen wir, dass die Kunden in aller Ruhe einkaufen k\u00f6nnen, ohne sich \u00fcber berufliche Probleme Gedanken machen zu m\u00fcssen, weshalb wir darauf bestehen, dass die Kunden die zus\u00e4tzlichen Kosten nicht tragen m\u00fcssen.<\/p>\n\n\n\n<p class=\"layout\">Die Kunden kaufen Produkte, um sie zu nutzen, nicht um sie zu erstatten. Es liegt in unserer Verantwortung, den Kundenbedarf wirklich zu ermitteln und die Kosten f\u00fcr den Kunden zu senken.<\/p>\n\n\n<div class=\"wp-block-image layout tb\">\n<figure class=\"aligncenter size-large\"><img loading=\"lazy\" decoding=\"async\" width=\"1024\" height=\"765\" src=\"https:\/\/www.chinaptfetube.com\/wp-content\/uploads\/2025\/06\/case2-1024x765.webp\" alt=\"Kunden F\u00e4lle\" class=\"wp-image-3236\" srcset=\"https:\/\/www.chinaptfetube.com\/wp-content\/uploads\/2025\/06\/case2-1024x765.webp 1024w, https:\/\/www.chinaptfetube.com\/wp-content\/uploads\/2025\/06\/case2-300x224.webp 300w, https:\/\/www.chinaptfetube.com\/wp-content\/uploads\/2025\/06\/case2-768x574.webp 768w, https:\/\/www.chinaptfetube.com\/wp-content\/uploads\/2025\/06\/case2-16x12.webp 16w, https:\/\/www.chinaptfetube.com\/wp-content\/uploads\/2025\/06\/case2.webp 1446w\" sizes=\"auto, (max-width: 1024px) 100vw, 1024px\" \/><\/figure><\/div>\n\n\n<p class=\"layout tb\">3. Hohe Beschaffungseffizienz<\/p>\n\n\n\n<p class=\"layout\">\"Zeit ist Geld\", vor allem in der modernen Gesch\u00e4ftswelt, in der das Leben der Menschen immer schneller wird und in der die Anforderungen der Kunden an die Reaktionsgeschwindigkeit der Lieferanten immer h\u00f6her werden.<\/p>\n\n\n\n<p class=\"layout\">Wenn der Lieferant zu langsam reagiert, wird er unweigerlich den Liefertermin nicht einhalten und die Kundenerfahrung beeintr\u00e4chtigen.<\/p>\n\n\n\n<p class=\"layout\">Bei dem 10.000 Meter langen PTFE\/FEP-Doppelschicht-Schrumpfschlauchprojekt erfuhr unser Unternehmen am Donnerstagmittag, dass der Kunde einen dringenden Auftrag ben\u00f6tigte, und so wurde vor 16 Uhr an diesem Tag die Produktionslinie mit einer niedrigeren Notfallstufe durch das vom Kunden ben\u00f6tigte Produktmaterial ersetzt. Ich setzte mich mit dem f\u00fcr die Transportabteilung zust\u00e4ndigen Kollegen in Verbindung, um das Luftfrachtlager zu buchen, und vier Tage sp\u00e4ter wurden die Waren auf die vorbereiteten Lastwagen verladen und zum Flughafen gebracht.<\/p>\n\n\n\n<p class=\"layout\">Entsprechende Produktionseffizienz ist ein Lebensindikator f\u00fcr meine Fabrik. Als weltbekannter Kunststoffhersteller werden wir die Produktions- und Lieferungseffizienz um jeden Preis sicherstellen.<\/p>\n\n\n<div class=\"wp-block-image layout tb tb2\">\n<figure class=\"aligncenter size-large\"><img loading=\"lazy\" decoding=\"async\" width=\"768\" height=\"1024\" src=\"https:\/\/www.chinaptfetube.com\/wp-content\/uploads\/2025\/06\/case3-768x1024.webp\" alt=\"Kunden F\u00e4lle\" class=\"wp-image-3235\" srcset=\"https:\/\/www.chinaptfetube.com\/wp-content\/uploads\/2025\/06\/case3-768x1024.webp 768w, https:\/\/www.chinaptfetube.com\/wp-content\/uploads\/2025\/06\/case3-225x300.webp 225w, https:\/\/www.chinaptfetube.com\/wp-content\/uploads\/2025\/06\/case3-9x12.webp 9w, https:\/\/www.chinaptfetube.com\/wp-content\/uploads\/2025\/06\/case3.webp 1080w\" sizes=\"auto, (max-width: 768px) 100vw, 768px\" \/><\/figure><\/div>\n\n\n<style>\n.tb{\nmargin-top:30px\n\n}\n.tb2{\nmargin-bottom:45px\n\n}\n.ul li{\nmargin-left:20px!important;\nlist-style:disc!important\n\n}\n\n\n<\/style>","protected":false},"excerpt":{"rendered":"<p>Home Customers Cases Customer Success Story \u2013 Enhancing Sealing with PTFE\/FEP Heat-Shrink Tubing Customer Background We recently collaborated with an electronic seal company serving a major automobile manufacturer. As experts in PTFE\/FEP heat shrink tubing, they approached us to improve the sealing performance of parts exposed to high-temperature corrosive liquids. The Challenge The customer faced [&hellip;]<\/p>","protected":false},"author":1,"featured_media":0,"parent":0,"menu_order":0,"comment_status":"closed","ping_status":"closed","template":"","meta":{"footnotes":""},"class_list":["post-3232","page","type-page","status-publish","hentry"],"yoast_head":"<!-- This site is optimized with the Yoast SEO plugin v24.4 - https:\/\/yoast.com\/wordpress\/plugins\/seo\/ -->\n<title>Premium Extruded &amp; Heat-Shrink Tubing, Molding Parts &amp; Gaskets | Yozonetech<\/title>\n<meta name=\"description\" content=\"Yozonetech offers a wide range of extruded tubings (PTFE, FEP, silicone, rubber), heat-shrink tubes, injection-molded parts, cable insulation, and gasket O-rings for semiconductor, industrial, and medical applications. Explore now.\" \/>\n<meta name=\"robots\" content=\"index, follow, max-snippet:-1, max-image-preview:large, max-video-preview:-1\" \/>\n<link rel=\"canonical\" href=\"https:\/\/www.chinaptfetube.com\/de\/customers-cases\/\" \/>\n<meta property=\"og:locale\" content=\"de_DE\" \/>\n<meta property=\"og:type\" content=\"article\" \/>\n<meta property=\"og:title\" content=\"Premium Extruded &amp; Heat-Shrink Tubing, Molding Parts &amp; Gaskets | Yozonetech\" \/>\n<meta property=\"og:description\" content=\"Yozonetech offers a wide range of extruded tubings (PTFE, FEP, silicone, rubber), heat-shrink tubes, injection-molded parts, cable insulation, and gasket O-rings for semiconductor, industrial, and medical applications. Explore now.\" \/>\n<meta property=\"og:url\" content=\"https:\/\/www.chinaptfetube.com\/de\/customers-cases\/\" \/>\n<meta property=\"og:site_name\" content=\"Yozonetech Co., Ltd.\" \/>\n<meta property=\"article:modified_time\" content=\"2025-08-29T04:08:58+00:00\" \/>\n<meta property=\"og:image\" content=\"https:\/\/www.chinaptfetube.com\/wp-content\/uploads\/2025\/06\/case1.webp\" \/>\n\t<meta property=\"og:image:width\" content=\"1440\" \/>\n\t<meta property=\"og:image:height\" content=\"1080\" \/>\n\t<meta property=\"og:image:type\" content=\"image\/webp\" \/>\n<meta name=\"twitter:card\" content=\"summary_large_image\" \/>\n<meta name=\"twitter:label1\" content=\"Est. reading time\" \/>\n\t<meta name=\"twitter:data1\" content=\"4\u00a0Minuten\" \/>\n<script type=\"application\/ld+json\" class=\"yoast-schema-graph\">{\"@context\":\"https:\/\/schema.org\",\"@graph\":[{\"@type\":\"WebPage\",\"@id\":\"https:\/\/www.chinaptfetube.com\/customers-cases\/\",\"url\":\"https:\/\/www.chinaptfetube.com\/customers-cases\/\",\"name\":\"Premium Extruded & Heat-Shrink Tubing, Molding Parts & Gaskets | Yozonetech\",\"isPartOf\":{\"@id\":\"https:\/\/www.chinaptfetube.com\/#website\"},\"primaryImageOfPage\":{\"@id\":\"https:\/\/www.chinaptfetube.com\/customers-cases\/#primaryimage\"},\"image\":{\"@id\":\"https:\/\/www.chinaptfetube.com\/customers-cases\/#primaryimage\"},\"thumbnailUrl\":\"https:\/\/www.chinaptfetube.com\/wp-content\/uploads\/2025\/06\/case1-1024x768.webp\",\"datePublished\":\"2025-06-25T07:42:54+00:00\",\"dateModified\":\"2025-08-29T04:08:58+00:00\",\"description\":\"Yozonetech offers a wide range of extruded tubings (PTFE, FEP, silicone, rubber), heat-shrink tubes, injection-molded parts, cable insulation, and gasket O-rings for semiconductor, industrial, and medical applications. Explore now.\",\"breadcrumb\":{\"@id\":\"https:\/\/www.chinaptfetube.com\/customers-cases\/#breadcrumb\"},\"inLanguage\":\"de\",\"potentialAction\":[{\"@type\":\"ReadAction\",\"target\":[\"https:\/\/www.chinaptfetube.com\/customers-cases\/\"]}]},{\"@type\":\"ImageObject\",\"inLanguage\":\"de\",\"@id\":\"https:\/\/www.chinaptfetube.com\/customers-cases\/#primaryimage\",\"url\":\"https:\/\/www.chinaptfetube.com\/wp-content\/uploads\/2025\/06\/case1-1024x768.webp\",\"contentUrl\":\"https:\/\/www.chinaptfetube.com\/wp-content\/uploads\/2025\/06\/case1-1024x768.webp\"},{\"@type\":\"BreadcrumbList\",\"@id\":\"https:\/\/www.chinaptfetube.com\/customers-cases\/#breadcrumb\",\"itemListElement\":[{\"@type\":\"ListItem\",\"position\":1,\"name\":\"Home\",\"item\":\"https:\/\/www.chinaptfetube.com\/\"},{\"@type\":\"ListItem\",\"position\":2,\"name\":\"Customers Cases\"}]},{\"@type\":\"WebSite\",\"@id\":\"https:\/\/www.chinaptfetube.com\/#website\",\"url\":\"https:\/\/www.chinaptfetube.com\/\",\"name\":\"Yozonetech Co., Ltd.\",\"description\":\"Yozonetech Co., Ltd.\",\"publisher\":{\"@id\":\"https:\/\/www.chinaptfetube.com\/#organization\"},\"potentialAction\":[{\"@type\":\"SearchAction\",\"target\":{\"@type\":\"EntryPoint\",\"urlTemplate\":\"https:\/\/www.chinaptfetube.com\/?s={search_term_string}\"},\"query-input\":{\"@type\":\"PropertyValueSpecification\",\"valueRequired\":true,\"valueName\":\"search_term_string\"}}],\"inLanguage\":\"de\"},{\"@type\":\"Organization\",\"@id\":\"https:\/\/www.chinaptfetube.com\/#organization\",\"name\":\"Yozonetech Co., Ltd.\",\"url\":\"https:\/\/www.chinaptfetube.com\/\",\"logo\":{\"@type\":\"ImageObject\",\"inLanguage\":\"de\",\"@id\":\"https:\/\/www.chinaptfetube.com\/#\/schema\/logo\/image\/\",\"url\":\"https:\/\/www.chinaptfetube.com\/wp-content\/uploads\/2025\/06\/cropped-logo.webp\",\"contentUrl\":\"https:\/\/www.chinaptfetube.com\/wp-content\/uploads\/2025\/06\/cropped-logo.webp\",\"width\":388,\"height\":138,\"caption\":\"Yozonetech Co., Ltd.\"},\"image\":{\"@id\":\"https:\/\/www.chinaptfetube.com\/#\/schema\/logo\/image\/\"}}]}<\/script>\n<!-- \/ Yoast SEO plugin. -->","yoast_head_json":{"title":"Premium Extruded & Heat-Shrink Tubing, Molding Parts & Gaskets | Yozonetech","description":"Yozonetech offers a wide range of extruded tubings (PTFE, FEP, silicone, rubber), heat-shrink tubes, injection-molded parts, cable insulation, and gasket O-rings for semiconductor, industrial, and medical applications. Explore now.","robots":{"index":"index","follow":"follow","max-snippet":"max-snippet:-1","max-image-preview":"max-image-preview:large","max-video-preview":"max-video-preview:-1"},"canonical":"https:\/\/www.chinaptfetube.com\/de\/customers-cases\/","og_locale":"de_DE","og_type":"article","og_title":"Premium Extruded & Heat-Shrink Tubing, Molding Parts & Gaskets | Yozonetech","og_description":"Yozonetech offers a wide range of extruded tubings (PTFE, FEP, silicone, rubber), heat-shrink tubes, injection-molded parts, cable insulation, and gasket O-rings for semiconductor, industrial, and medical applications. Explore now.","og_url":"https:\/\/www.chinaptfetube.com\/de\/customers-cases\/","og_site_name":"Yozonetech Co., Ltd.","article_modified_time":"2025-08-29T04:08:58+00:00","og_image":[{"width":1440,"height":1080,"url":"https:\/\/www.chinaptfetube.com\/wp-content\/uploads\/2025\/06\/case1.webp","type":"image\/webp"}],"twitter_card":"summary_large_image","twitter_misc":{"Est. reading time":"4\u00a0Minuten"},"schema":{"@context":"https:\/\/schema.org","@graph":[{"@type":"WebPage","@id":"https:\/\/www.chinaptfetube.com\/customers-cases\/","url":"https:\/\/www.chinaptfetube.com\/customers-cases\/","name":"Premium Extruded & Heat-Shrink Tubing, Molding Parts & Gaskets | Yozonetech","isPartOf":{"@id":"https:\/\/www.chinaptfetube.com\/#website"},"primaryImageOfPage":{"@id":"https:\/\/www.chinaptfetube.com\/customers-cases\/#primaryimage"},"image":{"@id":"https:\/\/www.chinaptfetube.com\/customers-cases\/#primaryimage"},"thumbnailUrl":"https:\/\/www.chinaptfetube.com\/wp-content\/uploads\/2025\/06\/case1-1024x768.webp","datePublished":"2025-06-25T07:42:54+00:00","dateModified":"2025-08-29T04:08:58+00:00","description":"Yozonetech offers a wide range of extruded tubings (PTFE, FEP, silicone, rubber), heat-shrink tubes, injection-molded parts, cable insulation, and gasket O-rings for semiconductor, industrial, and medical applications. Explore now.","breadcrumb":{"@id":"https:\/\/www.chinaptfetube.com\/customers-cases\/#breadcrumb"},"inLanguage":"de","potentialAction":[{"@type":"ReadAction","target":["https:\/\/www.chinaptfetube.com\/customers-cases\/"]}]},{"@type":"ImageObject","inLanguage":"de","@id":"https:\/\/www.chinaptfetube.com\/customers-cases\/#primaryimage","url":"https:\/\/www.chinaptfetube.com\/wp-content\/uploads\/2025\/06\/case1-1024x768.webp","contentUrl":"https:\/\/www.chinaptfetube.com\/wp-content\/uploads\/2025\/06\/case1-1024x768.webp"},{"@type":"BreadcrumbList","@id":"https:\/\/www.chinaptfetube.com\/customers-cases\/#breadcrumb","itemListElement":[{"@type":"ListItem","position":1,"name":"Home","item":"https:\/\/www.chinaptfetube.com\/"},{"@type":"ListItem","position":2,"name":"Customers Cases"}]},{"@type":"WebSite","@id":"https:\/\/www.chinaptfetube.com\/#website","url":"https:\/\/www.chinaptfetube.com\/","name":"Yozonetech Co., Ltd.","description":"Yozonetech Co., Ltd.","publisher":{"@id":"https:\/\/www.chinaptfetube.com\/#organization"},"potentialAction":[{"@type":"SearchAction","target":{"@type":"EntryPoint","urlTemplate":"https:\/\/www.chinaptfetube.com\/?s={search_term_string}"},"query-input":{"@type":"PropertyValueSpecification","valueRequired":true,"valueName":"search_term_string"}}],"inLanguage":"de"},{"@type":"Organization","@id":"https:\/\/www.chinaptfetube.com\/#organization","name":"Yozonetech Co., Ltd.","url":"https:\/\/www.chinaptfetube.com\/","logo":{"@type":"ImageObject","inLanguage":"de","@id":"https:\/\/www.chinaptfetube.com\/#\/schema\/logo\/image\/","url":"https:\/\/www.chinaptfetube.com\/wp-content\/uploads\/2025\/06\/cropped-logo.webp","contentUrl":"https:\/\/www.chinaptfetube.com\/wp-content\/uploads\/2025\/06\/cropped-logo.webp","width":388,"height":138,"caption":"Yozonetech Co., Ltd."},"image":{"@id":"https:\/\/www.chinaptfetube.com\/#\/schema\/logo\/image\/"}}]}},"_links":{"self":[{"href":"https:\/\/www.chinaptfetube.com\/de\/wp-json\/wp\/v2\/pages\/3232","targetHints":{"allow":["GET"]}}],"collection":[{"href":"https:\/\/www.chinaptfetube.com\/de\/wp-json\/wp\/v2\/pages"}],"about":[{"href":"https:\/\/www.chinaptfetube.com\/de\/wp-json\/wp\/v2\/types\/page"}],"author":[{"embeddable":true,"href":"https:\/\/www.chinaptfetube.com\/de\/wp-json\/wp\/v2\/users\/1"}],"replies":[{"embeddable":true,"href":"https:\/\/www.chinaptfetube.com\/de\/wp-json\/wp\/v2\/comments?post=3232"}],"version-history":[{"count":14,"href":"https:\/\/www.chinaptfetube.com\/de\/wp-json\/wp\/v2\/pages\/3232\/revisions"}],"predecessor-version":[{"id":4017,"href":"https:\/\/www.chinaptfetube.com\/de\/wp-json\/wp\/v2\/pages\/3232\/revisions\/4017"}],"wp:attachment":[{"href":"https:\/\/www.chinaptfetube.com\/de\/wp-json\/wp\/v2\/media?parent=3232"}],"curies":[{"name":"wp","href":"https:\/\/api.w.org\/{rel}","templated":true}]}}