{"id":3182,"date":"2025-06-25T06:35:37","date_gmt":"2025-06-25T06:35:37","guid":{"rendered":"https:\/\/www.chinaptfetube.com\/?page_id=3182"},"modified":"2025-08-29T03:58:01","modified_gmt":"2025-08-29T03:58:01","slug":"our-story","status":"publish","type":"page","link":"https:\/\/www.chinaptfetube.com\/de\/our-story\/","title":{"rendered":"Unsere Geschichte"},"content":{"rendered":"<div class=\"path_bar\">\n        <div class=\"layout\" style=\"margin:0 auto\">\n            <ul>\n                <li><a href=\"\/de\/\">Startseite<\/a><\/li>\n                <!--\u9762\u5305\u5c51-->\n               <li><a href=\"\">Unsere Geschichte<\/a><\/li>\n            <\/ul>\n        <\/div>\n    <\/div>\n\n\n\n<h1 class=\"wp-block-heading has-text-align-center\" style=\"font-size:30px\"><strong>\u00dcber Yozonetech - F\u00fchrender Hersteller von PTFE-Rohren<\/strong><\/h1>\n\n\n\n<p class=\"layout tb\"><br>Yozonetech begann als Familienunternehmen <a href=\"https:\/\/www.chinaptfetube.com\/de\/ptfe-tubing-category\/\">PTFE-Schlauch<\/a> Hersteller, der PTFE produziert, <a href=\"https:\/\/www.chinaptfetube.com\/de\/fep-pfa-tubing-category\/\">FEP-Schl\u00e4uche<\/a>, <a href=\"https:\/\/www.chinaptfetube.com\/de\/fep-pfa-tubing-category\/\">PFA-Schl\u00e4uche<\/a>, <a href=\"https:\/\/www.chinaptfetube.com\/de\/silicone-tubing-category\/\">flexible Silikonschl\u00e4uche<\/a>, <a href=\"https:\/\/www.chinaptfetube.com\/de\/rubber-tubing-category\/\">Gummischlauch<\/a> und <a href=\"https:\/\/www.chinaptfetube.com\/de\/insulated-electric-wirecable-category\/\">isolierte elektrische Leitung<\/a> seit 2005. Im Jahr 2018 haben wir unser Import- und Exportunternehmen gegr\u00fcndet und unsere eigene Marke Yozonetech geschaffen. Innerhalb der ersten drei Jahre arbeiteten wir erfolgreich mit \u00fcber 60 professionellen Kunden in Europa und den USA zusammen und lieferten medizinische und industrielle L\u00f6sungen wie medizinische Katheterschl\u00e4uche, Kraftwerksw\u00e4rmetauscher, doppelwandige PTFE\/FEP-Schrumpfschl\u00e4uche und Hochdruckhydraulikschl\u00e4uche. <a href=\"https:\/\/www.chinaptfetube.com\/de\/ptfe-tubing-category\/\">PTFE-Schl\u00e4uche<\/a> f\u00fcr industrielle Gas- und Fl\u00fcssigkeitsanwendungen.<\/p>\n\n\n<div class=\"wp-block-image layout\">\n<figure class=\"aligncenter size-large\"><img loading=\"lazy\" decoding=\"async\" width=\"1024\" height=\"447\" src=\"https:\/\/www.chinaptfetube.com\/wp-content\/uploads\/2025\/06\/Yozonetech-Factories-1024x447.webp\" alt=\"Yozonetech PTFE-Schlauch Lieferant\" class=\"wp-image-3194\" srcset=\"https:\/\/www.chinaptfetube.com\/wp-content\/uploads\/2025\/06\/Yozonetech-Factories-1024x447.webp 1024w, https:\/\/www.chinaptfetube.com\/wp-content\/uploads\/2025\/06\/Yozonetech-Factories-300x131.webp 300w, https:\/\/www.chinaptfetube.com\/wp-content\/uploads\/2025\/06\/Yozonetech-Factories-768x335.webp 768w, https:\/\/www.chinaptfetube.com\/wp-content\/uploads\/2025\/06\/Yozonetech-Factories-1536x671.webp 1536w, https:\/\/www.chinaptfetube.com\/wp-content\/uploads\/2025\/06\/Yozonetech-Factories-2048x894.webp 2048w, https:\/\/www.chinaptfetube.com\/wp-content\/uploads\/2025\/06\/Yozonetech-Factories-18x8.webp 18w\" sizes=\"auto, (max-width: 1024px) 100vw, 1024px\" \/><\/figure><\/div>\n\n\n<h2 class=\"wp-block-heading has-text-align-center\"><strong>Fortschrittliche Fertigung mit taiwanesischen Strangpressmaschinen<\/strong><\/h2>\n\n\n\n<p class=\"layout\">Wir sind stolz darauf, taiwanesische Extrusionsmaschinen einzusetzen, die minimale Toleranzen, stabile Betriebstemperaturen, glatte Produktoberfl\u00e4chen und eine gleichbleibend hohe Qualit\u00e4t gew\u00e4hrleisten. Diese F\u00e4higkeit erm\u00f6glicht uns die Herstellung pr\u00e4ziser <a href=\"https:\/\/www.chinaptfetube.com\/de\/products\/\">extrudierter Kunststoffschlauch<\/a> und <a href=\"https:\/\/www.chinaptfetube.com\/de\/products\/\">Hochtemperatur-Schrumpfschl\u00e4uche<\/a> f\u00fcr anspruchsvolle Anwendungen.<\/p>\n\n\n<div class=\"wp-block-image layout\">\n<figure class=\"aligncenter size-large\"><img loading=\"lazy\" decoding=\"async\" width=\"1024\" height=\"676\" src=\"https:\/\/www.chinaptfetube.com\/wp-content\/uploads\/2025\/06\/YOZONETECH-1024x676.webp\" alt=\"Yozonetech PTFE-Schlauch Lieferant\" class=\"wp-image-3198\" srcset=\"https:\/\/www.chinaptfetube.com\/wp-content\/uploads\/2025\/06\/YOZONETECH-1024x676.webp 1024w, https:\/\/www.chinaptfetube.com\/wp-content\/uploads\/2025\/06\/YOZONETECH-300x198.webp 300w, https:\/\/www.chinaptfetube.com\/wp-content\/uploads\/2025\/06\/YOZONETECH-768x507.webp 768w, https:\/\/www.chinaptfetube.com\/wp-content\/uploads\/2025\/06\/YOZONETECH-1536x1013.webp 1536w, https:\/\/www.chinaptfetube.com\/wp-content\/uploads\/2025\/06\/YOZONETECH-18x12.webp 18w, https:\/\/www.chinaptfetube.com\/wp-content\/uploads\/2025\/06\/YOZONETECH.webp 1852w\" sizes=\"auto, (max-width: 1024px) 100vw, 1024px\" \/><\/figure><\/div>\n\n\n<h2 class=\"wp-block-heading has-text-align-center\"><strong>Fabrikst\u00e4rke und Produktionskapazit\u00e4t<\/strong><\/h2>\n\n\n\n<p class=\"layout\">Unsere Fabriken erstrecken sich \u00fcber 40.000 Quadratmeter, besch\u00e4ftigen \u00fcber 500 Arbeiter und Entwickler und verf\u00fcgen \u00fcber 700 Produktionsmaschinen. Diese Einrichtung erm\u00f6glicht die Entwicklung von 1-2 neuen Produkten pro Monat mit einem monatlichen Aussto\u00df von 25 Millionen Metern. Wir betreiben 2 Fabriken in der Provinz Hebei und arbeiten mit 5 weiteren Fabriken in Guangdong, Shanghai und Hebei zusammen, um eine gro\u00df angelegte Produktion und schnelle Lieferung zu gew\u00e4hrleisten.<br><\/p>\n\n\n<div class=\"wp-block-image layout\">\n<figure class=\"aligncenter size-large\"><img loading=\"lazy\" decoding=\"async\" width=\"1024\" height=\"849\" src=\"https:\/\/www.chinaptfetube.com\/wp-content\/uploads\/2025\/06\/Our-Story-1024x849.webp\" alt=\"Yozonetech PTFE-Schlauch Lieferant\" class=\"wp-image-3202\" srcset=\"https:\/\/www.chinaptfetube.com\/wp-content\/uploads\/2025\/06\/Our-Story-1024x849.webp 1024w, https:\/\/www.chinaptfetube.com\/wp-content\/uploads\/2025\/06\/Our-Story-300x249.webp 300w, https:\/\/www.chinaptfetube.com\/wp-content\/uploads\/2025\/06\/Our-Story-768x637.webp 768w, https:\/\/www.chinaptfetube.com\/wp-content\/uploads\/2025\/06\/Our-Story-14x12.webp 14w, https:\/\/www.chinaptfetube.com\/wp-content\/uploads\/2025\/06\/Our-Story.webp 1072w\" sizes=\"auto, (max-width: 1024px) 100vw, 1024px\" \/><\/figure><\/div>\n\n\n<h2 class=\"wp-block-heading has-text-align-center layout\"><strong>Fachwissen &amp; Qualit\u00e4tssicherung<\/strong><\/h2>\n\n\n\n<p class=\"layout tb\">Unser technischer Leiter verf\u00fcgt \u00fcber mehr als 15 Jahre Erfahrung in der PTFE-Industrie und war einer der ersten Ingenieure, der die PTFE-Produktionstechnologie von Unternehmen mit ausl\u00e4ndischer Finanzierung auf dem chinesischen Festland einf\u00fchrte. Wir verwenden hochwertige Fluorpolymere von Weltmarken wie DuPont, Daikin und AGC sowie von chinesischen Marken wie Dongyue und Chengguang. Dies gew\u00e4hrleistet eine gleichbleibende Qualit\u00e4t unserer Produkte zu wettbewerbsf\u00e4higen Preisen.<\/p>\n\n\n\n<p class=\"layout\">Alle Produkte - einschlie\u00dflich medizinischer Katheterschl\u00e4uche und <strong>PTFE\/FEP-Schrumpfschl\u00e4uche<\/strong>-sind zertifiziert durch <strong>USP Klasse VI<\/strong>, <strong>FDA<\/strong>, <strong>ROHS<\/strong>, <strong>REACH<\/strong>und <strong>CE<\/strong>und macht uns zum #1 <strong>OEM &amp; ODM Fabrik<\/strong> in China.<\/p>\n\n\n\n<h2 class=\"wp-block-heading has-text-align-center layout\"><strong><strong>Umfassende Produktlinien<\/strong><\/strong><\/h2>\n\n\n\n<ul class=\"wp-block-list layout ullist\">\n<li class=\"layout tb\"><strong>PTFE, FEP, PFA und andere Fluorpolymerschl\u00e4uche<\/strong> - einschlie\u00dflich ultrad\u00fcnner PTFE-Schl\u00e4uche (Wandst\u00e4rke 0,025-0,05 mm), FEP, PFA, PEEK, ETFE und mehr.<\/li>\n\n\n\n<li class=\"layout\"><strong>Schrumpfschl\u00e4uche<\/strong> - PTFE-Schrumpfschlauch, <strong>Doppelwandiger PTFE\/FEP-Schrumpfschlauch<\/strong>PEEK-Schrumpfschlauch.<\/li>\n\n\n\n<li class=\"layout\"><strong>Hochdruck-Hydraulikschl\u00e4uche<\/strong> - glatte Bohrung, gewellt und geriffelt <strong>PTFE-Schl\u00e4uche<\/strong> f\u00fcr den industriellen Gas- und Fl\u00fcssigkeitstransport.<\/li>\n<\/ul>\n\n\n\n<p class=\"layout mb\">Wir liefern auch <a href=\"https:\/\/www.chinaptfetube.com\/de\/ptfe-tubing-category\/\">Gro\u00dfhandel PTFE-Schlauch<\/a> L\u00f6sungen, die den Anforderungen der Gro\u00dfindustrie gerecht werden und gleichzeitig h\u00f6chste Qualit\u00e4t und wettbewerbsf\u00e4hige Preise bieten.<\/p>\n\n\n\n<style>\n\n.tb{\nmargin-top:30px;\n\n\n}\n.mb{margin-bottom:30px}\n\n\n.ullist li{\nlist-style:disc!important;\nmargin-left:20px!important\n}\n\n\n\n<\/style>","protected":false},"excerpt":{"rendered":"<p>Home Our Story About Yozonetech \u2013 Leading PTFE Tube Manufacturer Yozonetech began as a family-owned PTFE tube manufacturer, producing PTFE, FEP tubing, PFA tubing, flexible silicone tubing, rubber hose and insulated electrical wire since 2005. In 2018, we established our import &amp; export company and created our own brand, Yozonetech. Within the first three years, [&hellip;]<\/p>","protected":false},"author":1,"featured_media":0,"parent":0,"menu_order":0,"comment_status":"closed","ping_status":"closed","template":"","meta":{"footnotes":""},"class_list":["post-3182","page","type-page","status-publish","hentry"],"yoast_head":"<!-- This site is optimized with the Yoast SEO plugin v24.4 - https:\/\/yoast.com\/wordpress\/plugins\/seo\/ -->\n<title>Premium Extruded &amp; Heat-Shrink Tubing, Molding Parts &amp; Gaskets | Yozonetech<\/title>\n<meta name=\"description\" content=\"Yozonetech offers a wide range of extruded tubings (PTFE, FEP, silicone, rubber), heat-shrink tubes, injection-molded parts, cable insulation, and gasket O-rings for semiconductor, industrial, and medical applications. Explore now.\" \/>\n<meta name=\"robots\" content=\"index, follow, max-snippet:-1, max-image-preview:large, max-video-preview:-1\" \/>\n<link rel=\"canonical\" href=\"https:\/\/www.chinaptfetube.com\/de\/our-story\/\" \/>\n<meta property=\"og:locale\" content=\"de_DE\" \/>\n<meta property=\"og:type\" content=\"article\" \/>\n<meta property=\"og:title\" content=\"Premium Extruded &amp; Heat-Shrink Tubing, Molding Parts &amp; Gaskets | Yozonetech\" \/>\n<meta property=\"og:description\" content=\"Yozonetech offers a wide range of extruded tubings (PTFE, FEP, silicone, rubber), heat-shrink tubes, injection-molded parts, cable insulation, and gasket O-rings for semiconductor, industrial, and medical applications. Explore now.\" \/>\n<meta property=\"og:url\" content=\"https:\/\/www.chinaptfetube.com\/de\/our-story\/\" \/>\n<meta property=\"og:site_name\" content=\"Yozonetech Co., Ltd.\" \/>\n<meta property=\"article:modified_time\" content=\"2025-08-29T03:58:01+00:00\" \/>\n<meta property=\"og:image\" content=\"https:\/\/www.chinaptfetube.com\/wp-content\/uploads\/2025\/06\/Yozonetech-Factories-scaled.webp\" \/>\n\t<meta property=\"og:image:width\" content=\"2560\" \/>\n\t<meta property=\"og:image:height\" content=\"1118\" \/>\n\t<meta property=\"og:image:type\" content=\"image\/webp\" \/>\n<meta name=\"twitter:card\" content=\"summary_large_image\" \/>\n<meta name=\"twitter:label1\" content=\"Est. reading time\" \/>\n\t<meta name=\"twitter:data1\" content=\"3\u00a0Minuten\" \/>\n<script type=\"application\/ld+json\" class=\"yoast-schema-graph\">{\"@context\":\"https:\/\/schema.org\",\"@graph\":[{\"@type\":\"WebPage\",\"@id\":\"https:\/\/www.chinaptfetube.com\/our-story\/\",\"url\":\"https:\/\/www.chinaptfetube.com\/our-story\/\",\"name\":\"Premium Extruded & Heat-Shrink Tubing, Molding Parts & Gaskets | Yozonetech\",\"isPartOf\":{\"@id\":\"https:\/\/www.chinaptfetube.com\/#website\"},\"primaryImageOfPage\":{\"@id\":\"https:\/\/www.chinaptfetube.com\/our-story\/#primaryimage\"},\"image\":{\"@id\":\"https:\/\/www.chinaptfetube.com\/our-story\/#primaryimage\"},\"thumbnailUrl\":\"https:\/\/www.chinaptfetube.com\/wp-content\/uploads\/2025\/06\/Yozonetech-Factories-1024x447.webp\",\"datePublished\":\"2025-06-25T06:35:37+00:00\",\"dateModified\":\"2025-08-29T03:58:01+00:00\",\"description\":\"Yozonetech offers a wide range of extruded tubings (PTFE, FEP, silicone, rubber), heat-shrink tubes, injection-molded parts, cable insulation, and gasket O-rings for semiconductor, industrial, and medical applications. Explore now.\",\"breadcrumb\":{\"@id\":\"https:\/\/www.chinaptfetube.com\/our-story\/#breadcrumb\"},\"inLanguage\":\"de\",\"potentialAction\":[{\"@type\":\"ReadAction\",\"target\":[\"https:\/\/www.chinaptfetube.com\/our-story\/\"]}]},{\"@type\":\"ImageObject\",\"inLanguage\":\"de\",\"@id\":\"https:\/\/www.chinaptfetube.com\/our-story\/#primaryimage\",\"url\":\"https:\/\/www.chinaptfetube.com\/wp-content\/uploads\/2025\/06\/Yozonetech-Factories-1024x447.webp\",\"contentUrl\":\"https:\/\/www.chinaptfetube.com\/wp-content\/uploads\/2025\/06\/Yozonetech-Factories-1024x447.webp\"},{\"@type\":\"BreadcrumbList\",\"@id\":\"https:\/\/www.chinaptfetube.com\/our-story\/#breadcrumb\",\"itemListElement\":[{\"@type\":\"ListItem\",\"position\":1,\"name\":\"Home\",\"item\":\"https:\/\/www.chinaptfetube.com\/\"},{\"@type\":\"ListItem\",\"position\":2,\"name\":\"Our Story\"}]},{\"@type\":\"WebSite\",\"@id\":\"https:\/\/www.chinaptfetube.com\/#website\",\"url\":\"https:\/\/www.chinaptfetube.com\/\",\"name\":\"Yozonetech Co., Ltd.\",\"description\":\"Yozonetech Co., Ltd.\",\"publisher\":{\"@id\":\"https:\/\/www.chinaptfetube.com\/#organization\"},\"potentialAction\":[{\"@type\":\"SearchAction\",\"target\":{\"@type\":\"EntryPoint\",\"urlTemplate\":\"https:\/\/www.chinaptfetube.com\/?s={search_term_string}\"},\"query-input\":{\"@type\":\"PropertyValueSpecification\",\"valueRequired\":true,\"valueName\":\"search_term_string\"}}],\"inLanguage\":\"de\"},{\"@type\":\"Organization\",\"@id\":\"https:\/\/www.chinaptfetube.com\/#organization\",\"name\":\"Yozonetech Co., Ltd.\",\"url\":\"https:\/\/www.chinaptfetube.com\/\",\"logo\":{\"@type\":\"ImageObject\",\"inLanguage\":\"de\",\"@id\":\"https:\/\/www.chinaptfetube.com\/#\/schema\/logo\/image\/\",\"url\":\"https:\/\/www.chinaptfetube.com\/wp-content\/uploads\/2025\/06\/cropped-logo.webp\",\"contentUrl\":\"https:\/\/www.chinaptfetube.com\/wp-content\/uploads\/2025\/06\/cropped-logo.webp\",\"width\":388,\"height\":138,\"caption\":\"Yozonetech Co., Ltd.\"},\"image\":{\"@id\":\"https:\/\/www.chinaptfetube.com\/#\/schema\/logo\/image\/\"}}]}<\/script>\n<!-- \/ Yoast SEO plugin. -->","yoast_head_json":{"title":"Premium Extruded & Heat-Shrink Tubing, Molding Parts & Gaskets | Yozonetech","description":"Yozonetech offers a wide range of extruded tubings (PTFE, FEP, silicone, rubber), heat-shrink tubes, injection-molded parts, cable insulation, and gasket O-rings for semiconductor, industrial, and medical applications. Explore now.","robots":{"index":"index","follow":"follow","max-snippet":"max-snippet:-1","max-image-preview":"max-image-preview:large","max-video-preview":"max-video-preview:-1"},"canonical":"https:\/\/www.chinaptfetube.com\/de\/our-story\/","og_locale":"de_DE","og_type":"article","og_title":"Premium Extruded & Heat-Shrink Tubing, Molding Parts & Gaskets | Yozonetech","og_description":"Yozonetech offers a wide range of extruded tubings (PTFE, FEP, silicone, rubber), heat-shrink tubes, injection-molded parts, cable insulation, and gasket O-rings for semiconductor, industrial, and medical applications. Explore now.","og_url":"https:\/\/www.chinaptfetube.com\/de\/our-story\/","og_site_name":"Yozonetech Co., Ltd.","article_modified_time":"2025-08-29T03:58:01+00:00","og_image":[{"width":2560,"height":1118,"url":"https:\/\/www.chinaptfetube.com\/wp-content\/uploads\/2025\/06\/Yozonetech-Factories-scaled.webp","type":"image\/webp"}],"twitter_card":"summary_large_image","twitter_misc":{"Est. reading time":"3\u00a0Minuten"},"schema":{"@context":"https:\/\/schema.org","@graph":[{"@type":"WebPage","@id":"https:\/\/www.chinaptfetube.com\/our-story\/","url":"https:\/\/www.chinaptfetube.com\/our-story\/","name":"Premium Extruded & Heat-Shrink Tubing, Molding Parts & Gaskets | Yozonetech","isPartOf":{"@id":"https:\/\/www.chinaptfetube.com\/#website"},"primaryImageOfPage":{"@id":"https:\/\/www.chinaptfetube.com\/our-story\/#primaryimage"},"image":{"@id":"https:\/\/www.chinaptfetube.com\/our-story\/#primaryimage"},"thumbnailUrl":"https:\/\/www.chinaptfetube.com\/wp-content\/uploads\/2025\/06\/Yozonetech-Factories-1024x447.webp","datePublished":"2025-06-25T06:35:37+00:00","dateModified":"2025-08-29T03:58:01+00:00","description":"Yozonetech offers a wide range of extruded tubings (PTFE, FEP, silicone, rubber), heat-shrink tubes, injection-molded parts, cable insulation, and gasket O-rings for semiconductor, industrial, and medical applications. Explore now.","breadcrumb":{"@id":"https:\/\/www.chinaptfetube.com\/our-story\/#breadcrumb"},"inLanguage":"de","potentialAction":[{"@type":"ReadAction","target":["https:\/\/www.chinaptfetube.com\/our-story\/"]}]},{"@type":"ImageObject","inLanguage":"de","@id":"https:\/\/www.chinaptfetube.com\/our-story\/#primaryimage","url":"https:\/\/www.chinaptfetube.com\/wp-content\/uploads\/2025\/06\/Yozonetech-Factories-1024x447.webp","contentUrl":"https:\/\/www.chinaptfetube.com\/wp-content\/uploads\/2025\/06\/Yozonetech-Factories-1024x447.webp"},{"@type":"BreadcrumbList","@id":"https:\/\/www.chinaptfetube.com\/our-story\/#breadcrumb","itemListElement":[{"@type":"ListItem","position":1,"name":"Home","item":"https:\/\/www.chinaptfetube.com\/"},{"@type":"ListItem","position":2,"name":"Our Story"}]},{"@type":"WebSite","@id":"https:\/\/www.chinaptfetube.com\/#website","url":"https:\/\/www.chinaptfetube.com\/","name":"Yozonetech Co., Ltd.","description":"Yozonetech Co., Ltd.","publisher":{"@id":"https:\/\/www.chinaptfetube.com\/#organization"},"potentialAction":[{"@type":"SearchAction","target":{"@type":"EntryPoint","urlTemplate":"https:\/\/www.chinaptfetube.com\/?s={search_term_string}"},"query-input":{"@type":"PropertyValueSpecification","valueRequired":true,"valueName":"search_term_string"}}],"inLanguage":"de"},{"@type":"Organization","@id":"https:\/\/www.chinaptfetube.com\/#organization","name":"Yozonetech Co., Ltd.","url":"https:\/\/www.chinaptfetube.com\/","logo":{"@type":"ImageObject","inLanguage":"de","@id":"https:\/\/www.chinaptfetube.com\/#\/schema\/logo\/image\/","url":"https:\/\/www.chinaptfetube.com\/wp-content\/uploads\/2025\/06\/cropped-logo.webp","contentUrl":"https:\/\/www.chinaptfetube.com\/wp-content\/uploads\/2025\/06\/cropped-logo.webp","width":388,"height":138,"caption":"Yozonetech Co., Ltd."},"image":{"@id":"https:\/\/www.chinaptfetube.com\/#\/schema\/logo\/image\/"}}]}},"_links":{"self":[{"href":"https:\/\/www.chinaptfetube.com\/de\/wp-json\/wp\/v2\/pages\/3182","targetHints":{"allow":["GET"]}}],"collection":[{"href":"https:\/\/www.chinaptfetube.com\/de\/wp-json\/wp\/v2\/pages"}],"about":[{"href":"https:\/\/www.chinaptfetube.com\/de\/wp-json\/wp\/v2\/types\/page"}],"author":[{"embeddable":true,"href":"https:\/\/www.chinaptfetube.com\/de\/wp-json\/wp\/v2\/users\/1"}],"replies":[{"embeddable":true,"href":"https:\/\/www.chinaptfetube.com\/de\/wp-json\/wp\/v2\/comments?post=3182"}],"version-history":[{"count":31,"href":"https:\/\/www.chinaptfetube.com\/de\/wp-json\/wp\/v2\/pages\/3182\/revisions"}],"predecessor-version":[{"id":4005,"href":"https:\/\/www.chinaptfetube.com\/de\/wp-json\/wp\/v2\/pages\/3182\/revisions\/4005"}],"wp:attachment":[{"href":"https:\/\/www.chinaptfetube.com\/de\/wp-json\/wp\/v2\/media?parent=3182"}],"curies":[{"name":"wp","href":"https:\/\/api.w.org\/{rel}","templated":true}]}}